{"id":5395,"date":"2026-04-16T00:07:00","date_gmt":"2026-04-16T00:07:00","guid":{"rendered":"https:\/\/xdsomename.tempurl.host\/urban-vitamin\/product\/auriculares-byron-enc-azul\/"},"modified":"2026-04-16T01:26:50","modified_gmt":"2026-04-16T01:26:50","slug":"auriculares-byron-enc-azul","status":"publish","type":"product","link":"https:\/\/urban-vitamin.com\/es\/producto\/auriculares-byron-enc-azul\/","title":{"rendered":"Auriculares Byron ENC, azul"},"content":{"rendered":"<p>Ves realmente inal\u00e1mbrico con estos auriculares compactos pero potentes. Los auriculares vienen con un modo de juego de baja latencia (65 MS) para minimizar el retraso del sonido entre la pantalla y el audio al jugar. Gracias a la cancelaci\u00f3n de ruido ambiental (ENC), tus llamadas telef\u00f3nicas son n\u00edtidas al filtrar el ruido ambiental. No m\u00e1s preguntas para repetir lo que acabas de decir. Gracias a la funci\u00f3n de control t\u00e1ctil, solo tienes que tocar el auricular para responder. Los c\u00f3modos auriculares tienen hasta 5 horas de tiempo de escucha y el estuche de carga de bolsillo permite hasta 18 horas de reproducci\u00f3n. La clasificaci\u00f3n IPX 4 hace que los auriculares sean resistentes a la intemperie y al sudor, por lo que no te preocupes por llevarlos afuera. Los art\u00edculos de Urban Vitamin est\u00e1n fabricados sin PVC y presentados en caja con pl\u00e1stico reducido.<\/p>\n","protected":false},"excerpt":{"rendered":"<p>Ves realmente inal\u00e1mbrico con estos auriculares compactos pero potentes. Los auriculares vienen con un modo de juego de baja latencia (65 MS) para minimizar el retraso del sonido entre la pantalla y el audio al jugar. Gracias a la cancelaci\u00f3n de ruido ambiental (ENC), tus llamadas telef\u00f3nicas son n\u00edtidas al filtrar el ruido ambiental. No [&hellip;]<\/p>\n","protected":false},"featured_media":27735,"comment_status":"closed","ping_status":"closed","template":"","meta":{"_acf_changed":false,"om_disable_all_campaigns":false},"product_cat":[75],"product_tag":[],"class_list":["post-5395","product","type-product","status-publish","has-post-thumbnail","hentry","product_cat-tapones","pa_color-blue"],"acf":[],"yoast_head":"<!-- This site is optimized with the Yoast SEO plugin v27.0 - https:\/\/yoast.com\/product\/yoast-seo-wordpress\/ -->\n<title>Auriculares Byron ENC, azul - Urban Vitamin<\/title>\n<meta name=\"robots\" content=\"index, follow, max-snippet:-1, max-image-preview:large, max-video-preview:-1\" \/>\n<link rel=\"canonical\" href=\"https:\/\/urban-vitamin.com\/es\/producto\/auriculares-byron-enc-azul\/\" \/>\n<meta property=\"og:locale\" content=\"es_ES\" \/>\n<meta property=\"og:type\" content=\"article\" \/>\n<meta property=\"og:title\" content=\"Auriculares Byron ENC, azul - Urban Vitamin\" \/>\n<meta property=\"og:description\" content=\"Ves realmente inal\u00e1mbrico con estos auriculares compactos pero potentes. Los auriculares vienen con un modo de juego de baja latencia (65 MS) para minimizar el retraso del sonido entre la pantalla y el audio al jugar. Gracias a la cancelaci\u00f3n de ruido ambiental (ENC), tus llamadas telef\u00f3nicas son n\u00edtidas al filtrar el ruido ambiental. No [&hellip;]\" \/>\n<meta property=\"og:url\" content=\"https:\/\/urban-vitamin.com\/es\/producto\/auriculares-byron-enc-azul\/\" \/>\n<meta property=\"og:site_name\" content=\"Urban Vitamin\" \/>\n<meta property=\"article:modified_time\" content=\"2026-04-16T01:26:50+00:00\" \/>\n<meta property=\"og:image\" content=\"https:\/\/urban-vitamin.com\/wp-content\/uploads\/sites\/5\/2026\/04\/P329.735__S_0__ea6050109c3e440f960a825690c0e8c0.jpg\" \/>\n\t<meta property=\"og:image:width\" content=\"1024\" \/>\n\t<meta property=\"og:image:height\" content=\"1024\" \/>\n\t<meta property=\"og:image:type\" content=\"image\/jpeg\" \/>\n<meta name=\"twitter:card\" content=\"summary_large_image\" \/>\n<meta name=\"twitter:label1\" content=\"Tiempo de lectura\" \/>\n\t<meta name=\"twitter:data1\" content=\"1 minuto\" \/>\n<script type=\"application\/ld+json\" class=\"yoast-schema-graph\">{\"@context\":\"https:\/\/schema.org\",\"@graph\":[{\"@type\":\"WebPage\",\"@id\":\"https:\/\/urban-vitamin.com\/es\/producto\/auriculares-byron-enc-azul\/\",\"url\":\"https:\/\/urban-vitamin.com\/es\/producto\/auriculares-byron-enc-azul\/\",\"name\":\"Auriculares Byron ENC, azul - Urban Vitamin\",\"isPartOf\":{\"@id\":\"https:\/\/urban-vitamin.com\/es\/#website\"},\"primaryImageOfPage\":{\"@id\":\"https:\/\/urban-vitamin.com\/es\/producto\/auriculares-byron-enc-azul\/#primaryimage\"},\"image\":{\"@id\":\"https:\/\/urban-vitamin.com\/es\/producto\/auriculares-byron-enc-azul\/#primaryimage\"},\"thumbnailUrl\":\"https:\/\/urban-vitamin.com\/wp-content\/uploads\/sites\/5\/2026\/04\/P329.735__S_0__ea6050109c3e440f960a825690c0e8c0.jpg\",\"datePublished\":\"2026-04-16T00:07:00+00:00\",\"dateModified\":\"2026-04-16T01:26:50+00:00\",\"breadcrumb\":{\"@id\":\"https:\/\/urban-vitamin.com\/es\/producto\/auriculares-byron-enc-azul\/#breadcrumb\"},\"inLanguage\":\"es\",\"potentialAction\":[{\"@type\":\"ReadAction\",\"target\":[\"https:\/\/urban-vitamin.com\/es\/producto\/auriculares-byron-enc-azul\/\"]}]},{\"@type\":\"ImageObject\",\"inLanguage\":\"es\",\"@id\":\"https:\/\/urban-vitamin.com\/es\/producto\/auriculares-byron-enc-azul\/#primaryimage\",\"url\":\"https:\/\/urban-vitamin.com\/wp-content\/uploads\/sites\/5\/2026\/04\/P329.735__S_0__ea6050109c3e440f960a825690c0e8c0.jpg\",\"contentUrl\":\"https:\/\/urban-vitamin.com\/wp-content\/uploads\/sites\/5\/2026\/04\/P329.735__S_0__ea6050109c3e440f960a825690c0e8c0.jpg\",\"width\":1024,\"height\":1024},{\"@type\":\"BreadcrumbList\",\"@id\":\"https:\/\/urban-vitamin.com\/es\/producto\/auriculares-byron-enc-azul\/#breadcrumb\",\"itemListElement\":[{\"@type\":\"ListItem\",\"position\":1,\"name\":\"Home\",\"item\":\"https:\/\/urban-vitamin.com\/es\/\"},{\"@type\":\"ListItem\",\"position\":2,\"name\":\"Recopilaci\u00f3n\",\"item\":\"https:\/\/urban-vitamin.com\/es\/recopilacion\/\"},{\"@type\":\"ListItem\",\"position\":3,\"name\":\"Auriculares Byron ENC, azul\"}]},{\"@type\":\"WebSite\",\"@id\":\"https:\/\/urban-vitamin.com\/es\/#website\",\"url\":\"https:\/\/urban-vitamin.com\/es\/\",\"name\":\"Urban Vitamin\",\"description\":\"Enjoy your daily dose of Urban Vitamin!\",\"potentialAction\":[{\"@type\":\"SearchAction\",\"target\":{\"@type\":\"EntryPoint\",\"urlTemplate\":\"https:\/\/urban-vitamin.com\/es\/?s={search_term_string}\"},\"query-input\":{\"@type\":\"PropertyValueSpecification\",\"valueRequired\":true,\"valueName\":\"search_term_string\"}}],\"inLanguage\":\"es\"}]}<\/script>\n<!-- \/ Yoast SEO plugin. -->","yoast_head_json":{"title":"Auriculares Byron ENC, azul - Urban Vitamin","robots":{"index":"index","follow":"follow","max-snippet":"max-snippet:-1","max-image-preview":"max-image-preview:large","max-video-preview":"max-video-preview:-1"},"canonical":"https:\/\/urban-vitamin.com\/es\/producto\/auriculares-byron-enc-azul\/","og_locale":"es_ES","og_type":"article","og_title":"Auriculares Byron ENC, azul - Urban Vitamin","og_description":"Ves realmente inal\u00e1mbrico con estos auriculares compactos pero potentes. Los auriculares vienen con un modo de juego de baja latencia (65 MS) para minimizar el retraso del sonido entre la pantalla y el audio al jugar. Gracias a la cancelaci\u00f3n de ruido ambiental (ENC), tus llamadas telef\u00f3nicas son n\u00edtidas al filtrar el ruido ambiental. No [&hellip;]","og_url":"https:\/\/urban-vitamin.com\/es\/producto\/auriculares-byron-enc-azul\/","og_site_name":"Urban Vitamin","article_modified_time":"2026-04-16T01:26:50+00:00","og_image":[{"width":1024,"height":1024,"url":"https:\/\/urban-vitamin.com\/wp-content\/uploads\/sites\/5\/2026\/04\/P329.735__S_0__ea6050109c3e440f960a825690c0e8c0.jpg","type":"image\/jpeg"}],"twitter_card":"summary_large_image","twitter_misc":{"Tiempo de lectura":"1 minuto"},"schema":{"@context":"https:\/\/schema.org","@graph":[{"@type":"WebPage","@id":"https:\/\/urban-vitamin.com\/es\/producto\/auriculares-byron-enc-azul\/","url":"https:\/\/urban-vitamin.com\/es\/producto\/auriculares-byron-enc-azul\/","name":"Auriculares Byron ENC, azul - Urban Vitamin","isPartOf":{"@id":"https:\/\/urban-vitamin.com\/es\/#website"},"primaryImageOfPage":{"@id":"https:\/\/urban-vitamin.com\/es\/producto\/auriculares-byron-enc-azul\/#primaryimage"},"image":{"@id":"https:\/\/urban-vitamin.com\/es\/producto\/auriculares-byron-enc-azul\/#primaryimage"},"thumbnailUrl":"https:\/\/urban-vitamin.com\/wp-content\/uploads\/sites\/5\/2026\/04\/P329.735__S_0__ea6050109c3e440f960a825690c0e8c0.jpg","datePublished":"2026-04-16T00:07:00+00:00","dateModified":"2026-04-16T01:26:50+00:00","breadcrumb":{"@id":"https:\/\/urban-vitamin.com\/es\/producto\/auriculares-byron-enc-azul\/#breadcrumb"},"inLanguage":"es","potentialAction":[{"@type":"ReadAction","target":["https:\/\/urban-vitamin.com\/es\/producto\/auriculares-byron-enc-azul\/"]}]},{"@type":"ImageObject","inLanguage":"es","@id":"https:\/\/urban-vitamin.com\/es\/producto\/auriculares-byron-enc-azul\/#primaryimage","url":"https:\/\/urban-vitamin.com\/wp-content\/uploads\/sites\/5\/2026\/04\/P329.735__S_0__ea6050109c3e440f960a825690c0e8c0.jpg","contentUrl":"https:\/\/urban-vitamin.com\/wp-content\/uploads\/sites\/5\/2026\/04\/P329.735__S_0__ea6050109c3e440f960a825690c0e8c0.jpg","width":1024,"height":1024},{"@type":"BreadcrumbList","@id":"https:\/\/urban-vitamin.com\/es\/producto\/auriculares-byron-enc-azul\/#breadcrumb","itemListElement":[{"@type":"ListItem","position":1,"name":"Home","item":"https:\/\/urban-vitamin.com\/es\/"},{"@type":"ListItem","position":2,"name":"Recopilaci\u00f3n","item":"https:\/\/urban-vitamin.com\/es\/recopilacion\/"},{"@type":"ListItem","position":3,"name":"Auriculares Byron ENC, azul"}]},{"@type":"WebSite","@id":"https:\/\/urban-vitamin.com\/es\/#website","url":"https:\/\/urban-vitamin.com\/es\/","name":"Urban Vitamin","description":"Enjoy your daily dose of Urban Vitamin!","potentialAction":[{"@type":"SearchAction","target":{"@type":"EntryPoint","urlTemplate":"https:\/\/urban-vitamin.com\/es\/?s={search_term_string}"},"query-input":{"@type":"PropertyValueSpecification","valueRequired":true,"valueName":"search_term_string"}}],"inLanguage":"es"}]}},"_links":{"self":[{"href":"https:\/\/urban-vitamin.com\/es\/wp-json\/wp\/v2\/product\/5395","targetHints":{"allow":["GET"]}}],"collection":[{"href":"https:\/\/urban-vitamin.com\/es\/wp-json\/wp\/v2\/product"}],"about":[{"href":"https:\/\/urban-vitamin.com\/es\/wp-json\/wp\/v2\/types\/product"}],"replies":[{"embeddable":true,"href":"https:\/\/urban-vitamin.com\/es\/wp-json\/wp\/v2\/comments?post=5395"}],"wp:featuredmedia":[{"embeddable":true,"href":"https:\/\/urban-vitamin.com\/es\/wp-json\/wp\/v2\/media\/27735"}],"wp:attachment":[{"href":"https:\/\/urban-vitamin.com\/es\/wp-json\/wp\/v2\/media?parent=5395"}],"wp:term":[{"taxonomy":"product_cat","embeddable":true,"href":"https:\/\/urban-vitamin.com\/es\/wp-json\/wp\/v2\/product_cat?post=5395"},{"taxonomy":"product_tag","embeddable":true,"href":"https:\/\/urban-vitamin.com\/es\/wp-json\/wp\/v2\/product_tag?post=5395"}],"curies":[{"name":"wp","href":"https:\/\/api.w.org\/{rel}","templated":true}]}}