{"id":5378,"date":"2026-03-12T01:06:22","date_gmt":"2026-03-12T01:06:22","guid":{"rendered":"https:\/\/xdsomename.tempurl.host\/urban-vitamin\/product\/powerbank-alameda-de-10-000-mah-pd-blanco\/"},"modified":"2026-03-12T02:26:42","modified_gmt":"2026-03-12T02:26:42","slug":"powerbank-alameda-de-10-000-mah-pd-blanco","status":"publish","type":"product","link":"https:\/\/urban-vitamin.com\/es\/producto\/powerbank-alameda-de-10-000-mah-pd-blanco\/","title":{"rendered":"Powerbank Alameda de 10.000 mAh PD, blanco"},"content":{"rendered":"<p>Carga tu tel\u00e9fono hasta 2,5 veces con este powerbank de carga r\u00e1pida. Gracias al puerto PD ultrarr\u00e1pido tipo C de 18 W, la bater\u00eda externa se recarga en un tiempo r\u00e9cord. Cargar tu tel\u00e9fono hasta un 50% lleva solo 30 minutos. La carga lenta es algo del pasado. El powerbank contiene una bater\u00eda de 10.000 mah de grado A de larga duraci\u00f3n para cargar todos tus dispositivos en tus viajes y aventuras. El puerto doble USB A y tipo C te permite cargar hasta 3 dispositivos al mismo tiempo. Los art\u00edculos de Urban Vitamin est\u00e1n fabricados sin PVC y presentados en caja con pl\u00e1stico reducido. Entrada tipo C: 5V\/3A, 9V\/2A; Entrada micro USB: 5V\/2A, 9V\/2A; Salida tipo C: 5V\/3A, 9V\/2A, 12V\/1.5A; Salida USB: 5V\/2.4A, 9V\/2A, 12V\/1.5A<\/p>\n","protected":false},"excerpt":{"rendered":"<p>Carga tu tel\u00e9fono hasta 2,5 veces con este powerbank de carga r\u00e1pida. Gracias al puerto PD ultrarr\u00e1pido tipo C de 18 W, la bater\u00eda externa se recarga en un tiempo r\u00e9cord. Cargar tu tel\u00e9fono hasta un 50% lleva solo 30 minutos. La carga lenta es algo del pasado. El powerbank contiene una bater\u00eda de 10.000 [&hellip;]<\/p>\n","protected":false},"featured_media":12810,"comment_status":"closed","ping_status":"closed","template":"","meta":{"_acf_changed":false,"om_disable_all_campaigns":false},"product_cat":[77],"product_tag":[],"class_list":["post-5378","product","type-product","status-publish","has-post-thumbnail","hentry","product_cat-powerbanks-es","pa_color-white"],"acf":[],"yoast_head":"<!-- This site is optimized with the Yoast SEO plugin v27.0 - https:\/\/yoast.com\/product\/yoast-seo-wordpress\/ -->\n<title>Powerbank Alameda de 10.000 mAh PD, blanco - Urban Vitamin<\/title>\n<meta name=\"robots\" content=\"index, follow, max-snippet:-1, max-image-preview:large, max-video-preview:-1\" \/>\n<link rel=\"canonical\" href=\"https:\/\/urban-vitamin.com\/es\/producto\/powerbank-alameda-de-10-000-mah-pd-blanco\/\" \/>\n<meta property=\"og:locale\" content=\"es_ES\" \/>\n<meta property=\"og:type\" content=\"article\" \/>\n<meta property=\"og:title\" content=\"Powerbank Alameda de 10.000 mAh PD, blanco - Urban Vitamin\" \/>\n<meta property=\"og:description\" content=\"Carga tu tel\u00e9fono hasta 2,5 veces con este powerbank de carga r\u00e1pida. Gracias al puerto PD ultrarr\u00e1pido tipo C de 18 W, la bater\u00eda externa se recarga en un tiempo r\u00e9cord. Cargar tu tel\u00e9fono hasta un 50% lleva solo 30 minutos. La carga lenta es algo del pasado. El powerbank contiene una bater\u00eda de 10.000 [&hellip;]\" \/>\n<meta property=\"og:url\" content=\"https:\/\/urban-vitamin.com\/es\/producto\/powerbank-alameda-de-10-000-mah-pd-blanco\/\" \/>\n<meta property=\"og:site_name\" content=\"Urban Vitamin\" \/>\n<meta property=\"article:modified_time\" content=\"2026-03-12T02:26:42+00:00\" \/>\n<meta property=\"og:image\" content=\"https:\/\/urban-vitamin.com\/wp-content\/uploads\/sites\/5\/2024\/02\/P322.703__S_0__c54faed142304e7f866d94837ad9bb2b.jpg\" \/>\n\t<meta property=\"og:image:width\" content=\"1024\" \/>\n\t<meta property=\"og:image:height\" content=\"1024\" \/>\n\t<meta property=\"og:image:type\" content=\"image\/jpeg\" \/>\n<meta name=\"twitter:card\" content=\"summary_large_image\" \/>\n<meta name=\"twitter:label1\" content=\"Tiempo de lectura\" \/>\n\t<meta name=\"twitter:data1\" content=\"1 minuto\" \/>\n<script type=\"application\/ld+json\" class=\"yoast-schema-graph\">{\"@context\":\"https:\/\/schema.org\",\"@graph\":[{\"@type\":\"WebPage\",\"@id\":\"https:\/\/urban-vitamin.com\/es\/producto\/powerbank-alameda-de-10-000-mah-pd-blanco\/\",\"url\":\"https:\/\/urban-vitamin.com\/es\/producto\/powerbank-alameda-de-10-000-mah-pd-blanco\/\",\"name\":\"Powerbank Alameda de 10.000 mAh PD, blanco - Urban Vitamin\",\"isPartOf\":{\"@id\":\"https:\/\/urban-vitamin.com\/es\/#website\"},\"primaryImageOfPage\":{\"@id\":\"https:\/\/urban-vitamin.com\/es\/producto\/powerbank-alameda-de-10-000-mah-pd-blanco\/#primaryimage\"},\"image\":{\"@id\":\"https:\/\/urban-vitamin.com\/es\/producto\/powerbank-alameda-de-10-000-mah-pd-blanco\/#primaryimage\"},\"thumbnailUrl\":\"https:\/\/urban-vitamin.com\/wp-content\/uploads\/sites\/5\/2024\/02\/P322.703__S_0__c54faed142304e7f866d94837ad9bb2b.jpg\",\"datePublished\":\"2026-03-12T01:06:22+00:00\",\"dateModified\":\"2026-03-12T02:26:42+00:00\",\"breadcrumb\":{\"@id\":\"https:\/\/urban-vitamin.com\/es\/producto\/powerbank-alameda-de-10-000-mah-pd-blanco\/#breadcrumb\"},\"inLanguage\":\"es\",\"potentialAction\":[{\"@type\":\"ReadAction\",\"target\":[\"https:\/\/urban-vitamin.com\/es\/producto\/powerbank-alameda-de-10-000-mah-pd-blanco\/\"]}]},{\"@type\":\"ImageObject\",\"inLanguage\":\"es\",\"@id\":\"https:\/\/urban-vitamin.com\/es\/producto\/powerbank-alameda-de-10-000-mah-pd-blanco\/#primaryimage\",\"url\":\"https:\/\/urban-vitamin.com\/wp-content\/uploads\/sites\/5\/2024\/02\/P322.703__S_0__c54faed142304e7f866d94837ad9bb2b.jpg\",\"contentUrl\":\"https:\/\/urban-vitamin.com\/wp-content\/uploads\/sites\/5\/2024\/02\/P322.703__S_0__c54faed142304e7f866d94837ad9bb2b.jpg\",\"width\":1024,\"height\":1024},{\"@type\":\"BreadcrumbList\",\"@id\":\"https:\/\/urban-vitamin.com\/es\/producto\/powerbank-alameda-de-10-000-mah-pd-blanco\/#breadcrumb\",\"itemListElement\":[{\"@type\":\"ListItem\",\"position\":1,\"name\":\"Home\",\"item\":\"https:\/\/urban-vitamin.com\/es\/\"},{\"@type\":\"ListItem\",\"position\":2,\"name\":\"Recopilaci\u00f3n\",\"item\":\"https:\/\/urban-vitamin.com\/es\/recopilacion\/\"},{\"@type\":\"ListItem\",\"position\":3,\"name\":\"Powerbank Alameda de 10.000 mAh PD, blanco\"}]},{\"@type\":\"WebSite\",\"@id\":\"https:\/\/urban-vitamin.com\/es\/#website\",\"url\":\"https:\/\/urban-vitamin.com\/es\/\",\"name\":\"Urban Vitamin\",\"description\":\"Enjoy your daily dose of Urban Vitamin!\",\"potentialAction\":[{\"@type\":\"SearchAction\",\"target\":{\"@type\":\"EntryPoint\",\"urlTemplate\":\"https:\/\/urban-vitamin.com\/es\/?s={search_term_string}\"},\"query-input\":{\"@type\":\"PropertyValueSpecification\",\"valueRequired\":true,\"valueName\":\"search_term_string\"}}],\"inLanguage\":\"es\"}]}<\/script>\n<!-- \/ Yoast SEO plugin. -->","yoast_head_json":{"title":"Powerbank Alameda de 10.000 mAh PD, blanco - Urban Vitamin","robots":{"index":"index","follow":"follow","max-snippet":"max-snippet:-1","max-image-preview":"max-image-preview:large","max-video-preview":"max-video-preview:-1"},"canonical":"https:\/\/urban-vitamin.com\/es\/producto\/powerbank-alameda-de-10-000-mah-pd-blanco\/","og_locale":"es_ES","og_type":"article","og_title":"Powerbank Alameda de 10.000 mAh PD, blanco - Urban Vitamin","og_description":"Carga tu tel\u00e9fono hasta 2,5 veces con este powerbank de carga r\u00e1pida. Gracias al puerto PD ultrarr\u00e1pido tipo C de 18 W, la bater\u00eda externa se recarga en un tiempo r\u00e9cord. Cargar tu tel\u00e9fono hasta un 50% lleva solo 30 minutos. La carga lenta es algo del pasado. El powerbank contiene una bater\u00eda de 10.000 [&hellip;]","og_url":"https:\/\/urban-vitamin.com\/es\/producto\/powerbank-alameda-de-10-000-mah-pd-blanco\/","og_site_name":"Urban Vitamin","article_modified_time":"2026-03-12T02:26:42+00:00","og_image":[{"width":1024,"height":1024,"url":"https:\/\/urban-vitamin.com\/wp-content\/uploads\/sites\/5\/2024\/02\/P322.703__S_0__c54faed142304e7f866d94837ad9bb2b.jpg","type":"image\/jpeg"}],"twitter_card":"summary_large_image","twitter_misc":{"Tiempo de lectura":"1 minuto"},"schema":{"@context":"https:\/\/schema.org","@graph":[{"@type":"WebPage","@id":"https:\/\/urban-vitamin.com\/es\/producto\/powerbank-alameda-de-10-000-mah-pd-blanco\/","url":"https:\/\/urban-vitamin.com\/es\/producto\/powerbank-alameda-de-10-000-mah-pd-blanco\/","name":"Powerbank Alameda de 10.000 mAh PD, blanco - Urban Vitamin","isPartOf":{"@id":"https:\/\/urban-vitamin.com\/es\/#website"},"primaryImageOfPage":{"@id":"https:\/\/urban-vitamin.com\/es\/producto\/powerbank-alameda-de-10-000-mah-pd-blanco\/#primaryimage"},"image":{"@id":"https:\/\/urban-vitamin.com\/es\/producto\/powerbank-alameda-de-10-000-mah-pd-blanco\/#primaryimage"},"thumbnailUrl":"https:\/\/urban-vitamin.com\/wp-content\/uploads\/sites\/5\/2024\/02\/P322.703__S_0__c54faed142304e7f866d94837ad9bb2b.jpg","datePublished":"2026-03-12T01:06:22+00:00","dateModified":"2026-03-12T02:26:42+00:00","breadcrumb":{"@id":"https:\/\/urban-vitamin.com\/es\/producto\/powerbank-alameda-de-10-000-mah-pd-blanco\/#breadcrumb"},"inLanguage":"es","potentialAction":[{"@type":"ReadAction","target":["https:\/\/urban-vitamin.com\/es\/producto\/powerbank-alameda-de-10-000-mah-pd-blanco\/"]}]},{"@type":"ImageObject","inLanguage":"es","@id":"https:\/\/urban-vitamin.com\/es\/producto\/powerbank-alameda-de-10-000-mah-pd-blanco\/#primaryimage","url":"https:\/\/urban-vitamin.com\/wp-content\/uploads\/sites\/5\/2024\/02\/P322.703__S_0__c54faed142304e7f866d94837ad9bb2b.jpg","contentUrl":"https:\/\/urban-vitamin.com\/wp-content\/uploads\/sites\/5\/2024\/02\/P322.703__S_0__c54faed142304e7f866d94837ad9bb2b.jpg","width":1024,"height":1024},{"@type":"BreadcrumbList","@id":"https:\/\/urban-vitamin.com\/es\/producto\/powerbank-alameda-de-10-000-mah-pd-blanco\/#breadcrumb","itemListElement":[{"@type":"ListItem","position":1,"name":"Home","item":"https:\/\/urban-vitamin.com\/es\/"},{"@type":"ListItem","position":2,"name":"Recopilaci\u00f3n","item":"https:\/\/urban-vitamin.com\/es\/recopilacion\/"},{"@type":"ListItem","position":3,"name":"Powerbank Alameda de 10.000 mAh PD, blanco"}]},{"@type":"WebSite","@id":"https:\/\/urban-vitamin.com\/es\/#website","url":"https:\/\/urban-vitamin.com\/es\/","name":"Urban Vitamin","description":"Enjoy your daily dose of Urban Vitamin!","potentialAction":[{"@type":"SearchAction","target":{"@type":"EntryPoint","urlTemplate":"https:\/\/urban-vitamin.com\/es\/?s={search_term_string}"},"query-input":{"@type":"PropertyValueSpecification","valueRequired":true,"valueName":"search_term_string"}}],"inLanguage":"es"}]}},"_links":{"self":[{"href":"https:\/\/urban-vitamin.com\/es\/wp-json\/wp\/v2\/product\/5378","targetHints":{"allow":["GET"]}}],"collection":[{"href":"https:\/\/urban-vitamin.com\/es\/wp-json\/wp\/v2\/product"}],"about":[{"href":"https:\/\/urban-vitamin.com\/es\/wp-json\/wp\/v2\/types\/product"}],"replies":[{"embeddable":true,"href":"https:\/\/urban-vitamin.com\/es\/wp-json\/wp\/v2\/comments?post=5378"}],"wp:featuredmedia":[{"embeddable":true,"href":"https:\/\/urban-vitamin.com\/es\/wp-json\/wp\/v2\/media\/12810"}],"wp:attachment":[{"href":"https:\/\/urban-vitamin.com\/es\/wp-json\/wp\/v2\/media?parent=5378"}],"wp:term":[{"taxonomy":"product_cat","embeddable":true,"href":"https:\/\/urban-vitamin.com\/es\/wp-json\/wp\/v2\/product_cat?post=5378"},{"taxonomy":"product_tag","embeddable":true,"href":"https:\/\/urban-vitamin.com\/es\/wp-json\/wp\/v2\/product_tag?post=5378"}],"curies":[{"name":"wp","href":"https:\/\/api.w.org\/{rel}","templated":true}]}}