{"id":5374,"date":"2026-04-16T00:06:17","date_gmt":"2026-04-16T00:06:17","guid":{"rendered":"https:\/\/xdsomename.tempurl.host\/urban-vitamin\/product\/cargador-urban-vitamin-fairfield-3-en-1-rplastic-rcs-negro\/"},"modified":"2026-04-16T01:26:16","modified_gmt":"2026-04-16T01:26:16","slug":"cargador-fairfield-3-en-1-rplastic-rcs-negro","status":"publish","type":"product","link":"https:\/\/urban-vitamin.com\/es\/producto\/cargador-fairfield-3-en-1-rplastic-rcs-negro\/","title":{"rendered":"Cargador Fairfield 3 en 1 rplastic RCS, negro"},"content":{"rendered":"<p>Base de carga inal\u00e1mbrica 3 en 1 de 15W fabricada con ABS reciclado certificado RCS (Recycled Claim Standard). Contenido total reciclado: 60% basado en el peso total del art\u00edculo. La certificaci\u00f3n RCS garantiza una cadena de suministro completamente certificada de los materiales reciclados. Este cargador inal\u00e1mbrico carga tu tel\u00e9fono de la manera m\u00e1s r\u00e1pida posible. El cargador viene equipado con un 15W cargador inal\u00e1mbrico de doble bobina, un cargador inal\u00e1mbrico de 5W en la parte posterior y un cargador iWatch de 3W en la parte superior. Incluye cable de carga tipo C de 120 cm fabricado con TPE reciclado certificado por RCS. Los art\u00edculos de Urban Vitamin est\u00e1n fabricados sin PVC y presentados en envases reducidos de pl\u00e1stico. Entrada: 5V\/3A, 9V\/2A 5V\/1A, 9V \/1.1A<\/p>\n","protected":false},"excerpt":{"rendered":"<p>Base de carga inal\u00e1mbrica 3 en 1 de 15W fabricada con ABS reciclado certificado RCS (Recycled Claim Standard). Contenido total reciclado: 60% basado en el peso total del art\u00edculo. La certificaci\u00f3n RCS garantiza una cadena de suministro completamente certificada de los materiales reciclados. Este cargador inal\u00e1mbrico carga tu tel\u00e9fono de la manera m\u00e1s r\u00e1pida posible. [&hellip;]<\/p>\n","protected":false},"featured_media":27609,"comment_status":"closed","ping_status":"closed","template":"","meta":{"_acf_changed":false,"om_disable_all_campaigns":false},"product_cat":[79],"product_tag":[],"class_list":["post-5374","product","type-product","status-publish","has-post-thumbnail","hentry","product_cat-cargadores","pa_color-black"],"acf":[],"yoast_head":"<!-- This site is optimized with the Yoast SEO plugin v27.0 - https:\/\/yoast.com\/product\/yoast-seo-wordpress\/ -->\n<title>Cargador Fairfield 3 en 1 rplastic RCS, negro - Urban Vitamin<\/title>\n<meta name=\"robots\" content=\"index, follow, max-snippet:-1, max-image-preview:large, max-video-preview:-1\" \/>\n<link rel=\"canonical\" href=\"https:\/\/urban-vitamin.com\/es\/producto\/cargador-fairfield-3-en-1-rplastic-rcs-negro\/\" \/>\n<meta property=\"og:locale\" content=\"es_ES\" \/>\n<meta property=\"og:type\" content=\"article\" \/>\n<meta property=\"og:title\" content=\"Cargador Fairfield 3 en 1 rplastic RCS, negro - Urban Vitamin\" \/>\n<meta property=\"og:description\" content=\"Base de carga inal\u00e1mbrica 3 en 1 de 15W fabricada con ABS reciclado certificado RCS (Recycled Claim Standard). Contenido total reciclado: 60% basado en el peso total del art\u00edculo. La certificaci\u00f3n RCS garantiza una cadena de suministro completamente certificada de los materiales reciclados. Este cargador inal\u00e1mbrico carga tu tel\u00e9fono de la manera m\u00e1s r\u00e1pida posible. [&hellip;]\" \/>\n<meta property=\"og:url\" content=\"https:\/\/urban-vitamin.com\/es\/producto\/cargador-fairfield-3-en-1-rplastic-rcs-negro\/\" \/>\n<meta property=\"og:site_name\" content=\"Urban Vitamin\" \/>\n<meta property=\"article:modified_time\" content=\"2026-04-16T01:26:16+00:00\" \/>\n<meta property=\"og:image\" content=\"https:\/\/urban-vitamin.com\/wp-content\/uploads\/sites\/5\/2026\/04\/P308.361__S_0__c2565f457c4545eabd5fa36c25ad814c.jpg\" \/>\n\t<meta property=\"og:image:width\" content=\"1024\" \/>\n\t<meta property=\"og:image:height\" content=\"1024\" \/>\n\t<meta property=\"og:image:type\" content=\"image\/jpeg\" \/>\n<meta name=\"twitter:card\" content=\"summary_large_image\" \/>\n<meta name=\"twitter:label1\" content=\"Tiempo de lectura\" \/>\n\t<meta name=\"twitter:data1\" content=\"1 minuto\" \/>\n<script type=\"application\/ld+json\" class=\"yoast-schema-graph\">{\"@context\":\"https:\/\/schema.org\",\"@graph\":[{\"@type\":\"WebPage\",\"@id\":\"https:\/\/urban-vitamin.com\/es\/producto\/cargador-fairfield-3-en-1-rplastic-rcs-negro\/\",\"url\":\"https:\/\/urban-vitamin.com\/es\/producto\/cargador-fairfield-3-en-1-rplastic-rcs-negro\/\",\"name\":\"Cargador Fairfield 3 en 1 rplastic RCS, negro - Urban Vitamin\",\"isPartOf\":{\"@id\":\"https:\/\/urban-vitamin.com\/es\/#website\"},\"primaryImageOfPage\":{\"@id\":\"https:\/\/urban-vitamin.com\/es\/producto\/cargador-fairfield-3-en-1-rplastic-rcs-negro\/#primaryimage\"},\"image\":{\"@id\":\"https:\/\/urban-vitamin.com\/es\/producto\/cargador-fairfield-3-en-1-rplastic-rcs-negro\/#primaryimage\"},\"thumbnailUrl\":\"https:\/\/urban-vitamin.com\/wp-content\/uploads\/sites\/5\/2026\/04\/P308.361__S_0__c2565f457c4545eabd5fa36c25ad814c.jpg\",\"datePublished\":\"2026-04-16T00:06:17+00:00\",\"dateModified\":\"2026-04-16T01:26:16+00:00\",\"breadcrumb\":{\"@id\":\"https:\/\/urban-vitamin.com\/es\/producto\/cargador-fairfield-3-en-1-rplastic-rcs-negro\/#breadcrumb\"},\"inLanguage\":\"es\",\"potentialAction\":[{\"@type\":\"ReadAction\",\"target\":[\"https:\/\/urban-vitamin.com\/es\/producto\/cargador-fairfield-3-en-1-rplastic-rcs-negro\/\"]}]},{\"@type\":\"ImageObject\",\"inLanguage\":\"es\",\"@id\":\"https:\/\/urban-vitamin.com\/es\/producto\/cargador-fairfield-3-en-1-rplastic-rcs-negro\/#primaryimage\",\"url\":\"https:\/\/urban-vitamin.com\/wp-content\/uploads\/sites\/5\/2026\/04\/P308.361__S_0__c2565f457c4545eabd5fa36c25ad814c.jpg\",\"contentUrl\":\"https:\/\/urban-vitamin.com\/wp-content\/uploads\/sites\/5\/2026\/04\/P308.361__S_0__c2565f457c4545eabd5fa36c25ad814c.jpg\",\"width\":1024,\"height\":1024},{\"@type\":\"BreadcrumbList\",\"@id\":\"https:\/\/urban-vitamin.com\/es\/producto\/cargador-fairfield-3-en-1-rplastic-rcs-negro\/#breadcrumb\",\"itemListElement\":[{\"@type\":\"ListItem\",\"position\":1,\"name\":\"Home\",\"item\":\"https:\/\/urban-vitamin.com\/es\/\"},{\"@type\":\"ListItem\",\"position\":2,\"name\":\"Recopilaci\u00f3n\",\"item\":\"https:\/\/urban-vitamin.com\/es\/recopilacion\/\"},{\"@type\":\"ListItem\",\"position\":3,\"name\":\"Cargador Fairfield 3 en 1 rplastic RCS, negro\"}]},{\"@type\":\"WebSite\",\"@id\":\"https:\/\/urban-vitamin.com\/es\/#website\",\"url\":\"https:\/\/urban-vitamin.com\/es\/\",\"name\":\"Urban Vitamin\",\"description\":\"Enjoy your daily dose of Urban Vitamin!\",\"potentialAction\":[{\"@type\":\"SearchAction\",\"target\":{\"@type\":\"EntryPoint\",\"urlTemplate\":\"https:\/\/urban-vitamin.com\/es\/?s={search_term_string}\"},\"query-input\":{\"@type\":\"PropertyValueSpecification\",\"valueRequired\":true,\"valueName\":\"search_term_string\"}}],\"inLanguage\":\"es\"}]}<\/script>\n<!-- \/ Yoast SEO plugin. -->","yoast_head_json":{"title":"Cargador Fairfield 3 en 1 rplastic RCS, negro - Urban Vitamin","robots":{"index":"index","follow":"follow","max-snippet":"max-snippet:-1","max-image-preview":"max-image-preview:large","max-video-preview":"max-video-preview:-1"},"canonical":"https:\/\/urban-vitamin.com\/es\/producto\/cargador-fairfield-3-en-1-rplastic-rcs-negro\/","og_locale":"es_ES","og_type":"article","og_title":"Cargador Fairfield 3 en 1 rplastic RCS, negro - Urban Vitamin","og_description":"Base de carga inal\u00e1mbrica 3 en 1 de 15W fabricada con ABS reciclado certificado RCS (Recycled Claim Standard). Contenido total reciclado: 60% basado en el peso total del art\u00edculo. La certificaci\u00f3n RCS garantiza una cadena de suministro completamente certificada de los materiales reciclados. Este cargador inal\u00e1mbrico carga tu tel\u00e9fono de la manera m\u00e1s r\u00e1pida posible. [&hellip;]","og_url":"https:\/\/urban-vitamin.com\/es\/producto\/cargador-fairfield-3-en-1-rplastic-rcs-negro\/","og_site_name":"Urban Vitamin","article_modified_time":"2026-04-16T01:26:16+00:00","og_image":[{"width":1024,"height":1024,"url":"https:\/\/urban-vitamin.com\/wp-content\/uploads\/sites\/5\/2026\/04\/P308.361__S_0__c2565f457c4545eabd5fa36c25ad814c.jpg","type":"image\/jpeg"}],"twitter_card":"summary_large_image","twitter_misc":{"Tiempo de lectura":"1 minuto"},"schema":{"@context":"https:\/\/schema.org","@graph":[{"@type":"WebPage","@id":"https:\/\/urban-vitamin.com\/es\/producto\/cargador-fairfield-3-en-1-rplastic-rcs-negro\/","url":"https:\/\/urban-vitamin.com\/es\/producto\/cargador-fairfield-3-en-1-rplastic-rcs-negro\/","name":"Cargador Fairfield 3 en 1 rplastic RCS, negro - Urban Vitamin","isPartOf":{"@id":"https:\/\/urban-vitamin.com\/es\/#website"},"primaryImageOfPage":{"@id":"https:\/\/urban-vitamin.com\/es\/producto\/cargador-fairfield-3-en-1-rplastic-rcs-negro\/#primaryimage"},"image":{"@id":"https:\/\/urban-vitamin.com\/es\/producto\/cargador-fairfield-3-en-1-rplastic-rcs-negro\/#primaryimage"},"thumbnailUrl":"https:\/\/urban-vitamin.com\/wp-content\/uploads\/sites\/5\/2026\/04\/P308.361__S_0__c2565f457c4545eabd5fa36c25ad814c.jpg","datePublished":"2026-04-16T00:06:17+00:00","dateModified":"2026-04-16T01:26:16+00:00","breadcrumb":{"@id":"https:\/\/urban-vitamin.com\/es\/producto\/cargador-fairfield-3-en-1-rplastic-rcs-negro\/#breadcrumb"},"inLanguage":"es","potentialAction":[{"@type":"ReadAction","target":["https:\/\/urban-vitamin.com\/es\/producto\/cargador-fairfield-3-en-1-rplastic-rcs-negro\/"]}]},{"@type":"ImageObject","inLanguage":"es","@id":"https:\/\/urban-vitamin.com\/es\/producto\/cargador-fairfield-3-en-1-rplastic-rcs-negro\/#primaryimage","url":"https:\/\/urban-vitamin.com\/wp-content\/uploads\/sites\/5\/2026\/04\/P308.361__S_0__c2565f457c4545eabd5fa36c25ad814c.jpg","contentUrl":"https:\/\/urban-vitamin.com\/wp-content\/uploads\/sites\/5\/2026\/04\/P308.361__S_0__c2565f457c4545eabd5fa36c25ad814c.jpg","width":1024,"height":1024},{"@type":"BreadcrumbList","@id":"https:\/\/urban-vitamin.com\/es\/producto\/cargador-fairfield-3-en-1-rplastic-rcs-negro\/#breadcrumb","itemListElement":[{"@type":"ListItem","position":1,"name":"Home","item":"https:\/\/urban-vitamin.com\/es\/"},{"@type":"ListItem","position":2,"name":"Recopilaci\u00f3n","item":"https:\/\/urban-vitamin.com\/es\/recopilacion\/"},{"@type":"ListItem","position":3,"name":"Cargador Fairfield 3 en 1 rplastic RCS, negro"}]},{"@type":"WebSite","@id":"https:\/\/urban-vitamin.com\/es\/#website","url":"https:\/\/urban-vitamin.com\/es\/","name":"Urban Vitamin","description":"Enjoy your daily dose of Urban Vitamin!","potentialAction":[{"@type":"SearchAction","target":{"@type":"EntryPoint","urlTemplate":"https:\/\/urban-vitamin.com\/es\/?s={search_term_string}"},"query-input":{"@type":"PropertyValueSpecification","valueRequired":true,"valueName":"search_term_string"}}],"inLanguage":"es"}]}},"_links":{"self":[{"href":"https:\/\/urban-vitamin.com\/es\/wp-json\/wp\/v2\/product\/5374","targetHints":{"allow":["GET"]}}],"collection":[{"href":"https:\/\/urban-vitamin.com\/es\/wp-json\/wp\/v2\/product"}],"about":[{"href":"https:\/\/urban-vitamin.com\/es\/wp-json\/wp\/v2\/types\/product"}],"replies":[{"embeddable":true,"href":"https:\/\/urban-vitamin.com\/es\/wp-json\/wp\/v2\/comments?post=5374"}],"wp:featuredmedia":[{"embeddable":true,"href":"https:\/\/urban-vitamin.com\/es\/wp-json\/wp\/v2\/media\/27609"}],"wp:attachment":[{"href":"https:\/\/urban-vitamin.com\/es\/wp-json\/wp\/v2\/media?parent=5374"}],"wp:term":[{"taxonomy":"product_cat","embeddable":true,"href":"https:\/\/urban-vitamin.com\/es\/wp-json\/wp\/v2\/product_cat?post=5374"},{"taxonomy":"product_tag","embeddable":true,"href":"https:\/\/urban-vitamin.com\/es\/wp-json\/wp\/v2\/product_tag?post=5374"}],"curies":[{"name":"wp","href":"https:\/\/api.w.org\/{rel}","templated":true}]}}