{"id":5372,"date":"2026-03-12T01:06:04","date_gmt":"2026-03-12T01:06:04","guid":{"rendered":"https:\/\/xdsomename.tempurl.host\/urban-vitamin\/product\/cable-6-en-1-oakland-rcs-carga-rapida-45w-blanco\/"},"modified":"2026-03-12T02:26:23","modified_gmt":"2026-03-12T02:26:23","slug":"cable-6-en-1-oakland-rcs-carga-rapida-45w-blanco","status":"publish","type":"product","link":"https:\/\/urban-vitamin.com\/es\/producto\/cable-6-en-1-oakland-rcs-carga-rapida-45w-blanco\/","title":{"rendered":"Cable 6 en 1 Oakland  RCS carga r\u00e1pida 45W, blanco"},"content":{"rendered":"<p>Carga siempre con la velocidad de carga m\u00e1s r\u00e1pida posible con el cable Oakland. Fabricado con materiales reciclados certificados. La carcasa est\u00e1 hecha de pl\u00e1stico TPE reciclado con certificaci\u00f3n RCS y el cable de material interior reciclado TPE. Capa exterior  PET reciclado. RCS (Recycled Claim Standard) es un est\u00e1ndar para verificar el contenido reciclado de un producto a lo largo de toda la cadena de suministro. El cable de 120 cm tiene 5 conectores diferentes: entrada USB C, entrada USB A, salida tipo C, salida IOS y salida micro USB. Esto te permite usar el cable tambi\u00e9n con dispositivos de salida tipo C que se incluyen en la nueva generaci\u00f3n de tel\u00e9fonos y ordenadores Macbook. Corriente m\u00e1xima tipo C para lightning 18W. Corriente m\u00e1xima tipo C a tipo C 45W. Los art\u00edculos de Urban Vitamin est\u00e1n fabricados sin PVC y presentados en envases reducidos en pl\u00e1stico. Contenido reciclado 52% basado en el peso total del art\u00edculo.<\/p>\n","protected":false},"excerpt":{"rendered":"<p>Carga siempre con la velocidad de carga m\u00e1s r\u00e1pida posible con el cable Oakland. Fabricado con materiales reciclados certificados. La carcasa est\u00e1 hecha de pl\u00e1stico TPE reciclado con certificaci\u00f3n RCS y el cable de material interior reciclado TPE. Capa exterior PET reciclado. RCS (Recycled Claim Standard) es un est\u00e1ndar para verificar el contenido reciclado de [&hellip;]<\/p>\n","protected":false},"featured_media":12194,"comment_status":"closed","ping_status":"closed","template":"","meta":{"_acf_changed":false,"om_disable_all_campaigns":false},"product_cat":[80],"product_tag":[],"class_list":["post-5372","product","type-product","status-publish","has-post-thumbnail","hentry","product_cat-cables-es","pa_color-white"],"acf":[],"yoast_head":"<!-- This site is optimized with the Yoast SEO plugin v27.0 - https:\/\/yoast.com\/product\/yoast-seo-wordpress\/ -->\n<title>Cable 6 en 1 Oakland RCS carga r\u00e1pida 45W, blanco - Urban Vitamin<\/title>\n<meta name=\"robots\" content=\"index, follow, max-snippet:-1, max-image-preview:large, max-video-preview:-1\" \/>\n<link rel=\"canonical\" href=\"https:\/\/urban-vitamin.com\/es\/producto\/cable-6-en-1-oakland-rcs-carga-rapida-45w-blanco\/\" \/>\n<meta property=\"og:locale\" content=\"es_ES\" \/>\n<meta property=\"og:type\" content=\"article\" \/>\n<meta property=\"og:title\" content=\"Cable 6 en 1 Oakland RCS carga r\u00e1pida 45W, blanco - Urban Vitamin\" \/>\n<meta property=\"og:description\" content=\"Carga siempre con la velocidad de carga m\u00e1s r\u00e1pida posible con el cable Oakland. Fabricado con materiales reciclados certificados. La carcasa est\u00e1 hecha de pl\u00e1stico TPE reciclado con certificaci\u00f3n RCS y el cable de material interior reciclado TPE. Capa exterior PET reciclado. RCS (Recycled Claim Standard) es un est\u00e1ndar para verificar el contenido reciclado de [&hellip;]\" \/>\n<meta property=\"og:url\" content=\"https:\/\/urban-vitamin.com\/es\/producto\/cable-6-en-1-oakland-rcs-carga-rapida-45w-blanco\/\" \/>\n<meta property=\"og:site_name\" content=\"Urban Vitamin\" \/>\n<meta property=\"article:modified_time\" content=\"2026-03-12T02:26:23+00:00\" \/>\n<meta property=\"og:image\" content=\"https:\/\/urban-vitamin.com\/wp-content\/uploads\/sites\/5\/2024\/02\/P302.703__S_0__cfa440153af54facafcd7f5626b71897.jpg\" \/>\n\t<meta property=\"og:image:width\" content=\"1024\" \/>\n\t<meta property=\"og:image:height\" content=\"1024\" \/>\n\t<meta property=\"og:image:type\" content=\"image\/jpeg\" \/>\n<meta name=\"twitter:card\" content=\"summary_large_image\" \/>\n<meta name=\"twitter:label1\" content=\"Tiempo de lectura\" \/>\n\t<meta name=\"twitter:data1\" content=\"1 minuto\" \/>\n<script type=\"application\/ld+json\" class=\"yoast-schema-graph\">{\"@context\":\"https:\/\/schema.org\",\"@graph\":[{\"@type\":\"WebPage\",\"@id\":\"https:\/\/urban-vitamin.com\/es\/producto\/cable-6-en-1-oakland-rcs-carga-rapida-45w-blanco\/\",\"url\":\"https:\/\/urban-vitamin.com\/es\/producto\/cable-6-en-1-oakland-rcs-carga-rapida-45w-blanco\/\",\"name\":\"Cable 6 en 1 Oakland RCS carga r\u00e1pida 45W, blanco - Urban Vitamin\",\"isPartOf\":{\"@id\":\"https:\/\/urban-vitamin.com\/es\/#website\"},\"primaryImageOfPage\":{\"@id\":\"https:\/\/urban-vitamin.com\/es\/producto\/cable-6-en-1-oakland-rcs-carga-rapida-45w-blanco\/#primaryimage\"},\"image\":{\"@id\":\"https:\/\/urban-vitamin.com\/es\/producto\/cable-6-en-1-oakland-rcs-carga-rapida-45w-blanco\/#primaryimage\"},\"thumbnailUrl\":\"https:\/\/urban-vitamin.com\/wp-content\/uploads\/sites\/5\/2024\/02\/P302.703__S_0__cfa440153af54facafcd7f5626b71897.jpg\",\"datePublished\":\"2026-03-12T01:06:04+00:00\",\"dateModified\":\"2026-03-12T02:26:23+00:00\",\"breadcrumb\":{\"@id\":\"https:\/\/urban-vitamin.com\/es\/producto\/cable-6-en-1-oakland-rcs-carga-rapida-45w-blanco\/#breadcrumb\"},\"inLanguage\":\"es\",\"potentialAction\":[{\"@type\":\"ReadAction\",\"target\":[\"https:\/\/urban-vitamin.com\/es\/producto\/cable-6-en-1-oakland-rcs-carga-rapida-45w-blanco\/\"]}]},{\"@type\":\"ImageObject\",\"inLanguage\":\"es\",\"@id\":\"https:\/\/urban-vitamin.com\/es\/producto\/cable-6-en-1-oakland-rcs-carga-rapida-45w-blanco\/#primaryimage\",\"url\":\"https:\/\/urban-vitamin.com\/wp-content\/uploads\/sites\/5\/2024\/02\/P302.703__S_0__cfa440153af54facafcd7f5626b71897.jpg\",\"contentUrl\":\"https:\/\/urban-vitamin.com\/wp-content\/uploads\/sites\/5\/2024\/02\/P302.703__S_0__cfa440153af54facafcd7f5626b71897.jpg\",\"width\":1024,\"height\":1024},{\"@type\":\"BreadcrumbList\",\"@id\":\"https:\/\/urban-vitamin.com\/es\/producto\/cable-6-en-1-oakland-rcs-carga-rapida-45w-blanco\/#breadcrumb\",\"itemListElement\":[{\"@type\":\"ListItem\",\"position\":1,\"name\":\"Home\",\"item\":\"https:\/\/urban-vitamin.com\/es\/\"},{\"@type\":\"ListItem\",\"position\":2,\"name\":\"Recopilaci\u00f3n\",\"item\":\"https:\/\/urban-vitamin.com\/es\/recopilacion\/\"},{\"@type\":\"ListItem\",\"position\":3,\"name\":\"Cable 6 en 1 Oakland RCS carga r\u00e1pida 45W, blanco\"}]},{\"@type\":\"WebSite\",\"@id\":\"https:\/\/urban-vitamin.com\/es\/#website\",\"url\":\"https:\/\/urban-vitamin.com\/es\/\",\"name\":\"Urban Vitamin\",\"description\":\"Enjoy your daily dose of Urban Vitamin!\",\"potentialAction\":[{\"@type\":\"SearchAction\",\"target\":{\"@type\":\"EntryPoint\",\"urlTemplate\":\"https:\/\/urban-vitamin.com\/es\/?s={search_term_string}\"},\"query-input\":{\"@type\":\"PropertyValueSpecification\",\"valueRequired\":true,\"valueName\":\"search_term_string\"}}],\"inLanguage\":\"es\"}]}<\/script>\n<!-- \/ Yoast SEO plugin. -->","yoast_head_json":{"title":"Cable 6 en 1 Oakland RCS carga r\u00e1pida 45W, blanco - Urban Vitamin","robots":{"index":"index","follow":"follow","max-snippet":"max-snippet:-1","max-image-preview":"max-image-preview:large","max-video-preview":"max-video-preview:-1"},"canonical":"https:\/\/urban-vitamin.com\/es\/producto\/cable-6-en-1-oakland-rcs-carga-rapida-45w-blanco\/","og_locale":"es_ES","og_type":"article","og_title":"Cable 6 en 1 Oakland RCS carga r\u00e1pida 45W, blanco - Urban Vitamin","og_description":"Carga siempre con la velocidad de carga m\u00e1s r\u00e1pida posible con el cable Oakland. Fabricado con materiales reciclados certificados. La carcasa est\u00e1 hecha de pl\u00e1stico TPE reciclado con certificaci\u00f3n RCS y el cable de material interior reciclado TPE. Capa exterior PET reciclado. RCS (Recycled Claim Standard) es un est\u00e1ndar para verificar el contenido reciclado de [&hellip;]","og_url":"https:\/\/urban-vitamin.com\/es\/producto\/cable-6-en-1-oakland-rcs-carga-rapida-45w-blanco\/","og_site_name":"Urban Vitamin","article_modified_time":"2026-03-12T02:26:23+00:00","og_image":[{"width":1024,"height":1024,"url":"https:\/\/urban-vitamin.com\/wp-content\/uploads\/sites\/5\/2024\/02\/P302.703__S_0__cfa440153af54facafcd7f5626b71897.jpg","type":"image\/jpeg"}],"twitter_card":"summary_large_image","twitter_misc":{"Tiempo de lectura":"1 minuto"},"schema":{"@context":"https:\/\/schema.org","@graph":[{"@type":"WebPage","@id":"https:\/\/urban-vitamin.com\/es\/producto\/cable-6-en-1-oakland-rcs-carga-rapida-45w-blanco\/","url":"https:\/\/urban-vitamin.com\/es\/producto\/cable-6-en-1-oakland-rcs-carga-rapida-45w-blanco\/","name":"Cable 6 en 1 Oakland RCS carga r\u00e1pida 45W, blanco - Urban Vitamin","isPartOf":{"@id":"https:\/\/urban-vitamin.com\/es\/#website"},"primaryImageOfPage":{"@id":"https:\/\/urban-vitamin.com\/es\/producto\/cable-6-en-1-oakland-rcs-carga-rapida-45w-blanco\/#primaryimage"},"image":{"@id":"https:\/\/urban-vitamin.com\/es\/producto\/cable-6-en-1-oakland-rcs-carga-rapida-45w-blanco\/#primaryimage"},"thumbnailUrl":"https:\/\/urban-vitamin.com\/wp-content\/uploads\/sites\/5\/2024\/02\/P302.703__S_0__cfa440153af54facafcd7f5626b71897.jpg","datePublished":"2026-03-12T01:06:04+00:00","dateModified":"2026-03-12T02:26:23+00:00","breadcrumb":{"@id":"https:\/\/urban-vitamin.com\/es\/producto\/cable-6-en-1-oakland-rcs-carga-rapida-45w-blanco\/#breadcrumb"},"inLanguage":"es","potentialAction":[{"@type":"ReadAction","target":["https:\/\/urban-vitamin.com\/es\/producto\/cable-6-en-1-oakland-rcs-carga-rapida-45w-blanco\/"]}]},{"@type":"ImageObject","inLanguage":"es","@id":"https:\/\/urban-vitamin.com\/es\/producto\/cable-6-en-1-oakland-rcs-carga-rapida-45w-blanco\/#primaryimage","url":"https:\/\/urban-vitamin.com\/wp-content\/uploads\/sites\/5\/2024\/02\/P302.703__S_0__cfa440153af54facafcd7f5626b71897.jpg","contentUrl":"https:\/\/urban-vitamin.com\/wp-content\/uploads\/sites\/5\/2024\/02\/P302.703__S_0__cfa440153af54facafcd7f5626b71897.jpg","width":1024,"height":1024},{"@type":"BreadcrumbList","@id":"https:\/\/urban-vitamin.com\/es\/producto\/cable-6-en-1-oakland-rcs-carga-rapida-45w-blanco\/#breadcrumb","itemListElement":[{"@type":"ListItem","position":1,"name":"Home","item":"https:\/\/urban-vitamin.com\/es\/"},{"@type":"ListItem","position":2,"name":"Recopilaci\u00f3n","item":"https:\/\/urban-vitamin.com\/es\/recopilacion\/"},{"@type":"ListItem","position":3,"name":"Cable 6 en 1 Oakland RCS carga r\u00e1pida 45W, blanco"}]},{"@type":"WebSite","@id":"https:\/\/urban-vitamin.com\/es\/#website","url":"https:\/\/urban-vitamin.com\/es\/","name":"Urban Vitamin","description":"Enjoy your daily dose of Urban Vitamin!","potentialAction":[{"@type":"SearchAction","target":{"@type":"EntryPoint","urlTemplate":"https:\/\/urban-vitamin.com\/es\/?s={search_term_string}"},"query-input":{"@type":"PropertyValueSpecification","valueRequired":true,"valueName":"search_term_string"}}],"inLanguage":"es"}]}},"_links":{"self":[{"href":"https:\/\/urban-vitamin.com\/es\/wp-json\/wp\/v2\/product\/5372","targetHints":{"allow":["GET"]}}],"collection":[{"href":"https:\/\/urban-vitamin.com\/es\/wp-json\/wp\/v2\/product"}],"about":[{"href":"https:\/\/urban-vitamin.com\/es\/wp-json\/wp\/v2\/types\/product"}],"replies":[{"embeddable":true,"href":"https:\/\/urban-vitamin.com\/es\/wp-json\/wp\/v2\/comments?post=5372"}],"wp:featuredmedia":[{"embeddable":true,"href":"https:\/\/urban-vitamin.com\/es\/wp-json\/wp\/v2\/media\/12194"}],"wp:attachment":[{"href":"https:\/\/urban-vitamin.com\/es\/wp-json\/wp\/v2\/media?parent=5372"}],"wp:term":[{"taxonomy":"product_cat","embeddable":true,"href":"https:\/\/urban-vitamin.com\/es\/wp-json\/wp\/v2\/product_cat?post=5372"},{"taxonomy":"product_tag","embeddable":true,"href":"https:\/\/urban-vitamin.com\/es\/wp-json\/wp\/v2\/product_tag?post=5372"}],"curies":[{"name":"wp","href":"https:\/\/api.w.org\/{rel}","templated":true}]}}