{"id":27434,"date":"2026-04-30T00:06:11","date_gmt":"2026-04-30T00:06:11","guid":{"rendered":"https:\/\/urban-vitamin.com\/auriculares-hibridos-anc-y-enc-urban-vitamin-ventura-rcs-negro\/"},"modified":"2026-04-30T01:26:16","modified_gmt":"2026-04-30T01:26:16","slug":"auriculares-hibridos-anc-y-enc-ventura-rcs-negro","status":"publish","type":"product","link":"https:\/\/urban-vitamin.com\/es\/producto\/auriculares-hibridos-anc-y-enc-ventura-rcs-negro\/","title":{"rendered":"Auriculares h\u00edbridos ANC y ENC Ventura RCS, negro"},"content":{"rendered":"<p>Sum\u00e9rgete en una experiencia de sonido potente y sin distracciones. ANC h\u00edbrido y reducci\u00f3n de ruido ENC de doble micr\u00f3fono, los auriculares Ventura ofrecen llamadas n\u00edtidas al filtrar el ruido de fondo no deseado, mientras que la cancelaci\u00f3n activa de ruido de 45 dB bloquea los sonidos externos, ideales para m\u00fasica, viajes y trabajo concentrado. Con una clasificaci\u00f3n de resistencia a salpicaduras IPX4, Ventura est\u00e1 listo para entrenamientos, uso al aire libre y d\u00edas lluviosos. Emparejamiento autom\u00e1tico instant\u00e1neo y sencillo: abre el estuche y los auriculares se conectan autom\u00e1ticamente. El audio espacial crea una experiencia auditiva m\u00e1s amplia e inmersiva con mayor profundidad. Dise\u00f1ado para la comodidad durante todo el d\u00eda, contornos suaves, controles t\u00e1ctiles intuitivos y un aspecto minimalista refinado para el uso diario. ABS reciclado con certificaci\u00f3n RCS (Recycled Claim Standard). Los productos Urban Vitamin est\u00e1n hechos sin PVC y se envasan con pl\u00e1stico reducido.<\/p>\n","protected":false},"excerpt":{"rendered":"<p>Sum\u00e9rgete en una experiencia de sonido potente y sin distracciones. ANC h\u00edbrido y reducci\u00f3n de ruido ENC de doble micr\u00f3fono, los auriculares Ventura ofrecen llamadas n\u00edtidas al filtrar el ruido de fondo no deseado, mientras que la cancelaci\u00f3n activa de ruido de 45 dB bloquea los sonidos externos, ideales para m\u00fasica, viajes y trabajo concentrado. [&hellip;]<\/p>\n","protected":false},"featured_media":28065,"comment_status":"closed","ping_status":"closed","template":"","meta":{"_acf_changed":false,"om_disable_all_campaigns":false},"product_cat":[75],"product_tag":[],"class_list":["post-27434","product","type-product","status-publish","has-post-thumbnail","hentry","product_cat-tapones","pa_color-black"],"acf":[],"yoast_head":"<!-- This site is optimized with the Yoast SEO plugin v27.0 - https:\/\/yoast.com\/product\/yoast-seo-wordpress\/ -->\n<title>Auriculares h\u00edbridos ANC y ENC Ventura RCS, negro - Urban Vitamin<\/title>\n<meta name=\"robots\" content=\"index, follow, max-snippet:-1, max-image-preview:large, max-video-preview:-1\" \/>\n<link rel=\"canonical\" href=\"https:\/\/urban-vitamin.com\/es\/producto\/auriculares-hibridos-anc-y-enc-ventura-rcs-negro\/\" \/>\n<meta property=\"og:locale\" content=\"es_ES\" \/>\n<meta property=\"og:type\" content=\"article\" \/>\n<meta property=\"og:title\" content=\"Auriculares h\u00edbridos ANC y ENC Ventura RCS, negro - Urban Vitamin\" \/>\n<meta property=\"og:description\" content=\"Sum\u00e9rgete en una experiencia de sonido potente y sin distracciones. ANC h\u00edbrido y reducci\u00f3n de ruido ENC de doble micr\u00f3fono, los auriculares Ventura ofrecen llamadas n\u00edtidas al filtrar el ruido de fondo no deseado, mientras que la cancelaci\u00f3n activa de ruido de 45 dB bloquea los sonidos externos, ideales para m\u00fasica, viajes y trabajo concentrado. [&hellip;]\" \/>\n<meta property=\"og:url\" content=\"https:\/\/urban-vitamin.com\/es\/producto\/auriculares-hibridos-anc-y-enc-ventura-rcs-negro\/\" \/>\n<meta property=\"og:site_name\" content=\"Urban Vitamin\" \/>\n<meta property=\"article:modified_time\" content=\"2026-04-30T01:26:16+00:00\" \/>\n<meta property=\"og:image\" content=\"https:\/\/urban-vitamin.com\/wp-content\/uploads\/sites\/5\/2026\/04\/P331.6001__S_0__c7c9ec78acca4e10a4e5dbf4b8406a49.jpg\" \/>\n\t<meta property=\"og:image:width\" content=\"1024\" \/>\n\t<meta property=\"og:image:height\" content=\"1024\" \/>\n\t<meta property=\"og:image:type\" content=\"image\/jpeg\" \/>\n<meta name=\"twitter:card\" content=\"summary_large_image\" \/>\n<meta name=\"twitter:label1\" content=\"Tiempo de lectura\" \/>\n\t<meta name=\"twitter:data1\" content=\"1 minuto\" \/>\n<script type=\"application\/ld+json\" class=\"yoast-schema-graph\">{\"@context\":\"https:\/\/schema.org\",\"@graph\":[{\"@type\":\"WebPage\",\"@id\":\"https:\/\/urban-vitamin.com\/es\/producto\/auriculares-hibridos-anc-y-enc-ventura-rcs-negro\/\",\"url\":\"https:\/\/urban-vitamin.com\/es\/producto\/auriculares-hibridos-anc-y-enc-ventura-rcs-negro\/\",\"name\":\"Auriculares h\u00edbridos ANC y ENC Ventura RCS, negro - Urban Vitamin\",\"isPartOf\":{\"@id\":\"https:\/\/urban-vitamin.com\/es\/#website\"},\"primaryImageOfPage\":{\"@id\":\"https:\/\/urban-vitamin.com\/es\/producto\/auriculares-hibridos-anc-y-enc-ventura-rcs-negro\/#primaryimage\"},\"image\":{\"@id\":\"https:\/\/urban-vitamin.com\/es\/producto\/auriculares-hibridos-anc-y-enc-ventura-rcs-negro\/#primaryimage\"},\"thumbnailUrl\":\"https:\/\/urban-vitamin.com\/wp-content\/uploads\/sites\/5\/2026\/04\/P331.6001__S_0__c7c9ec78acca4e10a4e5dbf4b8406a49.jpg\",\"datePublished\":\"2026-04-30T00:06:11+00:00\",\"dateModified\":\"2026-04-30T01:26:16+00:00\",\"breadcrumb\":{\"@id\":\"https:\/\/urban-vitamin.com\/es\/producto\/auriculares-hibridos-anc-y-enc-ventura-rcs-negro\/#breadcrumb\"},\"inLanguage\":\"es\",\"potentialAction\":[{\"@type\":\"ReadAction\",\"target\":[\"https:\/\/urban-vitamin.com\/es\/producto\/auriculares-hibridos-anc-y-enc-ventura-rcs-negro\/\"]}]},{\"@type\":\"ImageObject\",\"inLanguage\":\"es\",\"@id\":\"https:\/\/urban-vitamin.com\/es\/producto\/auriculares-hibridos-anc-y-enc-ventura-rcs-negro\/#primaryimage\",\"url\":\"https:\/\/urban-vitamin.com\/wp-content\/uploads\/sites\/5\/2026\/04\/P331.6001__S_0__c7c9ec78acca4e10a4e5dbf4b8406a49.jpg\",\"contentUrl\":\"https:\/\/urban-vitamin.com\/wp-content\/uploads\/sites\/5\/2026\/04\/P331.6001__S_0__c7c9ec78acca4e10a4e5dbf4b8406a49.jpg\",\"width\":1024,\"height\":1024},{\"@type\":\"BreadcrumbList\",\"@id\":\"https:\/\/urban-vitamin.com\/es\/producto\/auriculares-hibridos-anc-y-enc-ventura-rcs-negro\/#breadcrumb\",\"itemListElement\":[{\"@type\":\"ListItem\",\"position\":1,\"name\":\"Home\",\"item\":\"https:\/\/urban-vitamin.com\/es\/\"},{\"@type\":\"ListItem\",\"position\":2,\"name\":\"Recopilaci\u00f3n\",\"item\":\"https:\/\/urban-vitamin.com\/es\/recopilacion\/\"},{\"@type\":\"ListItem\",\"position\":3,\"name\":\"Auriculares h\u00edbridos ANC y ENC Ventura RCS, negro\"}]},{\"@type\":\"WebSite\",\"@id\":\"https:\/\/urban-vitamin.com\/es\/#website\",\"url\":\"https:\/\/urban-vitamin.com\/es\/\",\"name\":\"Urban Vitamin\",\"description\":\"Enjoy your daily dose of Urban Vitamin!\",\"potentialAction\":[{\"@type\":\"SearchAction\",\"target\":{\"@type\":\"EntryPoint\",\"urlTemplate\":\"https:\/\/urban-vitamin.com\/es\/?s={search_term_string}\"},\"query-input\":{\"@type\":\"PropertyValueSpecification\",\"valueRequired\":true,\"valueName\":\"search_term_string\"}}],\"inLanguage\":\"es\"}]}<\/script>\n<!-- \/ Yoast SEO plugin. -->","yoast_head_json":{"title":"Auriculares h\u00edbridos ANC y ENC Ventura RCS, negro - Urban Vitamin","robots":{"index":"index","follow":"follow","max-snippet":"max-snippet:-1","max-image-preview":"max-image-preview:large","max-video-preview":"max-video-preview:-1"},"canonical":"https:\/\/urban-vitamin.com\/es\/producto\/auriculares-hibridos-anc-y-enc-ventura-rcs-negro\/","og_locale":"es_ES","og_type":"article","og_title":"Auriculares h\u00edbridos ANC y ENC Ventura RCS, negro - Urban Vitamin","og_description":"Sum\u00e9rgete en una experiencia de sonido potente y sin distracciones. ANC h\u00edbrido y reducci\u00f3n de ruido ENC de doble micr\u00f3fono, los auriculares Ventura ofrecen llamadas n\u00edtidas al filtrar el ruido de fondo no deseado, mientras que la cancelaci\u00f3n activa de ruido de 45 dB bloquea los sonidos externos, ideales para m\u00fasica, viajes y trabajo concentrado. [&hellip;]","og_url":"https:\/\/urban-vitamin.com\/es\/producto\/auriculares-hibridos-anc-y-enc-ventura-rcs-negro\/","og_site_name":"Urban Vitamin","article_modified_time":"2026-04-30T01:26:16+00:00","og_image":[{"width":1024,"height":1024,"url":"https:\/\/urban-vitamin.com\/wp-content\/uploads\/sites\/5\/2026\/04\/P331.6001__S_0__c7c9ec78acca4e10a4e5dbf4b8406a49.jpg","type":"image\/jpeg"}],"twitter_card":"summary_large_image","twitter_misc":{"Tiempo de lectura":"1 minuto"},"schema":{"@context":"https:\/\/schema.org","@graph":[{"@type":"WebPage","@id":"https:\/\/urban-vitamin.com\/es\/producto\/auriculares-hibridos-anc-y-enc-ventura-rcs-negro\/","url":"https:\/\/urban-vitamin.com\/es\/producto\/auriculares-hibridos-anc-y-enc-ventura-rcs-negro\/","name":"Auriculares h\u00edbridos ANC y ENC Ventura RCS, negro - Urban Vitamin","isPartOf":{"@id":"https:\/\/urban-vitamin.com\/es\/#website"},"primaryImageOfPage":{"@id":"https:\/\/urban-vitamin.com\/es\/producto\/auriculares-hibridos-anc-y-enc-ventura-rcs-negro\/#primaryimage"},"image":{"@id":"https:\/\/urban-vitamin.com\/es\/producto\/auriculares-hibridos-anc-y-enc-ventura-rcs-negro\/#primaryimage"},"thumbnailUrl":"https:\/\/urban-vitamin.com\/wp-content\/uploads\/sites\/5\/2026\/04\/P331.6001__S_0__c7c9ec78acca4e10a4e5dbf4b8406a49.jpg","datePublished":"2026-04-30T00:06:11+00:00","dateModified":"2026-04-30T01:26:16+00:00","breadcrumb":{"@id":"https:\/\/urban-vitamin.com\/es\/producto\/auriculares-hibridos-anc-y-enc-ventura-rcs-negro\/#breadcrumb"},"inLanguage":"es","potentialAction":[{"@type":"ReadAction","target":["https:\/\/urban-vitamin.com\/es\/producto\/auriculares-hibridos-anc-y-enc-ventura-rcs-negro\/"]}]},{"@type":"ImageObject","inLanguage":"es","@id":"https:\/\/urban-vitamin.com\/es\/producto\/auriculares-hibridos-anc-y-enc-ventura-rcs-negro\/#primaryimage","url":"https:\/\/urban-vitamin.com\/wp-content\/uploads\/sites\/5\/2026\/04\/P331.6001__S_0__c7c9ec78acca4e10a4e5dbf4b8406a49.jpg","contentUrl":"https:\/\/urban-vitamin.com\/wp-content\/uploads\/sites\/5\/2026\/04\/P331.6001__S_0__c7c9ec78acca4e10a4e5dbf4b8406a49.jpg","width":1024,"height":1024},{"@type":"BreadcrumbList","@id":"https:\/\/urban-vitamin.com\/es\/producto\/auriculares-hibridos-anc-y-enc-ventura-rcs-negro\/#breadcrumb","itemListElement":[{"@type":"ListItem","position":1,"name":"Home","item":"https:\/\/urban-vitamin.com\/es\/"},{"@type":"ListItem","position":2,"name":"Recopilaci\u00f3n","item":"https:\/\/urban-vitamin.com\/es\/recopilacion\/"},{"@type":"ListItem","position":3,"name":"Auriculares h\u00edbridos ANC y ENC Ventura RCS, negro"}]},{"@type":"WebSite","@id":"https:\/\/urban-vitamin.com\/es\/#website","url":"https:\/\/urban-vitamin.com\/es\/","name":"Urban Vitamin","description":"Enjoy your daily dose of Urban Vitamin!","potentialAction":[{"@type":"SearchAction","target":{"@type":"EntryPoint","urlTemplate":"https:\/\/urban-vitamin.com\/es\/?s={search_term_string}"},"query-input":{"@type":"PropertyValueSpecification","valueRequired":true,"valueName":"search_term_string"}}],"inLanguage":"es"}]}},"_links":{"self":[{"href":"https:\/\/urban-vitamin.com\/es\/wp-json\/wp\/v2\/product\/27434","targetHints":{"allow":["GET"]}}],"collection":[{"href":"https:\/\/urban-vitamin.com\/es\/wp-json\/wp\/v2\/product"}],"about":[{"href":"https:\/\/urban-vitamin.com\/es\/wp-json\/wp\/v2\/types\/product"}],"replies":[{"embeddable":true,"href":"https:\/\/urban-vitamin.com\/es\/wp-json\/wp\/v2\/comments?post=27434"}],"wp:featuredmedia":[{"embeddable":true,"href":"https:\/\/urban-vitamin.com\/es\/wp-json\/wp\/v2\/media\/28065"}],"wp:attachment":[{"href":"https:\/\/urban-vitamin.com\/es\/wp-json\/wp\/v2\/media?parent=27434"}],"wp:term":[{"taxonomy":"product_cat","embeddable":true,"href":"https:\/\/urban-vitamin.com\/es\/wp-json\/wp\/v2\/product_cat?post=27434"},{"taxonomy":"product_tag","embeddable":true,"href":"https:\/\/urban-vitamin.com\/es\/wp-json\/wp\/v2\/product_tag?post=27434"}],"curies":[{"name":"wp","href":"https:\/\/api.w.org\/{rel}","templated":true}]}}