{"id":27433,"date":"2026-03-12T01:08:40","date_gmt":"2026-03-12T01:08:40","guid":{"rendered":"https:\/\/urban-vitamin.com\/auriculares-enc-plastico-rcs-santa-clara-urban-vitamin-azul\/"},"modified":"2026-03-12T02:29:04","modified_gmt":"2026-03-12T02:29:04","slug":"auriculares-enc-plastico-rcs-santa-clara-urban-vitamin-azul","status":"publish","type":"product","link":"https:\/\/urban-vitamin.com\/es\/producto\/auriculares-enc-plastico-rcs-santa-clara-urban-vitamin-azul\/","title":{"rendered":"Auriculares ENC pl\u00e1stico RCS Santa Clara Urban Vitamin, azul"},"content":{"rendered":"<p>Sum\u00e9rgete en un audio n\u00edtido dondequiera que la vida te lleve. Equipados con reducci\u00f3n de ruido ENC de doble micr\u00f3fono, ofrecen llamadas n\u00edtidas filtrando el ruido de fondo no deseado, asegurando que tu voz y m\u00fasica se mantengan n\u00edtidas y naturales. Con una clasificaci\u00f3n de resistencia a salpicaduras IPX4, son ideales para actividades al aire libre y lluvia ligera. Alimentados por el \u00faltimo chip BT 6.0, proporcionan una conexi\u00f3n r\u00e1pida y estable con una excelente eficiencia energ\u00e9tica. Disfruta de hasta 6 horas de reproducci\u00f3n, mientras que el estuche de carga compacto extiende el tiempo total de escucha a 24 horas. Emparejamiento autom\u00e1tico instant\u00e1neo: abre el estuche y se conectan autom\u00e1ticamente, para que puedas empezar a escuchar al momento. Dise\u00f1ados para brindar comodidad durante todo el d\u00eda, presentan contornos suaves, control t\u00e1ctil intuitivo y un acabado limpio y minimalista. ABS reciclado con certificaci\u00f3n RCS (Recycled Claim Standard). Sin PVC y envase reducido en pl\u00e1stico.<\/p>\n","protected":false},"excerpt":{"rendered":"<p>Sum\u00e9rgete en un audio n\u00edtido dondequiera que la vida te lleve. Equipados con reducci\u00f3n de ruido ENC de doble micr\u00f3fono, ofrecen llamadas n\u00edtidas filtrando el ruido de fondo no deseado, asegurando que tu voz y m\u00fasica se mantengan n\u00edtidas y naturales. Con una clasificaci\u00f3n de resistencia a salpicaduras IPX4, son ideales para actividades al aire [&hellip;]<\/p>\n","protected":false},"featured_media":27278,"comment_status":"closed","ping_status":"closed","template":"","meta":{"_acf_changed":false,"om_disable_all_campaigns":false},"product_cat":[88],"product_tag":[],"class_list":["post-27433","product","type-product","status-publish","has-post-thumbnail","hentry","product_cat-uncategorized","pa_color-blue"],"acf":[],"yoast_head":"<!-- This site is optimized with the Yoast SEO plugin v27.0 - https:\/\/yoast.com\/product\/yoast-seo-wordpress\/ -->\n<title>Auriculares ENC pl\u00e1stico RCS Santa Clara Urban Vitamin, azul - Urban Vitamin<\/title>\n<meta name=\"robots\" content=\"index, follow, max-snippet:-1, max-image-preview:large, max-video-preview:-1\" \/>\n<link rel=\"canonical\" href=\"https:\/\/urban-vitamin.com\/es\/producto\/auriculares-enc-plastico-rcs-santa-clara-urban-vitamin-azul\/\" \/>\n<meta property=\"og:locale\" content=\"es_ES\" \/>\n<meta property=\"og:type\" content=\"article\" \/>\n<meta property=\"og:title\" content=\"Auriculares ENC pl\u00e1stico RCS Santa Clara Urban Vitamin, azul - Urban Vitamin\" \/>\n<meta property=\"og:description\" content=\"Sum\u00e9rgete en un audio n\u00edtido dondequiera que la vida te lleve. Equipados con reducci\u00f3n de ruido ENC de doble micr\u00f3fono, ofrecen llamadas n\u00edtidas filtrando el ruido de fondo no deseado, asegurando que tu voz y m\u00fasica se mantengan n\u00edtidas y naturales. Con una clasificaci\u00f3n de resistencia a salpicaduras IPX4, son ideales para actividades al aire [&hellip;]\" \/>\n<meta property=\"og:url\" content=\"https:\/\/urban-vitamin.com\/es\/producto\/auriculares-enc-plastico-rcs-santa-clara-urban-vitamin-azul\/\" \/>\n<meta property=\"og:site_name\" content=\"Urban Vitamin\" \/>\n<meta property=\"article:modified_time\" content=\"2026-03-12T02:29:04+00:00\" \/>\n<meta property=\"og:image\" content=\"https:\/\/urban-vitamin.com\/wp-content\/uploads\/sites\/5\/2026\/03\/P331.5905__S_0__d4de6bf65b04440eae56f147709f0b6e.jpg\" \/>\n\t<meta property=\"og:image:width\" content=\"1024\" \/>\n\t<meta property=\"og:image:height\" content=\"1024\" \/>\n\t<meta property=\"og:image:type\" content=\"image\/jpeg\" \/>\n<meta name=\"twitter:card\" content=\"summary_large_image\" \/>\n<meta name=\"twitter:label1\" content=\"Tiempo de lectura\" \/>\n\t<meta name=\"twitter:data1\" content=\"1 minuto\" \/>\n<script type=\"application\/ld+json\" class=\"yoast-schema-graph\">{\"@context\":\"https:\/\/schema.org\",\"@graph\":[{\"@type\":\"WebPage\",\"@id\":\"https:\/\/urban-vitamin.com\/es\/producto\/auriculares-enc-plastico-rcs-santa-clara-urban-vitamin-azul\/\",\"url\":\"https:\/\/urban-vitamin.com\/es\/producto\/auriculares-enc-plastico-rcs-santa-clara-urban-vitamin-azul\/\",\"name\":\"Auriculares ENC pl\u00e1stico RCS Santa Clara Urban Vitamin, azul - Urban Vitamin\",\"isPartOf\":{\"@id\":\"https:\/\/urban-vitamin.com\/es\/#website\"},\"primaryImageOfPage\":{\"@id\":\"https:\/\/urban-vitamin.com\/es\/producto\/auriculares-enc-plastico-rcs-santa-clara-urban-vitamin-azul\/#primaryimage\"},\"image\":{\"@id\":\"https:\/\/urban-vitamin.com\/es\/producto\/auriculares-enc-plastico-rcs-santa-clara-urban-vitamin-azul\/#primaryimage\"},\"thumbnailUrl\":\"https:\/\/urban-vitamin.com\/wp-content\/uploads\/sites\/5\/2026\/03\/P331.5905__S_0__d4de6bf65b04440eae56f147709f0b6e.jpg\",\"datePublished\":\"2026-03-12T01:08:40+00:00\",\"dateModified\":\"2026-03-12T02:29:04+00:00\",\"breadcrumb\":{\"@id\":\"https:\/\/urban-vitamin.com\/es\/producto\/auriculares-enc-plastico-rcs-santa-clara-urban-vitamin-azul\/#breadcrumb\"},\"inLanguage\":\"es\",\"potentialAction\":[{\"@type\":\"ReadAction\",\"target\":[\"https:\/\/urban-vitamin.com\/es\/producto\/auriculares-enc-plastico-rcs-santa-clara-urban-vitamin-azul\/\"]}]},{\"@type\":\"ImageObject\",\"inLanguage\":\"es\",\"@id\":\"https:\/\/urban-vitamin.com\/es\/producto\/auriculares-enc-plastico-rcs-santa-clara-urban-vitamin-azul\/#primaryimage\",\"url\":\"https:\/\/urban-vitamin.com\/wp-content\/uploads\/sites\/5\/2026\/03\/P331.5905__S_0__d4de6bf65b04440eae56f147709f0b6e.jpg\",\"contentUrl\":\"https:\/\/urban-vitamin.com\/wp-content\/uploads\/sites\/5\/2026\/03\/P331.5905__S_0__d4de6bf65b04440eae56f147709f0b6e.jpg\",\"width\":1024,\"height\":1024},{\"@type\":\"BreadcrumbList\",\"@id\":\"https:\/\/urban-vitamin.com\/es\/producto\/auriculares-enc-plastico-rcs-santa-clara-urban-vitamin-azul\/#breadcrumb\",\"itemListElement\":[{\"@type\":\"ListItem\",\"position\":1,\"name\":\"Home\",\"item\":\"https:\/\/urban-vitamin.com\/es\/\"},{\"@type\":\"ListItem\",\"position\":2,\"name\":\"Recopilaci\u00f3n\",\"item\":\"https:\/\/urban-vitamin.com\/es\/recopilacion\/\"},{\"@type\":\"ListItem\",\"position\":3,\"name\":\"Auriculares ENC pl\u00e1stico RCS Santa Clara Urban Vitamin, azul\"}]},{\"@type\":\"WebSite\",\"@id\":\"https:\/\/urban-vitamin.com\/es\/#website\",\"url\":\"https:\/\/urban-vitamin.com\/es\/\",\"name\":\"Urban Vitamin\",\"description\":\"Enjoy your daily dose of Urban Vitamin!\",\"potentialAction\":[{\"@type\":\"SearchAction\",\"target\":{\"@type\":\"EntryPoint\",\"urlTemplate\":\"https:\/\/urban-vitamin.com\/es\/?s={search_term_string}\"},\"query-input\":{\"@type\":\"PropertyValueSpecification\",\"valueRequired\":true,\"valueName\":\"search_term_string\"}}],\"inLanguage\":\"es\"}]}<\/script>\n<!-- \/ Yoast SEO plugin. -->","yoast_head_json":{"title":"Auriculares ENC pl\u00e1stico RCS Santa Clara Urban Vitamin, azul - Urban Vitamin","robots":{"index":"index","follow":"follow","max-snippet":"max-snippet:-1","max-image-preview":"max-image-preview:large","max-video-preview":"max-video-preview:-1"},"canonical":"https:\/\/urban-vitamin.com\/es\/producto\/auriculares-enc-plastico-rcs-santa-clara-urban-vitamin-azul\/","og_locale":"es_ES","og_type":"article","og_title":"Auriculares ENC pl\u00e1stico RCS Santa Clara Urban Vitamin, azul - Urban Vitamin","og_description":"Sum\u00e9rgete en un audio n\u00edtido dondequiera que la vida te lleve. Equipados con reducci\u00f3n de ruido ENC de doble micr\u00f3fono, ofrecen llamadas n\u00edtidas filtrando el ruido de fondo no deseado, asegurando que tu voz y m\u00fasica se mantengan n\u00edtidas y naturales. Con una clasificaci\u00f3n de resistencia a salpicaduras IPX4, son ideales para actividades al aire [&hellip;]","og_url":"https:\/\/urban-vitamin.com\/es\/producto\/auriculares-enc-plastico-rcs-santa-clara-urban-vitamin-azul\/","og_site_name":"Urban Vitamin","article_modified_time":"2026-03-12T02:29:04+00:00","og_image":[{"width":1024,"height":1024,"url":"https:\/\/urban-vitamin.com\/wp-content\/uploads\/sites\/5\/2026\/03\/P331.5905__S_0__d4de6bf65b04440eae56f147709f0b6e.jpg","type":"image\/jpeg"}],"twitter_card":"summary_large_image","twitter_misc":{"Tiempo de lectura":"1 minuto"},"schema":{"@context":"https:\/\/schema.org","@graph":[{"@type":"WebPage","@id":"https:\/\/urban-vitamin.com\/es\/producto\/auriculares-enc-plastico-rcs-santa-clara-urban-vitamin-azul\/","url":"https:\/\/urban-vitamin.com\/es\/producto\/auriculares-enc-plastico-rcs-santa-clara-urban-vitamin-azul\/","name":"Auriculares ENC pl\u00e1stico RCS Santa Clara Urban Vitamin, azul - Urban Vitamin","isPartOf":{"@id":"https:\/\/urban-vitamin.com\/es\/#website"},"primaryImageOfPage":{"@id":"https:\/\/urban-vitamin.com\/es\/producto\/auriculares-enc-plastico-rcs-santa-clara-urban-vitamin-azul\/#primaryimage"},"image":{"@id":"https:\/\/urban-vitamin.com\/es\/producto\/auriculares-enc-plastico-rcs-santa-clara-urban-vitamin-azul\/#primaryimage"},"thumbnailUrl":"https:\/\/urban-vitamin.com\/wp-content\/uploads\/sites\/5\/2026\/03\/P331.5905__S_0__d4de6bf65b04440eae56f147709f0b6e.jpg","datePublished":"2026-03-12T01:08:40+00:00","dateModified":"2026-03-12T02:29:04+00:00","breadcrumb":{"@id":"https:\/\/urban-vitamin.com\/es\/producto\/auriculares-enc-plastico-rcs-santa-clara-urban-vitamin-azul\/#breadcrumb"},"inLanguage":"es","potentialAction":[{"@type":"ReadAction","target":["https:\/\/urban-vitamin.com\/es\/producto\/auriculares-enc-plastico-rcs-santa-clara-urban-vitamin-azul\/"]}]},{"@type":"ImageObject","inLanguage":"es","@id":"https:\/\/urban-vitamin.com\/es\/producto\/auriculares-enc-plastico-rcs-santa-clara-urban-vitamin-azul\/#primaryimage","url":"https:\/\/urban-vitamin.com\/wp-content\/uploads\/sites\/5\/2026\/03\/P331.5905__S_0__d4de6bf65b04440eae56f147709f0b6e.jpg","contentUrl":"https:\/\/urban-vitamin.com\/wp-content\/uploads\/sites\/5\/2026\/03\/P331.5905__S_0__d4de6bf65b04440eae56f147709f0b6e.jpg","width":1024,"height":1024},{"@type":"BreadcrumbList","@id":"https:\/\/urban-vitamin.com\/es\/producto\/auriculares-enc-plastico-rcs-santa-clara-urban-vitamin-azul\/#breadcrumb","itemListElement":[{"@type":"ListItem","position":1,"name":"Home","item":"https:\/\/urban-vitamin.com\/es\/"},{"@type":"ListItem","position":2,"name":"Recopilaci\u00f3n","item":"https:\/\/urban-vitamin.com\/es\/recopilacion\/"},{"@type":"ListItem","position":3,"name":"Auriculares ENC pl\u00e1stico RCS Santa Clara Urban Vitamin, azul"}]},{"@type":"WebSite","@id":"https:\/\/urban-vitamin.com\/es\/#website","url":"https:\/\/urban-vitamin.com\/es\/","name":"Urban Vitamin","description":"Enjoy your daily dose of Urban Vitamin!","potentialAction":[{"@type":"SearchAction","target":{"@type":"EntryPoint","urlTemplate":"https:\/\/urban-vitamin.com\/es\/?s={search_term_string}"},"query-input":{"@type":"PropertyValueSpecification","valueRequired":true,"valueName":"search_term_string"}}],"inLanguage":"es"}]}},"_links":{"self":[{"href":"https:\/\/urban-vitamin.com\/es\/wp-json\/wp\/v2\/product\/27433","targetHints":{"allow":["GET"]}}],"collection":[{"href":"https:\/\/urban-vitamin.com\/es\/wp-json\/wp\/v2\/product"}],"about":[{"href":"https:\/\/urban-vitamin.com\/es\/wp-json\/wp\/v2\/types\/product"}],"replies":[{"embeddable":true,"href":"https:\/\/urban-vitamin.com\/es\/wp-json\/wp\/v2\/comments?post=27433"}],"wp:featuredmedia":[{"embeddable":true,"href":"https:\/\/urban-vitamin.com\/es\/wp-json\/wp\/v2\/media\/27278"}],"wp:attachment":[{"href":"https:\/\/urban-vitamin.com\/es\/wp-json\/wp\/v2\/media?parent=27433"}],"wp:term":[{"taxonomy":"product_cat","embeddable":true,"href":"https:\/\/urban-vitamin.com\/es\/wp-json\/wp\/v2\/product_cat?post=27433"},{"taxonomy":"product_tag","embeddable":true,"href":"https:\/\/urban-vitamin.com\/es\/wp-json\/wp\/v2\/product_tag?post=27433"}],"curies":[{"name":"wp","href":"https:\/\/api.w.org\/{rel}","templated":true}]}}