{"id":27429,"date":"2026-03-25T01:06:10","date_gmt":"2026-03-25T01:06:10","guid":{"rendered":"https:\/\/urban-vitamin.com\/powerbank-magnetica-urban-vitamin-pomona-5000-mah-qi2-2-25w-plata\/"},"modified":"2026-03-25T02:26:13","modified_gmt":"2026-03-25T02:26:13","slug":"powerbank-magnetica-urban-vitamin-pomona-5000-mah-qi2-2-25w-plata","status":"publish","type":"product","link":"https:\/\/urban-vitamin.com\/es\/producto\/powerbank-magnetica-urban-vitamin-pomona-5000-mah-qi2-2-25w-plata\/","title":{"rendered":"Powerbank magn\u00e9tica Urban Vitamin Pomona 5000 mAh Qi2.2 25W, plata"},"content":{"rendered":"<p>La avanzada tecnolog\u00eda magn\u00e9tica QI2.2 de Pomona se acopla de forma segura a cualquier dispositivo compatible con QI2, ofreciendo una carga inal\u00e1mbrica ultrarr\u00e1pida de 25W con una precisi\u00f3n impecable. Para una carga extra ofrece una salida USB-C con cable de 30W y una carga r\u00e1pida de 20W para recargar la bater\u00eda externa r\u00e1pidamente. El lado que mira hacia el tel\u00e9fono est\u00e1 hecho de silicona supersuave para proteger tu dispositivo de rayones, y la parte trasera de aluminio premium forma un dise\u00f1o elegante y ultrafino de 8.3 mm que facilita su transporte. Su bater\u00eda semis\u00f3lida de 5000 mAh, 100% cobalto, de alta calidad, proporciona mayor seguridad, un rendimiento estable y hasta 1000 ciclos de carga. Totalmente homologado para su uso como equipaje de mano en cualquier avi\u00f3n. Fabricado con aluminio reciclado con certificaci\u00f3n RCS (Recycled Claim Standard), silicona reciclada y PC reciclado. Los productos de Urban Vitamin est\u00e1n fabricados sin PVC y envases reducidos en pl\u00e1stico.<\/p>\n","protected":false},"excerpt":{"rendered":"<p>La avanzada tecnolog\u00eda magn\u00e9tica QI2.2 de Pomona se acopla de forma segura a cualquier dispositivo compatible con QI2, ofreciendo una carga inal\u00e1mbrica ultrarr\u00e1pida de 25W con una precisi\u00f3n impecable. Para una carga extra ofrece una salida USB-C con cable de 30W y una carga r\u00e1pida de 20W para recargar la bater\u00eda externa r\u00e1pidamente. El lado [&hellip;]<\/p>\n","protected":false},"featured_media":27454,"comment_status":"closed","ping_status":"closed","template":"","meta":{"_acf_changed":false,"om_disable_all_campaigns":false},"product_cat":[88],"product_tag":[],"class_list":["post-27429","product","type-product","status-publish","has-post-thumbnail","hentry","product_cat-uncategorized","pa_color-silver"],"acf":[],"yoast_head":"<!-- This site is optimized with the Yoast SEO plugin v27.0 - https:\/\/yoast.com\/product\/yoast-seo-wordpress\/ -->\n<title>Powerbank magn\u00e9tica Urban Vitamin Pomona 5000 mAh Qi2.2 25W, plata - Urban Vitamin<\/title>\n<meta name=\"robots\" content=\"index, follow, max-snippet:-1, max-image-preview:large, max-video-preview:-1\" \/>\n<link rel=\"canonical\" href=\"https:\/\/urban-vitamin.com\/es\/producto\/powerbank-magnetica-urban-vitamin-pomona-5000-mah-qi2-2-25w-plata\/\" \/>\n<meta property=\"og:locale\" content=\"es_ES\" \/>\n<meta property=\"og:type\" content=\"article\" \/>\n<meta property=\"og:title\" content=\"Powerbank magn\u00e9tica Urban Vitamin Pomona 5000 mAh Qi2.2 25W, plata - Urban Vitamin\" \/>\n<meta property=\"og:description\" content=\"La avanzada tecnolog\u00eda magn\u00e9tica QI2.2 de Pomona se acopla de forma segura a cualquier dispositivo compatible con QI2, ofreciendo una carga inal\u00e1mbrica ultrarr\u00e1pida de 25W con una precisi\u00f3n impecable. Para una carga extra ofrece una salida USB-C con cable de 30W y una carga r\u00e1pida de 20W para recargar la bater\u00eda externa r\u00e1pidamente. El lado [&hellip;]\" \/>\n<meta property=\"og:url\" content=\"https:\/\/urban-vitamin.com\/es\/producto\/powerbank-magnetica-urban-vitamin-pomona-5000-mah-qi2-2-25w-plata\/\" \/>\n<meta property=\"og:site_name\" content=\"Urban Vitamin\" \/>\n<meta property=\"article:modified_time\" content=\"2026-03-25T02:26:13+00:00\" \/>\n<meta property=\"og:image\" content=\"https:\/\/urban-vitamin.com\/wp-content\/uploads\/sites\/5\/2026\/03\/P322.9202__S_0__855697ceda144c769fc159d438f47953.jpg\" \/>\n\t<meta property=\"og:image:width\" content=\"1024\" \/>\n\t<meta property=\"og:image:height\" content=\"1024\" \/>\n\t<meta property=\"og:image:type\" content=\"image\/jpeg\" \/>\n<meta name=\"twitter:card\" content=\"summary_large_image\" \/>\n<meta name=\"twitter:label1\" content=\"Tiempo de lectura\" \/>\n\t<meta name=\"twitter:data1\" content=\"1 minuto\" \/>\n<script type=\"application\/ld+json\" class=\"yoast-schema-graph\">{\"@context\":\"https:\/\/schema.org\",\"@graph\":[{\"@type\":\"WebPage\",\"@id\":\"https:\/\/urban-vitamin.com\/es\/producto\/powerbank-magnetica-urban-vitamin-pomona-5000-mah-qi2-2-25w-plata\/\",\"url\":\"https:\/\/urban-vitamin.com\/es\/producto\/powerbank-magnetica-urban-vitamin-pomona-5000-mah-qi2-2-25w-plata\/\",\"name\":\"Powerbank magn\u00e9tica Urban Vitamin Pomona 5000 mAh Qi2.2 25W, plata - Urban Vitamin\",\"isPartOf\":{\"@id\":\"https:\/\/urban-vitamin.com\/es\/#website\"},\"primaryImageOfPage\":{\"@id\":\"https:\/\/urban-vitamin.com\/es\/producto\/powerbank-magnetica-urban-vitamin-pomona-5000-mah-qi2-2-25w-plata\/#primaryimage\"},\"image\":{\"@id\":\"https:\/\/urban-vitamin.com\/es\/producto\/powerbank-magnetica-urban-vitamin-pomona-5000-mah-qi2-2-25w-plata\/#primaryimage\"},\"thumbnailUrl\":\"https:\/\/urban-vitamin.com\/wp-content\/uploads\/sites\/5\/2026\/03\/P322.9202__S_0__855697ceda144c769fc159d438f47953.jpg\",\"datePublished\":\"2026-03-25T01:06:10+00:00\",\"dateModified\":\"2026-03-25T02:26:13+00:00\",\"breadcrumb\":{\"@id\":\"https:\/\/urban-vitamin.com\/es\/producto\/powerbank-magnetica-urban-vitamin-pomona-5000-mah-qi2-2-25w-plata\/#breadcrumb\"},\"inLanguage\":\"es\",\"potentialAction\":[{\"@type\":\"ReadAction\",\"target\":[\"https:\/\/urban-vitamin.com\/es\/producto\/powerbank-magnetica-urban-vitamin-pomona-5000-mah-qi2-2-25w-plata\/\"]}]},{\"@type\":\"ImageObject\",\"inLanguage\":\"es\",\"@id\":\"https:\/\/urban-vitamin.com\/es\/producto\/powerbank-magnetica-urban-vitamin-pomona-5000-mah-qi2-2-25w-plata\/#primaryimage\",\"url\":\"https:\/\/urban-vitamin.com\/wp-content\/uploads\/sites\/5\/2026\/03\/P322.9202__S_0__855697ceda144c769fc159d438f47953.jpg\",\"contentUrl\":\"https:\/\/urban-vitamin.com\/wp-content\/uploads\/sites\/5\/2026\/03\/P322.9202__S_0__855697ceda144c769fc159d438f47953.jpg\",\"width\":1024,\"height\":1024},{\"@type\":\"BreadcrumbList\",\"@id\":\"https:\/\/urban-vitamin.com\/es\/producto\/powerbank-magnetica-urban-vitamin-pomona-5000-mah-qi2-2-25w-plata\/#breadcrumb\",\"itemListElement\":[{\"@type\":\"ListItem\",\"position\":1,\"name\":\"Home\",\"item\":\"https:\/\/urban-vitamin.com\/es\/\"},{\"@type\":\"ListItem\",\"position\":2,\"name\":\"Recopilaci\u00f3n\",\"item\":\"https:\/\/urban-vitamin.com\/es\/recopilacion\/\"},{\"@type\":\"ListItem\",\"position\":3,\"name\":\"Powerbank magn\u00e9tica Urban Vitamin Pomona 5000 mAh Qi2.2 25W, plata\"}]},{\"@type\":\"WebSite\",\"@id\":\"https:\/\/urban-vitamin.com\/es\/#website\",\"url\":\"https:\/\/urban-vitamin.com\/es\/\",\"name\":\"Urban Vitamin\",\"description\":\"Enjoy your daily dose of Urban Vitamin!\",\"potentialAction\":[{\"@type\":\"SearchAction\",\"target\":{\"@type\":\"EntryPoint\",\"urlTemplate\":\"https:\/\/urban-vitamin.com\/es\/?s={search_term_string}\"},\"query-input\":{\"@type\":\"PropertyValueSpecification\",\"valueRequired\":true,\"valueName\":\"search_term_string\"}}],\"inLanguage\":\"es\"}]}<\/script>\n<!-- \/ Yoast SEO plugin. -->","yoast_head_json":{"title":"Powerbank magn\u00e9tica Urban Vitamin Pomona 5000 mAh Qi2.2 25W, plata - Urban Vitamin","robots":{"index":"index","follow":"follow","max-snippet":"max-snippet:-1","max-image-preview":"max-image-preview:large","max-video-preview":"max-video-preview:-1"},"canonical":"https:\/\/urban-vitamin.com\/es\/producto\/powerbank-magnetica-urban-vitamin-pomona-5000-mah-qi2-2-25w-plata\/","og_locale":"es_ES","og_type":"article","og_title":"Powerbank magn\u00e9tica Urban Vitamin Pomona 5000 mAh Qi2.2 25W, plata - Urban Vitamin","og_description":"La avanzada tecnolog\u00eda magn\u00e9tica QI2.2 de Pomona se acopla de forma segura a cualquier dispositivo compatible con QI2, ofreciendo una carga inal\u00e1mbrica ultrarr\u00e1pida de 25W con una precisi\u00f3n impecable. Para una carga extra ofrece una salida USB-C con cable de 30W y una carga r\u00e1pida de 20W para recargar la bater\u00eda externa r\u00e1pidamente. El lado [&hellip;]","og_url":"https:\/\/urban-vitamin.com\/es\/producto\/powerbank-magnetica-urban-vitamin-pomona-5000-mah-qi2-2-25w-plata\/","og_site_name":"Urban Vitamin","article_modified_time":"2026-03-25T02:26:13+00:00","og_image":[{"width":1024,"height":1024,"url":"https:\/\/urban-vitamin.com\/wp-content\/uploads\/sites\/5\/2026\/03\/P322.9202__S_0__855697ceda144c769fc159d438f47953.jpg","type":"image\/jpeg"}],"twitter_card":"summary_large_image","twitter_misc":{"Tiempo de lectura":"1 minuto"},"schema":{"@context":"https:\/\/schema.org","@graph":[{"@type":"WebPage","@id":"https:\/\/urban-vitamin.com\/es\/producto\/powerbank-magnetica-urban-vitamin-pomona-5000-mah-qi2-2-25w-plata\/","url":"https:\/\/urban-vitamin.com\/es\/producto\/powerbank-magnetica-urban-vitamin-pomona-5000-mah-qi2-2-25w-plata\/","name":"Powerbank magn\u00e9tica Urban Vitamin Pomona 5000 mAh Qi2.2 25W, plata - Urban Vitamin","isPartOf":{"@id":"https:\/\/urban-vitamin.com\/es\/#website"},"primaryImageOfPage":{"@id":"https:\/\/urban-vitamin.com\/es\/producto\/powerbank-magnetica-urban-vitamin-pomona-5000-mah-qi2-2-25w-plata\/#primaryimage"},"image":{"@id":"https:\/\/urban-vitamin.com\/es\/producto\/powerbank-magnetica-urban-vitamin-pomona-5000-mah-qi2-2-25w-plata\/#primaryimage"},"thumbnailUrl":"https:\/\/urban-vitamin.com\/wp-content\/uploads\/sites\/5\/2026\/03\/P322.9202__S_0__855697ceda144c769fc159d438f47953.jpg","datePublished":"2026-03-25T01:06:10+00:00","dateModified":"2026-03-25T02:26:13+00:00","breadcrumb":{"@id":"https:\/\/urban-vitamin.com\/es\/producto\/powerbank-magnetica-urban-vitamin-pomona-5000-mah-qi2-2-25w-plata\/#breadcrumb"},"inLanguage":"es","potentialAction":[{"@type":"ReadAction","target":["https:\/\/urban-vitamin.com\/es\/producto\/powerbank-magnetica-urban-vitamin-pomona-5000-mah-qi2-2-25w-plata\/"]}]},{"@type":"ImageObject","inLanguage":"es","@id":"https:\/\/urban-vitamin.com\/es\/producto\/powerbank-magnetica-urban-vitamin-pomona-5000-mah-qi2-2-25w-plata\/#primaryimage","url":"https:\/\/urban-vitamin.com\/wp-content\/uploads\/sites\/5\/2026\/03\/P322.9202__S_0__855697ceda144c769fc159d438f47953.jpg","contentUrl":"https:\/\/urban-vitamin.com\/wp-content\/uploads\/sites\/5\/2026\/03\/P322.9202__S_0__855697ceda144c769fc159d438f47953.jpg","width":1024,"height":1024},{"@type":"BreadcrumbList","@id":"https:\/\/urban-vitamin.com\/es\/producto\/powerbank-magnetica-urban-vitamin-pomona-5000-mah-qi2-2-25w-plata\/#breadcrumb","itemListElement":[{"@type":"ListItem","position":1,"name":"Home","item":"https:\/\/urban-vitamin.com\/es\/"},{"@type":"ListItem","position":2,"name":"Recopilaci\u00f3n","item":"https:\/\/urban-vitamin.com\/es\/recopilacion\/"},{"@type":"ListItem","position":3,"name":"Powerbank magn\u00e9tica Urban Vitamin Pomona 5000 mAh Qi2.2 25W, plata"}]},{"@type":"WebSite","@id":"https:\/\/urban-vitamin.com\/es\/#website","url":"https:\/\/urban-vitamin.com\/es\/","name":"Urban Vitamin","description":"Enjoy your daily dose of Urban Vitamin!","potentialAction":[{"@type":"SearchAction","target":{"@type":"EntryPoint","urlTemplate":"https:\/\/urban-vitamin.com\/es\/?s={search_term_string}"},"query-input":{"@type":"PropertyValueSpecification","valueRequired":true,"valueName":"search_term_string"}}],"inLanguage":"es"}]}},"_links":{"self":[{"href":"https:\/\/urban-vitamin.com\/es\/wp-json\/wp\/v2\/product\/27429","targetHints":{"allow":["GET"]}}],"collection":[{"href":"https:\/\/urban-vitamin.com\/es\/wp-json\/wp\/v2\/product"}],"about":[{"href":"https:\/\/urban-vitamin.com\/es\/wp-json\/wp\/v2\/types\/product"}],"replies":[{"embeddable":true,"href":"https:\/\/urban-vitamin.com\/es\/wp-json\/wp\/v2\/comments?post=27429"}],"wp:featuredmedia":[{"embeddable":true,"href":"https:\/\/urban-vitamin.com\/es\/wp-json\/wp\/v2\/media\/27454"}],"wp:attachment":[{"href":"https:\/\/urban-vitamin.com\/es\/wp-json\/wp\/v2\/media?parent=27429"}],"wp:term":[{"taxonomy":"product_cat","embeddable":true,"href":"https:\/\/urban-vitamin.com\/es\/wp-json\/wp\/v2\/product_cat?post=27429"},{"taxonomy":"product_tag","embeddable":true,"href":"https:\/\/urban-vitamin.com\/es\/wp-json\/wp\/v2\/product_tag?post=27429"}],"curies":[{"name":"wp","href":"https:\/\/api.w.org\/{rel}","templated":true}]}}