{"id":26764,"date":"2026-03-12T01:06:37","date_gmt":"2026-03-12T01:06:37","guid":{"rendered":"https:\/\/urban-vitamin.com\/bateria-externa-urban-vitamin-emeryville-20w-y-10-000-mah-negro\/"},"modified":"2026-03-12T02:26:50","modified_gmt":"2026-03-12T02:26:50","slug":"bateria-externa-emeryville-20w-y-10-000-mah-negro","status":"publish","type":"product","link":"https:\/\/urban-vitamin.com\/es\/producto\/bateria-externa-emeryville-20w-y-10-000-mah-negro\/","title":{"rendered":"Bater\u00eda externa Emeryville 20W y 10.000 mAh, negro"},"content":{"rendered":"<p>Tu cable siempre est\u00e1 contigo, y la energ\u00eda tambi\u00e9n. Emeryville es una bater\u00eda externa de 10,000 mAh que te permite cargar todos tus dispositivos m\u00f3viles a la m\u00e1xima velocidad y con la m\u00e1xima comodidad. Gracias al cable USB-C retr\u00e1ctil integrado de 70 cm, nunca m\u00e1s te quedar\u00e1s atascado buscando un cable. Emeryville no solo carga a la velocidad del rayo, sino que tambi\u00e9n ofrece la forma m\u00e1s r\u00e1pida de recargar la bater\u00eda externa: carga completa en solo 2 horas. Cuenta con doble salida USB-C, lo que te permite cargar dos dispositivos simult\u00e1neamente: uno a trav\u00e9s del puerto USB-C y otro con el cable integrado. Ambos admiten carga PD ultrarr\u00e1pida de hasta 20W. Emeryville est\u00e1 fabricado con ABS y PC reciclados con certificaci\u00f3n RCS (Recycled Claim Standard). Contenido reciclado total: 24% basado en el peso total del art\u00edculo. Los art\u00edculos de Urban Vitamin est\u00e1n fabricados sin PVC y presentados en envases con pl\u00e1stico reducido.<\/p>\n","protected":false},"excerpt":{"rendered":"<p>Tu cable siempre est\u00e1 contigo, y la energ\u00eda tambi\u00e9n. Emeryville es una bater\u00eda externa de 10,000 mAh que te permite cargar todos tus dispositivos m\u00f3viles a la m\u00e1xima velocidad y con la m\u00e1xima comodidad. Gracias al cable USB-C retr\u00e1ctil integrado de 70 cm, nunca m\u00e1s te quedar\u00e1s atascado buscando un cable. Emeryville no solo carga [&hellip;]<\/p>\n","protected":false},"featured_media":26792,"comment_status":"closed","ping_status":"closed","template":"","meta":{"_acf_changed":false,"om_disable_all_campaigns":false},"product_cat":[77],"product_tag":[],"class_list":["post-26764","product","type-product","status-publish","has-post-thumbnail","hentry","product_cat-powerbanks-es","pa_color-black"],"acf":[],"yoast_head":"<!-- This site is optimized with the Yoast SEO plugin v27.0 - https:\/\/yoast.com\/product\/yoast-seo-wordpress\/ -->\n<title>Bater\u00eda externa Emeryville 20W y 10.000 mAh, negro - Urban Vitamin<\/title>\n<meta name=\"robots\" content=\"index, follow, max-snippet:-1, max-image-preview:large, max-video-preview:-1\" \/>\n<link rel=\"canonical\" href=\"https:\/\/urban-vitamin.com\/es\/producto\/bateria-externa-emeryville-20w-y-10-000-mah-negro\/\" \/>\n<meta property=\"og:locale\" content=\"es_ES\" \/>\n<meta property=\"og:type\" content=\"article\" \/>\n<meta property=\"og:title\" content=\"Bater\u00eda externa Emeryville 20W y 10.000 mAh, negro - Urban Vitamin\" \/>\n<meta property=\"og:description\" content=\"Tu cable siempre est\u00e1 contigo, y la energ\u00eda tambi\u00e9n. Emeryville es una bater\u00eda externa de 10,000 mAh que te permite cargar todos tus dispositivos m\u00f3viles a la m\u00e1xima velocidad y con la m\u00e1xima comodidad. Gracias al cable USB-C retr\u00e1ctil integrado de 70 cm, nunca m\u00e1s te quedar\u00e1s atascado buscando un cable. Emeryville no solo carga [&hellip;]\" \/>\n<meta property=\"og:url\" content=\"https:\/\/urban-vitamin.com\/es\/producto\/bateria-externa-emeryville-20w-y-10-000-mah-negro\/\" \/>\n<meta property=\"og:site_name\" content=\"Urban Vitamin\" \/>\n<meta property=\"article:modified_time\" content=\"2026-03-12T02:26:50+00:00\" \/>\n<meta property=\"og:image\" content=\"https:\/\/urban-vitamin.com\/wp-content\/uploads\/sites\/5\/2026\/01\/P322.7301__S_0__d858ee8231e14471a3a2441a4bc72396.jpg\" \/>\n\t<meta property=\"og:image:width\" content=\"1024\" \/>\n\t<meta property=\"og:image:height\" content=\"1024\" \/>\n\t<meta property=\"og:image:type\" content=\"image\/jpeg\" \/>\n<meta name=\"twitter:card\" content=\"summary_large_image\" \/>\n<meta name=\"twitter:label1\" content=\"Tiempo de lectura\" \/>\n\t<meta name=\"twitter:data1\" content=\"1 minuto\" \/>\n<script type=\"application\/ld+json\" class=\"yoast-schema-graph\">{\"@context\":\"https:\/\/schema.org\",\"@graph\":[{\"@type\":\"WebPage\",\"@id\":\"https:\/\/urban-vitamin.com\/es\/producto\/bateria-externa-emeryville-20w-y-10-000-mah-negro\/\",\"url\":\"https:\/\/urban-vitamin.com\/es\/producto\/bateria-externa-emeryville-20w-y-10-000-mah-negro\/\",\"name\":\"Bater\u00eda externa Emeryville 20W y 10.000 mAh, negro - Urban Vitamin\",\"isPartOf\":{\"@id\":\"https:\/\/urban-vitamin.com\/es\/#website\"},\"primaryImageOfPage\":{\"@id\":\"https:\/\/urban-vitamin.com\/es\/producto\/bateria-externa-emeryville-20w-y-10-000-mah-negro\/#primaryimage\"},\"image\":{\"@id\":\"https:\/\/urban-vitamin.com\/es\/producto\/bateria-externa-emeryville-20w-y-10-000-mah-negro\/#primaryimage\"},\"thumbnailUrl\":\"https:\/\/urban-vitamin.com\/wp-content\/uploads\/sites\/5\/2026\/01\/P322.7301__S_0__d858ee8231e14471a3a2441a4bc72396.jpg\",\"datePublished\":\"2026-03-12T01:06:37+00:00\",\"dateModified\":\"2026-03-12T02:26:50+00:00\",\"breadcrumb\":{\"@id\":\"https:\/\/urban-vitamin.com\/es\/producto\/bateria-externa-emeryville-20w-y-10-000-mah-negro\/#breadcrumb\"},\"inLanguage\":\"es\",\"potentialAction\":[{\"@type\":\"ReadAction\",\"target\":[\"https:\/\/urban-vitamin.com\/es\/producto\/bateria-externa-emeryville-20w-y-10-000-mah-negro\/\"]}]},{\"@type\":\"ImageObject\",\"inLanguage\":\"es\",\"@id\":\"https:\/\/urban-vitamin.com\/es\/producto\/bateria-externa-emeryville-20w-y-10-000-mah-negro\/#primaryimage\",\"url\":\"https:\/\/urban-vitamin.com\/wp-content\/uploads\/sites\/5\/2026\/01\/P322.7301__S_0__d858ee8231e14471a3a2441a4bc72396.jpg\",\"contentUrl\":\"https:\/\/urban-vitamin.com\/wp-content\/uploads\/sites\/5\/2026\/01\/P322.7301__S_0__d858ee8231e14471a3a2441a4bc72396.jpg\",\"width\":1024,\"height\":1024},{\"@type\":\"BreadcrumbList\",\"@id\":\"https:\/\/urban-vitamin.com\/es\/producto\/bateria-externa-emeryville-20w-y-10-000-mah-negro\/#breadcrumb\",\"itemListElement\":[{\"@type\":\"ListItem\",\"position\":1,\"name\":\"Home\",\"item\":\"https:\/\/urban-vitamin.com\/es\/\"},{\"@type\":\"ListItem\",\"position\":2,\"name\":\"Recopilaci\u00f3n\",\"item\":\"https:\/\/urban-vitamin.com\/es\/recopilacion\/\"},{\"@type\":\"ListItem\",\"position\":3,\"name\":\"Bater\u00eda externa Emeryville 20W y 10.000 mAh, negro\"}]},{\"@type\":\"WebSite\",\"@id\":\"https:\/\/urban-vitamin.com\/es\/#website\",\"url\":\"https:\/\/urban-vitamin.com\/es\/\",\"name\":\"Urban Vitamin\",\"description\":\"Enjoy your daily dose of Urban Vitamin!\",\"potentialAction\":[{\"@type\":\"SearchAction\",\"target\":{\"@type\":\"EntryPoint\",\"urlTemplate\":\"https:\/\/urban-vitamin.com\/es\/?s={search_term_string}\"},\"query-input\":{\"@type\":\"PropertyValueSpecification\",\"valueRequired\":true,\"valueName\":\"search_term_string\"}}],\"inLanguage\":\"es\"}]}<\/script>\n<!-- \/ Yoast SEO plugin. -->","yoast_head_json":{"title":"Bater\u00eda externa Emeryville 20W y 10.000 mAh, negro - Urban Vitamin","robots":{"index":"index","follow":"follow","max-snippet":"max-snippet:-1","max-image-preview":"max-image-preview:large","max-video-preview":"max-video-preview:-1"},"canonical":"https:\/\/urban-vitamin.com\/es\/producto\/bateria-externa-emeryville-20w-y-10-000-mah-negro\/","og_locale":"es_ES","og_type":"article","og_title":"Bater\u00eda externa Emeryville 20W y 10.000 mAh, negro - Urban Vitamin","og_description":"Tu cable siempre est\u00e1 contigo, y la energ\u00eda tambi\u00e9n. Emeryville es una bater\u00eda externa de 10,000 mAh que te permite cargar todos tus dispositivos m\u00f3viles a la m\u00e1xima velocidad y con la m\u00e1xima comodidad. Gracias al cable USB-C retr\u00e1ctil integrado de 70 cm, nunca m\u00e1s te quedar\u00e1s atascado buscando un cable. Emeryville no solo carga [&hellip;]","og_url":"https:\/\/urban-vitamin.com\/es\/producto\/bateria-externa-emeryville-20w-y-10-000-mah-negro\/","og_site_name":"Urban Vitamin","article_modified_time":"2026-03-12T02:26:50+00:00","og_image":[{"width":1024,"height":1024,"url":"https:\/\/urban-vitamin.com\/wp-content\/uploads\/sites\/5\/2026\/01\/P322.7301__S_0__d858ee8231e14471a3a2441a4bc72396.jpg","type":"image\/jpeg"}],"twitter_card":"summary_large_image","twitter_misc":{"Tiempo de lectura":"1 minuto"},"schema":{"@context":"https:\/\/schema.org","@graph":[{"@type":"WebPage","@id":"https:\/\/urban-vitamin.com\/es\/producto\/bateria-externa-emeryville-20w-y-10-000-mah-negro\/","url":"https:\/\/urban-vitamin.com\/es\/producto\/bateria-externa-emeryville-20w-y-10-000-mah-negro\/","name":"Bater\u00eda externa Emeryville 20W y 10.000 mAh, negro - Urban Vitamin","isPartOf":{"@id":"https:\/\/urban-vitamin.com\/es\/#website"},"primaryImageOfPage":{"@id":"https:\/\/urban-vitamin.com\/es\/producto\/bateria-externa-emeryville-20w-y-10-000-mah-negro\/#primaryimage"},"image":{"@id":"https:\/\/urban-vitamin.com\/es\/producto\/bateria-externa-emeryville-20w-y-10-000-mah-negro\/#primaryimage"},"thumbnailUrl":"https:\/\/urban-vitamin.com\/wp-content\/uploads\/sites\/5\/2026\/01\/P322.7301__S_0__d858ee8231e14471a3a2441a4bc72396.jpg","datePublished":"2026-03-12T01:06:37+00:00","dateModified":"2026-03-12T02:26:50+00:00","breadcrumb":{"@id":"https:\/\/urban-vitamin.com\/es\/producto\/bateria-externa-emeryville-20w-y-10-000-mah-negro\/#breadcrumb"},"inLanguage":"es","potentialAction":[{"@type":"ReadAction","target":["https:\/\/urban-vitamin.com\/es\/producto\/bateria-externa-emeryville-20w-y-10-000-mah-negro\/"]}]},{"@type":"ImageObject","inLanguage":"es","@id":"https:\/\/urban-vitamin.com\/es\/producto\/bateria-externa-emeryville-20w-y-10-000-mah-negro\/#primaryimage","url":"https:\/\/urban-vitamin.com\/wp-content\/uploads\/sites\/5\/2026\/01\/P322.7301__S_0__d858ee8231e14471a3a2441a4bc72396.jpg","contentUrl":"https:\/\/urban-vitamin.com\/wp-content\/uploads\/sites\/5\/2026\/01\/P322.7301__S_0__d858ee8231e14471a3a2441a4bc72396.jpg","width":1024,"height":1024},{"@type":"BreadcrumbList","@id":"https:\/\/urban-vitamin.com\/es\/producto\/bateria-externa-emeryville-20w-y-10-000-mah-negro\/#breadcrumb","itemListElement":[{"@type":"ListItem","position":1,"name":"Home","item":"https:\/\/urban-vitamin.com\/es\/"},{"@type":"ListItem","position":2,"name":"Recopilaci\u00f3n","item":"https:\/\/urban-vitamin.com\/es\/recopilacion\/"},{"@type":"ListItem","position":3,"name":"Bater\u00eda externa Emeryville 20W y 10.000 mAh, negro"}]},{"@type":"WebSite","@id":"https:\/\/urban-vitamin.com\/es\/#website","url":"https:\/\/urban-vitamin.com\/es\/","name":"Urban Vitamin","description":"Enjoy your daily dose of Urban Vitamin!","potentialAction":[{"@type":"SearchAction","target":{"@type":"EntryPoint","urlTemplate":"https:\/\/urban-vitamin.com\/es\/?s={search_term_string}"},"query-input":{"@type":"PropertyValueSpecification","valueRequired":true,"valueName":"search_term_string"}}],"inLanguage":"es"}]}},"_links":{"self":[{"href":"https:\/\/urban-vitamin.com\/es\/wp-json\/wp\/v2\/product\/26764","targetHints":{"allow":["GET"]}}],"collection":[{"href":"https:\/\/urban-vitamin.com\/es\/wp-json\/wp\/v2\/product"}],"about":[{"href":"https:\/\/urban-vitamin.com\/es\/wp-json\/wp\/v2\/types\/product"}],"replies":[{"embeddable":true,"href":"https:\/\/urban-vitamin.com\/es\/wp-json\/wp\/v2\/comments?post=26764"}],"wp:featuredmedia":[{"embeddable":true,"href":"https:\/\/urban-vitamin.com\/es\/wp-json\/wp\/v2\/media\/26792"}],"wp:attachment":[{"href":"https:\/\/urban-vitamin.com\/es\/wp-json\/wp\/v2\/media?parent=26764"}],"wp:term":[{"taxonomy":"product_cat","embeddable":true,"href":"https:\/\/urban-vitamin.com\/es\/wp-json\/wp\/v2\/product_cat?post=26764"},{"taxonomy":"product_tag","embeddable":true,"href":"https:\/\/urban-vitamin.com\/es\/wp-json\/wp\/v2\/product_tag?post=26764"}],"curies":[{"name":"wp","href":"https:\/\/api.w.org\/{rel}","templated":true}]}}