{"id":25277,"date":"2026-03-12T01:06:37","date_gmt":"2026-03-12T01:06:37","guid":{"rendered":"https:\/\/urban-vitamin.com\/bateria-externa-urban-vitamin-stanford-de-165w-y-20-000-mah-gris\/"},"modified":"2026-03-12T02:27:01","modified_gmt":"2026-03-12T02:27:01","slug":"bateria-externa-stanford-de-165w-y-20-000-mah-gris","status":"publish","type":"product","link":"https:\/\/urban-vitamin.com\/es\/producto\/bateria-externa-stanford-de-165w-y-20-000-mah-gris\/","title":{"rendered":"Bater\u00eda externa Stanford de 165W y 20\u00a0000 mAh, gris"},"content":{"rendered":"<p>La bater\u00eda externa Urban Vitamin Stanford es la cumbre de la tecnolog\u00eda de carga avanzada, ofreciendo un rendimiento inigualable. Con una robusta capacidad de 20,000 mAh, la Stanford admite una incre\u00edble carga ultrarr\u00e1pida de 165W, lo que garantiza que tus dispositivos, incluyendo varias laptops y MacBooks, se carguen simult\u00e1neamente y a la velocidad del rayo. Equipada con tres opciones de salida: dos USB-C y una USB-A, est\u00e1 dise\u00f1ada para m\u00e1xima versatilidad. Tambi\u00e9n cuenta con un exclusivo cable USB-C r\u00e1pido retr\u00e1ctil de 70 cm y 100W integrado, lo que reduce la necesidad de llevar accesorios adicionales. La pantalla TFT a color de alta calidad proporciona actualizaciones en tiempo real sobre la velocidad de carga y el estado del dispositivo, manteni\u00e9ndote completamente informado durante cada carga. Resistente carcasa de aluminio que ofrece un aspecto y una sensaci\u00f3n premium a la vez que mantiene un dise\u00f1o ligero y port\u00e1til. Sin PVC y presentados con embalaje reducido en pl\u00e1stico.<\/p>\n","protected":false},"excerpt":{"rendered":"<p>La bater\u00eda externa Urban Vitamin Stanford es la cumbre de la tecnolog\u00eda de carga avanzada, ofreciendo un rendimiento inigualable. Con una robusta capacidad de 20,000 mAh, la Stanford admite una incre\u00edble carga ultrarr\u00e1pida de 165W, lo que garantiza que tus dispositivos, incluyendo varias laptops y MacBooks, se carguen simult\u00e1neamente y a la velocidad del rayo. [&hellip;]<\/p>\n","protected":false},"featured_media":26762,"comment_status":"closed","ping_status":"closed","template":"","meta":{"_acf_changed":false,"om_disable_all_campaigns":false},"product_cat":[77],"product_tag":[],"class_list":["post-25277","product","type-product","status-publish","has-post-thumbnail","hentry","product_cat-powerbanks-es","pa_color-grey"],"acf":[],"yoast_head":"<!-- This site is optimized with the Yoast SEO plugin v27.0 - https:\/\/yoast.com\/product\/yoast-seo-wordpress\/ -->\n<title>Bater\u00eda externa Stanford de 165W y 20\u00a0000 mAh, gris - Urban Vitamin<\/title>\n<meta name=\"robots\" content=\"index, follow, max-snippet:-1, max-image-preview:large, max-video-preview:-1\" \/>\n<link rel=\"canonical\" href=\"https:\/\/urban-vitamin.com\/es\/producto\/bateria-externa-stanford-de-165w-y-20-000-mah-gris\/\" \/>\n<meta property=\"og:locale\" content=\"es_ES\" \/>\n<meta property=\"og:type\" content=\"article\" \/>\n<meta property=\"og:title\" content=\"Bater\u00eda externa Stanford de 165W y 20\u00a0000 mAh, gris - Urban Vitamin\" \/>\n<meta property=\"og:description\" content=\"La bater\u00eda externa Urban Vitamin Stanford es la cumbre de la tecnolog\u00eda de carga avanzada, ofreciendo un rendimiento inigualable. Con una robusta capacidad de 20,000 mAh, la Stanford admite una incre\u00edble carga ultrarr\u00e1pida de 165W, lo que garantiza que tus dispositivos, incluyendo varias laptops y MacBooks, se carguen simult\u00e1neamente y a la velocidad del rayo. [&hellip;]\" \/>\n<meta property=\"og:url\" content=\"https:\/\/urban-vitamin.com\/es\/producto\/bateria-externa-stanford-de-165w-y-20-000-mah-gris\/\" \/>\n<meta property=\"og:site_name\" content=\"Urban Vitamin\" \/>\n<meta property=\"article:modified_time\" content=\"2026-03-12T02:27:01+00:00\" \/>\n<meta property=\"og:image\" content=\"https:\/\/urban-vitamin.com\/wp-content\/uploads\/sites\/5\/2025\/10\/P322.7802__S_0__5cc27688b69241369b431cd93714361f.jpg\" \/>\n\t<meta property=\"og:image:width\" content=\"1024\" \/>\n\t<meta property=\"og:image:height\" content=\"1024\" \/>\n\t<meta property=\"og:image:type\" content=\"image\/jpeg\" \/>\n<meta name=\"twitter:card\" content=\"summary_large_image\" \/>\n<meta name=\"twitter:label1\" content=\"Tiempo de lectura\" \/>\n\t<meta name=\"twitter:data1\" content=\"1 minuto\" \/>\n<script type=\"application\/ld+json\" class=\"yoast-schema-graph\">{\"@context\":\"https:\/\/schema.org\",\"@graph\":[{\"@type\":\"WebPage\",\"@id\":\"https:\/\/urban-vitamin.com\/es\/producto\/bateria-externa-stanford-de-165w-y-20-000-mah-gris\/\",\"url\":\"https:\/\/urban-vitamin.com\/es\/producto\/bateria-externa-stanford-de-165w-y-20-000-mah-gris\/\",\"name\":\"Bater\u00eda externa Stanford de 165W y 20\u00a0000 mAh, gris - Urban Vitamin\",\"isPartOf\":{\"@id\":\"https:\/\/urban-vitamin.com\/es\/#website\"},\"primaryImageOfPage\":{\"@id\":\"https:\/\/urban-vitamin.com\/es\/producto\/bateria-externa-stanford-de-165w-y-20-000-mah-gris\/#primaryimage\"},\"image\":{\"@id\":\"https:\/\/urban-vitamin.com\/es\/producto\/bateria-externa-stanford-de-165w-y-20-000-mah-gris\/#primaryimage\"},\"thumbnailUrl\":\"https:\/\/urban-vitamin.com\/wp-content\/uploads\/sites\/5\/2025\/10\/P322.7802__S_0__5cc27688b69241369b431cd93714361f.jpg\",\"datePublished\":\"2026-03-12T01:06:37+00:00\",\"dateModified\":\"2026-03-12T02:27:01+00:00\",\"breadcrumb\":{\"@id\":\"https:\/\/urban-vitamin.com\/es\/producto\/bateria-externa-stanford-de-165w-y-20-000-mah-gris\/#breadcrumb\"},\"inLanguage\":\"es\",\"potentialAction\":[{\"@type\":\"ReadAction\",\"target\":[\"https:\/\/urban-vitamin.com\/es\/producto\/bateria-externa-stanford-de-165w-y-20-000-mah-gris\/\"]}]},{\"@type\":\"ImageObject\",\"inLanguage\":\"es\",\"@id\":\"https:\/\/urban-vitamin.com\/es\/producto\/bateria-externa-stanford-de-165w-y-20-000-mah-gris\/#primaryimage\",\"url\":\"https:\/\/urban-vitamin.com\/wp-content\/uploads\/sites\/5\/2025\/10\/P322.7802__S_0__5cc27688b69241369b431cd93714361f.jpg\",\"contentUrl\":\"https:\/\/urban-vitamin.com\/wp-content\/uploads\/sites\/5\/2025\/10\/P322.7802__S_0__5cc27688b69241369b431cd93714361f.jpg\",\"width\":1024,\"height\":1024},{\"@type\":\"BreadcrumbList\",\"@id\":\"https:\/\/urban-vitamin.com\/es\/producto\/bateria-externa-stanford-de-165w-y-20-000-mah-gris\/#breadcrumb\",\"itemListElement\":[{\"@type\":\"ListItem\",\"position\":1,\"name\":\"Home\",\"item\":\"https:\/\/urban-vitamin.com\/es\/\"},{\"@type\":\"ListItem\",\"position\":2,\"name\":\"Recopilaci\u00f3n\",\"item\":\"https:\/\/urban-vitamin.com\/es\/recopilacion\/\"},{\"@type\":\"ListItem\",\"position\":3,\"name\":\"Bater\u00eda externa Stanford de 165W y 20\u00a0000 mAh, gris\"}]},{\"@type\":\"WebSite\",\"@id\":\"https:\/\/urban-vitamin.com\/es\/#website\",\"url\":\"https:\/\/urban-vitamin.com\/es\/\",\"name\":\"Urban Vitamin\",\"description\":\"Enjoy your daily dose of Urban Vitamin!\",\"potentialAction\":[{\"@type\":\"SearchAction\",\"target\":{\"@type\":\"EntryPoint\",\"urlTemplate\":\"https:\/\/urban-vitamin.com\/es\/?s={search_term_string}\"},\"query-input\":{\"@type\":\"PropertyValueSpecification\",\"valueRequired\":true,\"valueName\":\"search_term_string\"}}],\"inLanguage\":\"es\"}]}<\/script>\n<!-- \/ Yoast SEO plugin. -->","yoast_head_json":{"title":"Bater\u00eda externa Stanford de 165W y 20\u00a0000 mAh, gris - Urban Vitamin","robots":{"index":"index","follow":"follow","max-snippet":"max-snippet:-1","max-image-preview":"max-image-preview:large","max-video-preview":"max-video-preview:-1"},"canonical":"https:\/\/urban-vitamin.com\/es\/producto\/bateria-externa-stanford-de-165w-y-20-000-mah-gris\/","og_locale":"es_ES","og_type":"article","og_title":"Bater\u00eda externa Stanford de 165W y 20\u00a0000 mAh, gris - Urban Vitamin","og_description":"La bater\u00eda externa Urban Vitamin Stanford es la cumbre de la tecnolog\u00eda de carga avanzada, ofreciendo un rendimiento inigualable. Con una robusta capacidad de 20,000 mAh, la Stanford admite una incre\u00edble carga ultrarr\u00e1pida de 165W, lo que garantiza que tus dispositivos, incluyendo varias laptops y MacBooks, se carguen simult\u00e1neamente y a la velocidad del rayo. [&hellip;]","og_url":"https:\/\/urban-vitamin.com\/es\/producto\/bateria-externa-stanford-de-165w-y-20-000-mah-gris\/","og_site_name":"Urban Vitamin","article_modified_time":"2026-03-12T02:27:01+00:00","og_image":[{"width":1024,"height":1024,"url":"https:\/\/urban-vitamin.com\/wp-content\/uploads\/sites\/5\/2025\/10\/P322.7802__S_0__5cc27688b69241369b431cd93714361f.jpg","type":"image\/jpeg"}],"twitter_card":"summary_large_image","twitter_misc":{"Tiempo de lectura":"1 minuto"},"schema":{"@context":"https:\/\/schema.org","@graph":[{"@type":"WebPage","@id":"https:\/\/urban-vitamin.com\/es\/producto\/bateria-externa-stanford-de-165w-y-20-000-mah-gris\/","url":"https:\/\/urban-vitamin.com\/es\/producto\/bateria-externa-stanford-de-165w-y-20-000-mah-gris\/","name":"Bater\u00eda externa Stanford de 165W y 20\u00a0000 mAh, gris - Urban Vitamin","isPartOf":{"@id":"https:\/\/urban-vitamin.com\/es\/#website"},"primaryImageOfPage":{"@id":"https:\/\/urban-vitamin.com\/es\/producto\/bateria-externa-stanford-de-165w-y-20-000-mah-gris\/#primaryimage"},"image":{"@id":"https:\/\/urban-vitamin.com\/es\/producto\/bateria-externa-stanford-de-165w-y-20-000-mah-gris\/#primaryimage"},"thumbnailUrl":"https:\/\/urban-vitamin.com\/wp-content\/uploads\/sites\/5\/2025\/10\/P322.7802__S_0__5cc27688b69241369b431cd93714361f.jpg","datePublished":"2026-03-12T01:06:37+00:00","dateModified":"2026-03-12T02:27:01+00:00","breadcrumb":{"@id":"https:\/\/urban-vitamin.com\/es\/producto\/bateria-externa-stanford-de-165w-y-20-000-mah-gris\/#breadcrumb"},"inLanguage":"es","potentialAction":[{"@type":"ReadAction","target":["https:\/\/urban-vitamin.com\/es\/producto\/bateria-externa-stanford-de-165w-y-20-000-mah-gris\/"]}]},{"@type":"ImageObject","inLanguage":"es","@id":"https:\/\/urban-vitamin.com\/es\/producto\/bateria-externa-stanford-de-165w-y-20-000-mah-gris\/#primaryimage","url":"https:\/\/urban-vitamin.com\/wp-content\/uploads\/sites\/5\/2025\/10\/P322.7802__S_0__5cc27688b69241369b431cd93714361f.jpg","contentUrl":"https:\/\/urban-vitamin.com\/wp-content\/uploads\/sites\/5\/2025\/10\/P322.7802__S_0__5cc27688b69241369b431cd93714361f.jpg","width":1024,"height":1024},{"@type":"BreadcrumbList","@id":"https:\/\/urban-vitamin.com\/es\/producto\/bateria-externa-stanford-de-165w-y-20-000-mah-gris\/#breadcrumb","itemListElement":[{"@type":"ListItem","position":1,"name":"Home","item":"https:\/\/urban-vitamin.com\/es\/"},{"@type":"ListItem","position":2,"name":"Recopilaci\u00f3n","item":"https:\/\/urban-vitamin.com\/es\/recopilacion\/"},{"@type":"ListItem","position":3,"name":"Bater\u00eda externa Stanford de 165W y 20\u00a0000 mAh, gris"}]},{"@type":"WebSite","@id":"https:\/\/urban-vitamin.com\/es\/#website","url":"https:\/\/urban-vitamin.com\/es\/","name":"Urban Vitamin","description":"Enjoy your daily dose of Urban Vitamin!","potentialAction":[{"@type":"SearchAction","target":{"@type":"EntryPoint","urlTemplate":"https:\/\/urban-vitamin.com\/es\/?s={search_term_string}"},"query-input":{"@type":"PropertyValueSpecification","valueRequired":true,"valueName":"search_term_string"}}],"inLanguage":"es"}]}},"_links":{"self":[{"href":"https:\/\/urban-vitamin.com\/es\/wp-json\/wp\/v2\/product\/25277","targetHints":{"allow":["GET"]}}],"collection":[{"href":"https:\/\/urban-vitamin.com\/es\/wp-json\/wp\/v2\/product"}],"about":[{"href":"https:\/\/urban-vitamin.com\/es\/wp-json\/wp\/v2\/types\/product"}],"replies":[{"embeddable":true,"href":"https:\/\/urban-vitamin.com\/es\/wp-json\/wp\/v2\/comments?post=25277"}],"wp:featuredmedia":[{"embeddable":true,"href":"https:\/\/urban-vitamin.com\/es\/wp-json\/wp\/v2\/media\/26762"}],"wp:attachment":[{"href":"https:\/\/urban-vitamin.com\/es\/wp-json\/wp\/v2\/media?parent=25277"}],"wp:term":[{"taxonomy":"product_cat","embeddable":true,"href":"https:\/\/urban-vitamin.com\/es\/wp-json\/wp\/v2\/product_cat?post=25277"},{"taxonomy":"product_tag","embeddable":true,"href":"https:\/\/urban-vitamin.com\/es\/wp-json\/wp\/v2\/product_tag?post=25277"}],"curies":[{"name":"wp","href":"https:\/\/api.w.org\/{rel}","templated":true}]}}