{"id":25276,"date":"2026-03-12T01:06:37","date_gmt":"2026-03-12T01:06:37","guid":{"rendered":"https:\/\/urban-vitamin.com\/bateria-externa-urban-vitamin-sunnyvale-de-100w-y-15-000-mah-gris\/"},"modified":"2026-03-12T02:26:59","modified_gmt":"2026-03-12T02:26:59","slug":"bateria-externa-sunnyvale-de-100w-y-15-000-mah-gris","status":"publish","type":"product","link":"https:\/\/urban-vitamin.com\/es\/producto\/bateria-externa-sunnyvale-de-100w-y-15-000-mah-gris\/","title":{"rendered":"Bater\u00eda externa Sunnyvale de 100W y 15.000 mAh, gris"},"content":{"rendered":"<p>La bater\u00eda externa Urban Vitamin Sunnyvale es una soluci\u00f3n de carga de vanguardia dise\u00f1ada para satisfacer las exigencias de la vida moderna. Capacidad de 15\u00a0000 mAh y compatibilidad con carga ultrarr\u00e1pida de 100W, esta bater\u00eda externa garantiza que todos tus dispositivos, incluyendo port\u00e1tiles y MacBooks, se mantengan cargados a la velocidad del rayo. Pantalla TFT a color de alta calidad que ofrece actualizaciones en tiempo real sobre la velocidad de carga y otros detalles esenciales para una comodidad m\u00e1xima. Soporte magn\u00e9tico inal\u00e1mbrico para tel\u00e9fono de 15W integrado y se mantiene perfectamente posicionado para un uso manos libres. Con tres puertos de salida (dos USB-C y uno USB-A) y la opci\u00f3n de carga inal\u00e1mbrica, la Sunnyvale puede cargar hasta cuatro dispositivos simult\u00e1neamente, lo que la convierte en una compa\u00f1era vers\u00e1til para cualquier situaci\u00f3n. Fabricada en aluminio resistente, combina una apariencia premium con un dise\u00f1o compacto y port\u00e1til. Libre de PVC.<\/p>\n","protected":false},"excerpt":{"rendered":"<p>La bater\u00eda externa Urban Vitamin Sunnyvale es una soluci\u00f3n de carga de vanguardia dise\u00f1ada para satisfacer las exigencias de la vida moderna. Capacidad de 15\u00a0000 mAh y compatibilidad con carga ultrarr\u00e1pida de 100W, esta bater\u00eda externa garantiza que todos tus dispositivos, incluyendo port\u00e1tiles y MacBooks, se mantengan cargados a la velocidad del rayo. Pantalla TFT [&hellip;]<\/p>\n","protected":false},"featured_media":26755,"comment_status":"closed","ping_status":"closed","template":"","meta":{"_acf_changed":false,"om_disable_all_campaigns":false},"product_cat":[77],"product_tag":[],"class_list":["post-25276","product","type-product","status-publish","has-post-thumbnail","hentry","product_cat-powerbanks-es","pa_color-grey"],"acf":[],"yoast_head":"<!-- This site is optimized with the Yoast SEO plugin v27.0 - https:\/\/yoast.com\/product\/yoast-seo-wordpress\/ -->\n<title>Bater\u00eda externa Sunnyvale de 100W y 15.000 mAh, gris - Urban Vitamin<\/title>\n<meta name=\"robots\" content=\"index, follow, max-snippet:-1, max-image-preview:large, max-video-preview:-1\" \/>\n<link rel=\"canonical\" href=\"https:\/\/urban-vitamin.com\/es\/producto\/bateria-externa-sunnyvale-de-100w-y-15-000-mah-gris\/\" \/>\n<meta property=\"og:locale\" content=\"es_ES\" \/>\n<meta property=\"og:type\" content=\"article\" \/>\n<meta property=\"og:title\" content=\"Bater\u00eda externa Sunnyvale de 100W y 15.000 mAh, gris - Urban Vitamin\" \/>\n<meta property=\"og:description\" content=\"La bater\u00eda externa Urban Vitamin Sunnyvale es una soluci\u00f3n de carga de vanguardia dise\u00f1ada para satisfacer las exigencias de la vida moderna. Capacidad de 15\u00a0000 mAh y compatibilidad con carga ultrarr\u00e1pida de 100W, esta bater\u00eda externa garantiza que todos tus dispositivos, incluyendo port\u00e1tiles y MacBooks, se mantengan cargados a la velocidad del rayo. Pantalla TFT [&hellip;]\" \/>\n<meta property=\"og:url\" content=\"https:\/\/urban-vitamin.com\/es\/producto\/bateria-externa-sunnyvale-de-100w-y-15-000-mah-gris\/\" \/>\n<meta property=\"og:site_name\" content=\"Urban Vitamin\" \/>\n<meta property=\"article:modified_time\" content=\"2026-03-12T02:26:59+00:00\" \/>\n<meta property=\"og:image\" content=\"https:\/\/urban-vitamin.com\/wp-content\/uploads\/sites\/5\/2025\/10\/P322.7702__S_0__7b0c6550970d4cccb55881e9dbdfa7ec.jpg\" \/>\n\t<meta property=\"og:image:width\" content=\"1024\" \/>\n\t<meta property=\"og:image:height\" content=\"1024\" \/>\n\t<meta property=\"og:image:type\" content=\"image\/jpeg\" \/>\n<meta name=\"twitter:card\" content=\"summary_large_image\" \/>\n<meta name=\"twitter:label1\" content=\"Tiempo de lectura\" \/>\n\t<meta name=\"twitter:data1\" content=\"1 minuto\" \/>\n<script type=\"application\/ld+json\" class=\"yoast-schema-graph\">{\"@context\":\"https:\/\/schema.org\",\"@graph\":[{\"@type\":\"WebPage\",\"@id\":\"https:\/\/urban-vitamin.com\/es\/producto\/bateria-externa-sunnyvale-de-100w-y-15-000-mah-gris\/\",\"url\":\"https:\/\/urban-vitamin.com\/es\/producto\/bateria-externa-sunnyvale-de-100w-y-15-000-mah-gris\/\",\"name\":\"Bater\u00eda externa Sunnyvale de 100W y 15.000 mAh, gris - Urban Vitamin\",\"isPartOf\":{\"@id\":\"https:\/\/urban-vitamin.com\/es\/#website\"},\"primaryImageOfPage\":{\"@id\":\"https:\/\/urban-vitamin.com\/es\/producto\/bateria-externa-sunnyvale-de-100w-y-15-000-mah-gris\/#primaryimage\"},\"image\":{\"@id\":\"https:\/\/urban-vitamin.com\/es\/producto\/bateria-externa-sunnyvale-de-100w-y-15-000-mah-gris\/#primaryimage\"},\"thumbnailUrl\":\"https:\/\/urban-vitamin.com\/wp-content\/uploads\/sites\/5\/2025\/10\/P322.7702__S_0__7b0c6550970d4cccb55881e9dbdfa7ec.jpg\",\"datePublished\":\"2026-03-12T01:06:37+00:00\",\"dateModified\":\"2026-03-12T02:26:59+00:00\",\"breadcrumb\":{\"@id\":\"https:\/\/urban-vitamin.com\/es\/producto\/bateria-externa-sunnyvale-de-100w-y-15-000-mah-gris\/#breadcrumb\"},\"inLanguage\":\"es\",\"potentialAction\":[{\"@type\":\"ReadAction\",\"target\":[\"https:\/\/urban-vitamin.com\/es\/producto\/bateria-externa-sunnyvale-de-100w-y-15-000-mah-gris\/\"]}]},{\"@type\":\"ImageObject\",\"inLanguage\":\"es\",\"@id\":\"https:\/\/urban-vitamin.com\/es\/producto\/bateria-externa-sunnyvale-de-100w-y-15-000-mah-gris\/#primaryimage\",\"url\":\"https:\/\/urban-vitamin.com\/wp-content\/uploads\/sites\/5\/2025\/10\/P322.7702__S_0__7b0c6550970d4cccb55881e9dbdfa7ec.jpg\",\"contentUrl\":\"https:\/\/urban-vitamin.com\/wp-content\/uploads\/sites\/5\/2025\/10\/P322.7702__S_0__7b0c6550970d4cccb55881e9dbdfa7ec.jpg\",\"width\":1024,\"height\":1024},{\"@type\":\"BreadcrumbList\",\"@id\":\"https:\/\/urban-vitamin.com\/es\/producto\/bateria-externa-sunnyvale-de-100w-y-15-000-mah-gris\/#breadcrumb\",\"itemListElement\":[{\"@type\":\"ListItem\",\"position\":1,\"name\":\"Home\",\"item\":\"https:\/\/urban-vitamin.com\/es\/\"},{\"@type\":\"ListItem\",\"position\":2,\"name\":\"Recopilaci\u00f3n\",\"item\":\"https:\/\/urban-vitamin.com\/es\/recopilacion\/\"},{\"@type\":\"ListItem\",\"position\":3,\"name\":\"Bater\u00eda externa Sunnyvale de 100W y 15.000 mAh, gris\"}]},{\"@type\":\"WebSite\",\"@id\":\"https:\/\/urban-vitamin.com\/es\/#website\",\"url\":\"https:\/\/urban-vitamin.com\/es\/\",\"name\":\"Urban Vitamin\",\"description\":\"Enjoy your daily dose of Urban Vitamin!\",\"potentialAction\":[{\"@type\":\"SearchAction\",\"target\":{\"@type\":\"EntryPoint\",\"urlTemplate\":\"https:\/\/urban-vitamin.com\/es\/?s={search_term_string}\"},\"query-input\":{\"@type\":\"PropertyValueSpecification\",\"valueRequired\":true,\"valueName\":\"search_term_string\"}}],\"inLanguage\":\"es\"}]}<\/script>\n<!-- \/ Yoast SEO plugin. -->","yoast_head_json":{"title":"Bater\u00eda externa Sunnyvale de 100W y 15.000 mAh, gris - Urban Vitamin","robots":{"index":"index","follow":"follow","max-snippet":"max-snippet:-1","max-image-preview":"max-image-preview:large","max-video-preview":"max-video-preview:-1"},"canonical":"https:\/\/urban-vitamin.com\/es\/producto\/bateria-externa-sunnyvale-de-100w-y-15-000-mah-gris\/","og_locale":"es_ES","og_type":"article","og_title":"Bater\u00eda externa Sunnyvale de 100W y 15.000 mAh, gris - Urban Vitamin","og_description":"La bater\u00eda externa Urban Vitamin Sunnyvale es una soluci\u00f3n de carga de vanguardia dise\u00f1ada para satisfacer las exigencias de la vida moderna. Capacidad de 15\u00a0000 mAh y compatibilidad con carga ultrarr\u00e1pida de 100W, esta bater\u00eda externa garantiza que todos tus dispositivos, incluyendo port\u00e1tiles y MacBooks, se mantengan cargados a la velocidad del rayo. Pantalla TFT [&hellip;]","og_url":"https:\/\/urban-vitamin.com\/es\/producto\/bateria-externa-sunnyvale-de-100w-y-15-000-mah-gris\/","og_site_name":"Urban Vitamin","article_modified_time":"2026-03-12T02:26:59+00:00","og_image":[{"width":1024,"height":1024,"url":"https:\/\/urban-vitamin.com\/wp-content\/uploads\/sites\/5\/2025\/10\/P322.7702__S_0__7b0c6550970d4cccb55881e9dbdfa7ec.jpg","type":"image\/jpeg"}],"twitter_card":"summary_large_image","twitter_misc":{"Tiempo de lectura":"1 minuto"},"schema":{"@context":"https:\/\/schema.org","@graph":[{"@type":"WebPage","@id":"https:\/\/urban-vitamin.com\/es\/producto\/bateria-externa-sunnyvale-de-100w-y-15-000-mah-gris\/","url":"https:\/\/urban-vitamin.com\/es\/producto\/bateria-externa-sunnyvale-de-100w-y-15-000-mah-gris\/","name":"Bater\u00eda externa Sunnyvale de 100W y 15.000 mAh, gris - Urban Vitamin","isPartOf":{"@id":"https:\/\/urban-vitamin.com\/es\/#website"},"primaryImageOfPage":{"@id":"https:\/\/urban-vitamin.com\/es\/producto\/bateria-externa-sunnyvale-de-100w-y-15-000-mah-gris\/#primaryimage"},"image":{"@id":"https:\/\/urban-vitamin.com\/es\/producto\/bateria-externa-sunnyvale-de-100w-y-15-000-mah-gris\/#primaryimage"},"thumbnailUrl":"https:\/\/urban-vitamin.com\/wp-content\/uploads\/sites\/5\/2025\/10\/P322.7702__S_0__7b0c6550970d4cccb55881e9dbdfa7ec.jpg","datePublished":"2026-03-12T01:06:37+00:00","dateModified":"2026-03-12T02:26:59+00:00","breadcrumb":{"@id":"https:\/\/urban-vitamin.com\/es\/producto\/bateria-externa-sunnyvale-de-100w-y-15-000-mah-gris\/#breadcrumb"},"inLanguage":"es","potentialAction":[{"@type":"ReadAction","target":["https:\/\/urban-vitamin.com\/es\/producto\/bateria-externa-sunnyvale-de-100w-y-15-000-mah-gris\/"]}]},{"@type":"ImageObject","inLanguage":"es","@id":"https:\/\/urban-vitamin.com\/es\/producto\/bateria-externa-sunnyvale-de-100w-y-15-000-mah-gris\/#primaryimage","url":"https:\/\/urban-vitamin.com\/wp-content\/uploads\/sites\/5\/2025\/10\/P322.7702__S_0__7b0c6550970d4cccb55881e9dbdfa7ec.jpg","contentUrl":"https:\/\/urban-vitamin.com\/wp-content\/uploads\/sites\/5\/2025\/10\/P322.7702__S_0__7b0c6550970d4cccb55881e9dbdfa7ec.jpg","width":1024,"height":1024},{"@type":"BreadcrumbList","@id":"https:\/\/urban-vitamin.com\/es\/producto\/bateria-externa-sunnyvale-de-100w-y-15-000-mah-gris\/#breadcrumb","itemListElement":[{"@type":"ListItem","position":1,"name":"Home","item":"https:\/\/urban-vitamin.com\/es\/"},{"@type":"ListItem","position":2,"name":"Recopilaci\u00f3n","item":"https:\/\/urban-vitamin.com\/es\/recopilacion\/"},{"@type":"ListItem","position":3,"name":"Bater\u00eda externa Sunnyvale de 100W y 15.000 mAh, gris"}]},{"@type":"WebSite","@id":"https:\/\/urban-vitamin.com\/es\/#website","url":"https:\/\/urban-vitamin.com\/es\/","name":"Urban Vitamin","description":"Enjoy your daily dose of Urban Vitamin!","potentialAction":[{"@type":"SearchAction","target":{"@type":"EntryPoint","urlTemplate":"https:\/\/urban-vitamin.com\/es\/?s={search_term_string}"},"query-input":{"@type":"PropertyValueSpecification","valueRequired":true,"valueName":"search_term_string"}}],"inLanguage":"es"}]}},"_links":{"self":[{"href":"https:\/\/urban-vitamin.com\/es\/wp-json\/wp\/v2\/product\/25276","targetHints":{"allow":["GET"]}}],"collection":[{"href":"https:\/\/urban-vitamin.com\/es\/wp-json\/wp\/v2\/product"}],"about":[{"href":"https:\/\/urban-vitamin.com\/es\/wp-json\/wp\/v2\/types\/product"}],"replies":[{"embeddable":true,"href":"https:\/\/urban-vitamin.com\/es\/wp-json\/wp\/v2\/comments?post=25276"}],"wp:featuredmedia":[{"embeddable":true,"href":"https:\/\/urban-vitamin.com\/es\/wp-json\/wp\/v2\/media\/26755"}],"wp:attachment":[{"href":"https:\/\/urban-vitamin.com\/es\/wp-json\/wp\/v2\/media?parent=25276"}],"wp:term":[{"taxonomy":"product_cat","embeddable":true,"href":"https:\/\/urban-vitamin.com\/es\/wp-json\/wp\/v2\/product_cat?post=25276"},{"taxonomy":"product_tag","embeddable":true,"href":"https:\/\/urban-vitamin.com\/es\/wp-json\/wp\/v2\/product_tag?post=25276"}],"curies":[{"name":"wp","href":"https:\/\/api.w.org\/{rel}","templated":true}]}}