{"id":25274,"date":"2026-03-12T01:06:22","date_gmt":"2026-03-12T01:06:22","guid":{"rendered":"https:\/\/urban-vitamin.com\/cargador-inalambrico-urban-vitamin-goleta-2-en-1-de-15w-negro\/"},"modified":"2026-03-12T02:26:36","modified_gmt":"2026-03-12T02:26:36","slug":"cargador-inalambrico-goleta-2-en-1-de-15w-negro","status":"publish","type":"product","link":"https:\/\/urban-vitamin.com\/es\/producto\/cargador-inalambrico-goleta-2-en-1-de-15w-negro\/","title":{"rendered":"Cargador inal\u00e1mbrico Goleta 2 en 1 de 15W, negro"},"content":{"rendered":"<p>Urban Vitamin Goleta es un cargador inal\u00e1mbrico magn\u00e9tico 2 en 1 de 15W con un cable USB-C retr\u00e1ctil de 65 cm, que combina la carga inal\u00e1mbrica y la comodidad del cable en una soluci\u00f3n compacta y port\u00e1til. Ya sea que est\u00e9s cargando tu tel\u00e9fono, iWatch o ambos, Goleta te ofrece la flexibilidad y eficiencia que necesitas. Conexi\u00f3n magn\u00e9tica superfuerte, Goleta sujeta tu tel\u00e9fono de forma segura en su lugar mientras ofrece carga inal\u00e1mbrica de hasta 15W para tel\u00e9fonos, con m\u00faltiples opciones de salida (10W, 7,5W, 5W) seg\u00fan tu dispositivo. La salida inal\u00e1mbrica de 2,5W para iWatch tambi\u00e9n garantiza que tu reloj inteligente se mantenga cargado. El cable retr\u00e1ctil RTPE garantiza un almacenamiento f\u00e1cil y sin enredos mientras cargas, y con una entrada USB-C de 9 V\/3 A. Goleta est\u00e1 fabricado con materiales RABS con certificaci\u00f3n RCS (Est\u00e1ndar de Reciclaje). Los art\u00edculos Urban Vitamin est\u00e1n hechos sin PVC y en envases con pl\u00e1stico reducido.<\/p>\n","protected":false},"excerpt":{"rendered":"<p>Urban Vitamin Goleta es un cargador inal\u00e1mbrico magn\u00e9tico 2 en 1 de 15W con un cable USB-C retr\u00e1ctil de 65 cm, que combina la carga inal\u00e1mbrica y la comodidad del cable en una soluci\u00f3n compacta y port\u00e1til. Ya sea que est\u00e9s cargando tu tel\u00e9fono, iWatch o ambos, Goleta te ofrece la flexibilidad y eficiencia que [&hellip;]<\/p>\n","protected":false},"featured_media":26732,"comment_status":"closed","ping_status":"closed","template":"","meta":{"_acf_changed":false,"om_disable_all_campaigns":false},"product_cat":[79],"product_tag":[],"class_list":["post-25274","product","type-product","status-publish","has-post-thumbnail","hentry","product_cat-cargadores","pa_color-black"],"acf":[],"yoast_head":"<!-- This site is optimized with the Yoast SEO plugin v27.0 - https:\/\/yoast.com\/product\/yoast-seo-wordpress\/ -->\n<title>Cargador inal\u00e1mbrico Goleta 2 en 1 de 15W, negro - Urban Vitamin<\/title>\n<meta name=\"robots\" content=\"index, follow, max-snippet:-1, max-image-preview:large, max-video-preview:-1\" \/>\n<link rel=\"canonical\" href=\"https:\/\/urban-vitamin.com\/es\/producto\/cargador-inalambrico-goleta-2-en-1-de-15w-negro\/\" \/>\n<meta property=\"og:locale\" content=\"es_ES\" \/>\n<meta property=\"og:type\" content=\"article\" \/>\n<meta property=\"og:title\" content=\"Cargador inal\u00e1mbrico Goleta 2 en 1 de 15W, negro - Urban Vitamin\" \/>\n<meta property=\"og:description\" content=\"Urban Vitamin Goleta es un cargador inal\u00e1mbrico magn\u00e9tico 2 en 1 de 15W con un cable USB-C retr\u00e1ctil de 65 cm, que combina la carga inal\u00e1mbrica y la comodidad del cable en una soluci\u00f3n compacta y port\u00e1til. Ya sea que est\u00e9s cargando tu tel\u00e9fono, iWatch o ambos, Goleta te ofrece la flexibilidad y eficiencia que [&hellip;]\" \/>\n<meta property=\"og:url\" content=\"https:\/\/urban-vitamin.com\/es\/producto\/cargador-inalambrico-goleta-2-en-1-de-15w-negro\/\" \/>\n<meta property=\"og:site_name\" content=\"Urban Vitamin\" \/>\n<meta property=\"article:modified_time\" content=\"2026-03-12T02:26:36+00:00\" \/>\n<meta property=\"og:image\" content=\"https:\/\/urban-vitamin.com\/wp-content\/uploads\/sites\/5\/2025\/10\/P309.5301__S_0__d8a3702e2ccf46be92b682855798e42a.jpg\" \/>\n\t<meta property=\"og:image:width\" content=\"1024\" \/>\n\t<meta property=\"og:image:height\" content=\"1024\" \/>\n\t<meta property=\"og:image:type\" content=\"image\/jpeg\" \/>\n<meta name=\"twitter:card\" content=\"summary_large_image\" \/>\n<meta name=\"twitter:label1\" content=\"Tiempo de lectura\" \/>\n\t<meta name=\"twitter:data1\" content=\"1 minuto\" \/>\n<script type=\"application\/ld+json\" class=\"yoast-schema-graph\">{\"@context\":\"https:\/\/schema.org\",\"@graph\":[{\"@type\":\"WebPage\",\"@id\":\"https:\/\/urban-vitamin.com\/es\/producto\/cargador-inalambrico-goleta-2-en-1-de-15w-negro\/\",\"url\":\"https:\/\/urban-vitamin.com\/es\/producto\/cargador-inalambrico-goleta-2-en-1-de-15w-negro\/\",\"name\":\"Cargador inal\u00e1mbrico Goleta 2 en 1 de 15W, negro - Urban Vitamin\",\"isPartOf\":{\"@id\":\"https:\/\/urban-vitamin.com\/es\/#website\"},\"primaryImageOfPage\":{\"@id\":\"https:\/\/urban-vitamin.com\/es\/producto\/cargador-inalambrico-goleta-2-en-1-de-15w-negro\/#primaryimage\"},\"image\":{\"@id\":\"https:\/\/urban-vitamin.com\/es\/producto\/cargador-inalambrico-goleta-2-en-1-de-15w-negro\/#primaryimage\"},\"thumbnailUrl\":\"https:\/\/urban-vitamin.com\/wp-content\/uploads\/sites\/5\/2025\/10\/P309.5301__S_0__d8a3702e2ccf46be92b682855798e42a.jpg\",\"datePublished\":\"2026-03-12T01:06:22+00:00\",\"dateModified\":\"2026-03-12T02:26:36+00:00\",\"breadcrumb\":{\"@id\":\"https:\/\/urban-vitamin.com\/es\/producto\/cargador-inalambrico-goleta-2-en-1-de-15w-negro\/#breadcrumb\"},\"inLanguage\":\"es\",\"potentialAction\":[{\"@type\":\"ReadAction\",\"target\":[\"https:\/\/urban-vitamin.com\/es\/producto\/cargador-inalambrico-goleta-2-en-1-de-15w-negro\/\"]}]},{\"@type\":\"ImageObject\",\"inLanguage\":\"es\",\"@id\":\"https:\/\/urban-vitamin.com\/es\/producto\/cargador-inalambrico-goleta-2-en-1-de-15w-negro\/#primaryimage\",\"url\":\"https:\/\/urban-vitamin.com\/wp-content\/uploads\/sites\/5\/2025\/10\/P309.5301__S_0__d8a3702e2ccf46be92b682855798e42a.jpg\",\"contentUrl\":\"https:\/\/urban-vitamin.com\/wp-content\/uploads\/sites\/5\/2025\/10\/P309.5301__S_0__d8a3702e2ccf46be92b682855798e42a.jpg\",\"width\":1024,\"height\":1024},{\"@type\":\"BreadcrumbList\",\"@id\":\"https:\/\/urban-vitamin.com\/es\/producto\/cargador-inalambrico-goleta-2-en-1-de-15w-negro\/#breadcrumb\",\"itemListElement\":[{\"@type\":\"ListItem\",\"position\":1,\"name\":\"Home\",\"item\":\"https:\/\/urban-vitamin.com\/es\/\"},{\"@type\":\"ListItem\",\"position\":2,\"name\":\"Recopilaci\u00f3n\",\"item\":\"https:\/\/urban-vitamin.com\/es\/recopilacion\/\"},{\"@type\":\"ListItem\",\"position\":3,\"name\":\"Cargador inal\u00e1mbrico Goleta 2 en 1 de 15W, negro\"}]},{\"@type\":\"WebSite\",\"@id\":\"https:\/\/urban-vitamin.com\/es\/#website\",\"url\":\"https:\/\/urban-vitamin.com\/es\/\",\"name\":\"Urban Vitamin\",\"description\":\"Enjoy your daily dose of Urban Vitamin!\",\"potentialAction\":[{\"@type\":\"SearchAction\",\"target\":{\"@type\":\"EntryPoint\",\"urlTemplate\":\"https:\/\/urban-vitamin.com\/es\/?s={search_term_string}\"},\"query-input\":{\"@type\":\"PropertyValueSpecification\",\"valueRequired\":true,\"valueName\":\"search_term_string\"}}],\"inLanguage\":\"es\"}]}<\/script>\n<!-- \/ Yoast SEO plugin. -->","yoast_head_json":{"title":"Cargador inal\u00e1mbrico Goleta 2 en 1 de 15W, negro - Urban Vitamin","robots":{"index":"index","follow":"follow","max-snippet":"max-snippet:-1","max-image-preview":"max-image-preview:large","max-video-preview":"max-video-preview:-1"},"canonical":"https:\/\/urban-vitamin.com\/es\/producto\/cargador-inalambrico-goleta-2-en-1-de-15w-negro\/","og_locale":"es_ES","og_type":"article","og_title":"Cargador inal\u00e1mbrico Goleta 2 en 1 de 15W, negro - Urban Vitamin","og_description":"Urban Vitamin Goleta es un cargador inal\u00e1mbrico magn\u00e9tico 2 en 1 de 15W con un cable USB-C retr\u00e1ctil de 65 cm, que combina la carga inal\u00e1mbrica y la comodidad del cable en una soluci\u00f3n compacta y port\u00e1til. Ya sea que est\u00e9s cargando tu tel\u00e9fono, iWatch o ambos, Goleta te ofrece la flexibilidad y eficiencia que [&hellip;]","og_url":"https:\/\/urban-vitamin.com\/es\/producto\/cargador-inalambrico-goleta-2-en-1-de-15w-negro\/","og_site_name":"Urban Vitamin","article_modified_time":"2026-03-12T02:26:36+00:00","og_image":[{"width":1024,"height":1024,"url":"https:\/\/urban-vitamin.com\/wp-content\/uploads\/sites\/5\/2025\/10\/P309.5301__S_0__d8a3702e2ccf46be92b682855798e42a.jpg","type":"image\/jpeg"}],"twitter_card":"summary_large_image","twitter_misc":{"Tiempo de lectura":"1 minuto"},"schema":{"@context":"https:\/\/schema.org","@graph":[{"@type":"WebPage","@id":"https:\/\/urban-vitamin.com\/es\/producto\/cargador-inalambrico-goleta-2-en-1-de-15w-negro\/","url":"https:\/\/urban-vitamin.com\/es\/producto\/cargador-inalambrico-goleta-2-en-1-de-15w-negro\/","name":"Cargador inal\u00e1mbrico Goleta 2 en 1 de 15W, negro - Urban Vitamin","isPartOf":{"@id":"https:\/\/urban-vitamin.com\/es\/#website"},"primaryImageOfPage":{"@id":"https:\/\/urban-vitamin.com\/es\/producto\/cargador-inalambrico-goleta-2-en-1-de-15w-negro\/#primaryimage"},"image":{"@id":"https:\/\/urban-vitamin.com\/es\/producto\/cargador-inalambrico-goleta-2-en-1-de-15w-negro\/#primaryimage"},"thumbnailUrl":"https:\/\/urban-vitamin.com\/wp-content\/uploads\/sites\/5\/2025\/10\/P309.5301__S_0__d8a3702e2ccf46be92b682855798e42a.jpg","datePublished":"2026-03-12T01:06:22+00:00","dateModified":"2026-03-12T02:26:36+00:00","breadcrumb":{"@id":"https:\/\/urban-vitamin.com\/es\/producto\/cargador-inalambrico-goleta-2-en-1-de-15w-negro\/#breadcrumb"},"inLanguage":"es","potentialAction":[{"@type":"ReadAction","target":["https:\/\/urban-vitamin.com\/es\/producto\/cargador-inalambrico-goleta-2-en-1-de-15w-negro\/"]}]},{"@type":"ImageObject","inLanguage":"es","@id":"https:\/\/urban-vitamin.com\/es\/producto\/cargador-inalambrico-goleta-2-en-1-de-15w-negro\/#primaryimage","url":"https:\/\/urban-vitamin.com\/wp-content\/uploads\/sites\/5\/2025\/10\/P309.5301__S_0__d8a3702e2ccf46be92b682855798e42a.jpg","contentUrl":"https:\/\/urban-vitamin.com\/wp-content\/uploads\/sites\/5\/2025\/10\/P309.5301__S_0__d8a3702e2ccf46be92b682855798e42a.jpg","width":1024,"height":1024},{"@type":"BreadcrumbList","@id":"https:\/\/urban-vitamin.com\/es\/producto\/cargador-inalambrico-goleta-2-en-1-de-15w-negro\/#breadcrumb","itemListElement":[{"@type":"ListItem","position":1,"name":"Home","item":"https:\/\/urban-vitamin.com\/es\/"},{"@type":"ListItem","position":2,"name":"Recopilaci\u00f3n","item":"https:\/\/urban-vitamin.com\/es\/recopilacion\/"},{"@type":"ListItem","position":3,"name":"Cargador inal\u00e1mbrico Goleta 2 en 1 de 15W, negro"}]},{"@type":"WebSite","@id":"https:\/\/urban-vitamin.com\/es\/#website","url":"https:\/\/urban-vitamin.com\/es\/","name":"Urban Vitamin","description":"Enjoy your daily dose of Urban Vitamin!","potentialAction":[{"@type":"SearchAction","target":{"@type":"EntryPoint","urlTemplate":"https:\/\/urban-vitamin.com\/es\/?s={search_term_string}"},"query-input":{"@type":"PropertyValueSpecification","valueRequired":true,"valueName":"search_term_string"}}],"inLanguage":"es"}]}},"_links":{"self":[{"href":"https:\/\/urban-vitamin.com\/es\/wp-json\/wp\/v2\/product\/25274","targetHints":{"allow":["GET"]}}],"collection":[{"href":"https:\/\/urban-vitamin.com\/es\/wp-json\/wp\/v2\/product"}],"about":[{"href":"https:\/\/urban-vitamin.com\/es\/wp-json\/wp\/v2\/types\/product"}],"replies":[{"embeddable":true,"href":"https:\/\/urban-vitamin.com\/es\/wp-json\/wp\/v2\/comments?post=25274"}],"wp:featuredmedia":[{"embeddable":true,"href":"https:\/\/urban-vitamin.com\/es\/wp-json\/wp\/v2\/media\/26732"}],"wp:attachment":[{"href":"https:\/\/urban-vitamin.com\/es\/wp-json\/wp\/v2\/media?parent=25274"}],"wp:term":[{"taxonomy":"product_cat","embeddable":true,"href":"https:\/\/urban-vitamin.com\/es\/wp-json\/wp\/v2\/product_cat?post=25274"},{"taxonomy":"product_tag","embeddable":true,"href":"https:\/\/urban-vitamin.com\/es\/wp-json\/wp\/v2\/product_tag?post=25274"}],"curies":[{"name":"wp","href":"https:\/\/api.w.org\/{rel}","templated":true}]}}