{"id":25273,"date":"2026-03-12T01:06:22","date_gmt":"2026-03-12T01:06:22","guid":{"rendered":"https:\/\/urban-vitamin.com\/cargador-magnetico-3-en-1-rcs-urban-vitamin-arcadia-15w-negro\/"},"modified":"2026-03-12T02:26:35","modified_gmt":"2026-03-12T02:26:35","slug":"cargador-magnetico-3-en-1-rcs-arcadia-15w-negro","status":"publish","type":"product","link":"https:\/\/urban-vitamin.com\/es\/producto\/cargador-magnetico-3-en-1-rcs-arcadia-15w-negro\/","title":{"rendered":"Cargador magn\u00e9tico 3 en 1 RCS Arcadia 15W, negro"},"content":{"rendered":"<p>\u00bfNecesitas cargar todos tus dispositivos al mismo tiempo y a toda velocidad? Arcadia te tiene cubierto con su cargador magn\u00e9tico ultrarr\u00e1pido de 15W. Este cargador inal\u00e1mbrico compacto se puede usar en tu escritorio o mesita de noche, pero tambi\u00e9n es muy f\u00e1cil de plegar para llevarlo de viaje. \u00dasalo como soporte para cargar con carga magn\u00e9tica. La parte trasera tiene una almohadilla de carga de 5W que te permite cargar un segundo tel\u00e9fono o auriculares. Usa tambi\u00e9n el cargador del reloj para cargar las \u00faltimas generaciones de iWatch. Arcadia viene con un cable TPE reciclado de 120 cm para una f\u00e1cil instalaci\u00f3n en cualquier lugar que desees. Simplemente con\u00e9ctalo a una fuente de alimentaci\u00f3n de carga r\u00e1pida (m\u00ednimo 9 V\/2 A) para comenzar. ABS reciclado certificado RCS (Recycled Claim Standard), con un 34% de contenido reciclado en funci\u00f3n del peso total del art\u00edculo. Los art\u00edculos de Urban Vitamin est\u00e1n hechos sin PVC y presentados en envases con reducci\u00f3n de pl\u00e1stico.<\/p>\n","protected":false},"excerpt":{"rendered":"<p>\u00bfNecesitas cargar todos tus dispositivos al mismo tiempo y a toda velocidad? Arcadia te tiene cubierto con su cargador magn\u00e9tico ultrarr\u00e1pido de 15W. Este cargador inal\u00e1mbrico compacto se puede usar en tu escritorio o mesita de noche, pero tambi\u00e9n es muy f\u00e1cil de plegar para llevarlo de viaje. \u00dasalo como soporte para cargar con carga [&hellip;]<\/p>\n","protected":false},"featured_media":26725,"comment_status":"closed","ping_status":"closed","template":"","meta":{"_acf_changed":false,"om_disable_all_campaigns":false},"product_cat":[79],"product_tag":[],"class_list":["post-25273","product","type-product","status-publish","has-post-thumbnail","hentry","product_cat-cargadores","pa_color-black"],"acf":[],"yoast_head":"<!-- This site is optimized with the Yoast SEO plugin v27.0 - https:\/\/yoast.com\/product\/yoast-seo-wordpress\/ -->\n<title>Cargador magn\u00e9tico 3 en 1 RCS Arcadia 15W, negro - Urban Vitamin<\/title>\n<meta name=\"robots\" content=\"index, follow, max-snippet:-1, max-image-preview:large, max-video-preview:-1\" \/>\n<link rel=\"canonical\" href=\"https:\/\/urban-vitamin.com\/es\/producto\/cargador-magnetico-3-en-1-rcs-arcadia-15w-negro\/\" \/>\n<meta property=\"og:locale\" content=\"es_ES\" \/>\n<meta property=\"og:type\" content=\"article\" \/>\n<meta property=\"og:title\" content=\"Cargador magn\u00e9tico 3 en 1 RCS Arcadia 15W, negro - Urban Vitamin\" \/>\n<meta property=\"og:description\" content=\"\u00bfNecesitas cargar todos tus dispositivos al mismo tiempo y a toda velocidad? Arcadia te tiene cubierto con su cargador magn\u00e9tico ultrarr\u00e1pido de 15W. Este cargador inal\u00e1mbrico compacto se puede usar en tu escritorio o mesita de noche, pero tambi\u00e9n es muy f\u00e1cil de plegar para llevarlo de viaje. \u00dasalo como soporte para cargar con carga [&hellip;]\" \/>\n<meta property=\"og:url\" content=\"https:\/\/urban-vitamin.com\/es\/producto\/cargador-magnetico-3-en-1-rcs-arcadia-15w-negro\/\" \/>\n<meta property=\"og:site_name\" content=\"Urban Vitamin\" \/>\n<meta property=\"article:modified_time\" content=\"2026-03-12T02:26:35+00:00\" \/>\n<meta property=\"og:image\" content=\"https:\/\/urban-vitamin.com\/wp-content\/uploads\/sites\/5\/2025\/10\/P309.5101__S_0__6c77397fa5004cc4980e50391c139e20.jpg\" \/>\n\t<meta property=\"og:image:width\" content=\"1024\" \/>\n\t<meta property=\"og:image:height\" content=\"1024\" \/>\n\t<meta property=\"og:image:type\" content=\"image\/jpeg\" \/>\n<meta name=\"twitter:card\" content=\"summary_large_image\" \/>\n<meta name=\"twitter:label1\" content=\"Tiempo de lectura\" \/>\n\t<meta name=\"twitter:data1\" content=\"1 minuto\" \/>\n<script type=\"application\/ld+json\" class=\"yoast-schema-graph\">{\"@context\":\"https:\/\/schema.org\",\"@graph\":[{\"@type\":\"WebPage\",\"@id\":\"https:\/\/urban-vitamin.com\/es\/producto\/cargador-magnetico-3-en-1-rcs-arcadia-15w-negro\/\",\"url\":\"https:\/\/urban-vitamin.com\/es\/producto\/cargador-magnetico-3-en-1-rcs-arcadia-15w-negro\/\",\"name\":\"Cargador magn\u00e9tico 3 en 1 RCS Arcadia 15W, negro - Urban Vitamin\",\"isPartOf\":{\"@id\":\"https:\/\/urban-vitamin.com\/es\/#website\"},\"primaryImageOfPage\":{\"@id\":\"https:\/\/urban-vitamin.com\/es\/producto\/cargador-magnetico-3-en-1-rcs-arcadia-15w-negro\/#primaryimage\"},\"image\":{\"@id\":\"https:\/\/urban-vitamin.com\/es\/producto\/cargador-magnetico-3-en-1-rcs-arcadia-15w-negro\/#primaryimage\"},\"thumbnailUrl\":\"https:\/\/urban-vitamin.com\/wp-content\/uploads\/sites\/5\/2025\/10\/P309.5101__S_0__6c77397fa5004cc4980e50391c139e20.jpg\",\"datePublished\":\"2026-03-12T01:06:22+00:00\",\"dateModified\":\"2026-03-12T02:26:35+00:00\",\"breadcrumb\":{\"@id\":\"https:\/\/urban-vitamin.com\/es\/producto\/cargador-magnetico-3-en-1-rcs-arcadia-15w-negro\/#breadcrumb\"},\"inLanguage\":\"es\",\"potentialAction\":[{\"@type\":\"ReadAction\",\"target\":[\"https:\/\/urban-vitamin.com\/es\/producto\/cargador-magnetico-3-en-1-rcs-arcadia-15w-negro\/\"]}]},{\"@type\":\"ImageObject\",\"inLanguage\":\"es\",\"@id\":\"https:\/\/urban-vitamin.com\/es\/producto\/cargador-magnetico-3-en-1-rcs-arcadia-15w-negro\/#primaryimage\",\"url\":\"https:\/\/urban-vitamin.com\/wp-content\/uploads\/sites\/5\/2025\/10\/P309.5101__S_0__6c77397fa5004cc4980e50391c139e20.jpg\",\"contentUrl\":\"https:\/\/urban-vitamin.com\/wp-content\/uploads\/sites\/5\/2025\/10\/P309.5101__S_0__6c77397fa5004cc4980e50391c139e20.jpg\",\"width\":1024,\"height\":1024},{\"@type\":\"BreadcrumbList\",\"@id\":\"https:\/\/urban-vitamin.com\/es\/producto\/cargador-magnetico-3-en-1-rcs-arcadia-15w-negro\/#breadcrumb\",\"itemListElement\":[{\"@type\":\"ListItem\",\"position\":1,\"name\":\"Home\",\"item\":\"https:\/\/urban-vitamin.com\/es\/\"},{\"@type\":\"ListItem\",\"position\":2,\"name\":\"Recopilaci\u00f3n\",\"item\":\"https:\/\/urban-vitamin.com\/es\/recopilacion\/\"},{\"@type\":\"ListItem\",\"position\":3,\"name\":\"Cargador magn\u00e9tico 3 en 1 RCS Arcadia 15W, negro\"}]},{\"@type\":\"WebSite\",\"@id\":\"https:\/\/urban-vitamin.com\/es\/#website\",\"url\":\"https:\/\/urban-vitamin.com\/es\/\",\"name\":\"Urban Vitamin\",\"description\":\"Enjoy your daily dose of Urban Vitamin!\",\"potentialAction\":[{\"@type\":\"SearchAction\",\"target\":{\"@type\":\"EntryPoint\",\"urlTemplate\":\"https:\/\/urban-vitamin.com\/es\/?s={search_term_string}\"},\"query-input\":{\"@type\":\"PropertyValueSpecification\",\"valueRequired\":true,\"valueName\":\"search_term_string\"}}],\"inLanguage\":\"es\"}]}<\/script>\n<!-- \/ Yoast SEO plugin. -->","yoast_head_json":{"title":"Cargador magn\u00e9tico 3 en 1 RCS Arcadia 15W, negro - Urban Vitamin","robots":{"index":"index","follow":"follow","max-snippet":"max-snippet:-1","max-image-preview":"max-image-preview:large","max-video-preview":"max-video-preview:-1"},"canonical":"https:\/\/urban-vitamin.com\/es\/producto\/cargador-magnetico-3-en-1-rcs-arcadia-15w-negro\/","og_locale":"es_ES","og_type":"article","og_title":"Cargador magn\u00e9tico 3 en 1 RCS Arcadia 15W, negro - Urban Vitamin","og_description":"\u00bfNecesitas cargar todos tus dispositivos al mismo tiempo y a toda velocidad? Arcadia te tiene cubierto con su cargador magn\u00e9tico ultrarr\u00e1pido de 15W. Este cargador inal\u00e1mbrico compacto se puede usar en tu escritorio o mesita de noche, pero tambi\u00e9n es muy f\u00e1cil de plegar para llevarlo de viaje. \u00dasalo como soporte para cargar con carga [&hellip;]","og_url":"https:\/\/urban-vitamin.com\/es\/producto\/cargador-magnetico-3-en-1-rcs-arcadia-15w-negro\/","og_site_name":"Urban Vitamin","article_modified_time":"2026-03-12T02:26:35+00:00","og_image":[{"width":1024,"height":1024,"url":"https:\/\/urban-vitamin.com\/wp-content\/uploads\/sites\/5\/2025\/10\/P309.5101__S_0__6c77397fa5004cc4980e50391c139e20.jpg","type":"image\/jpeg"}],"twitter_card":"summary_large_image","twitter_misc":{"Tiempo de lectura":"1 minuto"},"schema":{"@context":"https:\/\/schema.org","@graph":[{"@type":"WebPage","@id":"https:\/\/urban-vitamin.com\/es\/producto\/cargador-magnetico-3-en-1-rcs-arcadia-15w-negro\/","url":"https:\/\/urban-vitamin.com\/es\/producto\/cargador-magnetico-3-en-1-rcs-arcadia-15w-negro\/","name":"Cargador magn\u00e9tico 3 en 1 RCS Arcadia 15W, negro - Urban Vitamin","isPartOf":{"@id":"https:\/\/urban-vitamin.com\/es\/#website"},"primaryImageOfPage":{"@id":"https:\/\/urban-vitamin.com\/es\/producto\/cargador-magnetico-3-en-1-rcs-arcadia-15w-negro\/#primaryimage"},"image":{"@id":"https:\/\/urban-vitamin.com\/es\/producto\/cargador-magnetico-3-en-1-rcs-arcadia-15w-negro\/#primaryimage"},"thumbnailUrl":"https:\/\/urban-vitamin.com\/wp-content\/uploads\/sites\/5\/2025\/10\/P309.5101__S_0__6c77397fa5004cc4980e50391c139e20.jpg","datePublished":"2026-03-12T01:06:22+00:00","dateModified":"2026-03-12T02:26:35+00:00","breadcrumb":{"@id":"https:\/\/urban-vitamin.com\/es\/producto\/cargador-magnetico-3-en-1-rcs-arcadia-15w-negro\/#breadcrumb"},"inLanguage":"es","potentialAction":[{"@type":"ReadAction","target":["https:\/\/urban-vitamin.com\/es\/producto\/cargador-magnetico-3-en-1-rcs-arcadia-15w-negro\/"]}]},{"@type":"ImageObject","inLanguage":"es","@id":"https:\/\/urban-vitamin.com\/es\/producto\/cargador-magnetico-3-en-1-rcs-arcadia-15w-negro\/#primaryimage","url":"https:\/\/urban-vitamin.com\/wp-content\/uploads\/sites\/5\/2025\/10\/P309.5101__S_0__6c77397fa5004cc4980e50391c139e20.jpg","contentUrl":"https:\/\/urban-vitamin.com\/wp-content\/uploads\/sites\/5\/2025\/10\/P309.5101__S_0__6c77397fa5004cc4980e50391c139e20.jpg","width":1024,"height":1024},{"@type":"BreadcrumbList","@id":"https:\/\/urban-vitamin.com\/es\/producto\/cargador-magnetico-3-en-1-rcs-arcadia-15w-negro\/#breadcrumb","itemListElement":[{"@type":"ListItem","position":1,"name":"Home","item":"https:\/\/urban-vitamin.com\/es\/"},{"@type":"ListItem","position":2,"name":"Recopilaci\u00f3n","item":"https:\/\/urban-vitamin.com\/es\/recopilacion\/"},{"@type":"ListItem","position":3,"name":"Cargador magn\u00e9tico 3 en 1 RCS Arcadia 15W, negro"}]},{"@type":"WebSite","@id":"https:\/\/urban-vitamin.com\/es\/#website","url":"https:\/\/urban-vitamin.com\/es\/","name":"Urban Vitamin","description":"Enjoy your daily dose of Urban Vitamin!","potentialAction":[{"@type":"SearchAction","target":{"@type":"EntryPoint","urlTemplate":"https:\/\/urban-vitamin.com\/es\/?s={search_term_string}"},"query-input":{"@type":"PropertyValueSpecification","valueRequired":true,"valueName":"search_term_string"}}],"inLanguage":"es"}]}},"_links":{"self":[{"href":"https:\/\/urban-vitamin.com\/es\/wp-json\/wp\/v2\/product\/25273","targetHints":{"allow":["GET"]}}],"collection":[{"href":"https:\/\/urban-vitamin.com\/es\/wp-json\/wp\/v2\/product"}],"about":[{"href":"https:\/\/urban-vitamin.com\/es\/wp-json\/wp\/v2\/types\/product"}],"replies":[{"embeddable":true,"href":"https:\/\/urban-vitamin.com\/es\/wp-json\/wp\/v2\/comments?post=25273"}],"wp:featuredmedia":[{"embeddable":true,"href":"https:\/\/urban-vitamin.com\/es\/wp-json\/wp\/v2\/media\/26725"}],"wp:attachment":[{"href":"https:\/\/urban-vitamin.com\/es\/wp-json\/wp\/v2\/media?parent=25273"}],"wp:term":[{"taxonomy":"product_cat","embeddable":true,"href":"https:\/\/urban-vitamin.com\/es\/wp-json\/wp\/v2\/product_cat?post=25273"},{"taxonomy":"product_tag","embeddable":true,"href":"https:\/\/urban-vitamin.com\/es\/wp-json\/wp\/v2\/product_tag?post=25273"}],"curies":[{"name":"wp","href":"https:\/\/api.w.org\/{rel}","templated":true}]}}