{"id":25272,"date":"2026-03-12T01:06:22","date_gmt":"2026-03-12T01:06:22","guid":{"rendered":"https:\/\/urban-vitamin.com\/soporte-urban-vitamin-san-jose-100w-con-cable-retractil-negro\/"},"modified":"2026-03-12T02:26:30","modified_gmt":"2026-03-12T02:26:30","slug":"soporte-san-jose-100w-con-cable-retractil-negro","status":"publish","type":"product","link":"https:\/\/urban-vitamin.com\/es\/producto\/soporte-san-jose-100w-con-cable-retractil-negro\/","title":{"rendered":"Soporte San Jose 100W con cable retr\u00e1ctil, negro"},"content":{"rendered":"<p>San Jose es un soporte para tel\u00e9fono de 100W con cable de carga retr\u00e1ctil integrado que ofrece potencia ultrarr\u00e1pida y comodidad. Con su soporte magn\u00e9tico y su base, San Jose mantiene tu tel\u00e9fono seguro y en el \u00e1ngulo perfecto para usar con manos libres, ya sea para ver videos, hacer videollamadas o usar CarPlay. El cable retr\u00e1ctil RTPE se extiende hasta 100 cm y ofrece una carga ultrarr\u00e1pida, con hasta 100W de potencia con el cable USB-C a USB-C. Tambi\u00e9n incluye conectores USB-A a USB-C y USB-A a iOS, lo que lo hace lo suficientemente vers\u00e1til como para cargar una amplia gama de dispositivos. Adem\u00e1s, admite la transferencia de datos para una sincronizaci\u00f3n fluida de archivos mientras cargas. San Jose est\u00e1 fabricado con materiales RABS y RTPE con certificaci\u00f3n RCS (Recycled Claim Standard). El contenido total reciclado es del 59% del peso del art\u00edculo. Los art\u00edculos de Urban Vitamin est\u00e1n fabricados sin PVC y presentados en envases con pl\u00e1stico reducido.<\/p>\n","protected":false},"excerpt":{"rendered":"<p>San Jose es un soporte para tel\u00e9fono de 100W con cable de carga retr\u00e1ctil integrado que ofrece potencia ultrarr\u00e1pida y comodidad. Con su soporte magn\u00e9tico y su base, San Jose mantiene tu tel\u00e9fono seguro y en el \u00e1ngulo perfecto para usar con manos libres, ya sea para ver videos, hacer videollamadas o usar CarPlay. El [&hellip;]<\/p>\n","protected":false},"featured_media":26718,"comment_status":"closed","ping_status":"closed","template":"","meta":{"_acf_changed":false,"om_disable_all_campaigns":false},"product_cat":[79],"product_tag":[],"class_list":["post-25272","product","type-product","status-publish","has-post-thumbnail","hentry","product_cat-cargadores","pa_color-black"],"acf":[],"yoast_head":"<!-- This site is optimized with the Yoast SEO plugin v27.0 - https:\/\/yoast.com\/product\/yoast-seo-wordpress\/ -->\n<title>Soporte San Jose 100W con cable retr\u00e1ctil, negro - Urban Vitamin<\/title>\n<meta name=\"robots\" content=\"index, follow, max-snippet:-1, max-image-preview:large, max-video-preview:-1\" \/>\n<link rel=\"canonical\" href=\"https:\/\/urban-vitamin.com\/es\/producto\/soporte-san-jose-100w-con-cable-retractil-negro\/\" \/>\n<meta property=\"og:locale\" content=\"es_ES\" \/>\n<meta property=\"og:type\" content=\"article\" \/>\n<meta property=\"og:title\" content=\"Soporte San Jose 100W con cable retr\u00e1ctil, negro - Urban Vitamin\" \/>\n<meta property=\"og:description\" content=\"San Jose es un soporte para tel\u00e9fono de 100W con cable de carga retr\u00e1ctil integrado que ofrece potencia ultrarr\u00e1pida y comodidad. Con su soporte magn\u00e9tico y su base, San Jose mantiene tu tel\u00e9fono seguro y en el \u00e1ngulo perfecto para usar con manos libres, ya sea para ver videos, hacer videollamadas o usar CarPlay. El [&hellip;]\" \/>\n<meta property=\"og:url\" content=\"https:\/\/urban-vitamin.com\/es\/producto\/soporte-san-jose-100w-con-cable-retractil-negro\/\" \/>\n<meta property=\"og:site_name\" content=\"Urban Vitamin\" \/>\n<meta property=\"article:modified_time\" content=\"2026-03-12T02:26:30+00:00\" \/>\n<meta property=\"og:image\" content=\"https:\/\/urban-vitamin.com\/wp-content\/uploads\/sites\/5\/2025\/10\/P302.7201__S_0__f5c83506e2e34851b1ba28dba518e332.jpg\" \/>\n\t<meta property=\"og:image:width\" content=\"1024\" \/>\n\t<meta property=\"og:image:height\" content=\"1024\" \/>\n\t<meta property=\"og:image:type\" content=\"image\/jpeg\" \/>\n<meta name=\"twitter:card\" content=\"summary_large_image\" \/>\n<meta name=\"twitter:label1\" content=\"Tiempo de lectura\" \/>\n\t<meta name=\"twitter:data1\" content=\"1 minuto\" \/>\n<script type=\"application\/ld+json\" class=\"yoast-schema-graph\">{\"@context\":\"https:\/\/schema.org\",\"@graph\":[{\"@type\":\"WebPage\",\"@id\":\"https:\/\/urban-vitamin.com\/es\/producto\/soporte-san-jose-100w-con-cable-retractil-negro\/\",\"url\":\"https:\/\/urban-vitamin.com\/es\/producto\/soporte-san-jose-100w-con-cable-retractil-negro\/\",\"name\":\"Soporte San Jose 100W con cable retr\u00e1ctil, negro - Urban Vitamin\",\"isPartOf\":{\"@id\":\"https:\/\/urban-vitamin.com\/es\/#website\"},\"primaryImageOfPage\":{\"@id\":\"https:\/\/urban-vitamin.com\/es\/producto\/soporte-san-jose-100w-con-cable-retractil-negro\/#primaryimage\"},\"image\":{\"@id\":\"https:\/\/urban-vitamin.com\/es\/producto\/soporte-san-jose-100w-con-cable-retractil-negro\/#primaryimage\"},\"thumbnailUrl\":\"https:\/\/urban-vitamin.com\/wp-content\/uploads\/sites\/5\/2025\/10\/P302.7201__S_0__f5c83506e2e34851b1ba28dba518e332.jpg\",\"datePublished\":\"2026-03-12T01:06:22+00:00\",\"dateModified\":\"2026-03-12T02:26:30+00:00\",\"breadcrumb\":{\"@id\":\"https:\/\/urban-vitamin.com\/es\/producto\/soporte-san-jose-100w-con-cable-retractil-negro\/#breadcrumb\"},\"inLanguage\":\"es\",\"potentialAction\":[{\"@type\":\"ReadAction\",\"target\":[\"https:\/\/urban-vitamin.com\/es\/producto\/soporte-san-jose-100w-con-cable-retractil-negro\/\"]}]},{\"@type\":\"ImageObject\",\"inLanguage\":\"es\",\"@id\":\"https:\/\/urban-vitamin.com\/es\/producto\/soporte-san-jose-100w-con-cable-retractil-negro\/#primaryimage\",\"url\":\"https:\/\/urban-vitamin.com\/wp-content\/uploads\/sites\/5\/2025\/10\/P302.7201__S_0__f5c83506e2e34851b1ba28dba518e332.jpg\",\"contentUrl\":\"https:\/\/urban-vitamin.com\/wp-content\/uploads\/sites\/5\/2025\/10\/P302.7201__S_0__f5c83506e2e34851b1ba28dba518e332.jpg\",\"width\":1024,\"height\":1024},{\"@type\":\"BreadcrumbList\",\"@id\":\"https:\/\/urban-vitamin.com\/es\/producto\/soporte-san-jose-100w-con-cable-retractil-negro\/#breadcrumb\",\"itemListElement\":[{\"@type\":\"ListItem\",\"position\":1,\"name\":\"Home\",\"item\":\"https:\/\/urban-vitamin.com\/es\/\"},{\"@type\":\"ListItem\",\"position\":2,\"name\":\"Recopilaci\u00f3n\",\"item\":\"https:\/\/urban-vitamin.com\/es\/recopilacion\/\"},{\"@type\":\"ListItem\",\"position\":3,\"name\":\"Soporte San Jose 100W con cable retr\u00e1ctil, negro\"}]},{\"@type\":\"WebSite\",\"@id\":\"https:\/\/urban-vitamin.com\/es\/#website\",\"url\":\"https:\/\/urban-vitamin.com\/es\/\",\"name\":\"Urban Vitamin\",\"description\":\"Enjoy your daily dose of Urban Vitamin!\",\"potentialAction\":[{\"@type\":\"SearchAction\",\"target\":{\"@type\":\"EntryPoint\",\"urlTemplate\":\"https:\/\/urban-vitamin.com\/es\/?s={search_term_string}\"},\"query-input\":{\"@type\":\"PropertyValueSpecification\",\"valueRequired\":true,\"valueName\":\"search_term_string\"}}],\"inLanguage\":\"es\"}]}<\/script>\n<!-- \/ Yoast SEO plugin. -->","yoast_head_json":{"title":"Soporte San Jose 100W con cable retr\u00e1ctil, negro - Urban Vitamin","robots":{"index":"index","follow":"follow","max-snippet":"max-snippet:-1","max-image-preview":"max-image-preview:large","max-video-preview":"max-video-preview:-1"},"canonical":"https:\/\/urban-vitamin.com\/es\/producto\/soporte-san-jose-100w-con-cable-retractil-negro\/","og_locale":"es_ES","og_type":"article","og_title":"Soporte San Jose 100W con cable retr\u00e1ctil, negro - Urban Vitamin","og_description":"San Jose es un soporte para tel\u00e9fono de 100W con cable de carga retr\u00e1ctil integrado que ofrece potencia ultrarr\u00e1pida y comodidad. Con su soporte magn\u00e9tico y su base, San Jose mantiene tu tel\u00e9fono seguro y en el \u00e1ngulo perfecto para usar con manos libres, ya sea para ver videos, hacer videollamadas o usar CarPlay. El [&hellip;]","og_url":"https:\/\/urban-vitamin.com\/es\/producto\/soporte-san-jose-100w-con-cable-retractil-negro\/","og_site_name":"Urban Vitamin","article_modified_time":"2026-03-12T02:26:30+00:00","og_image":[{"width":1024,"height":1024,"url":"https:\/\/urban-vitamin.com\/wp-content\/uploads\/sites\/5\/2025\/10\/P302.7201__S_0__f5c83506e2e34851b1ba28dba518e332.jpg","type":"image\/jpeg"}],"twitter_card":"summary_large_image","twitter_misc":{"Tiempo de lectura":"1 minuto"},"schema":{"@context":"https:\/\/schema.org","@graph":[{"@type":"WebPage","@id":"https:\/\/urban-vitamin.com\/es\/producto\/soporte-san-jose-100w-con-cable-retractil-negro\/","url":"https:\/\/urban-vitamin.com\/es\/producto\/soporte-san-jose-100w-con-cable-retractil-negro\/","name":"Soporte San Jose 100W con cable retr\u00e1ctil, negro - Urban Vitamin","isPartOf":{"@id":"https:\/\/urban-vitamin.com\/es\/#website"},"primaryImageOfPage":{"@id":"https:\/\/urban-vitamin.com\/es\/producto\/soporte-san-jose-100w-con-cable-retractil-negro\/#primaryimage"},"image":{"@id":"https:\/\/urban-vitamin.com\/es\/producto\/soporte-san-jose-100w-con-cable-retractil-negro\/#primaryimage"},"thumbnailUrl":"https:\/\/urban-vitamin.com\/wp-content\/uploads\/sites\/5\/2025\/10\/P302.7201__S_0__f5c83506e2e34851b1ba28dba518e332.jpg","datePublished":"2026-03-12T01:06:22+00:00","dateModified":"2026-03-12T02:26:30+00:00","breadcrumb":{"@id":"https:\/\/urban-vitamin.com\/es\/producto\/soporte-san-jose-100w-con-cable-retractil-negro\/#breadcrumb"},"inLanguage":"es","potentialAction":[{"@type":"ReadAction","target":["https:\/\/urban-vitamin.com\/es\/producto\/soporte-san-jose-100w-con-cable-retractil-negro\/"]}]},{"@type":"ImageObject","inLanguage":"es","@id":"https:\/\/urban-vitamin.com\/es\/producto\/soporte-san-jose-100w-con-cable-retractil-negro\/#primaryimage","url":"https:\/\/urban-vitamin.com\/wp-content\/uploads\/sites\/5\/2025\/10\/P302.7201__S_0__f5c83506e2e34851b1ba28dba518e332.jpg","contentUrl":"https:\/\/urban-vitamin.com\/wp-content\/uploads\/sites\/5\/2025\/10\/P302.7201__S_0__f5c83506e2e34851b1ba28dba518e332.jpg","width":1024,"height":1024},{"@type":"BreadcrumbList","@id":"https:\/\/urban-vitamin.com\/es\/producto\/soporte-san-jose-100w-con-cable-retractil-negro\/#breadcrumb","itemListElement":[{"@type":"ListItem","position":1,"name":"Home","item":"https:\/\/urban-vitamin.com\/es\/"},{"@type":"ListItem","position":2,"name":"Recopilaci\u00f3n","item":"https:\/\/urban-vitamin.com\/es\/recopilacion\/"},{"@type":"ListItem","position":3,"name":"Soporte San Jose 100W con cable retr\u00e1ctil, negro"}]},{"@type":"WebSite","@id":"https:\/\/urban-vitamin.com\/es\/#website","url":"https:\/\/urban-vitamin.com\/es\/","name":"Urban Vitamin","description":"Enjoy your daily dose of Urban Vitamin!","potentialAction":[{"@type":"SearchAction","target":{"@type":"EntryPoint","urlTemplate":"https:\/\/urban-vitamin.com\/es\/?s={search_term_string}"},"query-input":{"@type":"PropertyValueSpecification","valueRequired":true,"valueName":"search_term_string"}}],"inLanguage":"es"}]}},"_links":{"self":[{"href":"https:\/\/urban-vitamin.com\/es\/wp-json\/wp\/v2\/product\/25272","targetHints":{"allow":["GET"]}}],"collection":[{"href":"https:\/\/urban-vitamin.com\/es\/wp-json\/wp\/v2\/product"}],"about":[{"href":"https:\/\/urban-vitamin.com\/es\/wp-json\/wp\/v2\/types\/product"}],"replies":[{"embeddable":true,"href":"https:\/\/urban-vitamin.com\/es\/wp-json\/wp\/v2\/comments?post=25272"}],"wp:featuredmedia":[{"embeddable":true,"href":"https:\/\/urban-vitamin.com\/es\/wp-json\/wp\/v2\/media\/26718"}],"wp:attachment":[{"href":"https:\/\/urban-vitamin.com\/es\/wp-json\/wp\/v2\/media?parent=25272"}],"wp:term":[{"taxonomy":"product_cat","embeddable":true,"href":"https:\/\/urban-vitamin.com\/es\/wp-json\/wp\/v2\/product_cat?post=25272"},{"taxonomy":"product_tag","embeddable":true,"href":"https:\/\/urban-vitamin.com\/es\/wp-json\/wp\/v2\/product_tag?post=25272"}],"curies":[{"name":"wp","href":"https:\/\/api.w.org\/{rel}","templated":true}]}}