{"id":25271,"date":"2026-03-12T01:06:04","date_gmt":"2026-03-12T01:06:04","guid":{"rendered":"https:\/\/urban-vitamin.com\/cargador-gan-mendocino-con-cable-retractil-urban-vitamin-65w-negro\/"},"modified":"2026-03-12T02:26:11","modified_gmt":"2026-03-12T02:26:11","slug":"cargador-gan-mendocino-con-cable-retractil-65w-negro","status":"publish","type":"product","link":"https:\/\/urban-vitamin.com\/es\/producto\/cargador-gan-mendocino-con-cable-retractil-65w-negro\/","title":{"rendered":"Cargador GaN Mendocino con cable retr\u00e1ctil 65W, negro"},"content":{"rendered":"<p>Descubre el cargador de 65W m\u00e1s inteligente con un cable que siempre est\u00e1 ah\u00ed cuando lo necesitas. Mendocino es un cargador PD GaN de 65W que incorpora un cable USB-C retr\u00e1ctil de 80 cm, para que puedas cargar sin tener que usar un cable adicional. Adem\u00e1s, incluye enchufes intercambiables para la UE y el Reino Unido, lo que lo convierte en el compa\u00f1ero de viaje perfecto. GaN es una tecnolog\u00eda de carga de \u00faltima generaci\u00f3n que permite un tama\u00f1o m\u00e1s compacto, menos calor y mayor eficiencia energ\u00e9tica. Mendocino carga todos tus dispositivos a toda velocidad, incluyendo port\u00e1tiles, tablets y tel\u00e9fonos, y puede alimentar hasta tres dispositivos a la vez gracias a sus puertos USB-C adicionales y su salida USB-A. Mendocino est\u00e1 fabricado con PC ign\u00edfugo reciclado con certificaci\u00f3n RCS (Recycled Claim Standard). Contenido reciclado total: 18% basado en el peso total del art\u00edculo. Los art\u00edculos de Urban Vitamin est\u00e1n fabricados sin PVC y presentados \u200b\u200ben envases con pl\u00e1stico reducido.<\/p>\n","protected":false},"excerpt":{"rendered":"<p>Descubre el cargador de 65W m\u00e1s inteligente con un cable que siempre est\u00e1 ah\u00ed cuando lo necesitas. Mendocino es un cargador PD GaN de 65W que incorpora un cable USB-C retr\u00e1ctil de 80 cm, para que puedas cargar sin tener que usar un cable adicional. Adem\u00e1s, incluye enchufes intercambiables para la UE y el Reino [&hellip;]<\/p>\n","protected":false},"featured_media":26711,"comment_status":"closed","ping_status":"closed","template":"","meta":{"_acf_changed":false,"om_disable_all_campaigns":false},"product_cat":[79],"product_tag":[],"class_list":["post-25271","product","type-product","status-publish","has-post-thumbnail","hentry","product_cat-cargadores","pa_color-black"],"acf":[],"yoast_head":"<!-- This site is optimized with the Yoast SEO plugin v27.0 - https:\/\/yoast.com\/product\/yoast-seo-wordpress\/ -->\n<title>Cargador GaN Mendocino con cable retr\u00e1ctil 65W, negro - Urban Vitamin<\/title>\n<meta name=\"robots\" content=\"index, follow, max-snippet:-1, max-image-preview:large, max-video-preview:-1\" \/>\n<link rel=\"canonical\" href=\"https:\/\/urban-vitamin.com\/es\/producto\/cargador-gan-mendocino-con-cable-retractil-65w-negro\/\" \/>\n<meta property=\"og:locale\" content=\"es_ES\" \/>\n<meta property=\"og:type\" content=\"article\" \/>\n<meta property=\"og:title\" content=\"Cargador GaN Mendocino con cable retr\u00e1ctil 65W, negro - Urban Vitamin\" \/>\n<meta property=\"og:description\" content=\"Descubre el cargador de 65W m\u00e1s inteligente con un cable que siempre est\u00e1 ah\u00ed cuando lo necesitas. Mendocino es un cargador PD GaN de 65W que incorpora un cable USB-C retr\u00e1ctil de 80 cm, para que puedas cargar sin tener que usar un cable adicional. Adem\u00e1s, incluye enchufes intercambiables para la UE y el Reino [&hellip;]\" \/>\n<meta property=\"og:url\" content=\"https:\/\/urban-vitamin.com\/es\/producto\/cargador-gan-mendocino-con-cable-retractil-65w-negro\/\" \/>\n<meta property=\"og:site_name\" content=\"Urban Vitamin\" \/>\n<meta property=\"article:modified_time\" content=\"2026-03-12T02:26:11+00:00\" \/>\n<meta property=\"og:image\" content=\"https:\/\/urban-vitamin.com\/wp-content\/uploads\/sites\/5\/2025\/10\/P301.2701__S_0__73003593ba03419e88af5098c8cc9b26.jpg\" \/>\n\t<meta property=\"og:image:width\" content=\"1024\" \/>\n\t<meta property=\"og:image:height\" content=\"1024\" \/>\n\t<meta property=\"og:image:type\" content=\"image\/jpeg\" \/>\n<meta name=\"twitter:card\" content=\"summary_large_image\" \/>\n<meta name=\"twitter:label1\" content=\"Tiempo de lectura\" \/>\n\t<meta name=\"twitter:data1\" content=\"1 minuto\" \/>\n<script type=\"application\/ld+json\" class=\"yoast-schema-graph\">{\"@context\":\"https:\/\/schema.org\",\"@graph\":[{\"@type\":\"WebPage\",\"@id\":\"https:\/\/urban-vitamin.com\/es\/producto\/cargador-gan-mendocino-con-cable-retractil-65w-negro\/\",\"url\":\"https:\/\/urban-vitamin.com\/es\/producto\/cargador-gan-mendocino-con-cable-retractil-65w-negro\/\",\"name\":\"Cargador GaN Mendocino con cable retr\u00e1ctil 65W, negro - Urban Vitamin\",\"isPartOf\":{\"@id\":\"https:\/\/urban-vitamin.com\/es\/#website\"},\"primaryImageOfPage\":{\"@id\":\"https:\/\/urban-vitamin.com\/es\/producto\/cargador-gan-mendocino-con-cable-retractil-65w-negro\/#primaryimage\"},\"image\":{\"@id\":\"https:\/\/urban-vitamin.com\/es\/producto\/cargador-gan-mendocino-con-cable-retractil-65w-negro\/#primaryimage\"},\"thumbnailUrl\":\"https:\/\/urban-vitamin.com\/wp-content\/uploads\/sites\/5\/2025\/10\/P301.2701__S_0__73003593ba03419e88af5098c8cc9b26.jpg\",\"datePublished\":\"2026-03-12T01:06:04+00:00\",\"dateModified\":\"2026-03-12T02:26:11+00:00\",\"breadcrumb\":{\"@id\":\"https:\/\/urban-vitamin.com\/es\/producto\/cargador-gan-mendocino-con-cable-retractil-65w-negro\/#breadcrumb\"},\"inLanguage\":\"es\",\"potentialAction\":[{\"@type\":\"ReadAction\",\"target\":[\"https:\/\/urban-vitamin.com\/es\/producto\/cargador-gan-mendocino-con-cable-retractil-65w-negro\/\"]}]},{\"@type\":\"ImageObject\",\"inLanguage\":\"es\",\"@id\":\"https:\/\/urban-vitamin.com\/es\/producto\/cargador-gan-mendocino-con-cable-retractil-65w-negro\/#primaryimage\",\"url\":\"https:\/\/urban-vitamin.com\/wp-content\/uploads\/sites\/5\/2025\/10\/P301.2701__S_0__73003593ba03419e88af5098c8cc9b26.jpg\",\"contentUrl\":\"https:\/\/urban-vitamin.com\/wp-content\/uploads\/sites\/5\/2025\/10\/P301.2701__S_0__73003593ba03419e88af5098c8cc9b26.jpg\",\"width\":1024,\"height\":1024},{\"@type\":\"BreadcrumbList\",\"@id\":\"https:\/\/urban-vitamin.com\/es\/producto\/cargador-gan-mendocino-con-cable-retractil-65w-negro\/#breadcrumb\",\"itemListElement\":[{\"@type\":\"ListItem\",\"position\":1,\"name\":\"Home\",\"item\":\"https:\/\/urban-vitamin.com\/es\/\"},{\"@type\":\"ListItem\",\"position\":2,\"name\":\"Recopilaci\u00f3n\",\"item\":\"https:\/\/urban-vitamin.com\/es\/recopilacion\/\"},{\"@type\":\"ListItem\",\"position\":3,\"name\":\"Cargador GaN Mendocino con cable retr\u00e1ctil 65W, negro\"}]},{\"@type\":\"WebSite\",\"@id\":\"https:\/\/urban-vitamin.com\/es\/#website\",\"url\":\"https:\/\/urban-vitamin.com\/es\/\",\"name\":\"Urban Vitamin\",\"description\":\"Enjoy your daily dose of Urban Vitamin!\",\"potentialAction\":[{\"@type\":\"SearchAction\",\"target\":{\"@type\":\"EntryPoint\",\"urlTemplate\":\"https:\/\/urban-vitamin.com\/es\/?s={search_term_string}\"},\"query-input\":{\"@type\":\"PropertyValueSpecification\",\"valueRequired\":true,\"valueName\":\"search_term_string\"}}],\"inLanguage\":\"es\"}]}<\/script>\n<!-- \/ Yoast SEO plugin. -->","yoast_head_json":{"title":"Cargador GaN Mendocino con cable retr\u00e1ctil 65W, negro - Urban Vitamin","robots":{"index":"index","follow":"follow","max-snippet":"max-snippet:-1","max-image-preview":"max-image-preview:large","max-video-preview":"max-video-preview:-1"},"canonical":"https:\/\/urban-vitamin.com\/es\/producto\/cargador-gan-mendocino-con-cable-retractil-65w-negro\/","og_locale":"es_ES","og_type":"article","og_title":"Cargador GaN Mendocino con cable retr\u00e1ctil 65W, negro - Urban Vitamin","og_description":"Descubre el cargador de 65W m\u00e1s inteligente con un cable que siempre est\u00e1 ah\u00ed cuando lo necesitas. Mendocino es un cargador PD GaN de 65W que incorpora un cable USB-C retr\u00e1ctil de 80 cm, para que puedas cargar sin tener que usar un cable adicional. Adem\u00e1s, incluye enchufes intercambiables para la UE y el Reino [&hellip;]","og_url":"https:\/\/urban-vitamin.com\/es\/producto\/cargador-gan-mendocino-con-cable-retractil-65w-negro\/","og_site_name":"Urban Vitamin","article_modified_time":"2026-03-12T02:26:11+00:00","og_image":[{"width":1024,"height":1024,"url":"https:\/\/urban-vitamin.com\/wp-content\/uploads\/sites\/5\/2025\/10\/P301.2701__S_0__73003593ba03419e88af5098c8cc9b26.jpg","type":"image\/jpeg"}],"twitter_card":"summary_large_image","twitter_misc":{"Tiempo de lectura":"1 minuto"},"schema":{"@context":"https:\/\/schema.org","@graph":[{"@type":"WebPage","@id":"https:\/\/urban-vitamin.com\/es\/producto\/cargador-gan-mendocino-con-cable-retractil-65w-negro\/","url":"https:\/\/urban-vitamin.com\/es\/producto\/cargador-gan-mendocino-con-cable-retractil-65w-negro\/","name":"Cargador GaN Mendocino con cable retr\u00e1ctil 65W, negro - Urban Vitamin","isPartOf":{"@id":"https:\/\/urban-vitamin.com\/es\/#website"},"primaryImageOfPage":{"@id":"https:\/\/urban-vitamin.com\/es\/producto\/cargador-gan-mendocino-con-cable-retractil-65w-negro\/#primaryimage"},"image":{"@id":"https:\/\/urban-vitamin.com\/es\/producto\/cargador-gan-mendocino-con-cable-retractil-65w-negro\/#primaryimage"},"thumbnailUrl":"https:\/\/urban-vitamin.com\/wp-content\/uploads\/sites\/5\/2025\/10\/P301.2701__S_0__73003593ba03419e88af5098c8cc9b26.jpg","datePublished":"2026-03-12T01:06:04+00:00","dateModified":"2026-03-12T02:26:11+00:00","breadcrumb":{"@id":"https:\/\/urban-vitamin.com\/es\/producto\/cargador-gan-mendocino-con-cable-retractil-65w-negro\/#breadcrumb"},"inLanguage":"es","potentialAction":[{"@type":"ReadAction","target":["https:\/\/urban-vitamin.com\/es\/producto\/cargador-gan-mendocino-con-cable-retractil-65w-negro\/"]}]},{"@type":"ImageObject","inLanguage":"es","@id":"https:\/\/urban-vitamin.com\/es\/producto\/cargador-gan-mendocino-con-cable-retractil-65w-negro\/#primaryimage","url":"https:\/\/urban-vitamin.com\/wp-content\/uploads\/sites\/5\/2025\/10\/P301.2701__S_0__73003593ba03419e88af5098c8cc9b26.jpg","contentUrl":"https:\/\/urban-vitamin.com\/wp-content\/uploads\/sites\/5\/2025\/10\/P301.2701__S_0__73003593ba03419e88af5098c8cc9b26.jpg","width":1024,"height":1024},{"@type":"BreadcrumbList","@id":"https:\/\/urban-vitamin.com\/es\/producto\/cargador-gan-mendocino-con-cable-retractil-65w-negro\/#breadcrumb","itemListElement":[{"@type":"ListItem","position":1,"name":"Home","item":"https:\/\/urban-vitamin.com\/es\/"},{"@type":"ListItem","position":2,"name":"Recopilaci\u00f3n","item":"https:\/\/urban-vitamin.com\/es\/recopilacion\/"},{"@type":"ListItem","position":3,"name":"Cargador GaN Mendocino con cable retr\u00e1ctil 65W, negro"}]},{"@type":"WebSite","@id":"https:\/\/urban-vitamin.com\/es\/#website","url":"https:\/\/urban-vitamin.com\/es\/","name":"Urban Vitamin","description":"Enjoy your daily dose of Urban Vitamin!","potentialAction":[{"@type":"SearchAction","target":{"@type":"EntryPoint","urlTemplate":"https:\/\/urban-vitamin.com\/es\/?s={search_term_string}"},"query-input":{"@type":"PropertyValueSpecification","valueRequired":true,"valueName":"search_term_string"}}],"inLanguage":"es"}]}},"_links":{"self":[{"href":"https:\/\/urban-vitamin.com\/es\/wp-json\/wp\/v2\/product\/25271","targetHints":{"allow":["GET"]}}],"collection":[{"href":"https:\/\/urban-vitamin.com\/es\/wp-json\/wp\/v2\/product"}],"about":[{"href":"https:\/\/urban-vitamin.com\/es\/wp-json\/wp\/v2\/types\/product"}],"replies":[{"embeddable":true,"href":"https:\/\/urban-vitamin.com\/es\/wp-json\/wp\/v2\/comments?post=25271"}],"wp:featuredmedia":[{"embeddable":true,"href":"https:\/\/urban-vitamin.com\/es\/wp-json\/wp\/v2\/media\/26711"}],"wp:attachment":[{"href":"https:\/\/urban-vitamin.com\/es\/wp-json\/wp\/v2\/media?parent=25271"}],"wp:term":[{"taxonomy":"product_cat","embeddable":true,"href":"https:\/\/urban-vitamin.com\/es\/wp-json\/wp\/v2\/product_cat?post=25271"},{"taxonomy":"product_tag","embeddable":true,"href":"https:\/\/urban-vitamin.com\/es\/wp-json\/wp\/v2\/product_tag?post=25271"}],"curies":[{"name":"wp","href":"https:\/\/api.w.org\/{rel}","templated":true}]}}