{"id":24058,"date":"2026-03-12T01:06:37","date_gmt":"2026-03-12T01:06:37","guid":{"rendered":"https:\/\/urban-vitamin.com\/urban-vitamin-delano-5-en-1-powerbank-magnetico-negro\/"},"modified":"2026-03-12T02:26:48","modified_gmt":"2026-03-12T02:26:48","slug":"powerbank-magnetico-delano-5-en-1-negro","status":"publish","type":"product","link":"https:\/\/urban-vitamin.com\/es\/producto\/powerbank-magnetico-delano-5-en-1-negro\/","title":{"rendered":"Powerbank magn\u00e9tico Delano 5 en 1, negro"},"content":{"rendered":"<p>Te presentamos el Delano, un powerbank de carga r\u00e1pida 5 en 1 de 10,000 mAh y 20W PD. Viene equipado con un cargador inal\u00e1mbrico magn\u00e9tico de 15W, que puede cargar tu tel\u00e9fono de manera inal\u00e1mbrica a la m\u00e1xima velocidad. El mismo cargador tambi\u00e9n puede cargar tus AirPods o Apple Watch. Delano admite carga ultrarr\u00e1pida de 20W a trav\u00e9s de su puerto USB-C, tanto para recargar el powerbank como para cargar tu dispositivo a toda velocidad. Incluso tiene un cable USB-C integrado para carga r\u00e1pida y un cable Lightning incorporado para cargar modelos m\u00e1s nuevos de iPhone. Con un soporte integrado, puedes colocar tu tel\u00e9fono durante la carga para ver pel\u00edculas u otro contenido. Hecho con ABS reciclado certificado por RCS (Recycled Claim Standard) y pl\u00e1stico reciclado de PC, el contenido reciclado total es del 24% basado en el peso total del art\u00edculo. Los productos de Urban Vitamin se fabrican sin PVC y se empaquetan en envases con menos pl\u00e1stico.<\/p>\n","protected":false},"excerpt":{"rendered":"<p>Te presentamos el Delano, un powerbank de carga r\u00e1pida 5 en 1 de 10,000 mAh y 20W PD. Viene equipado con un cargador inal\u00e1mbrico magn\u00e9tico de 15W, que puede cargar tu tel\u00e9fono de manera inal\u00e1mbrica a la m\u00e1xima velocidad. El mismo cargador tambi\u00e9n puede cargar tus AirPods o Apple Watch. Delano admite carga ultrarr\u00e1pida de [&hellip;]<\/p>\n","protected":false},"featured_media":24376,"comment_status":"closed","ping_status":"closed","template":"","meta":{"_acf_changed":false,"om_disable_all_campaigns":false},"product_cat":[77],"product_tag":[],"class_list":["post-24058","product","type-product","status-publish","has-post-thumbnail","hentry","product_cat-powerbanks-es","pa_color-black"],"acf":[],"yoast_head":"<!-- This site is optimized with the Yoast SEO plugin v27.0 - https:\/\/yoast.com\/product\/yoast-seo-wordpress\/ -->\n<title>Powerbank magn\u00e9tico Delano 5 en 1, negro - Urban Vitamin<\/title>\n<meta name=\"robots\" content=\"index, follow, max-snippet:-1, max-image-preview:large, max-video-preview:-1\" \/>\n<link rel=\"canonical\" href=\"https:\/\/urban-vitamin.com\/es\/producto\/powerbank-magnetico-delano-5-en-1-negro\/\" \/>\n<meta property=\"og:locale\" content=\"es_ES\" \/>\n<meta property=\"og:type\" content=\"article\" \/>\n<meta property=\"og:title\" content=\"Powerbank magn\u00e9tico Delano 5 en 1, negro - Urban Vitamin\" \/>\n<meta property=\"og:description\" content=\"Te presentamos el Delano, un powerbank de carga r\u00e1pida 5 en 1 de 10,000 mAh y 20W PD. Viene equipado con un cargador inal\u00e1mbrico magn\u00e9tico de 15W, que puede cargar tu tel\u00e9fono de manera inal\u00e1mbrica a la m\u00e1xima velocidad. El mismo cargador tambi\u00e9n puede cargar tus AirPods o Apple Watch. Delano admite carga ultrarr\u00e1pida de [&hellip;]\" \/>\n<meta property=\"og:url\" content=\"https:\/\/urban-vitamin.com\/es\/producto\/powerbank-magnetico-delano-5-en-1-negro\/\" \/>\n<meta property=\"og:site_name\" content=\"Urban Vitamin\" \/>\n<meta property=\"article:modified_time\" content=\"2026-03-12T02:26:48+00:00\" \/>\n<meta property=\"og:image\" content=\"https:\/\/urban-vitamin.com\/wp-content\/uploads\/sites\/5\/2025\/03\/P322.7201__S_0__230bed86132d465e9b6a9eeb9974b391.jpg\" \/>\n\t<meta property=\"og:image:width\" content=\"1024\" \/>\n\t<meta property=\"og:image:height\" content=\"1024\" \/>\n\t<meta property=\"og:image:type\" content=\"image\/jpeg\" \/>\n<meta name=\"twitter:card\" content=\"summary_large_image\" \/>\n<meta name=\"twitter:label1\" content=\"Tiempo de lectura\" \/>\n\t<meta name=\"twitter:data1\" content=\"1 minuto\" \/>\n<script type=\"application\/ld+json\" class=\"yoast-schema-graph\">{\"@context\":\"https:\/\/schema.org\",\"@graph\":[{\"@type\":\"WebPage\",\"@id\":\"https:\/\/urban-vitamin.com\/es\/producto\/powerbank-magnetico-delano-5-en-1-negro\/\",\"url\":\"https:\/\/urban-vitamin.com\/es\/producto\/powerbank-magnetico-delano-5-en-1-negro\/\",\"name\":\"Powerbank magn\u00e9tico Delano 5 en 1, negro - Urban Vitamin\",\"isPartOf\":{\"@id\":\"https:\/\/urban-vitamin.com\/es\/#website\"},\"primaryImageOfPage\":{\"@id\":\"https:\/\/urban-vitamin.com\/es\/producto\/powerbank-magnetico-delano-5-en-1-negro\/#primaryimage\"},\"image\":{\"@id\":\"https:\/\/urban-vitamin.com\/es\/producto\/powerbank-magnetico-delano-5-en-1-negro\/#primaryimage\"},\"thumbnailUrl\":\"https:\/\/urban-vitamin.com\/wp-content\/uploads\/sites\/5\/2025\/03\/P322.7201__S_0__230bed86132d465e9b6a9eeb9974b391.jpg\",\"datePublished\":\"2026-03-12T01:06:37+00:00\",\"dateModified\":\"2026-03-12T02:26:48+00:00\",\"breadcrumb\":{\"@id\":\"https:\/\/urban-vitamin.com\/es\/producto\/powerbank-magnetico-delano-5-en-1-negro\/#breadcrumb\"},\"inLanguage\":\"es\",\"potentialAction\":[{\"@type\":\"ReadAction\",\"target\":[\"https:\/\/urban-vitamin.com\/es\/producto\/powerbank-magnetico-delano-5-en-1-negro\/\"]}]},{\"@type\":\"ImageObject\",\"inLanguage\":\"es\",\"@id\":\"https:\/\/urban-vitamin.com\/es\/producto\/powerbank-magnetico-delano-5-en-1-negro\/#primaryimage\",\"url\":\"https:\/\/urban-vitamin.com\/wp-content\/uploads\/sites\/5\/2025\/03\/P322.7201__S_0__230bed86132d465e9b6a9eeb9974b391.jpg\",\"contentUrl\":\"https:\/\/urban-vitamin.com\/wp-content\/uploads\/sites\/5\/2025\/03\/P322.7201__S_0__230bed86132d465e9b6a9eeb9974b391.jpg\",\"width\":1024,\"height\":1024},{\"@type\":\"BreadcrumbList\",\"@id\":\"https:\/\/urban-vitamin.com\/es\/producto\/powerbank-magnetico-delano-5-en-1-negro\/#breadcrumb\",\"itemListElement\":[{\"@type\":\"ListItem\",\"position\":1,\"name\":\"Home\",\"item\":\"https:\/\/urban-vitamin.com\/es\/\"},{\"@type\":\"ListItem\",\"position\":2,\"name\":\"Recopilaci\u00f3n\",\"item\":\"https:\/\/urban-vitamin.com\/es\/recopilacion\/\"},{\"@type\":\"ListItem\",\"position\":3,\"name\":\"Powerbank magn\u00e9tico Delano 5 en 1, negro\"}]},{\"@type\":\"WebSite\",\"@id\":\"https:\/\/urban-vitamin.com\/es\/#website\",\"url\":\"https:\/\/urban-vitamin.com\/es\/\",\"name\":\"Urban Vitamin\",\"description\":\"Enjoy your daily dose of Urban Vitamin!\",\"potentialAction\":[{\"@type\":\"SearchAction\",\"target\":{\"@type\":\"EntryPoint\",\"urlTemplate\":\"https:\/\/urban-vitamin.com\/es\/?s={search_term_string}\"},\"query-input\":{\"@type\":\"PropertyValueSpecification\",\"valueRequired\":true,\"valueName\":\"search_term_string\"}}],\"inLanguage\":\"es\"}]}<\/script>\n<!-- \/ Yoast SEO plugin. -->","yoast_head_json":{"title":"Powerbank magn\u00e9tico Delano 5 en 1, negro - Urban Vitamin","robots":{"index":"index","follow":"follow","max-snippet":"max-snippet:-1","max-image-preview":"max-image-preview:large","max-video-preview":"max-video-preview:-1"},"canonical":"https:\/\/urban-vitamin.com\/es\/producto\/powerbank-magnetico-delano-5-en-1-negro\/","og_locale":"es_ES","og_type":"article","og_title":"Powerbank magn\u00e9tico Delano 5 en 1, negro - Urban Vitamin","og_description":"Te presentamos el Delano, un powerbank de carga r\u00e1pida 5 en 1 de 10,000 mAh y 20W PD. Viene equipado con un cargador inal\u00e1mbrico magn\u00e9tico de 15W, que puede cargar tu tel\u00e9fono de manera inal\u00e1mbrica a la m\u00e1xima velocidad. El mismo cargador tambi\u00e9n puede cargar tus AirPods o Apple Watch. Delano admite carga ultrarr\u00e1pida de [&hellip;]","og_url":"https:\/\/urban-vitamin.com\/es\/producto\/powerbank-magnetico-delano-5-en-1-negro\/","og_site_name":"Urban Vitamin","article_modified_time":"2026-03-12T02:26:48+00:00","og_image":[{"width":1024,"height":1024,"url":"https:\/\/urban-vitamin.com\/wp-content\/uploads\/sites\/5\/2025\/03\/P322.7201__S_0__230bed86132d465e9b6a9eeb9974b391.jpg","type":"image\/jpeg"}],"twitter_card":"summary_large_image","twitter_misc":{"Tiempo de lectura":"1 minuto"},"schema":{"@context":"https:\/\/schema.org","@graph":[{"@type":"WebPage","@id":"https:\/\/urban-vitamin.com\/es\/producto\/powerbank-magnetico-delano-5-en-1-negro\/","url":"https:\/\/urban-vitamin.com\/es\/producto\/powerbank-magnetico-delano-5-en-1-negro\/","name":"Powerbank magn\u00e9tico Delano 5 en 1, negro - Urban Vitamin","isPartOf":{"@id":"https:\/\/urban-vitamin.com\/es\/#website"},"primaryImageOfPage":{"@id":"https:\/\/urban-vitamin.com\/es\/producto\/powerbank-magnetico-delano-5-en-1-negro\/#primaryimage"},"image":{"@id":"https:\/\/urban-vitamin.com\/es\/producto\/powerbank-magnetico-delano-5-en-1-negro\/#primaryimage"},"thumbnailUrl":"https:\/\/urban-vitamin.com\/wp-content\/uploads\/sites\/5\/2025\/03\/P322.7201__S_0__230bed86132d465e9b6a9eeb9974b391.jpg","datePublished":"2026-03-12T01:06:37+00:00","dateModified":"2026-03-12T02:26:48+00:00","breadcrumb":{"@id":"https:\/\/urban-vitamin.com\/es\/producto\/powerbank-magnetico-delano-5-en-1-negro\/#breadcrumb"},"inLanguage":"es","potentialAction":[{"@type":"ReadAction","target":["https:\/\/urban-vitamin.com\/es\/producto\/powerbank-magnetico-delano-5-en-1-negro\/"]}]},{"@type":"ImageObject","inLanguage":"es","@id":"https:\/\/urban-vitamin.com\/es\/producto\/powerbank-magnetico-delano-5-en-1-negro\/#primaryimage","url":"https:\/\/urban-vitamin.com\/wp-content\/uploads\/sites\/5\/2025\/03\/P322.7201__S_0__230bed86132d465e9b6a9eeb9974b391.jpg","contentUrl":"https:\/\/urban-vitamin.com\/wp-content\/uploads\/sites\/5\/2025\/03\/P322.7201__S_0__230bed86132d465e9b6a9eeb9974b391.jpg","width":1024,"height":1024},{"@type":"BreadcrumbList","@id":"https:\/\/urban-vitamin.com\/es\/producto\/powerbank-magnetico-delano-5-en-1-negro\/#breadcrumb","itemListElement":[{"@type":"ListItem","position":1,"name":"Home","item":"https:\/\/urban-vitamin.com\/es\/"},{"@type":"ListItem","position":2,"name":"Recopilaci\u00f3n","item":"https:\/\/urban-vitamin.com\/es\/recopilacion\/"},{"@type":"ListItem","position":3,"name":"Powerbank magn\u00e9tico Delano 5 en 1, negro"}]},{"@type":"WebSite","@id":"https:\/\/urban-vitamin.com\/es\/#website","url":"https:\/\/urban-vitamin.com\/es\/","name":"Urban Vitamin","description":"Enjoy your daily dose of Urban Vitamin!","potentialAction":[{"@type":"SearchAction","target":{"@type":"EntryPoint","urlTemplate":"https:\/\/urban-vitamin.com\/es\/?s={search_term_string}"},"query-input":{"@type":"PropertyValueSpecification","valueRequired":true,"valueName":"search_term_string"}}],"inLanguage":"es"}]}},"_links":{"self":[{"href":"https:\/\/urban-vitamin.com\/es\/wp-json\/wp\/v2\/product\/24058","targetHints":{"allow":["GET"]}}],"collection":[{"href":"https:\/\/urban-vitamin.com\/es\/wp-json\/wp\/v2\/product"}],"about":[{"href":"https:\/\/urban-vitamin.com\/es\/wp-json\/wp\/v2\/types\/product"}],"replies":[{"embeddable":true,"href":"https:\/\/urban-vitamin.com\/es\/wp-json\/wp\/v2\/comments?post=24058"}],"wp:featuredmedia":[{"embeddable":true,"href":"https:\/\/urban-vitamin.com\/es\/wp-json\/wp\/v2\/media\/24376"}],"wp:attachment":[{"href":"https:\/\/urban-vitamin.com\/es\/wp-json\/wp\/v2\/media?parent=24058"}],"wp:term":[{"taxonomy":"product_cat","embeddable":true,"href":"https:\/\/urban-vitamin.com\/es\/wp-json\/wp\/v2\/product_cat?post=24058"},{"taxonomy":"product_tag","embeddable":true,"href":"https:\/\/urban-vitamin.com\/es\/wp-json\/wp\/v2\/product_tag?post=24058"}],"curies":[{"name":"wp","href":"https:\/\/api.w.org\/{rel}","templated":true}]}}