{"id":22368,"date":"2026-03-12T01:06:04","date_gmt":"2026-03-12T01:06:04","guid":{"rendered":"https:\/\/urban-vitamin.com\/cargador-hibrido-eureka-rcs-reciclado-65w-negro\/"},"modified":"2026-03-12T02:26:19","modified_gmt":"2026-03-12T02:26:19","slug":"cargador-hibrido-eureka-rcs-reciclado-65w-negro","status":"publish","type":"product","link":"https:\/\/urban-vitamin.com\/es\/producto\/cargador-hibrido-eureka-rcs-reciclado-65w-negro\/","title":{"rendered":"Cargador h\u00edbrido Eureka RCS reciclado 65W, negro"},"content":{"rendered":"<p>La carga h\u00edbrida ha llegado con el cargador GAN definitivo que te ofrece una carga ultrarr\u00e1pida de 65W. Utilizar tanto como powerbank como cargador de pared GAN de 65W. Con\u00e9ctalo a un enchufe de pared en casa o durante tu viaje y carga cualquier dispositivo, incluso un port\u00e1til, a gran velocidad. Mientras cargas tus dispositivos, el propio powerbank se est\u00e1 cargando. GAN es una nueva tecnolog\u00eda de carga que permite un tama\u00f1o mucho m\u00e1s peque\u00f1o para adaptadores potentes, menos calor, por lo que es mucho m\u00e1s seguro, y una mayor eficiencia energ\u00e9tica, por lo que se pierde menos energ\u00eda en la carga. Viene con 1 puerto USB A, 1 puerto tipo C y 1 cable tipo C integrado. Adaptador para EE. UU., UE y Reino Unido para llevarlo a cualquier parte. Fabricado con PC ign\u00edfugo reciclado certificado RCS (Recycled Claim Standard). Contenido reciclado total: 22% enfunci\u00f3n del peso total del art\u00edculo. Los art\u00edculos de Urban Vitamin est\u00e1n fabricados sin PVC y presentados en envases reducidos en pl\u00e1stico.<\/p>\n","protected":false},"excerpt":{"rendered":"<p>La carga h\u00edbrida ha llegado con el cargador GAN definitivo que te ofrece una carga ultrarr\u00e1pida de 65W. Utilizar tanto como powerbank como cargador de pared GAN de 65W. Con\u00e9ctalo a un enchufe de pared en casa o durante tu viaje y carga cualquier dispositivo, incluso un port\u00e1til, a gran velocidad. Mientras cargas tus dispositivos, [&hellip;]<\/p>\n","protected":false},"featured_media":23341,"comment_status":"closed","ping_status":"closed","template":"","meta":{"_acf_changed":false,"om_disable_all_campaigns":false},"product_cat":[88],"product_tag":[],"class_list":["post-22368","product","type-product","status-publish","has-post-thumbnail","hentry","product_cat-uncategorized","pa_color-black"],"acf":[],"yoast_head":"<!-- This site is optimized with the Yoast SEO plugin v27.0 - https:\/\/yoast.com\/product\/yoast-seo-wordpress\/ -->\n<title>Cargador h\u00edbrido Eureka RCS reciclado 65W, negro - Urban Vitamin<\/title>\n<meta name=\"robots\" content=\"index, follow, max-snippet:-1, max-image-preview:large, max-video-preview:-1\" \/>\n<link rel=\"canonical\" href=\"https:\/\/urban-vitamin.com\/es\/producto\/cargador-hibrido-eureka-rcs-reciclado-65w-negro\/\" \/>\n<meta property=\"og:locale\" content=\"es_ES\" \/>\n<meta property=\"og:type\" content=\"article\" \/>\n<meta property=\"og:title\" content=\"Cargador h\u00edbrido Eureka RCS reciclado 65W, negro - Urban Vitamin\" \/>\n<meta property=\"og:description\" content=\"La carga h\u00edbrida ha llegado con el cargador GAN definitivo que te ofrece una carga ultrarr\u00e1pida de 65W. Utilizar tanto como powerbank como cargador de pared GAN de 65W. Con\u00e9ctalo a un enchufe de pared en casa o durante tu viaje y carga cualquier dispositivo, incluso un port\u00e1til, a gran velocidad. Mientras cargas tus dispositivos, [&hellip;]\" \/>\n<meta property=\"og:url\" content=\"https:\/\/urban-vitamin.com\/es\/producto\/cargador-hibrido-eureka-rcs-reciclado-65w-negro\/\" \/>\n<meta property=\"og:site_name\" content=\"Urban Vitamin\" \/>\n<meta property=\"article:modified_time\" content=\"2026-03-12T02:26:19+00:00\" \/>\n<meta property=\"og:image\" content=\"https:\/\/urban-vitamin.com\/wp-content\/uploads\/sites\/5\/2025\/02\/P301.9901__S_0__17a61adf10cf4575856b67f5326988cf.jpg\" \/>\n\t<meta property=\"og:image:width\" content=\"1024\" \/>\n\t<meta property=\"og:image:height\" content=\"1024\" \/>\n\t<meta property=\"og:image:type\" content=\"image\/jpeg\" \/>\n<meta name=\"twitter:card\" content=\"summary_large_image\" \/>\n<meta name=\"twitter:label1\" content=\"Tiempo de lectura\" \/>\n\t<meta name=\"twitter:data1\" content=\"1 minuto\" \/>\n<script type=\"application\/ld+json\" class=\"yoast-schema-graph\">{\"@context\":\"https:\/\/schema.org\",\"@graph\":[{\"@type\":\"WebPage\",\"@id\":\"https:\/\/urban-vitamin.com\/es\/producto\/cargador-hibrido-eureka-rcs-reciclado-65w-negro\/\",\"url\":\"https:\/\/urban-vitamin.com\/es\/producto\/cargador-hibrido-eureka-rcs-reciclado-65w-negro\/\",\"name\":\"Cargador h\u00edbrido Eureka RCS reciclado 65W, negro - Urban Vitamin\",\"isPartOf\":{\"@id\":\"https:\/\/urban-vitamin.com\/es\/#website\"},\"primaryImageOfPage\":{\"@id\":\"https:\/\/urban-vitamin.com\/es\/producto\/cargador-hibrido-eureka-rcs-reciclado-65w-negro\/#primaryimage\"},\"image\":{\"@id\":\"https:\/\/urban-vitamin.com\/es\/producto\/cargador-hibrido-eureka-rcs-reciclado-65w-negro\/#primaryimage\"},\"thumbnailUrl\":\"https:\/\/urban-vitamin.com\/wp-content\/uploads\/sites\/5\/2025\/02\/P301.9901__S_0__17a61adf10cf4575856b67f5326988cf.jpg\",\"datePublished\":\"2026-03-12T01:06:04+00:00\",\"dateModified\":\"2026-03-12T02:26:19+00:00\",\"breadcrumb\":{\"@id\":\"https:\/\/urban-vitamin.com\/es\/producto\/cargador-hibrido-eureka-rcs-reciclado-65w-negro\/#breadcrumb\"},\"inLanguage\":\"es\",\"potentialAction\":[{\"@type\":\"ReadAction\",\"target\":[\"https:\/\/urban-vitamin.com\/es\/producto\/cargador-hibrido-eureka-rcs-reciclado-65w-negro\/\"]}]},{\"@type\":\"ImageObject\",\"inLanguage\":\"es\",\"@id\":\"https:\/\/urban-vitamin.com\/es\/producto\/cargador-hibrido-eureka-rcs-reciclado-65w-negro\/#primaryimage\",\"url\":\"https:\/\/urban-vitamin.com\/wp-content\/uploads\/sites\/5\/2025\/02\/P301.9901__S_0__17a61adf10cf4575856b67f5326988cf.jpg\",\"contentUrl\":\"https:\/\/urban-vitamin.com\/wp-content\/uploads\/sites\/5\/2025\/02\/P301.9901__S_0__17a61adf10cf4575856b67f5326988cf.jpg\",\"width\":1024,\"height\":1024},{\"@type\":\"BreadcrumbList\",\"@id\":\"https:\/\/urban-vitamin.com\/es\/producto\/cargador-hibrido-eureka-rcs-reciclado-65w-negro\/#breadcrumb\",\"itemListElement\":[{\"@type\":\"ListItem\",\"position\":1,\"name\":\"Home\",\"item\":\"https:\/\/urban-vitamin.com\/es\/\"},{\"@type\":\"ListItem\",\"position\":2,\"name\":\"Recopilaci\u00f3n\",\"item\":\"https:\/\/urban-vitamin.com\/es\/recopilacion\/\"},{\"@type\":\"ListItem\",\"position\":3,\"name\":\"Cargador h\u00edbrido Eureka RCS reciclado 65W, negro\"}]},{\"@type\":\"WebSite\",\"@id\":\"https:\/\/urban-vitamin.com\/es\/#website\",\"url\":\"https:\/\/urban-vitamin.com\/es\/\",\"name\":\"Urban Vitamin\",\"description\":\"Enjoy your daily dose of Urban Vitamin!\",\"potentialAction\":[{\"@type\":\"SearchAction\",\"target\":{\"@type\":\"EntryPoint\",\"urlTemplate\":\"https:\/\/urban-vitamin.com\/es\/?s={search_term_string}\"},\"query-input\":{\"@type\":\"PropertyValueSpecification\",\"valueRequired\":true,\"valueName\":\"search_term_string\"}}],\"inLanguage\":\"es\"}]}<\/script>\n<!-- \/ Yoast SEO plugin. -->","yoast_head_json":{"title":"Cargador h\u00edbrido Eureka RCS reciclado 65W, negro - Urban Vitamin","robots":{"index":"index","follow":"follow","max-snippet":"max-snippet:-1","max-image-preview":"max-image-preview:large","max-video-preview":"max-video-preview:-1"},"canonical":"https:\/\/urban-vitamin.com\/es\/producto\/cargador-hibrido-eureka-rcs-reciclado-65w-negro\/","og_locale":"es_ES","og_type":"article","og_title":"Cargador h\u00edbrido Eureka RCS reciclado 65W, negro - Urban Vitamin","og_description":"La carga h\u00edbrida ha llegado con el cargador GAN definitivo que te ofrece una carga ultrarr\u00e1pida de 65W. Utilizar tanto como powerbank como cargador de pared GAN de 65W. Con\u00e9ctalo a un enchufe de pared en casa o durante tu viaje y carga cualquier dispositivo, incluso un port\u00e1til, a gran velocidad. Mientras cargas tus dispositivos, [&hellip;]","og_url":"https:\/\/urban-vitamin.com\/es\/producto\/cargador-hibrido-eureka-rcs-reciclado-65w-negro\/","og_site_name":"Urban Vitamin","article_modified_time":"2026-03-12T02:26:19+00:00","og_image":[{"width":1024,"height":1024,"url":"https:\/\/urban-vitamin.com\/wp-content\/uploads\/sites\/5\/2025\/02\/P301.9901__S_0__17a61adf10cf4575856b67f5326988cf.jpg","type":"image\/jpeg"}],"twitter_card":"summary_large_image","twitter_misc":{"Tiempo de lectura":"1 minuto"},"schema":{"@context":"https:\/\/schema.org","@graph":[{"@type":"WebPage","@id":"https:\/\/urban-vitamin.com\/es\/producto\/cargador-hibrido-eureka-rcs-reciclado-65w-negro\/","url":"https:\/\/urban-vitamin.com\/es\/producto\/cargador-hibrido-eureka-rcs-reciclado-65w-negro\/","name":"Cargador h\u00edbrido Eureka RCS reciclado 65W, negro - Urban Vitamin","isPartOf":{"@id":"https:\/\/urban-vitamin.com\/es\/#website"},"primaryImageOfPage":{"@id":"https:\/\/urban-vitamin.com\/es\/producto\/cargador-hibrido-eureka-rcs-reciclado-65w-negro\/#primaryimage"},"image":{"@id":"https:\/\/urban-vitamin.com\/es\/producto\/cargador-hibrido-eureka-rcs-reciclado-65w-negro\/#primaryimage"},"thumbnailUrl":"https:\/\/urban-vitamin.com\/wp-content\/uploads\/sites\/5\/2025\/02\/P301.9901__S_0__17a61adf10cf4575856b67f5326988cf.jpg","datePublished":"2026-03-12T01:06:04+00:00","dateModified":"2026-03-12T02:26:19+00:00","breadcrumb":{"@id":"https:\/\/urban-vitamin.com\/es\/producto\/cargador-hibrido-eureka-rcs-reciclado-65w-negro\/#breadcrumb"},"inLanguage":"es","potentialAction":[{"@type":"ReadAction","target":["https:\/\/urban-vitamin.com\/es\/producto\/cargador-hibrido-eureka-rcs-reciclado-65w-negro\/"]}]},{"@type":"ImageObject","inLanguage":"es","@id":"https:\/\/urban-vitamin.com\/es\/producto\/cargador-hibrido-eureka-rcs-reciclado-65w-negro\/#primaryimage","url":"https:\/\/urban-vitamin.com\/wp-content\/uploads\/sites\/5\/2025\/02\/P301.9901__S_0__17a61adf10cf4575856b67f5326988cf.jpg","contentUrl":"https:\/\/urban-vitamin.com\/wp-content\/uploads\/sites\/5\/2025\/02\/P301.9901__S_0__17a61adf10cf4575856b67f5326988cf.jpg","width":1024,"height":1024},{"@type":"BreadcrumbList","@id":"https:\/\/urban-vitamin.com\/es\/producto\/cargador-hibrido-eureka-rcs-reciclado-65w-negro\/#breadcrumb","itemListElement":[{"@type":"ListItem","position":1,"name":"Home","item":"https:\/\/urban-vitamin.com\/es\/"},{"@type":"ListItem","position":2,"name":"Recopilaci\u00f3n","item":"https:\/\/urban-vitamin.com\/es\/recopilacion\/"},{"@type":"ListItem","position":3,"name":"Cargador h\u00edbrido Eureka RCS reciclado 65W, negro"}]},{"@type":"WebSite","@id":"https:\/\/urban-vitamin.com\/es\/#website","url":"https:\/\/urban-vitamin.com\/es\/","name":"Urban Vitamin","description":"Enjoy your daily dose of Urban Vitamin!","potentialAction":[{"@type":"SearchAction","target":{"@type":"EntryPoint","urlTemplate":"https:\/\/urban-vitamin.com\/es\/?s={search_term_string}"},"query-input":{"@type":"PropertyValueSpecification","valueRequired":true,"valueName":"search_term_string"}}],"inLanguage":"es"}]}},"_links":{"self":[{"href":"https:\/\/urban-vitamin.com\/es\/wp-json\/wp\/v2\/product\/22368","targetHints":{"allow":["GET"]}}],"collection":[{"href":"https:\/\/urban-vitamin.com\/es\/wp-json\/wp\/v2\/product"}],"about":[{"href":"https:\/\/urban-vitamin.com\/es\/wp-json\/wp\/v2\/types\/product"}],"replies":[{"embeddable":true,"href":"https:\/\/urban-vitamin.com\/es\/wp-json\/wp\/v2\/comments?post=22368"}],"wp:featuredmedia":[{"embeddable":true,"href":"https:\/\/urban-vitamin.com\/es\/wp-json\/wp\/v2\/media\/23341"}],"wp:attachment":[{"href":"https:\/\/urban-vitamin.com\/es\/wp-json\/wp\/v2\/media?parent=22368"}],"wp:term":[{"taxonomy":"product_cat","embeddable":true,"href":"https:\/\/urban-vitamin.com\/es\/wp-json\/wp\/v2\/product_cat?post=22368"},{"taxonomy":"product_tag","embeddable":true,"href":"https:\/\/urban-vitamin.com\/es\/wp-json\/wp\/v2\/product_tag?post=22368"}],"curies":[{"name":"wp","href":"https:\/\/api.w.org\/{rel}","templated":true}]}}