{"id":22149,"date":"2026-03-12T01:08:40","date_gmt":"2026-03-12T01:08:40","guid":{"rendered":"https:\/\/urban-vitamin.com\/altavoz-anaheim-10w-rcs-reciclado-cargador-15w-negro\/"},"modified":"2026-03-12T02:29:00","modified_gmt":"2026-03-12T02:29:00","slug":"altavoz-anaheim-10w-rcs-reciclado-y-cargador-1-negro","status":"publish","type":"product","link":"https:\/\/urban-vitamin.com\/es\/producto\/altavoz-anaheim-10w-rcs-reciclado-y-cargador-1-negro\/","title":{"rendered":"Altavoz Anaheim 10W RCS reciclado y cargador 1, negro"},"content":{"rendered":"<p>Disfruta de la m\u00fasica con Urban Vitamin Anaheim! Este altavoz de 1W ofrece un sonido excelente y hasta 8 horas de reproducci\u00f3n. Adem\u00e1s, cuenta con un cargador inal\u00e1mbrico magn\u00e9tico de 15W para cargar tus dispositivos mientras escuchas m\u00fasica. \u00bfNecesitas atender una llamada? El micr\u00f3fono integrado te ayudar\u00e1. Fabricado con tela RCS RPET y ABS reciclado, es elegante y ecol\u00f3gico. Con un 37% de contenido reciclado y certificaci\u00f3n RCS. Tambi\u00e9n incluye un cable USB-C reciclado de 120 cm, todo en una presentaci\u00f3n con menos pl\u00e1stico y sin PVC. Disfruta de la m\u00fasica y la carga en un solo elegante pack!<\/p>\n","protected":false},"excerpt":{"rendered":"<p>Disfruta de la m\u00fasica con Urban Vitamin Anaheim! Este altavoz de 1W ofrece un sonido excelente y hasta 8 horas de reproducci\u00f3n. Adem\u00e1s, cuenta con un cargador inal\u00e1mbrico magn\u00e9tico de 15W para cargar tus dispositivos mientras escuchas m\u00fasica. \u00bfNecesitas atender una llamada? El micr\u00f3fono integrado te ayudar\u00e1. Fabricado con tela RCS RPET y ABS reciclado, [&hellip;]<\/p>\n","protected":false},"featured_media":23383,"comment_status":"closed","ping_status":"closed","template":"","meta":{"_acf_changed":false,"om_disable_all_campaigns":false},"product_cat":[76],"product_tag":[],"class_list":["post-22149","product","type-product","status-publish","has-post-thumbnail","hentry","product_cat-altavoces","pa_color-black"],"acf":[],"yoast_head":"<!-- This site is optimized with the Yoast SEO plugin v27.0 - https:\/\/yoast.com\/product\/yoast-seo-wordpress\/ -->\n<title>Altavoz Anaheim 10W RCS reciclado y cargador 1, negro - Urban Vitamin<\/title>\n<meta name=\"robots\" content=\"index, follow, max-snippet:-1, max-image-preview:large, max-video-preview:-1\" \/>\n<link rel=\"canonical\" href=\"https:\/\/urban-vitamin.com\/es\/producto\/altavoz-anaheim-10w-rcs-reciclado-y-cargador-1-negro\/\" \/>\n<meta property=\"og:locale\" content=\"es_ES\" \/>\n<meta property=\"og:type\" content=\"article\" \/>\n<meta property=\"og:title\" content=\"Altavoz Anaheim 10W RCS reciclado y cargador 1, negro - Urban Vitamin\" \/>\n<meta property=\"og:description\" content=\"Disfruta de la m\u00fasica con Urban Vitamin Anaheim! Este altavoz de 1W ofrece un sonido excelente y hasta 8 horas de reproducci\u00f3n. Adem\u00e1s, cuenta con un cargador inal\u00e1mbrico magn\u00e9tico de 15W para cargar tus dispositivos mientras escuchas m\u00fasica. \u00bfNecesitas atender una llamada? El micr\u00f3fono integrado te ayudar\u00e1. Fabricado con tela RCS RPET y ABS reciclado, [&hellip;]\" \/>\n<meta property=\"og:url\" content=\"https:\/\/urban-vitamin.com\/es\/producto\/altavoz-anaheim-10w-rcs-reciclado-y-cargador-1-negro\/\" \/>\n<meta property=\"og:site_name\" content=\"Urban Vitamin\" \/>\n<meta property=\"article:modified_time\" content=\"2026-03-12T02:29:00+00:00\" \/>\n<meta property=\"og:image\" content=\"https:\/\/urban-vitamin.com\/wp-content\/uploads\/sites\/5\/2025\/02\/P331.5801__S_0__7d1ee70b390a423885139042e37abd40.jpg\" \/>\n\t<meta property=\"og:image:width\" content=\"1024\" \/>\n\t<meta property=\"og:image:height\" content=\"1024\" \/>\n\t<meta property=\"og:image:type\" content=\"image\/jpeg\" \/>\n<meta name=\"twitter:card\" content=\"summary_large_image\" \/>\n<meta name=\"twitter:label1\" content=\"Tiempo de lectura\" \/>\n\t<meta name=\"twitter:data1\" content=\"1 minuto\" \/>\n<script type=\"application\/ld+json\" class=\"yoast-schema-graph\">{\"@context\":\"https:\/\/schema.org\",\"@graph\":[{\"@type\":\"WebPage\",\"@id\":\"https:\/\/urban-vitamin.com\/es\/producto\/altavoz-anaheim-10w-rcs-reciclado-y-cargador-1-negro\/\",\"url\":\"https:\/\/urban-vitamin.com\/es\/producto\/altavoz-anaheim-10w-rcs-reciclado-y-cargador-1-negro\/\",\"name\":\"Altavoz Anaheim 10W RCS reciclado y cargador 1, negro - Urban Vitamin\",\"isPartOf\":{\"@id\":\"https:\/\/urban-vitamin.com\/es\/#website\"},\"primaryImageOfPage\":{\"@id\":\"https:\/\/urban-vitamin.com\/es\/producto\/altavoz-anaheim-10w-rcs-reciclado-y-cargador-1-negro\/#primaryimage\"},\"image\":{\"@id\":\"https:\/\/urban-vitamin.com\/es\/producto\/altavoz-anaheim-10w-rcs-reciclado-y-cargador-1-negro\/#primaryimage\"},\"thumbnailUrl\":\"https:\/\/urban-vitamin.com\/wp-content\/uploads\/sites\/5\/2025\/02\/P331.5801__S_0__7d1ee70b390a423885139042e37abd40.jpg\",\"datePublished\":\"2026-03-12T01:08:40+00:00\",\"dateModified\":\"2026-03-12T02:29:00+00:00\",\"breadcrumb\":{\"@id\":\"https:\/\/urban-vitamin.com\/es\/producto\/altavoz-anaheim-10w-rcs-reciclado-y-cargador-1-negro\/#breadcrumb\"},\"inLanguage\":\"es\",\"potentialAction\":[{\"@type\":\"ReadAction\",\"target\":[\"https:\/\/urban-vitamin.com\/es\/producto\/altavoz-anaheim-10w-rcs-reciclado-y-cargador-1-negro\/\"]}]},{\"@type\":\"ImageObject\",\"inLanguage\":\"es\",\"@id\":\"https:\/\/urban-vitamin.com\/es\/producto\/altavoz-anaheim-10w-rcs-reciclado-y-cargador-1-negro\/#primaryimage\",\"url\":\"https:\/\/urban-vitamin.com\/wp-content\/uploads\/sites\/5\/2025\/02\/P331.5801__S_0__7d1ee70b390a423885139042e37abd40.jpg\",\"contentUrl\":\"https:\/\/urban-vitamin.com\/wp-content\/uploads\/sites\/5\/2025\/02\/P331.5801__S_0__7d1ee70b390a423885139042e37abd40.jpg\",\"width\":1024,\"height\":1024},{\"@type\":\"BreadcrumbList\",\"@id\":\"https:\/\/urban-vitamin.com\/es\/producto\/altavoz-anaheim-10w-rcs-reciclado-y-cargador-1-negro\/#breadcrumb\",\"itemListElement\":[{\"@type\":\"ListItem\",\"position\":1,\"name\":\"Home\",\"item\":\"https:\/\/urban-vitamin.com\/es\/\"},{\"@type\":\"ListItem\",\"position\":2,\"name\":\"Recopilaci\u00f3n\",\"item\":\"https:\/\/urban-vitamin.com\/es\/recopilacion\/\"},{\"@type\":\"ListItem\",\"position\":3,\"name\":\"Altavoz Anaheim 10W RCS reciclado y cargador 1, negro\"}]},{\"@type\":\"WebSite\",\"@id\":\"https:\/\/urban-vitamin.com\/es\/#website\",\"url\":\"https:\/\/urban-vitamin.com\/es\/\",\"name\":\"Urban Vitamin\",\"description\":\"Enjoy your daily dose of Urban Vitamin!\",\"potentialAction\":[{\"@type\":\"SearchAction\",\"target\":{\"@type\":\"EntryPoint\",\"urlTemplate\":\"https:\/\/urban-vitamin.com\/es\/?s={search_term_string}\"},\"query-input\":{\"@type\":\"PropertyValueSpecification\",\"valueRequired\":true,\"valueName\":\"search_term_string\"}}],\"inLanguage\":\"es\"}]}<\/script>\n<!-- \/ Yoast SEO plugin. -->","yoast_head_json":{"title":"Altavoz Anaheim 10W RCS reciclado y cargador 1, negro - Urban Vitamin","robots":{"index":"index","follow":"follow","max-snippet":"max-snippet:-1","max-image-preview":"max-image-preview:large","max-video-preview":"max-video-preview:-1"},"canonical":"https:\/\/urban-vitamin.com\/es\/producto\/altavoz-anaheim-10w-rcs-reciclado-y-cargador-1-negro\/","og_locale":"es_ES","og_type":"article","og_title":"Altavoz Anaheim 10W RCS reciclado y cargador 1, negro - Urban Vitamin","og_description":"Disfruta de la m\u00fasica con Urban Vitamin Anaheim! Este altavoz de 1W ofrece un sonido excelente y hasta 8 horas de reproducci\u00f3n. Adem\u00e1s, cuenta con un cargador inal\u00e1mbrico magn\u00e9tico de 15W para cargar tus dispositivos mientras escuchas m\u00fasica. \u00bfNecesitas atender una llamada? El micr\u00f3fono integrado te ayudar\u00e1. Fabricado con tela RCS RPET y ABS reciclado, [&hellip;]","og_url":"https:\/\/urban-vitamin.com\/es\/producto\/altavoz-anaheim-10w-rcs-reciclado-y-cargador-1-negro\/","og_site_name":"Urban Vitamin","article_modified_time":"2026-03-12T02:29:00+00:00","og_image":[{"width":1024,"height":1024,"url":"https:\/\/urban-vitamin.com\/wp-content\/uploads\/sites\/5\/2025\/02\/P331.5801__S_0__7d1ee70b390a423885139042e37abd40.jpg","type":"image\/jpeg"}],"twitter_card":"summary_large_image","twitter_misc":{"Tiempo de lectura":"1 minuto"},"schema":{"@context":"https:\/\/schema.org","@graph":[{"@type":"WebPage","@id":"https:\/\/urban-vitamin.com\/es\/producto\/altavoz-anaheim-10w-rcs-reciclado-y-cargador-1-negro\/","url":"https:\/\/urban-vitamin.com\/es\/producto\/altavoz-anaheim-10w-rcs-reciclado-y-cargador-1-negro\/","name":"Altavoz Anaheim 10W RCS reciclado y cargador 1, negro - Urban Vitamin","isPartOf":{"@id":"https:\/\/urban-vitamin.com\/es\/#website"},"primaryImageOfPage":{"@id":"https:\/\/urban-vitamin.com\/es\/producto\/altavoz-anaheim-10w-rcs-reciclado-y-cargador-1-negro\/#primaryimage"},"image":{"@id":"https:\/\/urban-vitamin.com\/es\/producto\/altavoz-anaheim-10w-rcs-reciclado-y-cargador-1-negro\/#primaryimage"},"thumbnailUrl":"https:\/\/urban-vitamin.com\/wp-content\/uploads\/sites\/5\/2025\/02\/P331.5801__S_0__7d1ee70b390a423885139042e37abd40.jpg","datePublished":"2026-03-12T01:08:40+00:00","dateModified":"2026-03-12T02:29:00+00:00","breadcrumb":{"@id":"https:\/\/urban-vitamin.com\/es\/producto\/altavoz-anaheim-10w-rcs-reciclado-y-cargador-1-negro\/#breadcrumb"},"inLanguage":"es","potentialAction":[{"@type":"ReadAction","target":["https:\/\/urban-vitamin.com\/es\/producto\/altavoz-anaheim-10w-rcs-reciclado-y-cargador-1-negro\/"]}]},{"@type":"ImageObject","inLanguage":"es","@id":"https:\/\/urban-vitamin.com\/es\/producto\/altavoz-anaheim-10w-rcs-reciclado-y-cargador-1-negro\/#primaryimage","url":"https:\/\/urban-vitamin.com\/wp-content\/uploads\/sites\/5\/2025\/02\/P331.5801__S_0__7d1ee70b390a423885139042e37abd40.jpg","contentUrl":"https:\/\/urban-vitamin.com\/wp-content\/uploads\/sites\/5\/2025\/02\/P331.5801__S_0__7d1ee70b390a423885139042e37abd40.jpg","width":1024,"height":1024},{"@type":"BreadcrumbList","@id":"https:\/\/urban-vitamin.com\/es\/producto\/altavoz-anaheim-10w-rcs-reciclado-y-cargador-1-negro\/#breadcrumb","itemListElement":[{"@type":"ListItem","position":1,"name":"Home","item":"https:\/\/urban-vitamin.com\/es\/"},{"@type":"ListItem","position":2,"name":"Recopilaci\u00f3n","item":"https:\/\/urban-vitamin.com\/es\/recopilacion\/"},{"@type":"ListItem","position":3,"name":"Altavoz Anaheim 10W RCS reciclado y cargador 1, negro"}]},{"@type":"WebSite","@id":"https:\/\/urban-vitamin.com\/es\/#website","url":"https:\/\/urban-vitamin.com\/es\/","name":"Urban Vitamin","description":"Enjoy your daily dose of Urban Vitamin!","potentialAction":[{"@type":"SearchAction","target":{"@type":"EntryPoint","urlTemplate":"https:\/\/urban-vitamin.com\/es\/?s={search_term_string}"},"query-input":{"@type":"PropertyValueSpecification","valueRequired":true,"valueName":"search_term_string"}}],"inLanguage":"es"}]}},"_links":{"self":[{"href":"https:\/\/urban-vitamin.com\/es\/wp-json\/wp\/v2\/product\/22149","targetHints":{"allow":["GET"]}}],"collection":[{"href":"https:\/\/urban-vitamin.com\/es\/wp-json\/wp\/v2\/product"}],"about":[{"href":"https:\/\/urban-vitamin.com\/es\/wp-json\/wp\/v2\/types\/product"}],"replies":[{"embeddable":true,"href":"https:\/\/urban-vitamin.com\/es\/wp-json\/wp\/v2\/comments?post=22149"}],"wp:featuredmedia":[{"embeddable":true,"href":"https:\/\/urban-vitamin.com\/es\/wp-json\/wp\/v2\/media\/23383"}],"wp:attachment":[{"href":"https:\/\/urban-vitamin.com\/es\/wp-json\/wp\/v2\/media?parent=22149"}],"wp:term":[{"taxonomy":"product_cat","embeddable":true,"href":"https:\/\/urban-vitamin.com\/es\/wp-json\/wp\/v2\/product_cat?post=22149"},{"taxonomy":"product_tag","embeddable":true,"href":"https:\/\/urban-vitamin.com\/es\/wp-json\/wp\/v2\/product_tag?post=22149"}],"curies":[{"name":"wp","href":"https:\/\/api.w.org\/{rel}","templated":true}]}}