{"id":22148,"date":"2026-03-12T01:08:40","date_gmt":"2026-03-12T01:08:40","guid":{"rendered":"https:\/\/urban-vitamin.com\/altavoz-oceanside-rcs-plastico-reciclado-3w-negro\/"},"modified":"2026-03-12T02:28:59","modified_gmt":"2026-03-12T02:28:59","slug":"altavoz-oceanside-rcs-plastico-reciclado-3w-negro","status":"publish","type":"product","link":"https:\/\/urban-vitamin.com\/es\/producto\/altavoz-oceanside-rcs-plastico-reciclado-3w-negro\/","title":{"rendered":"Altavoz Oceanside RCS pl\u00e1stico reciclado 3W, negro"},"content":{"rendered":"<p>Echa un vistazo a Oceanside. Este altavoz de 3W tiene un tama\u00f1o de bolsillo, pero crea un sonido potente dondequiera que vayas. \u00bfDe d\u00f3nde provienen esos graves? Oceanside incluso te los entregar\u00e1 con su peque\u00f1o pero potente subwoofer. A diferencia de muchos otros altavoces peque\u00f1os, Oceanside reproducir\u00e1 hasta 17 horas (al 50% del volumen) para que puedas disfrutar durante horas. Oceanside est\u00e1 fabricado con ABS reciclado certificado RCS (Recycled Claim Standard) y PET reciclado. Contenido reciclado total: 39% en funci\u00f3n del peso total del art\u00edculo. Los art\u00edculos de Urban Vitamin est\u00e1n fabricados sin PVC y presentados \u200b\u200ben envases de pl\u00e1stico reducido.<\/p>\n","protected":false},"excerpt":{"rendered":"<p>Echa un vistazo a Oceanside. Este altavoz de 3W tiene un tama\u00f1o de bolsillo, pero crea un sonido potente dondequiera que vayas. \u00bfDe d\u00f3nde provienen esos graves? Oceanside incluso te los entregar\u00e1 con su peque\u00f1o pero potente subwoofer. A diferencia de muchos otros altavoces peque\u00f1os, Oceanside reproducir\u00e1 hasta 17 horas (al 50% del volumen) para [&hellip;]<\/p>\n","protected":false},"featured_media":23376,"comment_status":"closed","ping_status":"closed","template":"","meta":{"_acf_changed":false,"om_disable_all_campaigns":false},"product_cat":[76],"product_tag":[],"class_list":["post-22148","product","type-product","status-publish","has-post-thumbnail","hentry","product_cat-altavoces","pa_color-black"],"acf":[],"yoast_head":"<!-- This site is optimized with the Yoast SEO plugin v27.0 - https:\/\/yoast.com\/product\/yoast-seo-wordpress\/ -->\n<title>Altavoz Oceanside RCS pl\u00e1stico reciclado 3W, negro - Urban Vitamin<\/title>\n<meta name=\"robots\" content=\"index, follow, max-snippet:-1, max-image-preview:large, max-video-preview:-1\" \/>\n<link rel=\"canonical\" href=\"https:\/\/urban-vitamin.com\/es\/producto\/altavoz-oceanside-rcs-plastico-reciclado-3w-negro\/\" \/>\n<meta property=\"og:locale\" content=\"es_ES\" \/>\n<meta property=\"og:type\" content=\"article\" \/>\n<meta property=\"og:title\" content=\"Altavoz Oceanside RCS pl\u00e1stico reciclado 3W, negro - Urban Vitamin\" \/>\n<meta property=\"og:description\" content=\"Echa un vistazo a Oceanside. Este altavoz de 3W tiene un tama\u00f1o de bolsillo, pero crea un sonido potente dondequiera que vayas. \u00bfDe d\u00f3nde provienen esos graves? Oceanside incluso te los entregar\u00e1 con su peque\u00f1o pero potente subwoofer. A diferencia de muchos otros altavoces peque\u00f1os, Oceanside reproducir\u00e1 hasta 17 horas (al 50% del volumen) para [&hellip;]\" \/>\n<meta property=\"og:url\" content=\"https:\/\/urban-vitamin.com\/es\/producto\/altavoz-oceanside-rcs-plastico-reciclado-3w-negro\/\" \/>\n<meta property=\"og:site_name\" content=\"Urban Vitamin\" \/>\n<meta property=\"article:modified_time\" content=\"2026-03-12T02:28:59+00:00\" \/>\n<meta property=\"og:image\" content=\"https:\/\/urban-vitamin.com\/wp-content\/uploads\/sites\/5\/2025\/02\/P331.5701__S_0__2be532a1f7ad4607a8279cf6c90b3e57.jpg\" \/>\n\t<meta property=\"og:image:width\" content=\"1024\" \/>\n\t<meta property=\"og:image:height\" content=\"1024\" \/>\n\t<meta property=\"og:image:type\" content=\"image\/jpeg\" \/>\n<meta name=\"twitter:card\" content=\"summary_large_image\" \/>\n<meta name=\"twitter:label1\" content=\"Tiempo de lectura\" \/>\n\t<meta name=\"twitter:data1\" content=\"1 minuto\" \/>\n<script type=\"application\/ld+json\" class=\"yoast-schema-graph\">{\"@context\":\"https:\/\/schema.org\",\"@graph\":[{\"@type\":\"WebPage\",\"@id\":\"https:\/\/urban-vitamin.com\/es\/producto\/altavoz-oceanside-rcs-plastico-reciclado-3w-negro\/\",\"url\":\"https:\/\/urban-vitamin.com\/es\/producto\/altavoz-oceanside-rcs-plastico-reciclado-3w-negro\/\",\"name\":\"Altavoz Oceanside RCS pl\u00e1stico reciclado 3W, negro - Urban Vitamin\",\"isPartOf\":{\"@id\":\"https:\/\/urban-vitamin.com\/es\/#website\"},\"primaryImageOfPage\":{\"@id\":\"https:\/\/urban-vitamin.com\/es\/producto\/altavoz-oceanside-rcs-plastico-reciclado-3w-negro\/#primaryimage\"},\"image\":{\"@id\":\"https:\/\/urban-vitamin.com\/es\/producto\/altavoz-oceanside-rcs-plastico-reciclado-3w-negro\/#primaryimage\"},\"thumbnailUrl\":\"https:\/\/urban-vitamin.com\/wp-content\/uploads\/sites\/5\/2025\/02\/P331.5701__S_0__2be532a1f7ad4607a8279cf6c90b3e57.jpg\",\"datePublished\":\"2026-03-12T01:08:40+00:00\",\"dateModified\":\"2026-03-12T02:28:59+00:00\",\"breadcrumb\":{\"@id\":\"https:\/\/urban-vitamin.com\/es\/producto\/altavoz-oceanside-rcs-plastico-reciclado-3w-negro\/#breadcrumb\"},\"inLanguage\":\"es\",\"potentialAction\":[{\"@type\":\"ReadAction\",\"target\":[\"https:\/\/urban-vitamin.com\/es\/producto\/altavoz-oceanside-rcs-plastico-reciclado-3w-negro\/\"]}]},{\"@type\":\"ImageObject\",\"inLanguage\":\"es\",\"@id\":\"https:\/\/urban-vitamin.com\/es\/producto\/altavoz-oceanside-rcs-plastico-reciclado-3w-negro\/#primaryimage\",\"url\":\"https:\/\/urban-vitamin.com\/wp-content\/uploads\/sites\/5\/2025\/02\/P331.5701__S_0__2be532a1f7ad4607a8279cf6c90b3e57.jpg\",\"contentUrl\":\"https:\/\/urban-vitamin.com\/wp-content\/uploads\/sites\/5\/2025\/02\/P331.5701__S_0__2be532a1f7ad4607a8279cf6c90b3e57.jpg\",\"width\":1024,\"height\":1024},{\"@type\":\"BreadcrumbList\",\"@id\":\"https:\/\/urban-vitamin.com\/es\/producto\/altavoz-oceanside-rcs-plastico-reciclado-3w-negro\/#breadcrumb\",\"itemListElement\":[{\"@type\":\"ListItem\",\"position\":1,\"name\":\"Home\",\"item\":\"https:\/\/urban-vitamin.com\/es\/\"},{\"@type\":\"ListItem\",\"position\":2,\"name\":\"Recopilaci\u00f3n\",\"item\":\"https:\/\/urban-vitamin.com\/es\/recopilacion\/\"},{\"@type\":\"ListItem\",\"position\":3,\"name\":\"Altavoz Oceanside RCS pl\u00e1stico reciclado 3W, negro\"}]},{\"@type\":\"WebSite\",\"@id\":\"https:\/\/urban-vitamin.com\/es\/#website\",\"url\":\"https:\/\/urban-vitamin.com\/es\/\",\"name\":\"Urban Vitamin\",\"description\":\"Enjoy your daily dose of Urban Vitamin!\",\"potentialAction\":[{\"@type\":\"SearchAction\",\"target\":{\"@type\":\"EntryPoint\",\"urlTemplate\":\"https:\/\/urban-vitamin.com\/es\/?s={search_term_string}\"},\"query-input\":{\"@type\":\"PropertyValueSpecification\",\"valueRequired\":true,\"valueName\":\"search_term_string\"}}],\"inLanguage\":\"es\"}]}<\/script>\n<!-- \/ Yoast SEO plugin. -->","yoast_head_json":{"title":"Altavoz Oceanside RCS pl\u00e1stico reciclado 3W, negro - Urban Vitamin","robots":{"index":"index","follow":"follow","max-snippet":"max-snippet:-1","max-image-preview":"max-image-preview:large","max-video-preview":"max-video-preview:-1"},"canonical":"https:\/\/urban-vitamin.com\/es\/producto\/altavoz-oceanside-rcs-plastico-reciclado-3w-negro\/","og_locale":"es_ES","og_type":"article","og_title":"Altavoz Oceanside RCS pl\u00e1stico reciclado 3W, negro - Urban Vitamin","og_description":"Echa un vistazo a Oceanside. Este altavoz de 3W tiene un tama\u00f1o de bolsillo, pero crea un sonido potente dondequiera que vayas. \u00bfDe d\u00f3nde provienen esos graves? Oceanside incluso te los entregar\u00e1 con su peque\u00f1o pero potente subwoofer. A diferencia de muchos otros altavoces peque\u00f1os, Oceanside reproducir\u00e1 hasta 17 horas (al 50% del volumen) para [&hellip;]","og_url":"https:\/\/urban-vitamin.com\/es\/producto\/altavoz-oceanside-rcs-plastico-reciclado-3w-negro\/","og_site_name":"Urban Vitamin","article_modified_time":"2026-03-12T02:28:59+00:00","og_image":[{"width":1024,"height":1024,"url":"https:\/\/urban-vitamin.com\/wp-content\/uploads\/sites\/5\/2025\/02\/P331.5701__S_0__2be532a1f7ad4607a8279cf6c90b3e57.jpg","type":"image\/jpeg"}],"twitter_card":"summary_large_image","twitter_misc":{"Tiempo de lectura":"1 minuto"},"schema":{"@context":"https:\/\/schema.org","@graph":[{"@type":"WebPage","@id":"https:\/\/urban-vitamin.com\/es\/producto\/altavoz-oceanside-rcs-plastico-reciclado-3w-negro\/","url":"https:\/\/urban-vitamin.com\/es\/producto\/altavoz-oceanside-rcs-plastico-reciclado-3w-negro\/","name":"Altavoz Oceanside RCS pl\u00e1stico reciclado 3W, negro - Urban Vitamin","isPartOf":{"@id":"https:\/\/urban-vitamin.com\/es\/#website"},"primaryImageOfPage":{"@id":"https:\/\/urban-vitamin.com\/es\/producto\/altavoz-oceanside-rcs-plastico-reciclado-3w-negro\/#primaryimage"},"image":{"@id":"https:\/\/urban-vitamin.com\/es\/producto\/altavoz-oceanside-rcs-plastico-reciclado-3w-negro\/#primaryimage"},"thumbnailUrl":"https:\/\/urban-vitamin.com\/wp-content\/uploads\/sites\/5\/2025\/02\/P331.5701__S_0__2be532a1f7ad4607a8279cf6c90b3e57.jpg","datePublished":"2026-03-12T01:08:40+00:00","dateModified":"2026-03-12T02:28:59+00:00","breadcrumb":{"@id":"https:\/\/urban-vitamin.com\/es\/producto\/altavoz-oceanside-rcs-plastico-reciclado-3w-negro\/#breadcrumb"},"inLanguage":"es","potentialAction":[{"@type":"ReadAction","target":["https:\/\/urban-vitamin.com\/es\/producto\/altavoz-oceanside-rcs-plastico-reciclado-3w-negro\/"]}]},{"@type":"ImageObject","inLanguage":"es","@id":"https:\/\/urban-vitamin.com\/es\/producto\/altavoz-oceanside-rcs-plastico-reciclado-3w-negro\/#primaryimage","url":"https:\/\/urban-vitamin.com\/wp-content\/uploads\/sites\/5\/2025\/02\/P331.5701__S_0__2be532a1f7ad4607a8279cf6c90b3e57.jpg","contentUrl":"https:\/\/urban-vitamin.com\/wp-content\/uploads\/sites\/5\/2025\/02\/P331.5701__S_0__2be532a1f7ad4607a8279cf6c90b3e57.jpg","width":1024,"height":1024},{"@type":"BreadcrumbList","@id":"https:\/\/urban-vitamin.com\/es\/producto\/altavoz-oceanside-rcs-plastico-reciclado-3w-negro\/#breadcrumb","itemListElement":[{"@type":"ListItem","position":1,"name":"Home","item":"https:\/\/urban-vitamin.com\/es\/"},{"@type":"ListItem","position":2,"name":"Recopilaci\u00f3n","item":"https:\/\/urban-vitamin.com\/es\/recopilacion\/"},{"@type":"ListItem","position":3,"name":"Altavoz Oceanside RCS pl\u00e1stico reciclado 3W, negro"}]},{"@type":"WebSite","@id":"https:\/\/urban-vitamin.com\/es\/#website","url":"https:\/\/urban-vitamin.com\/es\/","name":"Urban Vitamin","description":"Enjoy your daily dose of Urban Vitamin!","potentialAction":[{"@type":"SearchAction","target":{"@type":"EntryPoint","urlTemplate":"https:\/\/urban-vitamin.com\/es\/?s={search_term_string}"},"query-input":{"@type":"PropertyValueSpecification","valueRequired":true,"valueName":"search_term_string"}}],"inLanguage":"es"}]}},"_links":{"self":[{"href":"https:\/\/urban-vitamin.com\/es\/wp-json\/wp\/v2\/product\/22148","targetHints":{"allow":["GET"]}}],"collection":[{"href":"https:\/\/urban-vitamin.com\/es\/wp-json\/wp\/v2\/product"}],"about":[{"href":"https:\/\/urban-vitamin.com\/es\/wp-json\/wp\/v2\/types\/product"}],"replies":[{"embeddable":true,"href":"https:\/\/urban-vitamin.com\/es\/wp-json\/wp\/v2\/comments?post=22148"}],"wp:featuredmedia":[{"embeddable":true,"href":"https:\/\/urban-vitamin.com\/es\/wp-json\/wp\/v2\/media\/23376"}],"wp:attachment":[{"href":"https:\/\/urban-vitamin.com\/es\/wp-json\/wp\/v2\/media?parent=22148"}],"wp:term":[{"taxonomy":"product_cat","embeddable":true,"href":"https:\/\/urban-vitamin.com\/es\/wp-json\/wp\/v2\/product_cat?post=22148"},{"taxonomy":"product_tag","embeddable":true,"href":"https:\/\/urban-vitamin.com\/es\/wp-json\/wp\/v2\/product_tag?post=22148"}],"curies":[{"name":"wp","href":"https:\/\/api.w.org\/{rel}","templated":true}]}}