{"id":22147,"date":"2026-03-12T01:08:40","date_gmt":"2026-03-12T01:08:40","guid":{"rendered":"https:\/\/urban-vitamin.com\/auriculares-inalambricos-enc-long-beach-negro\/"},"modified":"2026-03-12T02:28:57","modified_gmt":"2026-03-12T02:28:57","slug":"auriculares-long-beach-enc-negro","status":"publish","type":"product","link":"https:\/\/urban-vitamin.com\/es\/producto\/auriculares-long-beach-enc-negro\/","title":{"rendered":"Auriculares Long Beach ENC, negro"},"content":{"rendered":"<p>Conoce una nueva generaci\u00f3n de elegantes auriculares inal\u00e1mbricos abiertos Long Beach. Estos auriculares no se colocan en tu o\u00eddo, sino que te sujetan a \u00e9l para mantenerlos perfectamente en su lugar. De esta manera, puedes disfrutar de tu m\u00fasica favorita, pero tambi\u00e9n escuchar el mundo que te rodea. Escucha m\u00fasica y la vida al mismo tiempo con un sonido rico y privado. Debido a que los auriculares no se colocan en tu o\u00eddo, son ultra c\u00f3modos de usar. Con un control suave para un uso sencillo. Duraci\u00f3n de la bater\u00eda de 6,5 horas para el auricular y 20 horas para el estuche. Con ENC para asegurarte de que todas tus llamadas sean de calidad n\u00edtida. IPX 4 a prueba de agua. Los auriculares abiertos Long Beach est\u00e1n hechos con ABS reciclado certificado RCS (Recycled Claim Standard). Contenido reciclado total: 15% en base al peso total del art\u00edculo. Los art\u00edculos de Urban Vitamin est\u00e1n hechos sin PVC y presentados en envases reducidos en pl\u00e1stico.<\/p>\n","protected":false},"excerpt":{"rendered":"<p>Conoce una nueva generaci\u00f3n de elegantes auriculares inal\u00e1mbricos abiertos Long Beach. Estos auriculares no se colocan en tu o\u00eddo, sino que te sujetan a \u00e9l para mantenerlos perfectamente en su lugar. De esta manera, puedes disfrutar de tu m\u00fasica favorita, pero tambi\u00e9n escuchar el mundo que te rodea. Escucha m\u00fasica y la vida al mismo [&hellip;]<\/p>\n","protected":false},"featured_media":23369,"comment_status":"closed","ping_status":"closed","template":"","meta":{"_acf_changed":false,"om_disable_all_campaigns":false},"product_cat":[75],"product_tag":[],"class_list":["post-22147","product","type-product","status-publish","has-post-thumbnail","hentry","product_cat-tapones","pa_color-black"],"acf":[],"yoast_head":"<!-- This site is optimized with the Yoast SEO plugin v27.0 - https:\/\/yoast.com\/product\/yoast-seo-wordpress\/ -->\n<title>Auriculares Long Beach ENC, negro - Urban Vitamin<\/title>\n<meta name=\"robots\" content=\"index, follow, max-snippet:-1, max-image-preview:large, max-video-preview:-1\" \/>\n<link rel=\"canonical\" href=\"https:\/\/urban-vitamin.com\/es\/producto\/auriculares-long-beach-enc-negro\/\" \/>\n<meta property=\"og:locale\" content=\"es_ES\" \/>\n<meta property=\"og:type\" content=\"article\" \/>\n<meta property=\"og:title\" content=\"Auriculares Long Beach ENC, negro - Urban Vitamin\" \/>\n<meta property=\"og:description\" content=\"Conoce una nueva generaci\u00f3n de elegantes auriculares inal\u00e1mbricos abiertos Long Beach. Estos auriculares no se colocan en tu o\u00eddo, sino que te sujetan a \u00e9l para mantenerlos perfectamente en su lugar. De esta manera, puedes disfrutar de tu m\u00fasica favorita, pero tambi\u00e9n escuchar el mundo que te rodea. Escucha m\u00fasica y la vida al mismo [&hellip;]\" \/>\n<meta property=\"og:url\" content=\"https:\/\/urban-vitamin.com\/es\/producto\/auriculares-long-beach-enc-negro\/\" \/>\n<meta property=\"og:site_name\" content=\"Urban Vitamin\" \/>\n<meta property=\"article:modified_time\" content=\"2026-03-12T02:28:57+00:00\" \/>\n<meta property=\"og:image\" content=\"https:\/\/urban-vitamin.com\/wp-content\/uploads\/sites\/5\/2025\/02\/P331.5601__S_0__2d8a9028a0c34affa25c3778ab6822f6.jpg\" \/>\n\t<meta property=\"og:image:width\" content=\"1024\" \/>\n\t<meta property=\"og:image:height\" content=\"1024\" \/>\n\t<meta property=\"og:image:type\" content=\"image\/jpeg\" \/>\n<meta name=\"twitter:card\" content=\"summary_large_image\" \/>\n<meta name=\"twitter:label1\" content=\"Tiempo de lectura\" \/>\n\t<meta name=\"twitter:data1\" content=\"1 minuto\" \/>\n<script type=\"application\/ld+json\" class=\"yoast-schema-graph\">{\"@context\":\"https:\/\/schema.org\",\"@graph\":[{\"@type\":\"WebPage\",\"@id\":\"https:\/\/urban-vitamin.com\/es\/producto\/auriculares-long-beach-enc-negro\/\",\"url\":\"https:\/\/urban-vitamin.com\/es\/producto\/auriculares-long-beach-enc-negro\/\",\"name\":\"Auriculares Long Beach ENC, negro - Urban Vitamin\",\"isPartOf\":{\"@id\":\"https:\/\/urban-vitamin.com\/es\/#website\"},\"primaryImageOfPage\":{\"@id\":\"https:\/\/urban-vitamin.com\/es\/producto\/auriculares-long-beach-enc-negro\/#primaryimage\"},\"image\":{\"@id\":\"https:\/\/urban-vitamin.com\/es\/producto\/auriculares-long-beach-enc-negro\/#primaryimage\"},\"thumbnailUrl\":\"https:\/\/urban-vitamin.com\/wp-content\/uploads\/sites\/5\/2025\/02\/P331.5601__S_0__2d8a9028a0c34affa25c3778ab6822f6.jpg\",\"datePublished\":\"2026-03-12T01:08:40+00:00\",\"dateModified\":\"2026-03-12T02:28:57+00:00\",\"breadcrumb\":{\"@id\":\"https:\/\/urban-vitamin.com\/es\/producto\/auriculares-long-beach-enc-negro\/#breadcrumb\"},\"inLanguage\":\"es\",\"potentialAction\":[{\"@type\":\"ReadAction\",\"target\":[\"https:\/\/urban-vitamin.com\/es\/producto\/auriculares-long-beach-enc-negro\/\"]}]},{\"@type\":\"ImageObject\",\"inLanguage\":\"es\",\"@id\":\"https:\/\/urban-vitamin.com\/es\/producto\/auriculares-long-beach-enc-negro\/#primaryimage\",\"url\":\"https:\/\/urban-vitamin.com\/wp-content\/uploads\/sites\/5\/2025\/02\/P331.5601__S_0__2d8a9028a0c34affa25c3778ab6822f6.jpg\",\"contentUrl\":\"https:\/\/urban-vitamin.com\/wp-content\/uploads\/sites\/5\/2025\/02\/P331.5601__S_0__2d8a9028a0c34affa25c3778ab6822f6.jpg\",\"width\":1024,\"height\":1024},{\"@type\":\"BreadcrumbList\",\"@id\":\"https:\/\/urban-vitamin.com\/es\/producto\/auriculares-long-beach-enc-negro\/#breadcrumb\",\"itemListElement\":[{\"@type\":\"ListItem\",\"position\":1,\"name\":\"Home\",\"item\":\"https:\/\/urban-vitamin.com\/es\/\"},{\"@type\":\"ListItem\",\"position\":2,\"name\":\"Recopilaci\u00f3n\",\"item\":\"https:\/\/urban-vitamin.com\/es\/recopilacion\/\"},{\"@type\":\"ListItem\",\"position\":3,\"name\":\"Auriculares Long Beach ENC, negro\"}]},{\"@type\":\"WebSite\",\"@id\":\"https:\/\/urban-vitamin.com\/es\/#website\",\"url\":\"https:\/\/urban-vitamin.com\/es\/\",\"name\":\"Urban Vitamin\",\"description\":\"Enjoy your daily dose of Urban Vitamin!\",\"potentialAction\":[{\"@type\":\"SearchAction\",\"target\":{\"@type\":\"EntryPoint\",\"urlTemplate\":\"https:\/\/urban-vitamin.com\/es\/?s={search_term_string}\"},\"query-input\":{\"@type\":\"PropertyValueSpecification\",\"valueRequired\":true,\"valueName\":\"search_term_string\"}}],\"inLanguage\":\"es\"}]}<\/script>\n<!-- \/ Yoast SEO plugin. -->","yoast_head_json":{"title":"Auriculares Long Beach ENC, negro - Urban Vitamin","robots":{"index":"index","follow":"follow","max-snippet":"max-snippet:-1","max-image-preview":"max-image-preview:large","max-video-preview":"max-video-preview:-1"},"canonical":"https:\/\/urban-vitamin.com\/es\/producto\/auriculares-long-beach-enc-negro\/","og_locale":"es_ES","og_type":"article","og_title":"Auriculares Long Beach ENC, negro - Urban Vitamin","og_description":"Conoce una nueva generaci\u00f3n de elegantes auriculares inal\u00e1mbricos abiertos Long Beach. Estos auriculares no se colocan en tu o\u00eddo, sino que te sujetan a \u00e9l para mantenerlos perfectamente en su lugar. De esta manera, puedes disfrutar de tu m\u00fasica favorita, pero tambi\u00e9n escuchar el mundo que te rodea. Escucha m\u00fasica y la vida al mismo [&hellip;]","og_url":"https:\/\/urban-vitamin.com\/es\/producto\/auriculares-long-beach-enc-negro\/","og_site_name":"Urban Vitamin","article_modified_time":"2026-03-12T02:28:57+00:00","og_image":[{"width":1024,"height":1024,"url":"https:\/\/urban-vitamin.com\/wp-content\/uploads\/sites\/5\/2025\/02\/P331.5601__S_0__2d8a9028a0c34affa25c3778ab6822f6.jpg","type":"image\/jpeg"}],"twitter_card":"summary_large_image","twitter_misc":{"Tiempo de lectura":"1 minuto"},"schema":{"@context":"https:\/\/schema.org","@graph":[{"@type":"WebPage","@id":"https:\/\/urban-vitamin.com\/es\/producto\/auriculares-long-beach-enc-negro\/","url":"https:\/\/urban-vitamin.com\/es\/producto\/auriculares-long-beach-enc-negro\/","name":"Auriculares Long Beach ENC, negro - Urban Vitamin","isPartOf":{"@id":"https:\/\/urban-vitamin.com\/es\/#website"},"primaryImageOfPage":{"@id":"https:\/\/urban-vitamin.com\/es\/producto\/auriculares-long-beach-enc-negro\/#primaryimage"},"image":{"@id":"https:\/\/urban-vitamin.com\/es\/producto\/auriculares-long-beach-enc-negro\/#primaryimage"},"thumbnailUrl":"https:\/\/urban-vitamin.com\/wp-content\/uploads\/sites\/5\/2025\/02\/P331.5601__S_0__2d8a9028a0c34affa25c3778ab6822f6.jpg","datePublished":"2026-03-12T01:08:40+00:00","dateModified":"2026-03-12T02:28:57+00:00","breadcrumb":{"@id":"https:\/\/urban-vitamin.com\/es\/producto\/auriculares-long-beach-enc-negro\/#breadcrumb"},"inLanguage":"es","potentialAction":[{"@type":"ReadAction","target":["https:\/\/urban-vitamin.com\/es\/producto\/auriculares-long-beach-enc-negro\/"]}]},{"@type":"ImageObject","inLanguage":"es","@id":"https:\/\/urban-vitamin.com\/es\/producto\/auriculares-long-beach-enc-negro\/#primaryimage","url":"https:\/\/urban-vitamin.com\/wp-content\/uploads\/sites\/5\/2025\/02\/P331.5601__S_0__2d8a9028a0c34affa25c3778ab6822f6.jpg","contentUrl":"https:\/\/urban-vitamin.com\/wp-content\/uploads\/sites\/5\/2025\/02\/P331.5601__S_0__2d8a9028a0c34affa25c3778ab6822f6.jpg","width":1024,"height":1024},{"@type":"BreadcrumbList","@id":"https:\/\/urban-vitamin.com\/es\/producto\/auriculares-long-beach-enc-negro\/#breadcrumb","itemListElement":[{"@type":"ListItem","position":1,"name":"Home","item":"https:\/\/urban-vitamin.com\/es\/"},{"@type":"ListItem","position":2,"name":"Recopilaci\u00f3n","item":"https:\/\/urban-vitamin.com\/es\/recopilacion\/"},{"@type":"ListItem","position":3,"name":"Auriculares Long Beach ENC, negro"}]},{"@type":"WebSite","@id":"https:\/\/urban-vitamin.com\/es\/#website","url":"https:\/\/urban-vitamin.com\/es\/","name":"Urban Vitamin","description":"Enjoy your daily dose of Urban Vitamin!","potentialAction":[{"@type":"SearchAction","target":{"@type":"EntryPoint","urlTemplate":"https:\/\/urban-vitamin.com\/es\/?s={search_term_string}"},"query-input":{"@type":"PropertyValueSpecification","valueRequired":true,"valueName":"search_term_string"}}],"inLanguage":"es"}]}},"_links":{"self":[{"href":"https:\/\/urban-vitamin.com\/es\/wp-json\/wp\/v2\/product\/22147","targetHints":{"allow":["GET"]}}],"collection":[{"href":"https:\/\/urban-vitamin.com\/es\/wp-json\/wp\/v2\/product"}],"about":[{"href":"https:\/\/urban-vitamin.com\/es\/wp-json\/wp\/v2\/types\/product"}],"replies":[{"embeddable":true,"href":"https:\/\/urban-vitamin.com\/es\/wp-json\/wp\/v2\/comments?post=22147"}],"wp:featuredmedia":[{"embeddable":true,"href":"https:\/\/urban-vitamin.com\/es\/wp-json\/wp\/v2\/media\/23369"}],"wp:attachment":[{"href":"https:\/\/urban-vitamin.com\/es\/wp-json\/wp\/v2\/media?parent=22147"}],"wp:term":[{"taxonomy":"product_cat","embeddable":true,"href":"https:\/\/urban-vitamin.com\/es\/wp-json\/wp\/v2\/product_cat?post=22147"},{"taxonomy":"product_tag","embeddable":true,"href":"https:\/\/urban-vitamin.com\/es\/wp-json\/wp\/v2\/product_tag?post=22147"}],"curies":[{"name":"wp","href":"https:\/\/api.w.org\/{rel}","templated":true}]}}