{"id":22146,"date":"2026-03-12T01:08:06","date_gmt":"2026-03-12T01:08:06","guid":{"rendered":"https:\/\/urban-vitamin.com\/bateria-menlo-park-20w-rcs-20-000-mah-negro\/"},"modified":"2026-03-12T02:28:16","modified_gmt":"2026-03-12T02:28:16","slug":"bateria-menlo-park-20w-rcs-20-000-mah-negro","status":"publish","type":"product","link":"https:\/\/urban-vitamin.com\/es\/producto\/bateria-menlo-park-20w-rcs-20-000-mah-negro\/","title":{"rendered":"Bater\u00eda Menlo Park 20W RCS 20.000 mAh, negro"},"content":{"rendered":"<p>Conoce el nuevo est\u00e1ndar de carga port\u00e1til. Menlo Park es un powerbank de 20.000 mAh que te permite cargar todos tus dispositivos m\u00f3viles a m\u00e1xima velocidad. Menlo Park no solo carga a m\u00e1xima velocidad, sino que tambi\u00e9n ofrece la forma m\u00e1s r\u00e1pida posible de recargar el powerbank. Menlo Park viene con salida USB dual para que puedas cargar dos dispositivos al mismo tiempo. Uno a trav\u00e9s del puerto tipo C y otro con cable tipo C. Ambos ofrecen una carga PD superr\u00e1pida de hasta 20W. Menlo Park est\u00e1 fabricado con ABS y PC reciclados con certificaci\u00f3n RCS (Recycled Claim Standard). Contenido reciclado total: 20% en funci\u00f3n del peso total del art\u00edculo. Los art\u00edculos de Urban Vitamin est\u00e1n fabricados sin PVC y presentados \u200b\u200ben envases de pl\u00e1stico reducido.<\/p>\n","protected":false},"excerpt":{"rendered":"<p>Conoce el nuevo est\u00e1ndar de carga port\u00e1til. Menlo Park es un powerbank de 20.000 mAh que te permite cargar todos tus dispositivos m\u00f3viles a m\u00e1xima velocidad. Menlo Park no solo carga a m\u00e1xima velocidad, sino que tambi\u00e9n ofrece la forma m\u00e1s r\u00e1pida posible de recargar el powerbank. Menlo Park viene con salida USB dual para [&hellip;]<\/p>\n","protected":false},"featured_media":23362,"comment_status":"closed","ping_status":"closed","template":"","meta":{"_acf_changed":false,"om_disable_all_campaigns":false},"product_cat":[77],"product_tag":[],"class_list":["post-22146","product","type-product","status-publish","has-post-thumbnail","hentry","product_cat-powerbanks-es","pa_color-black"],"acf":[],"yoast_head":"<!-- This site is optimized with the Yoast SEO plugin v27.0 - https:\/\/yoast.com\/product\/yoast-seo-wordpress\/ -->\n<title>Bater\u00eda Menlo Park 20W RCS 20.000 mAh, negro - Urban Vitamin<\/title>\n<meta name=\"robots\" content=\"index, follow, max-snippet:-1, max-image-preview:large, max-video-preview:-1\" \/>\n<link rel=\"canonical\" href=\"https:\/\/urban-vitamin.com\/es\/producto\/bateria-menlo-park-20w-rcs-20-000-mah-negro\/\" \/>\n<meta property=\"og:locale\" content=\"es_ES\" \/>\n<meta property=\"og:type\" content=\"article\" \/>\n<meta property=\"og:title\" content=\"Bater\u00eda Menlo Park 20W RCS 20.000 mAh, negro - Urban Vitamin\" \/>\n<meta property=\"og:description\" content=\"Conoce el nuevo est\u00e1ndar de carga port\u00e1til. Menlo Park es un powerbank de 20.000 mAh que te permite cargar todos tus dispositivos m\u00f3viles a m\u00e1xima velocidad. Menlo Park no solo carga a m\u00e1xima velocidad, sino que tambi\u00e9n ofrece la forma m\u00e1s r\u00e1pida posible de recargar el powerbank. Menlo Park viene con salida USB dual para [&hellip;]\" \/>\n<meta property=\"og:url\" content=\"https:\/\/urban-vitamin.com\/es\/producto\/bateria-menlo-park-20w-rcs-20-000-mah-negro\/\" \/>\n<meta property=\"og:site_name\" content=\"Urban Vitamin\" \/>\n<meta property=\"article:modified_time\" content=\"2026-03-12T02:28:16+00:00\" \/>\n<meta property=\"og:image\" content=\"https:\/\/urban-vitamin.com\/wp-content\/uploads\/sites\/5\/2025\/02\/P322.8801__S_0__a0af84d8d40041d18ab35029cfaf621a.jpg\" \/>\n\t<meta property=\"og:image:width\" content=\"1024\" \/>\n\t<meta property=\"og:image:height\" content=\"1024\" \/>\n\t<meta property=\"og:image:type\" content=\"image\/jpeg\" \/>\n<meta name=\"twitter:card\" content=\"summary_large_image\" \/>\n<meta name=\"twitter:label1\" content=\"Tiempo de lectura\" \/>\n\t<meta name=\"twitter:data1\" content=\"1 minuto\" \/>\n<script type=\"application\/ld+json\" class=\"yoast-schema-graph\">{\"@context\":\"https:\/\/schema.org\",\"@graph\":[{\"@type\":\"WebPage\",\"@id\":\"https:\/\/urban-vitamin.com\/es\/producto\/bateria-menlo-park-20w-rcs-20-000-mah-negro\/\",\"url\":\"https:\/\/urban-vitamin.com\/es\/producto\/bateria-menlo-park-20w-rcs-20-000-mah-negro\/\",\"name\":\"Bater\u00eda Menlo Park 20W RCS 20.000 mAh, negro - Urban Vitamin\",\"isPartOf\":{\"@id\":\"https:\/\/urban-vitamin.com\/es\/#website\"},\"primaryImageOfPage\":{\"@id\":\"https:\/\/urban-vitamin.com\/es\/producto\/bateria-menlo-park-20w-rcs-20-000-mah-negro\/#primaryimage\"},\"image\":{\"@id\":\"https:\/\/urban-vitamin.com\/es\/producto\/bateria-menlo-park-20w-rcs-20-000-mah-negro\/#primaryimage\"},\"thumbnailUrl\":\"https:\/\/urban-vitamin.com\/wp-content\/uploads\/sites\/5\/2025\/02\/P322.8801__S_0__a0af84d8d40041d18ab35029cfaf621a.jpg\",\"datePublished\":\"2026-03-12T01:08:06+00:00\",\"dateModified\":\"2026-03-12T02:28:16+00:00\",\"breadcrumb\":{\"@id\":\"https:\/\/urban-vitamin.com\/es\/producto\/bateria-menlo-park-20w-rcs-20-000-mah-negro\/#breadcrumb\"},\"inLanguage\":\"es\",\"potentialAction\":[{\"@type\":\"ReadAction\",\"target\":[\"https:\/\/urban-vitamin.com\/es\/producto\/bateria-menlo-park-20w-rcs-20-000-mah-negro\/\"]}]},{\"@type\":\"ImageObject\",\"inLanguage\":\"es\",\"@id\":\"https:\/\/urban-vitamin.com\/es\/producto\/bateria-menlo-park-20w-rcs-20-000-mah-negro\/#primaryimage\",\"url\":\"https:\/\/urban-vitamin.com\/wp-content\/uploads\/sites\/5\/2025\/02\/P322.8801__S_0__a0af84d8d40041d18ab35029cfaf621a.jpg\",\"contentUrl\":\"https:\/\/urban-vitamin.com\/wp-content\/uploads\/sites\/5\/2025\/02\/P322.8801__S_0__a0af84d8d40041d18ab35029cfaf621a.jpg\",\"width\":1024,\"height\":1024},{\"@type\":\"BreadcrumbList\",\"@id\":\"https:\/\/urban-vitamin.com\/es\/producto\/bateria-menlo-park-20w-rcs-20-000-mah-negro\/#breadcrumb\",\"itemListElement\":[{\"@type\":\"ListItem\",\"position\":1,\"name\":\"Home\",\"item\":\"https:\/\/urban-vitamin.com\/es\/\"},{\"@type\":\"ListItem\",\"position\":2,\"name\":\"Recopilaci\u00f3n\",\"item\":\"https:\/\/urban-vitamin.com\/es\/recopilacion\/\"},{\"@type\":\"ListItem\",\"position\":3,\"name\":\"Bater\u00eda Menlo Park 20W RCS 20.000 mAh, negro\"}]},{\"@type\":\"WebSite\",\"@id\":\"https:\/\/urban-vitamin.com\/es\/#website\",\"url\":\"https:\/\/urban-vitamin.com\/es\/\",\"name\":\"Urban Vitamin\",\"description\":\"Enjoy your daily dose of Urban Vitamin!\",\"potentialAction\":[{\"@type\":\"SearchAction\",\"target\":{\"@type\":\"EntryPoint\",\"urlTemplate\":\"https:\/\/urban-vitamin.com\/es\/?s={search_term_string}\"},\"query-input\":{\"@type\":\"PropertyValueSpecification\",\"valueRequired\":true,\"valueName\":\"search_term_string\"}}],\"inLanguage\":\"es\"}]}<\/script>\n<!-- \/ Yoast SEO plugin. -->","yoast_head_json":{"title":"Bater\u00eda Menlo Park 20W RCS 20.000 mAh, negro - Urban Vitamin","robots":{"index":"index","follow":"follow","max-snippet":"max-snippet:-1","max-image-preview":"max-image-preview:large","max-video-preview":"max-video-preview:-1"},"canonical":"https:\/\/urban-vitamin.com\/es\/producto\/bateria-menlo-park-20w-rcs-20-000-mah-negro\/","og_locale":"es_ES","og_type":"article","og_title":"Bater\u00eda Menlo Park 20W RCS 20.000 mAh, negro - Urban Vitamin","og_description":"Conoce el nuevo est\u00e1ndar de carga port\u00e1til. Menlo Park es un powerbank de 20.000 mAh que te permite cargar todos tus dispositivos m\u00f3viles a m\u00e1xima velocidad. Menlo Park no solo carga a m\u00e1xima velocidad, sino que tambi\u00e9n ofrece la forma m\u00e1s r\u00e1pida posible de recargar el powerbank. Menlo Park viene con salida USB dual para [&hellip;]","og_url":"https:\/\/urban-vitamin.com\/es\/producto\/bateria-menlo-park-20w-rcs-20-000-mah-negro\/","og_site_name":"Urban Vitamin","article_modified_time":"2026-03-12T02:28:16+00:00","og_image":[{"width":1024,"height":1024,"url":"https:\/\/urban-vitamin.com\/wp-content\/uploads\/sites\/5\/2025\/02\/P322.8801__S_0__a0af84d8d40041d18ab35029cfaf621a.jpg","type":"image\/jpeg"}],"twitter_card":"summary_large_image","twitter_misc":{"Tiempo de lectura":"1 minuto"},"schema":{"@context":"https:\/\/schema.org","@graph":[{"@type":"WebPage","@id":"https:\/\/urban-vitamin.com\/es\/producto\/bateria-menlo-park-20w-rcs-20-000-mah-negro\/","url":"https:\/\/urban-vitamin.com\/es\/producto\/bateria-menlo-park-20w-rcs-20-000-mah-negro\/","name":"Bater\u00eda Menlo Park 20W RCS 20.000 mAh, negro - Urban Vitamin","isPartOf":{"@id":"https:\/\/urban-vitamin.com\/es\/#website"},"primaryImageOfPage":{"@id":"https:\/\/urban-vitamin.com\/es\/producto\/bateria-menlo-park-20w-rcs-20-000-mah-negro\/#primaryimage"},"image":{"@id":"https:\/\/urban-vitamin.com\/es\/producto\/bateria-menlo-park-20w-rcs-20-000-mah-negro\/#primaryimage"},"thumbnailUrl":"https:\/\/urban-vitamin.com\/wp-content\/uploads\/sites\/5\/2025\/02\/P322.8801__S_0__a0af84d8d40041d18ab35029cfaf621a.jpg","datePublished":"2026-03-12T01:08:06+00:00","dateModified":"2026-03-12T02:28:16+00:00","breadcrumb":{"@id":"https:\/\/urban-vitamin.com\/es\/producto\/bateria-menlo-park-20w-rcs-20-000-mah-negro\/#breadcrumb"},"inLanguage":"es","potentialAction":[{"@type":"ReadAction","target":["https:\/\/urban-vitamin.com\/es\/producto\/bateria-menlo-park-20w-rcs-20-000-mah-negro\/"]}]},{"@type":"ImageObject","inLanguage":"es","@id":"https:\/\/urban-vitamin.com\/es\/producto\/bateria-menlo-park-20w-rcs-20-000-mah-negro\/#primaryimage","url":"https:\/\/urban-vitamin.com\/wp-content\/uploads\/sites\/5\/2025\/02\/P322.8801__S_0__a0af84d8d40041d18ab35029cfaf621a.jpg","contentUrl":"https:\/\/urban-vitamin.com\/wp-content\/uploads\/sites\/5\/2025\/02\/P322.8801__S_0__a0af84d8d40041d18ab35029cfaf621a.jpg","width":1024,"height":1024},{"@type":"BreadcrumbList","@id":"https:\/\/urban-vitamin.com\/es\/producto\/bateria-menlo-park-20w-rcs-20-000-mah-negro\/#breadcrumb","itemListElement":[{"@type":"ListItem","position":1,"name":"Home","item":"https:\/\/urban-vitamin.com\/es\/"},{"@type":"ListItem","position":2,"name":"Recopilaci\u00f3n","item":"https:\/\/urban-vitamin.com\/es\/recopilacion\/"},{"@type":"ListItem","position":3,"name":"Bater\u00eda Menlo Park 20W RCS 20.000 mAh, negro"}]},{"@type":"WebSite","@id":"https:\/\/urban-vitamin.com\/es\/#website","url":"https:\/\/urban-vitamin.com\/es\/","name":"Urban Vitamin","description":"Enjoy your daily dose of Urban Vitamin!","potentialAction":[{"@type":"SearchAction","target":{"@type":"EntryPoint","urlTemplate":"https:\/\/urban-vitamin.com\/es\/?s={search_term_string}"},"query-input":{"@type":"PropertyValueSpecification","valueRequired":true,"valueName":"search_term_string"}}],"inLanguage":"es"}]}},"_links":{"self":[{"href":"https:\/\/urban-vitamin.com\/es\/wp-json\/wp\/v2\/product\/22146","targetHints":{"allow":["GET"]}}],"collection":[{"href":"https:\/\/urban-vitamin.com\/es\/wp-json\/wp\/v2\/product"}],"about":[{"href":"https:\/\/urban-vitamin.com\/es\/wp-json\/wp\/v2\/types\/product"}],"replies":[{"embeddable":true,"href":"https:\/\/urban-vitamin.com\/es\/wp-json\/wp\/v2\/comments?post=22146"}],"wp:featuredmedia":[{"embeddable":true,"href":"https:\/\/urban-vitamin.com\/es\/wp-json\/wp\/v2\/media\/23362"}],"wp:attachment":[{"href":"https:\/\/urban-vitamin.com\/es\/wp-json\/wp\/v2\/media?parent=22146"}],"wp:term":[{"taxonomy":"product_cat","embeddable":true,"href":"https:\/\/urban-vitamin.com\/es\/wp-json\/wp\/v2\/product_cat?post=22146"},{"taxonomy":"product_tag","embeddable":true,"href":"https:\/\/urban-vitamin.com\/es\/wp-json\/wp\/v2\/product_tag?post=22146"}],"curies":[{"name":"wp","href":"https:\/\/api.w.org\/{rel}","templated":true}]}}