{"id":22144,"date":"2026-03-12T01:06:22","date_gmt":"2026-03-12T01:06:22","guid":{"rendered":"https:\/\/urban-vitamin.com\/cargador-magnetico-3-en-1-de-15w-torrance-negro\/"},"modified":"2026-03-12T02:26:33","modified_gmt":"2026-03-12T02:26:33","slug":"cargador-magnetico-3-en-1-de-15w-torrance-negro","status":"publish","type":"product","link":"https:\/\/urban-vitamin.com\/es\/producto\/cargador-magnetico-3-en-1-de-15w-torrance-negro\/","title":{"rendered":"Cargador magn\u00e9tico 3 en 1 de 15W Torrance, negro"},"content":{"rendered":"<p>\u00bfNecesitas cargar todos tus dispositivos al mismo tiempo y a toda velocidad? Torrance te lo ofrece con su cargador magn\u00e9tico ultrarr\u00e1pido de 15W. El cargador inal\u00e1mbrico se puede utilizar tanto de pie como en posici\u00f3n horizontal. \u00dasalo como soporte para cargar tel\u00e9fonos con carga magn\u00e9tica o en posici\u00f3n horizontal para cualquier otro tel\u00e9fono inal\u00e1mbrico. Utiliza la plataforma de carga central de 5W para cargar un segundo tel\u00e9fono o auriculares. Y, por si fuera poco, utiliza el cargador de reloj para cargar las \u00faltimas generaciones de iWatch. Viene con un cable TPE reciclado de 120 cm para instalarlo f\u00e1cilmente en tu escritorio o mesita de noche. Con\u00e9ctalo a una fuente de alimentaci\u00f3n de carga r\u00e1pida (m\u00ednimo 9 V\/2 A) para empezar. Fabricado con ABS reciclado con certificaci\u00f3n RCS (Recycled Claim Standard). Contenido reciclado total: 37% en base al peso total del art\u00edculo. Los art\u00edculos de Urban Vitamin est\u00e1n fabricados sin PVC y presentados \u200b\u200ben envases reducidos en pl\u00e1stico.<\/p>\n","protected":false},"excerpt":{"rendered":"<p>\u00bfNecesitas cargar todos tus dispositivos al mismo tiempo y a toda velocidad? Torrance te lo ofrece con su cargador magn\u00e9tico ultrarr\u00e1pido de 15W. El cargador inal\u00e1mbrico se puede utilizar tanto de pie como en posici\u00f3n horizontal. \u00dasalo como soporte para cargar tel\u00e9fonos con carga magn\u00e9tica o en posici\u00f3n horizontal para cualquier otro tel\u00e9fono inal\u00e1mbrico. Utiliza [&hellip;]<\/p>\n","protected":false},"featured_media":23348,"comment_status":"closed","ping_status":"closed","template":"","meta":{"_acf_changed":false,"om_disable_all_campaigns":false},"product_cat":[79],"product_tag":[],"class_list":["post-22144","product","type-product","status-publish","has-post-thumbnail","hentry","product_cat-cargadores","pa_color-black"],"acf":[],"yoast_head":"<!-- This site is optimized with the Yoast SEO plugin v27.0 - https:\/\/yoast.com\/product\/yoast-seo-wordpress\/ -->\n<title>Cargador magn\u00e9tico 3 en 1 de 15W Torrance, negro - Urban Vitamin<\/title>\n<meta name=\"robots\" content=\"index, follow, max-snippet:-1, max-image-preview:large, max-video-preview:-1\" \/>\n<link rel=\"canonical\" href=\"https:\/\/urban-vitamin.com\/es\/producto\/cargador-magnetico-3-en-1-de-15w-torrance-negro\/\" \/>\n<meta property=\"og:locale\" content=\"es_ES\" \/>\n<meta property=\"og:type\" content=\"article\" \/>\n<meta property=\"og:title\" content=\"Cargador magn\u00e9tico 3 en 1 de 15W Torrance, negro - Urban Vitamin\" \/>\n<meta property=\"og:description\" content=\"\u00bfNecesitas cargar todos tus dispositivos al mismo tiempo y a toda velocidad? Torrance te lo ofrece con su cargador magn\u00e9tico ultrarr\u00e1pido de 15W. El cargador inal\u00e1mbrico se puede utilizar tanto de pie como en posici\u00f3n horizontal. \u00dasalo como soporte para cargar tel\u00e9fonos con carga magn\u00e9tica o en posici\u00f3n horizontal para cualquier otro tel\u00e9fono inal\u00e1mbrico. Utiliza [&hellip;]\" \/>\n<meta property=\"og:url\" content=\"https:\/\/urban-vitamin.com\/es\/producto\/cargador-magnetico-3-en-1-de-15w-torrance-negro\/\" \/>\n<meta property=\"og:site_name\" content=\"Urban Vitamin\" \/>\n<meta property=\"article:modified_time\" content=\"2026-03-12T02:26:33+00:00\" \/>\n<meta property=\"og:image\" content=\"https:\/\/urban-vitamin.com\/wp-content\/uploads\/sites\/5\/2025\/02\/P309.5001__S_0__4408df0962104331a5cef513a00424ff.jpg\" \/>\n\t<meta property=\"og:image:width\" content=\"1024\" \/>\n\t<meta property=\"og:image:height\" content=\"1024\" \/>\n\t<meta property=\"og:image:type\" content=\"image\/jpeg\" \/>\n<meta name=\"twitter:card\" content=\"summary_large_image\" \/>\n<meta name=\"twitter:label1\" content=\"Tiempo de lectura\" \/>\n\t<meta name=\"twitter:data1\" content=\"1 minuto\" \/>\n<script type=\"application\/ld+json\" class=\"yoast-schema-graph\">{\"@context\":\"https:\/\/schema.org\",\"@graph\":[{\"@type\":\"WebPage\",\"@id\":\"https:\/\/urban-vitamin.com\/es\/producto\/cargador-magnetico-3-en-1-de-15w-torrance-negro\/\",\"url\":\"https:\/\/urban-vitamin.com\/es\/producto\/cargador-magnetico-3-en-1-de-15w-torrance-negro\/\",\"name\":\"Cargador magn\u00e9tico 3 en 1 de 15W Torrance, negro - Urban Vitamin\",\"isPartOf\":{\"@id\":\"https:\/\/urban-vitamin.com\/es\/#website\"},\"primaryImageOfPage\":{\"@id\":\"https:\/\/urban-vitamin.com\/es\/producto\/cargador-magnetico-3-en-1-de-15w-torrance-negro\/#primaryimage\"},\"image\":{\"@id\":\"https:\/\/urban-vitamin.com\/es\/producto\/cargador-magnetico-3-en-1-de-15w-torrance-negro\/#primaryimage\"},\"thumbnailUrl\":\"https:\/\/urban-vitamin.com\/wp-content\/uploads\/sites\/5\/2025\/02\/P309.5001__S_0__4408df0962104331a5cef513a00424ff.jpg\",\"datePublished\":\"2026-03-12T01:06:22+00:00\",\"dateModified\":\"2026-03-12T02:26:33+00:00\",\"breadcrumb\":{\"@id\":\"https:\/\/urban-vitamin.com\/es\/producto\/cargador-magnetico-3-en-1-de-15w-torrance-negro\/#breadcrumb\"},\"inLanguage\":\"es\",\"potentialAction\":[{\"@type\":\"ReadAction\",\"target\":[\"https:\/\/urban-vitamin.com\/es\/producto\/cargador-magnetico-3-en-1-de-15w-torrance-negro\/\"]}]},{\"@type\":\"ImageObject\",\"inLanguage\":\"es\",\"@id\":\"https:\/\/urban-vitamin.com\/es\/producto\/cargador-magnetico-3-en-1-de-15w-torrance-negro\/#primaryimage\",\"url\":\"https:\/\/urban-vitamin.com\/wp-content\/uploads\/sites\/5\/2025\/02\/P309.5001__S_0__4408df0962104331a5cef513a00424ff.jpg\",\"contentUrl\":\"https:\/\/urban-vitamin.com\/wp-content\/uploads\/sites\/5\/2025\/02\/P309.5001__S_0__4408df0962104331a5cef513a00424ff.jpg\",\"width\":1024,\"height\":1024},{\"@type\":\"BreadcrumbList\",\"@id\":\"https:\/\/urban-vitamin.com\/es\/producto\/cargador-magnetico-3-en-1-de-15w-torrance-negro\/#breadcrumb\",\"itemListElement\":[{\"@type\":\"ListItem\",\"position\":1,\"name\":\"Home\",\"item\":\"https:\/\/urban-vitamin.com\/es\/\"},{\"@type\":\"ListItem\",\"position\":2,\"name\":\"Recopilaci\u00f3n\",\"item\":\"https:\/\/urban-vitamin.com\/es\/recopilacion\/\"},{\"@type\":\"ListItem\",\"position\":3,\"name\":\"Cargador magn\u00e9tico 3 en 1 de 15W Torrance, negro\"}]},{\"@type\":\"WebSite\",\"@id\":\"https:\/\/urban-vitamin.com\/es\/#website\",\"url\":\"https:\/\/urban-vitamin.com\/es\/\",\"name\":\"Urban Vitamin\",\"description\":\"Enjoy your daily dose of Urban Vitamin!\",\"potentialAction\":[{\"@type\":\"SearchAction\",\"target\":{\"@type\":\"EntryPoint\",\"urlTemplate\":\"https:\/\/urban-vitamin.com\/es\/?s={search_term_string}\"},\"query-input\":{\"@type\":\"PropertyValueSpecification\",\"valueRequired\":true,\"valueName\":\"search_term_string\"}}],\"inLanguage\":\"es\"}]}<\/script>\n<!-- \/ Yoast SEO plugin. -->","yoast_head_json":{"title":"Cargador magn\u00e9tico 3 en 1 de 15W Torrance, negro - Urban Vitamin","robots":{"index":"index","follow":"follow","max-snippet":"max-snippet:-1","max-image-preview":"max-image-preview:large","max-video-preview":"max-video-preview:-1"},"canonical":"https:\/\/urban-vitamin.com\/es\/producto\/cargador-magnetico-3-en-1-de-15w-torrance-negro\/","og_locale":"es_ES","og_type":"article","og_title":"Cargador magn\u00e9tico 3 en 1 de 15W Torrance, negro - Urban Vitamin","og_description":"\u00bfNecesitas cargar todos tus dispositivos al mismo tiempo y a toda velocidad? Torrance te lo ofrece con su cargador magn\u00e9tico ultrarr\u00e1pido de 15W. El cargador inal\u00e1mbrico se puede utilizar tanto de pie como en posici\u00f3n horizontal. \u00dasalo como soporte para cargar tel\u00e9fonos con carga magn\u00e9tica o en posici\u00f3n horizontal para cualquier otro tel\u00e9fono inal\u00e1mbrico. Utiliza [&hellip;]","og_url":"https:\/\/urban-vitamin.com\/es\/producto\/cargador-magnetico-3-en-1-de-15w-torrance-negro\/","og_site_name":"Urban Vitamin","article_modified_time":"2026-03-12T02:26:33+00:00","og_image":[{"width":1024,"height":1024,"url":"https:\/\/urban-vitamin.com\/wp-content\/uploads\/sites\/5\/2025\/02\/P309.5001__S_0__4408df0962104331a5cef513a00424ff.jpg","type":"image\/jpeg"}],"twitter_card":"summary_large_image","twitter_misc":{"Tiempo de lectura":"1 minuto"},"schema":{"@context":"https:\/\/schema.org","@graph":[{"@type":"WebPage","@id":"https:\/\/urban-vitamin.com\/es\/producto\/cargador-magnetico-3-en-1-de-15w-torrance-negro\/","url":"https:\/\/urban-vitamin.com\/es\/producto\/cargador-magnetico-3-en-1-de-15w-torrance-negro\/","name":"Cargador magn\u00e9tico 3 en 1 de 15W Torrance, negro - Urban Vitamin","isPartOf":{"@id":"https:\/\/urban-vitamin.com\/es\/#website"},"primaryImageOfPage":{"@id":"https:\/\/urban-vitamin.com\/es\/producto\/cargador-magnetico-3-en-1-de-15w-torrance-negro\/#primaryimage"},"image":{"@id":"https:\/\/urban-vitamin.com\/es\/producto\/cargador-magnetico-3-en-1-de-15w-torrance-negro\/#primaryimage"},"thumbnailUrl":"https:\/\/urban-vitamin.com\/wp-content\/uploads\/sites\/5\/2025\/02\/P309.5001__S_0__4408df0962104331a5cef513a00424ff.jpg","datePublished":"2026-03-12T01:06:22+00:00","dateModified":"2026-03-12T02:26:33+00:00","breadcrumb":{"@id":"https:\/\/urban-vitamin.com\/es\/producto\/cargador-magnetico-3-en-1-de-15w-torrance-negro\/#breadcrumb"},"inLanguage":"es","potentialAction":[{"@type":"ReadAction","target":["https:\/\/urban-vitamin.com\/es\/producto\/cargador-magnetico-3-en-1-de-15w-torrance-negro\/"]}]},{"@type":"ImageObject","inLanguage":"es","@id":"https:\/\/urban-vitamin.com\/es\/producto\/cargador-magnetico-3-en-1-de-15w-torrance-negro\/#primaryimage","url":"https:\/\/urban-vitamin.com\/wp-content\/uploads\/sites\/5\/2025\/02\/P309.5001__S_0__4408df0962104331a5cef513a00424ff.jpg","contentUrl":"https:\/\/urban-vitamin.com\/wp-content\/uploads\/sites\/5\/2025\/02\/P309.5001__S_0__4408df0962104331a5cef513a00424ff.jpg","width":1024,"height":1024},{"@type":"BreadcrumbList","@id":"https:\/\/urban-vitamin.com\/es\/producto\/cargador-magnetico-3-en-1-de-15w-torrance-negro\/#breadcrumb","itemListElement":[{"@type":"ListItem","position":1,"name":"Home","item":"https:\/\/urban-vitamin.com\/es\/"},{"@type":"ListItem","position":2,"name":"Recopilaci\u00f3n","item":"https:\/\/urban-vitamin.com\/es\/recopilacion\/"},{"@type":"ListItem","position":3,"name":"Cargador magn\u00e9tico 3 en 1 de 15W Torrance, negro"}]},{"@type":"WebSite","@id":"https:\/\/urban-vitamin.com\/es\/#website","url":"https:\/\/urban-vitamin.com\/es\/","name":"Urban Vitamin","description":"Enjoy your daily dose of Urban Vitamin!","potentialAction":[{"@type":"SearchAction","target":{"@type":"EntryPoint","urlTemplate":"https:\/\/urban-vitamin.com\/es\/?s={search_term_string}"},"query-input":{"@type":"PropertyValueSpecification","valueRequired":true,"valueName":"search_term_string"}}],"inLanguage":"es"}]}},"_links":{"self":[{"href":"https:\/\/urban-vitamin.com\/es\/wp-json\/wp\/v2\/product\/22144","targetHints":{"allow":["GET"]}}],"collection":[{"href":"https:\/\/urban-vitamin.com\/es\/wp-json\/wp\/v2\/product"}],"about":[{"href":"https:\/\/urban-vitamin.com\/es\/wp-json\/wp\/v2\/types\/product"}],"replies":[{"embeddable":true,"href":"https:\/\/urban-vitamin.com\/es\/wp-json\/wp\/v2\/comments?post=22144"}],"wp:featuredmedia":[{"embeddable":true,"href":"https:\/\/urban-vitamin.com\/es\/wp-json\/wp\/v2\/media\/23348"}],"wp:attachment":[{"href":"https:\/\/urban-vitamin.com\/es\/wp-json\/wp\/v2\/media?parent=22144"}],"wp:term":[{"taxonomy":"product_cat","embeddable":true,"href":"https:\/\/urban-vitamin.com\/es\/wp-json\/wp\/v2\/product_cat?post=22144"},{"taxonomy":"product_tag","embeddable":true,"href":"https:\/\/urban-vitamin.com\/es\/wp-json\/wp\/v2\/product_tag?post=22144"}],"curies":[{"name":"wp","href":"https:\/\/api.w.org\/{rel}","templated":true}]}}