{"id":22143,"date":"2026-03-12T01:06:04","date_gmt":"2026-03-12T01:06:04","guid":{"rendered":"https:\/\/urban-vitamin.com\/cargador-gan-santa-cruz-rcs-rplastc-70w-negro\/"},"modified":"2026-03-12T02:26:18","modified_gmt":"2026-03-12T02:26:18","slug":"cargador-gan-rplastic-rcs-70w-santa-cruz-negro","status":"publish","type":"product","link":"https:\/\/urban-vitamin.com\/es\/producto\/cargador-gan-rplastic-rcs-70w-santa-cruz-negro\/","title":{"rendered":"Cargador GAN rplastic RCS 70W Santa Cruz, negro"},"content":{"rendered":"<p>Conoce el cargador de 70W m\u00e1s avanzado que podr\u00edas pedir. Santa Cruz es un cargador GAN PD de 70W con enchufe para UE, EE. UU. y Reino Unido que viene con un puerto tipo C superr\u00e1pido y un puerto USB A adicional para una m\u00e1xima versatilidad. GAN es una nueva tecnolog\u00eda de carga que permite un tama\u00f1o mucho m\u00e1s peque\u00f1o para adaptadores potentes, menos calor, por lo que es mucho m\u00e1s seguro, y una mayor eficiencia energ\u00e9tica, por lo que se pierde menos energ\u00eda en el proceso de carga. Cargar\u00e1 cualquier dispositivo a toda velocidad, incluso ordenadores port\u00e1tiles. Est\u00e1 hecho con PC ign\u00edfugo reciclado certificado por RCS (Recycled Claim Standard). Contenido reciclado total: 19% en funci\u00f3n del peso total del art\u00edculo. Los art\u00edculos de Urban Vitamin est\u00e1n hechos sin PVC y presentados en envases de pl\u00e1stico reducido.<\/p>\n","protected":false},"excerpt":{"rendered":"<p>Conoce el cargador de 70W m\u00e1s avanzado que podr\u00edas pedir. Santa Cruz es un cargador GAN PD de 70W con enchufe para UE, EE. UU. y Reino Unido que viene con un puerto tipo C superr\u00e1pido y un puerto USB A adicional para una m\u00e1xima versatilidad. GAN es una nueva tecnolog\u00eda de carga que permite [&hellip;]<\/p>\n","protected":false},"featured_media":23334,"comment_status":"closed","ping_status":"closed","template":"","meta":{"_acf_changed":false,"om_disable_all_campaigns":false},"product_cat":[79],"product_tag":[],"class_list":["post-22143","product","type-product","status-publish","has-post-thumbnail","hentry","product_cat-cargadores","pa_color-black"],"acf":[],"yoast_head":"<!-- This site is optimized with the Yoast SEO plugin v27.0 - https:\/\/yoast.com\/product\/yoast-seo-wordpress\/ -->\n<title>Cargador GAN rplastic RCS 70W Santa Cruz, negro - Urban Vitamin<\/title>\n<meta name=\"robots\" content=\"index, follow, max-snippet:-1, max-image-preview:large, max-video-preview:-1\" \/>\n<link rel=\"canonical\" href=\"https:\/\/urban-vitamin.com\/es\/producto\/cargador-gan-rplastic-rcs-70w-santa-cruz-negro\/\" \/>\n<meta property=\"og:locale\" content=\"es_ES\" \/>\n<meta property=\"og:type\" content=\"article\" \/>\n<meta property=\"og:title\" content=\"Cargador GAN rplastic RCS 70W Santa Cruz, negro - Urban Vitamin\" \/>\n<meta property=\"og:description\" content=\"Conoce el cargador de 70W m\u00e1s avanzado que podr\u00edas pedir. Santa Cruz es un cargador GAN PD de 70W con enchufe para UE, EE. UU. y Reino Unido que viene con un puerto tipo C superr\u00e1pido y un puerto USB A adicional para una m\u00e1xima versatilidad. GAN es una nueva tecnolog\u00eda de carga que permite [&hellip;]\" \/>\n<meta property=\"og:url\" content=\"https:\/\/urban-vitamin.com\/es\/producto\/cargador-gan-rplastic-rcs-70w-santa-cruz-negro\/\" \/>\n<meta property=\"og:site_name\" content=\"Urban Vitamin\" \/>\n<meta property=\"article:modified_time\" content=\"2026-03-12T02:26:18+00:00\" \/>\n<meta property=\"og:image\" content=\"https:\/\/urban-vitamin.com\/wp-content\/uploads\/sites\/5\/2025\/02\/P301.9801__S_0__2aa56b89a74a477ebb26492b90070f81.jpg\" \/>\n\t<meta property=\"og:image:width\" content=\"1024\" \/>\n\t<meta property=\"og:image:height\" content=\"1024\" \/>\n\t<meta property=\"og:image:type\" content=\"image\/jpeg\" \/>\n<meta name=\"twitter:card\" content=\"summary_large_image\" \/>\n<meta name=\"twitter:label1\" content=\"Tiempo de lectura\" \/>\n\t<meta name=\"twitter:data1\" content=\"1 minuto\" \/>\n<script type=\"application\/ld+json\" class=\"yoast-schema-graph\">{\"@context\":\"https:\/\/schema.org\",\"@graph\":[{\"@type\":\"WebPage\",\"@id\":\"https:\/\/urban-vitamin.com\/es\/producto\/cargador-gan-rplastic-rcs-70w-santa-cruz-negro\/\",\"url\":\"https:\/\/urban-vitamin.com\/es\/producto\/cargador-gan-rplastic-rcs-70w-santa-cruz-negro\/\",\"name\":\"Cargador GAN rplastic RCS 70W Santa Cruz, negro - Urban Vitamin\",\"isPartOf\":{\"@id\":\"https:\/\/urban-vitamin.com\/es\/#website\"},\"primaryImageOfPage\":{\"@id\":\"https:\/\/urban-vitamin.com\/es\/producto\/cargador-gan-rplastic-rcs-70w-santa-cruz-negro\/#primaryimage\"},\"image\":{\"@id\":\"https:\/\/urban-vitamin.com\/es\/producto\/cargador-gan-rplastic-rcs-70w-santa-cruz-negro\/#primaryimage\"},\"thumbnailUrl\":\"https:\/\/urban-vitamin.com\/wp-content\/uploads\/sites\/5\/2025\/02\/P301.9801__S_0__2aa56b89a74a477ebb26492b90070f81.jpg\",\"datePublished\":\"2026-03-12T01:06:04+00:00\",\"dateModified\":\"2026-03-12T02:26:18+00:00\",\"breadcrumb\":{\"@id\":\"https:\/\/urban-vitamin.com\/es\/producto\/cargador-gan-rplastic-rcs-70w-santa-cruz-negro\/#breadcrumb\"},\"inLanguage\":\"es\",\"potentialAction\":[{\"@type\":\"ReadAction\",\"target\":[\"https:\/\/urban-vitamin.com\/es\/producto\/cargador-gan-rplastic-rcs-70w-santa-cruz-negro\/\"]}]},{\"@type\":\"ImageObject\",\"inLanguage\":\"es\",\"@id\":\"https:\/\/urban-vitamin.com\/es\/producto\/cargador-gan-rplastic-rcs-70w-santa-cruz-negro\/#primaryimage\",\"url\":\"https:\/\/urban-vitamin.com\/wp-content\/uploads\/sites\/5\/2025\/02\/P301.9801__S_0__2aa56b89a74a477ebb26492b90070f81.jpg\",\"contentUrl\":\"https:\/\/urban-vitamin.com\/wp-content\/uploads\/sites\/5\/2025\/02\/P301.9801__S_0__2aa56b89a74a477ebb26492b90070f81.jpg\",\"width\":1024,\"height\":1024},{\"@type\":\"BreadcrumbList\",\"@id\":\"https:\/\/urban-vitamin.com\/es\/producto\/cargador-gan-rplastic-rcs-70w-santa-cruz-negro\/#breadcrumb\",\"itemListElement\":[{\"@type\":\"ListItem\",\"position\":1,\"name\":\"Home\",\"item\":\"https:\/\/urban-vitamin.com\/es\/\"},{\"@type\":\"ListItem\",\"position\":2,\"name\":\"Recopilaci\u00f3n\",\"item\":\"https:\/\/urban-vitamin.com\/es\/recopilacion\/\"},{\"@type\":\"ListItem\",\"position\":3,\"name\":\"Cargador GAN rplastic RCS 70W Santa Cruz, negro\"}]},{\"@type\":\"WebSite\",\"@id\":\"https:\/\/urban-vitamin.com\/es\/#website\",\"url\":\"https:\/\/urban-vitamin.com\/es\/\",\"name\":\"Urban Vitamin\",\"description\":\"Enjoy your daily dose of Urban Vitamin!\",\"potentialAction\":[{\"@type\":\"SearchAction\",\"target\":{\"@type\":\"EntryPoint\",\"urlTemplate\":\"https:\/\/urban-vitamin.com\/es\/?s={search_term_string}\"},\"query-input\":{\"@type\":\"PropertyValueSpecification\",\"valueRequired\":true,\"valueName\":\"search_term_string\"}}],\"inLanguage\":\"es\"}]}<\/script>\n<!-- \/ Yoast SEO plugin. -->","yoast_head_json":{"title":"Cargador GAN rplastic RCS 70W Santa Cruz, negro - Urban Vitamin","robots":{"index":"index","follow":"follow","max-snippet":"max-snippet:-1","max-image-preview":"max-image-preview:large","max-video-preview":"max-video-preview:-1"},"canonical":"https:\/\/urban-vitamin.com\/es\/producto\/cargador-gan-rplastic-rcs-70w-santa-cruz-negro\/","og_locale":"es_ES","og_type":"article","og_title":"Cargador GAN rplastic RCS 70W Santa Cruz, negro - Urban Vitamin","og_description":"Conoce el cargador de 70W m\u00e1s avanzado que podr\u00edas pedir. Santa Cruz es un cargador GAN PD de 70W con enchufe para UE, EE. UU. y Reino Unido que viene con un puerto tipo C superr\u00e1pido y un puerto USB A adicional para una m\u00e1xima versatilidad. GAN es una nueva tecnolog\u00eda de carga que permite [&hellip;]","og_url":"https:\/\/urban-vitamin.com\/es\/producto\/cargador-gan-rplastic-rcs-70w-santa-cruz-negro\/","og_site_name":"Urban Vitamin","article_modified_time":"2026-03-12T02:26:18+00:00","og_image":[{"width":1024,"height":1024,"url":"https:\/\/urban-vitamin.com\/wp-content\/uploads\/sites\/5\/2025\/02\/P301.9801__S_0__2aa56b89a74a477ebb26492b90070f81.jpg","type":"image\/jpeg"}],"twitter_card":"summary_large_image","twitter_misc":{"Tiempo de lectura":"1 minuto"},"schema":{"@context":"https:\/\/schema.org","@graph":[{"@type":"WebPage","@id":"https:\/\/urban-vitamin.com\/es\/producto\/cargador-gan-rplastic-rcs-70w-santa-cruz-negro\/","url":"https:\/\/urban-vitamin.com\/es\/producto\/cargador-gan-rplastic-rcs-70w-santa-cruz-negro\/","name":"Cargador GAN rplastic RCS 70W Santa Cruz, negro - Urban Vitamin","isPartOf":{"@id":"https:\/\/urban-vitamin.com\/es\/#website"},"primaryImageOfPage":{"@id":"https:\/\/urban-vitamin.com\/es\/producto\/cargador-gan-rplastic-rcs-70w-santa-cruz-negro\/#primaryimage"},"image":{"@id":"https:\/\/urban-vitamin.com\/es\/producto\/cargador-gan-rplastic-rcs-70w-santa-cruz-negro\/#primaryimage"},"thumbnailUrl":"https:\/\/urban-vitamin.com\/wp-content\/uploads\/sites\/5\/2025\/02\/P301.9801__S_0__2aa56b89a74a477ebb26492b90070f81.jpg","datePublished":"2026-03-12T01:06:04+00:00","dateModified":"2026-03-12T02:26:18+00:00","breadcrumb":{"@id":"https:\/\/urban-vitamin.com\/es\/producto\/cargador-gan-rplastic-rcs-70w-santa-cruz-negro\/#breadcrumb"},"inLanguage":"es","potentialAction":[{"@type":"ReadAction","target":["https:\/\/urban-vitamin.com\/es\/producto\/cargador-gan-rplastic-rcs-70w-santa-cruz-negro\/"]}]},{"@type":"ImageObject","inLanguage":"es","@id":"https:\/\/urban-vitamin.com\/es\/producto\/cargador-gan-rplastic-rcs-70w-santa-cruz-negro\/#primaryimage","url":"https:\/\/urban-vitamin.com\/wp-content\/uploads\/sites\/5\/2025\/02\/P301.9801__S_0__2aa56b89a74a477ebb26492b90070f81.jpg","contentUrl":"https:\/\/urban-vitamin.com\/wp-content\/uploads\/sites\/5\/2025\/02\/P301.9801__S_0__2aa56b89a74a477ebb26492b90070f81.jpg","width":1024,"height":1024},{"@type":"BreadcrumbList","@id":"https:\/\/urban-vitamin.com\/es\/producto\/cargador-gan-rplastic-rcs-70w-santa-cruz-negro\/#breadcrumb","itemListElement":[{"@type":"ListItem","position":1,"name":"Home","item":"https:\/\/urban-vitamin.com\/es\/"},{"@type":"ListItem","position":2,"name":"Recopilaci\u00f3n","item":"https:\/\/urban-vitamin.com\/es\/recopilacion\/"},{"@type":"ListItem","position":3,"name":"Cargador GAN rplastic RCS 70W Santa Cruz, negro"}]},{"@type":"WebSite","@id":"https:\/\/urban-vitamin.com\/es\/#website","url":"https:\/\/urban-vitamin.com\/es\/","name":"Urban Vitamin","description":"Enjoy your daily dose of Urban Vitamin!","potentialAction":[{"@type":"SearchAction","target":{"@type":"EntryPoint","urlTemplate":"https:\/\/urban-vitamin.com\/es\/?s={search_term_string}"},"query-input":{"@type":"PropertyValueSpecification","valueRequired":true,"valueName":"search_term_string"}}],"inLanguage":"es"}]}},"_links":{"self":[{"href":"https:\/\/urban-vitamin.com\/es\/wp-json\/wp\/v2\/product\/22143","targetHints":{"allow":["GET"]}}],"collection":[{"href":"https:\/\/urban-vitamin.com\/es\/wp-json\/wp\/v2\/product"}],"about":[{"href":"https:\/\/urban-vitamin.com\/es\/wp-json\/wp\/v2\/types\/product"}],"replies":[{"embeddable":true,"href":"https:\/\/urban-vitamin.com\/es\/wp-json\/wp\/v2\/comments?post=22143"}],"wp:featuredmedia":[{"embeddable":true,"href":"https:\/\/urban-vitamin.com\/es\/wp-json\/wp\/v2\/media\/23334"}],"wp:attachment":[{"href":"https:\/\/urban-vitamin.com\/es\/wp-json\/wp\/v2\/media?parent=22143"}],"wp:term":[{"taxonomy":"product_cat","embeddable":true,"href":"https:\/\/urban-vitamin.com\/es\/wp-json\/wp\/v2\/product_cat?post=22143"},{"taxonomy":"product_tag","embeddable":true,"href":"https:\/\/urban-vitamin.com\/es\/wp-json\/wp\/v2\/product_tag?post=22143"}],"curies":[{"name":"wp","href":"https:\/\/api.w.org\/{rel}","templated":true}]}}