{"id":22142,"date":"2026-03-12T01:06:04","date_gmt":"2026-03-12T01:06:04","guid":{"rendered":"https:\/\/urban-vitamin.com\/cargador-gan-plastico-reciclado-rcs-monterey-negro\/"},"modified":"2026-03-12T02:26:16","modified_gmt":"2026-03-12T02:26:16","slug":"cargador-gan-plastico-reciclado-rcs-monterey-negro","status":"publish","type":"product","link":"https:\/\/urban-vitamin.com\/es\/producto\/cargador-gan-plastico-reciclado-rcs-monterey-negro\/","title":{"rendered":"Cargador GAN pl\u00e1stico reciclado RCS Monterey, negro"},"content":{"rendered":"<p>Conoce el mejor cargador USB que podr\u00edas pedir. Monterey es un cargador GAN de 20W PD con enchufe europeo que viene con un puerto tipo C superr\u00e1pido y un puerto USB A adicional para una m\u00e1xima versatilidad. GAN es una nueva tecnolog\u00eda de carga que permite un tama\u00f1o mucho m\u00e1s peque\u00f1o para adaptadores potentes, menos calor, por lo que es mucho m\u00e1s seguro, y una mayor eficiencia energ\u00e9tica, por lo que se pierde menos energ\u00eda en el proceso de carga. Monterey est\u00e1 fabricado con PC ign\u00edfugo reciclado con certificaci\u00f3n RCS (Recycled Claim Standard). Contenido reciclado total: 38% en funci\u00f3n del peso total del art\u00edculo. Los art\u00edculos de Urban Vitamin est\u00e1n fabricados sin PVC y presentados en envases de pl\u00e1stico reducido.<\/p>\n","protected":false},"excerpt":{"rendered":"<p>Conoce el mejor cargador USB que podr\u00edas pedir. Monterey es un cargador GAN de 20W PD con enchufe europeo que viene con un puerto tipo C superr\u00e1pido y un puerto USB A adicional para una m\u00e1xima versatilidad. GAN es una nueva tecnolog\u00eda de carga que permite un tama\u00f1o mucho m\u00e1s peque\u00f1o para adaptadores potentes, menos [&hellip;]<\/p>\n","protected":false},"featured_media":23327,"comment_status":"closed","ping_status":"closed","template":"","meta":{"_acf_changed":false,"om_disable_all_campaigns":false},"product_cat":[79],"product_tag":[],"class_list":["post-22142","product","type-product","status-publish","has-post-thumbnail","hentry","product_cat-cargadores","pa_color-black"],"acf":[],"yoast_head":"<!-- This site is optimized with the Yoast SEO plugin v27.0 - https:\/\/yoast.com\/product\/yoast-seo-wordpress\/ -->\n<title>Cargador GAN pl\u00e1stico reciclado RCS Monterey, negro - Urban Vitamin<\/title>\n<meta name=\"robots\" content=\"index, follow, max-snippet:-1, max-image-preview:large, max-video-preview:-1\" \/>\n<link rel=\"canonical\" href=\"https:\/\/urban-vitamin.com\/es\/producto\/cargador-gan-plastico-reciclado-rcs-monterey-negro\/\" \/>\n<meta property=\"og:locale\" content=\"es_ES\" \/>\n<meta property=\"og:type\" content=\"article\" \/>\n<meta property=\"og:title\" content=\"Cargador GAN pl\u00e1stico reciclado RCS Monterey, negro - Urban Vitamin\" \/>\n<meta property=\"og:description\" content=\"Conoce el mejor cargador USB que podr\u00edas pedir. Monterey es un cargador GAN de 20W PD con enchufe europeo que viene con un puerto tipo C superr\u00e1pido y un puerto USB A adicional para una m\u00e1xima versatilidad. GAN es una nueva tecnolog\u00eda de carga que permite un tama\u00f1o mucho m\u00e1s peque\u00f1o para adaptadores potentes, menos [&hellip;]\" \/>\n<meta property=\"og:url\" content=\"https:\/\/urban-vitamin.com\/es\/producto\/cargador-gan-plastico-reciclado-rcs-monterey-negro\/\" \/>\n<meta property=\"og:site_name\" content=\"Urban Vitamin\" \/>\n<meta property=\"article:modified_time\" content=\"2026-03-12T02:26:16+00:00\" \/>\n<meta property=\"og:image\" content=\"https:\/\/urban-vitamin.com\/wp-content\/uploads\/sites\/5\/2025\/02\/P301.9701__S_0__3cce3100844042f2b4572e5042b7eae6.jpg\" \/>\n\t<meta property=\"og:image:width\" content=\"1024\" \/>\n\t<meta property=\"og:image:height\" content=\"1024\" \/>\n\t<meta property=\"og:image:type\" content=\"image\/jpeg\" \/>\n<meta name=\"twitter:card\" content=\"summary_large_image\" \/>\n<meta name=\"twitter:label1\" content=\"Tiempo de lectura\" \/>\n\t<meta name=\"twitter:data1\" content=\"1 minuto\" \/>\n<script type=\"application\/ld+json\" class=\"yoast-schema-graph\">{\"@context\":\"https:\/\/schema.org\",\"@graph\":[{\"@type\":\"WebPage\",\"@id\":\"https:\/\/urban-vitamin.com\/es\/producto\/cargador-gan-plastico-reciclado-rcs-monterey-negro\/\",\"url\":\"https:\/\/urban-vitamin.com\/es\/producto\/cargador-gan-plastico-reciclado-rcs-monterey-negro\/\",\"name\":\"Cargador GAN pl\u00e1stico reciclado RCS Monterey, negro - Urban Vitamin\",\"isPartOf\":{\"@id\":\"https:\/\/urban-vitamin.com\/es\/#website\"},\"primaryImageOfPage\":{\"@id\":\"https:\/\/urban-vitamin.com\/es\/producto\/cargador-gan-plastico-reciclado-rcs-monterey-negro\/#primaryimage\"},\"image\":{\"@id\":\"https:\/\/urban-vitamin.com\/es\/producto\/cargador-gan-plastico-reciclado-rcs-monterey-negro\/#primaryimage\"},\"thumbnailUrl\":\"https:\/\/urban-vitamin.com\/wp-content\/uploads\/sites\/5\/2025\/02\/P301.9701__S_0__3cce3100844042f2b4572e5042b7eae6.jpg\",\"datePublished\":\"2026-03-12T01:06:04+00:00\",\"dateModified\":\"2026-03-12T02:26:16+00:00\",\"breadcrumb\":{\"@id\":\"https:\/\/urban-vitamin.com\/es\/producto\/cargador-gan-plastico-reciclado-rcs-monterey-negro\/#breadcrumb\"},\"inLanguage\":\"es\",\"potentialAction\":[{\"@type\":\"ReadAction\",\"target\":[\"https:\/\/urban-vitamin.com\/es\/producto\/cargador-gan-plastico-reciclado-rcs-monterey-negro\/\"]}]},{\"@type\":\"ImageObject\",\"inLanguage\":\"es\",\"@id\":\"https:\/\/urban-vitamin.com\/es\/producto\/cargador-gan-plastico-reciclado-rcs-monterey-negro\/#primaryimage\",\"url\":\"https:\/\/urban-vitamin.com\/wp-content\/uploads\/sites\/5\/2025\/02\/P301.9701__S_0__3cce3100844042f2b4572e5042b7eae6.jpg\",\"contentUrl\":\"https:\/\/urban-vitamin.com\/wp-content\/uploads\/sites\/5\/2025\/02\/P301.9701__S_0__3cce3100844042f2b4572e5042b7eae6.jpg\",\"width\":1024,\"height\":1024},{\"@type\":\"BreadcrumbList\",\"@id\":\"https:\/\/urban-vitamin.com\/es\/producto\/cargador-gan-plastico-reciclado-rcs-monterey-negro\/#breadcrumb\",\"itemListElement\":[{\"@type\":\"ListItem\",\"position\":1,\"name\":\"Home\",\"item\":\"https:\/\/urban-vitamin.com\/es\/\"},{\"@type\":\"ListItem\",\"position\":2,\"name\":\"Recopilaci\u00f3n\",\"item\":\"https:\/\/urban-vitamin.com\/es\/recopilacion\/\"},{\"@type\":\"ListItem\",\"position\":3,\"name\":\"Cargador GAN pl\u00e1stico reciclado RCS Monterey, negro\"}]},{\"@type\":\"WebSite\",\"@id\":\"https:\/\/urban-vitamin.com\/es\/#website\",\"url\":\"https:\/\/urban-vitamin.com\/es\/\",\"name\":\"Urban Vitamin\",\"description\":\"Enjoy your daily dose of Urban Vitamin!\",\"potentialAction\":[{\"@type\":\"SearchAction\",\"target\":{\"@type\":\"EntryPoint\",\"urlTemplate\":\"https:\/\/urban-vitamin.com\/es\/?s={search_term_string}\"},\"query-input\":{\"@type\":\"PropertyValueSpecification\",\"valueRequired\":true,\"valueName\":\"search_term_string\"}}],\"inLanguage\":\"es\"}]}<\/script>\n<!-- \/ Yoast SEO plugin. -->","yoast_head_json":{"title":"Cargador GAN pl\u00e1stico reciclado RCS Monterey, negro - Urban Vitamin","robots":{"index":"index","follow":"follow","max-snippet":"max-snippet:-1","max-image-preview":"max-image-preview:large","max-video-preview":"max-video-preview:-1"},"canonical":"https:\/\/urban-vitamin.com\/es\/producto\/cargador-gan-plastico-reciclado-rcs-monterey-negro\/","og_locale":"es_ES","og_type":"article","og_title":"Cargador GAN pl\u00e1stico reciclado RCS Monterey, negro - Urban Vitamin","og_description":"Conoce el mejor cargador USB que podr\u00edas pedir. Monterey es un cargador GAN de 20W PD con enchufe europeo que viene con un puerto tipo C superr\u00e1pido y un puerto USB A adicional para una m\u00e1xima versatilidad. GAN es una nueva tecnolog\u00eda de carga que permite un tama\u00f1o mucho m\u00e1s peque\u00f1o para adaptadores potentes, menos [&hellip;]","og_url":"https:\/\/urban-vitamin.com\/es\/producto\/cargador-gan-plastico-reciclado-rcs-monterey-negro\/","og_site_name":"Urban Vitamin","article_modified_time":"2026-03-12T02:26:16+00:00","og_image":[{"width":1024,"height":1024,"url":"https:\/\/urban-vitamin.com\/wp-content\/uploads\/sites\/5\/2025\/02\/P301.9701__S_0__3cce3100844042f2b4572e5042b7eae6.jpg","type":"image\/jpeg"}],"twitter_card":"summary_large_image","twitter_misc":{"Tiempo de lectura":"1 minuto"},"schema":{"@context":"https:\/\/schema.org","@graph":[{"@type":"WebPage","@id":"https:\/\/urban-vitamin.com\/es\/producto\/cargador-gan-plastico-reciclado-rcs-monterey-negro\/","url":"https:\/\/urban-vitamin.com\/es\/producto\/cargador-gan-plastico-reciclado-rcs-monterey-negro\/","name":"Cargador GAN pl\u00e1stico reciclado RCS Monterey, negro - Urban Vitamin","isPartOf":{"@id":"https:\/\/urban-vitamin.com\/es\/#website"},"primaryImageOfPage":{"@id":"https:\/\/urban-vitamin.com\/es\/producto\/cargador-gan-plastico-reciclado-rcs-monterey-negro\/#primaryimage"},"image":{"@id":"https:\/\/urban-vitamin.com\/es\/producto\/cargador-gan-plastico-reciclado-rcs-monterey-negro\/#primaryimage"},"thumbnailUrl":"https:\/\/urban-vitamin.com\/wp-content\/uploads\/sites\/5\/2025\/02\/P301.9701__S_0__3cce3100844042f2b4572e5042b7eae6.jpg","datePublished":"2026-03-12T01:06:04+00:00","dateModified":"2026-03-12T02:26:16+00:00","breadcrumb":{"@id":"https:\/\/urban-vitamin.com\/es\/producto\/cargador-gan-plastico-reciclado-rcs-monterey-negro\/#breadcrumb"},"inLanguage":"es","potentialAction":[{"@type":"ReadAction","target":["https:\/\/urban-vitamin.com\/es\/producto\/cargador-gan-plastico-reciclado-rcs-monterey-negro\/"]}]},{"@type":"ImageObject","inLanguage":"es","@id":"https:\/\/urban-vitamin.com\/es\/producto\/cargador-gan-plastico-reciclado-rcs-monterey-negro\/#primaryimage","url":"https:\/\/urban-vitamin.com\/wp-content\/uploads\/sites\/5\/2025\/02\/P301.9701__S_0__3cce3100844042f2b4572e5042b7eae6.jpg","contentUrl":"https:\/\/urban-vitamin.com\/wp-content\/uploads\/sites\/5\/2025\/02\/P301.9701__S_0__3cce3100844042f2b4572e5042b7eae6.jpg","width":1024,"height":1024},{"@type":"BreadcrumbList","@id":"https:\/\/urban-vitamin.com\/es\/producto\/cargador-gan-plastico-reciclado-rcs-monterey-negro\/#breadcrumb","itemListElement":[{"@type":"ListItem","position":1,"name":"Home","item":"https:\/\/urban-vitamin.com\/es\/"},{"@type":"ListItem","position":2,"name":"Recopilaci\u00f3n","item":"https:\/\/urban-vitamin.com\/es\/recopilacion\/"},{"@type":"ListItem","position":3,"name":"Cargador GAN pl\u00e1stico reciclado RCS Monterey, negro"}]},{"@type":"WebSite","@id":"https:\/\/urban-vitamin.com\/es\/#website","url":"https:\/\/urban-vitamin.com\/es\/","name":"Urban Vitamin","description":"Enjoy your daily dose of Urban Vitamin!","potentialAction":[{"@type":"SearchAction","target":{"@type":"EntryPoint","urlTemplate":"https:\/\/urban-vitamin.com\/es\/?s={search_term_string}"},"query-input":{"@type":"PropertyValueSpecification","valueRequired":true,"valueName":"search_term_string"}}],"inLanguage":"es"}]}},"_links":{"self":[{"href":"https:\/\/urban-vitamin.com\/es\/wp-json\/wp\/v2\/product\/22142","targetHints":{"allow":["GET"]}}],"collection":[{"href":"https:\/\/urban-vitamin.com\/es\/wp-json\/wp\/v2\/product"}],"about":[{"href":"https:\/\/urban-vitamin.com\/es\/wp-json\/wp\/v2\/types\/product"}],"replies":[{"embeddable":true,"href":"https:\/\/urban-vitamin.com\/es\/wp-json\/wp\/v2\/comments?post=22142"}],"wp:featuredmedia":[{"embeddable":true,"href":"https:\/\/urban-vitamin.com\/es\/wp-json\/wp\/v2\/media\/23327"}],"wp:attachment":[{"href":"https:\/\/urban-vitamin.com\/es\/wp-json\/wp\/v2\/media?parent=22142"}],"wp:term":[{"taxonomy":"product_cat","embeddable":true,"href":"https:\/\/urban-vitamin.com\/es\/wp-json\/wp\/v2\/product_cat?post=22142"},{"taxonomy":"product_tag","embeddable":true,"href":"https:\/\/urban-vitamin.com\/es\/wp-json\/wp\/v2\/product_tag?post=22142"}],"curies":[{"name":"wp","href":"https:\/\/api.w.org\/{rel}","templated":true}]}}