{"id":21243,"date":"2026-03-12T01:06:52","date_gmt":"2026-03-12T01:06:52","guid":{"rendered":"https:\/\/urban-vitamin.com\/powerbank-urban-vitamin-los-angeles-plastico-reciclado-rcs-azul\/"},"modified":"2026-03-12T02:27:21","modified_gmt":"2026-03-12T02:27:21","slug":"powerbank-los-angeles-plastico-reciclado-rcs-azul","status":"publish","type":"product","link":"https:\/\/urban-vitamin.com\/es\/producto\/powerbank-los-angeles-plastico-reciclado-rcs-azul\/","title":{"rendered":"Powerbank Los Angeles pl\u00e1stico reciclado RCS, azul"},"content":{"rendered":"<p>Lleva energ\u00eda port\u00e1til en tu bolsillo y prep\u00e1rate para una carga r\u00e1pida est\u00e9s donde est\u00e9s!. Urban Vitamin Los Angeles 20W es un powerbank de 5000 mah ligero pero potente.  Con opci\u00f3n de carga dual para recargar a trav\u00e9s del conector IOS integrado (para Iphone 14 y superiores). Carga tu tel\u00e9fono sin necesidad de traer ning\u00fan cable! Incluso puedes cargar dos art\u00edculos al mismo tiempo! Entrada USB C: 5 V\/2,4 A Salida USB C\/Lightning: 5 V\/2,4 A. Con soporte integrado para cargar tu tel\u00e9fono mientras ves pel\u00edculas o escuchas m\u00fasica. Con puerto USB C extra de 12W. Fabricado con ABS reciclado RCS y PC reciclado. Contenido reciclado total: 24% basado en el peso total del art\u00edculo. La certificaci\u00f3n RCS garantiza una cadena de suministro de materiales reciclados completamente certificada. Los art\u00edculos de Urban Vitamin se fabrican sin PVC y se presentan en envases reducidos de pl\u00e1stico.<\/p>\n","protected":false},"excerpt":{"rendered":"<p>Lleva energ\u00eda port\u00e1til en tu bolsillo y prep\u00e1rate para una carga r\u00e1pida est\u00e9s donde est\u00e9s!. Urban Vitamin Los Angeles 20W es un powerbank de 5000 mah ligero pero potente. Con opci\u00f3n de carga dual para recargar a trav\u00e9s del conector IOS integrado (para Iphone 14 y superiores). Carga tu tel\u00e9fono sin necesidad de traer ning\u00fan [&hellip;]<\/p>\n","protected":false},"featured_media":22734,"comment_status":"closed","ping_status":"closed","template":"","meta":{"_acf_changed":false,"om_disable_all_campaigns":false},"product_cat":[77],"product_tag":[],"class_list":["post-21243","product","type-product","status-publish","has-post-thumbnail","hentry","product_cat-powerbanks-es","pa_color-blue"],"acf":[],"yoast_head":"<!-- This site is optimized with the Yoast SEO plugin v27.0 - https:\/\/yoast.com\/product\/yoast-seo-wordpress\/ -->\n<title>Powerbank Los Angeles pl\u00e1stico reciclado RCS, azul - Urban Vitamin<\/title>\n<meta name=\"robots\" content=\"index, follow, max-snippet:-1, max-image-preview:large, max-video-preview:-1\" \/>\n<link rel=\"canonical\" href=\"https:\/\/urban-vitamin.com\/es\/producto\/powerbank-los-angeles-plastico-reciclado-rcs-azul\/\" \/>\n<meta property=\"og:locale\" content=\"es_ES\" \/>\n<meta property=\"og:type\" content=\"article\" \/>\n<meta property=\"og:title\" content=\"Powerbank Los Angeles pl\u00e1stico reciclado RCS, azul - Urban Vitamin\" \/>\n<meta property=\"og:description\" content=\"Lleva energ\u00eda port\u00e1til en tu bolsillo y prep\u00e1rate para una carga r\u00e1pida est\u00e9s donde est\u00e9s!. Urban Vitamin Los Angeles 20W es un powerbank de 5000 mah ligero pero potente. Con opci\u00f3n de carga dual para recargar a trav\u00e9s del conector IOS integrado (para Iphone 14 y superiores). Carga tu tel\u00e9fono sin necesidad de traer ning\u00fan [&hellip;]\" \/>\n<meta property=\"og:url\" content=\"https:\/\/urban-vitamin.com\/es\/producto\/powerbank-los-angeles-plastico-reciclado-rcs-azul\/\" \/>\n<meta property=\"og:site_name\" content=\"Urban Vitamin\" \/>\n<meta property=\"article:modified_time\" content=\"2026-03-12T02:27:21+00:00\" \/>\n<meta property=\"og:image\" content=\"https:\/\/urban-vitamin.com\/wp-content\/uploads\/sites\/5\/2025\/01\/P322.8505__S_0__7489c8482b944f578142f08d5efe3066.jpg\" \/>\n\t<meta property=\"og:image:width\" content=\"1024\" \/>\n\t<meta property=\"og:image:height\" content=\"1024\" \/>\n\t<meta property=\"og:image:type\" content=\"image\/jpeg\" \/>\n<meta name=\"twitter:card\" content=\"summary_large_image\" \/>\n<meta name=\"twitter:label1\" content=\"Tiempo de lectura\" \/>\n\t<meta name=\"twitter:data1\" content=\"1 minuto\" \/>\n<script type=\"application\/ld+json\" class=\"yoast-schema-graph\">{\"@context\":\"https:\/\/schema.org\",\"@graph\":[{\"@type\":\"WebPage\",\"@id\":\"https:\/\/urban-vitamin.com\/es\/producto\/powerbank-los-angeles-plastico-reciclado-rcs-azul\/\",\"url\":\"https:\/\/urban-vitamin.com\/es\/producto\/powerbank-los-angeles-plastico-reciclado-rcs-azul\/\",\"name\":\"Powerbank Los Angeles pl\u00e1stico reciclado RCS, azul - Urban Vitamin\",\"isPartOf\":{\"@id\":\"https:\/\/urban-vitamin.com\/es\/#website\"},\"primaryImageOfPage\":{\"@id\":\"https:\/\/urban-vitamin.com\/es\/producto\/powerbank-los-angeles-plastico-reciclado-rcs-azul\/#primaryimage\"},\"image\":{\"@id\":\"https:\/\/urban-vitamin.com\/es\/producto\/powerbank-los-angeles-plastico-reciclado-rcs-azul\/#primaryimage\"},\"thumbnailUrl\":\"https:\/\/urban-vitamin.com\/wp-content\/uploads\/sites\/5\/2025\/01\/P322.8505__S_0__7489c8482b944f578142f08d5efe3066.jpg\",\"datePublished\":\"2026-03-12T01:06:52+00:00\",\"dateModified\":\"2026-03-12T02:27:21+00:00\",\"breadcrumb\":{\"@id\":\"https:\/\/urban-vitamin.com\/es\/producto\/powerbank-los-angeles-plastico-reciclado-rcs-azul\/#breadcrumb\"},\"inLanguage\":\"es\",\"potentialAction\":[{\"@type\":\"ReadAction\",\"target\":[\"https:\/\/urban-vitamin.com\/es\/producto\/powerbank-los-angeles-plastico-reciclado-rcs-azul\/\"]}]},{\"@type\":\"ImageObject\",\"inLanguage\":\"es\",\"@id\":\"https:\/\/urban-vitamin.com\/es\/producto\/powerbank-los-angeles-plastico-reciclado-rcs-azul\/#primaryimage\",\"url\":\"https:\/\/urban-vitamin.com\/wp-content\/uploads\/sites\/5\/2025\/01\/P322.8505__S_0__7489c8482b944f578142f08d5efe3066.jpg\",\"contentUrl\":\"https:\/\/urban-vitamin.com\/wp-content\/uploads\/sites\/5\/2025\/01\/P322.8505__S_0__7489c8482b944f578142f08d5efe3066.jpg\",\"width\":1024,\"height\":1024},{\"@type\":\"BreadcrumbList\",\"@id\":\"https:\/\/urban-vitamin.com\/es\/producto\/powerbank-los-angeles-plastico-reciclado-rcs-azul\/#breadcrumb\",\"itemListElement\":[{\"@type\":\"ListItem\",\"position\":1,\"name\":\"Home\",\"item\":\"https:\/\/urban-vitamin.com\/es\/\"},{\"@type\":\"ListItem\",\"position\":2,\"name\":\"Recopilaci\u00f3n\",\"item\":\"https:\/\/urban-vitamin.com\/es\/recopilacion\/\"},{\"@type\":\"ListItem\",\"position\":3,\"name\":\"Powerbank Los Angeles pl\u00e1stico reciclado RCS, azul\"}]},{\"@type\":\"WebSite\",\"@id\":\"https:\/\/urban-vitamin.com\/es\/#website\",\"url\":\"https:\/\/urban-vitamin.com\/es\/\",\"name\":\"Urban Vitamin\",\"description\":\"Enjoy your daily dose of Urban Vitamin!\",\"potentialAction\":[{\"@type\":\"SearchAction\",\"target\":{\"@type\":\"EntryPoint\",\"urlTemplate\":\"https:\/\/urban-vitamin.com\/es\/?s={search_term_string}\"},\"query-input\":{\"@type\":\"PropertyValueSpecification\",\"valueRequired\":true,\"valueName\":\"search_term_string\"}}],\"inLanguage\":\"es\"}]}<\/script>\n<!-- \/ Yoast SEO plugin. -->","yoast_head_json":{"title":"Powerbank Los Angeles pl\u00e1stico reciclado RCS, azul - Urban Vitamin","robots":{"index":"index","follow":"follow","max-snippet":"max-snippet:-1","max-image-preview":"max-image-preview:large","max-video-preview":"max-video-preview:-1"},"canonical":"https:\/\/urban-vitamin.com\/es\/producto\/powerbank-los-angeles-plastico-reciclado-rcs-azul\/","og_locale":"es_ES","og_type":"article","og_title":"Powerbank Los Angeles pl\u00e1stico reciclado RCS, azul - Urban Vitamin","og_description":"Lleva energ\u00eda port\u00e1til en tu bolsillo y prep\u00e1rate para una carga r\u00e1pida est\u00e9s donde est\u00e9s!. Urban Vitamin Los Angeles 20W es un powerbank de 5000 mah ligero pero potente. Con opci\u00f3n de carga dual para recargar a trav\u00e9s del conector IOS integrado (para Iphone 14 y superiores). Carga tu tel\u00e9fono sin necesidad de traer ning\u00fan [&hellip;]","og_url":"https:\/\/urban-vitamin.com\/es\/producto\/powerbank-los-angeles-plastico-reciclado-rcs-azul\/","og_site_name":"Urban Vitamin","article_modified_time":"2026-03-12T02:27:21+00:00","og_image":[{"width":1024,"height":1024,"url":"https:\/\/urban-vitamin.com\/wp-content\/uploads\/sites\/5\/2025\/01\/P322.8505__S_0__7489c8482b944f578142f08d5efe3066.jpg","type":"image\/jpeg"}],"twitter_card":"summary_large_image","twitter_misc":{"Tiempo de lectura":"1 minuto"},"schema":{"@context":"https:\/\/schema.org","@graph":[{"@type":"WebPage","@id":"https:\/\/urban-vitamin.com\/es\/producto\/powerbank-los-angeles-plastico-reciclado-rcs-azul\/","url":"https:\/\/urban-vitamin.com\/es\/producto\/powerbank-los-angeles-plastico-reciclado-rcs-azul\/","name":"Powerbank Los Angeles pl\u00e1stico reciclado RCS, azul - Urban Vitamin","isPartOf":{"@id":"https:\/\/urban-vitamin.com\/es\/#website"},"primaryImageOfPage":{"@id":"https:\/\/urban-vitamin.com\/es\/producto\/powerbank-los-angeles-plastico-reciclado-rcs-azul\/#primaryimage"},"image":{"@id":"https:\/\/urban-vitamin.com\/es\/producto\/powerbank-los-angeles-plastico-reciclado-rcs-azul\/#primaryimage"},"thumbnailUrl":"https:\/\/urban-vitamin.com\/wp-content\/uploads\/sites\/5\/2025\/01\/P322.8505__S_0__7489c8482b944f578142f08d5efe3066.jpg","datePublished":"2026-03-12T01:06:52+00:00","dateModified":"2026-03-12T02:27:21+00:00","breadcrumb":{"@id":"https:\/\/urban-vitamin.com\/es\/producto\/powerbank-los-angeles-plastico-reciclado-rcs-azul\/#breadcrumb"},"inLanguage":"es","potentialAction":[{"@type":"ReadAction","target":["https:\/\/urban-vitamin.com\/es\/producto\/powerbank-los-angeles-plastico-reciclado-rcs-azul\/"]}]},{"@type":"ImageObject","inLanguage":"es","@id":"https:\/\/urban-vitamin.com\/es\/producto\/powerbank-los-angeles-plastico-reciclado-rcs-azul\/#primaryimage","url":"https:\/\/urban-vitamin.com\/wp-content\/uploads\/sites\/5\/2025\/01\/P322.8505__S_0__7489c8482b944f578142f08d5efe3066.jpg","contentUrl":"https:\/\/urban-vitamin.com\/wp-content\/uploads\/sites\/5\/2025\/01\/P322.8505__S_0__7489c8482b944f578142f08d5efe3066.jpg","width":1024,"height":1024},{"@type":"BreadcrumbList","@id":"https:\/\/urban-vitamin.com\/es\/producto\/powerbank-los-angeles-plastico-reciclado-rcs-azul\/#breadcrumb","itemListElement":[{"@type":"ListItem","position":1,"name":"Home","item":"https:\/\/urban-vitamin.com\/es\/"},{"@type":"ListItem","position":2,"name":"Recopilaci\u00f3n","item":"https:\/\/urban-vitamin.com\/es\/recopilacion\/"},{"@type":"ListItem","position":3,"name":"Powerbank Los Angeles pl\u00e1stico reciclado RCS, azul"}]},{"@type":"WebSite","@id":"https:\/\/urban-vitamin.com\/es\/#website","url":"https:\/\/urban-vitamin.com\/es\/","name":"Urban Vitamin","description":"Enjoy your daily dose of Urban Vitamin!","potentialAction":[{"@type":"SearchAction","target":{"@type":"EntryPoint","urlTemplate":"https:\/\/urban-vitamin.com\/es\/?s={search_term_string}"},"query-input":{"@type":"PropertyValueSpecification","valueRequired":true,"valueName":"search_term_string"}}],"inLanguage":"es"}]}},"_links":{"self":[{"href":"https:\/\/urban-vitamin.com\/es\/wp-json\/wp\/v2\/product\/21243","targetHints":{"allow":["GET"]}}],"collection":[{"href":"https:\/\/urban-vitamin.com\/es\/wp-json\/wp\/v2\/product"}],"about":[{"href":"https:\/\/urban-vitamin.com\/es\/wp-json\/wp\/v2\/types\/product"}],"replies":[{"embeddable":true,"href":"https:\/\/urban-vitamin.com\/es\/wp-json\/wp\/v2\/comments?post=21243"}],"wp:featuredmedia":[{"embeddable":true,"href":"https:\/\/urban-vitamin.com\/es\/wp-json\/wp\/v2\/media\/22734"}],"wp:attachment":[{"href":"https:\/\/urban-vitamin.com\/es\/wp-json\/wp\/v2\/media?parent=21243"}],"wp:term":[{"taxonomy":"product_cat","embeddable":true,"href":"https:\/\/urban-vitamin.com\/es\/wp-json\/wp\/v2\/product_cat?post=21243"},{"taxonomy":"product_tag","embeddable":true,"href":"https:\/\/urban-vitamin.com\/es\/wp-json\/wp\/v2\/product_tag?post=21243"}],"curies":[{"name":"wp","href":"https:\/\/api.w.org\/{rel}","templated":true}]}}