{"id":20011,"date":"2026-03-12T01:08:40","date_gmt":"2026-03-12T01:08:40","guid":{"rendered":"https:\/\/urban-vitamin.com\/auriculares-inalambricos-lakewood-reciclados-rcs-negro\/"},"modified":"2026-03-12T02:28:55","modified_gmt":"2026-03-12T02:28:55","slug":"auriculares-inalambricos-lakewood-reciclados-rcs-negro","status":"publish","type":"product","link":"https:\/\/urban-vitamin.com\/es\/producto\/auriculares-inalambricos-lakewood-reciclados-rcs-negro\/","title":{"rendered":"Auriculares inal\u00e1mbricos Lakewood reciclados RCS, negro"},"content":{"rendered":"<p>Conoce el futuro. Un futuro en el que los art\u00edculos se fabrican para durar m\u00e1s y se dise\u00f1an de manera que puedan repararse f\u00e1cilmente. Calidad de sonido Hi-FI superior. Con ANC (32 DB) de excelente calidad y modo ENC para llamadas claras. Con 6 micr\u00f3fonos y asistencia de voz para mejorar a\u00fan m\u00e1s la calidad de la llamada. La funci\u00f3n ANC tambi\u00e9n se puede desactivar en modo transparencia. La carcasa est\u00e1 dise\u00f1ada con una bater\u00eda extra\u00edble que se puede reemplazar f\u00e1cilmente cuando sea necesario para extender la vida \u00fatil de los auriculares. Conexi\u00f3n dual. 6 horas de escucha con una sola carga y 20 horas adicionales por estuche. Auriculares IPX5, resistentes a la intemperie y adecuados para practicar deportes. Adem\u00e1s de ser reparables, los auriculares est\u00e1n fabricados con pl\u00e1stico PC reciclado. Contenido reciclado total: 36% basado en el peso total del art\u00edculo. La certificaci\u00f3n RCS garantiza una cadena de suministro de materiales reciclados completamente cerificada. Sin PVC.<\/p>\n","protected":false},"excerpt":{"rendered":"<p>Conoce el futuro. Un futuro en el que los art\u00edculos se fabrican para durar m\u00e1s y se dise\u00f1an de manera que puedan repararse f\u00e1cilmente. Calidad de sonido Hi-FI superior. Con ANC (32 DB) de excelente calidad y modo ENC para llamadas claras. Con 6 micr\u00f3fonos y asistencia de voz para mejorar a\u00fan m\u00e1s la calidad [&hellip;]<\/p>\n","protected":false},"featured_media":22185,"comment_status":"closed","ping_status":"closed","template":"","meta":{"_acf_changed":false,"om_disable_all_campaigns":false},"product_cat":[115,116,110,75,82],"product_tag":[],"class_list":["post-20011","product","type-product","status-publish","has-post-thumbnail","hentry","product_cat-repairables-es","product_cat-repairables-sv","product_cat-repairables","product_cat-tapones","product_cat-tradlosa-oronsnackor","pa_color-black"],"acf":[],"yoast_head":"<!-- This site is optimized with the Yoast SEO plugin v27.0 - https:\/\/yoast.com\/product\/yoast-seo-wordpress\/ -->\n<title>Auriculares inal\u00e1mbricos Lakewood reciclados RCS, negro - Urban Vitamin<\/title>\n<meta name=\"robots\" content=\"index, follow, max-snippet:-1, max-image-preview:large, max-video-preview:-1\" \/>\n<link rel=\"canonical\" href=\"https:\/\/urban-vitamin.com\/es\/producto\/auriculares-inalambricos-lakewood-reciclados-rcs-negro\/\" \/>\n<meta property=\"og:locale\" content=\"es_ES\" \/>\n<meta property=\"og:type\" content=\"article\" \/>\n<meta property=\"og:title\" content=\"Auriculares inal\u00e1mbricos Lakewood reciclados RCS, negro - Urban Vitamin\" \/>\n<meta property=\"og:description\" content=\"Conoce el futuro. Un futuro en el que los art\u00edculos se fabrican para durar m\u00e1s y se dise\u00f1an de manera que puedan repararse f\u00e1cilmente. Calidad de sonido Hi-FI superior. Con ANC (32 DB) de excelente calidad y modo ENC para llamadas claras. Con 6 micr\u00f3fonos y asistencia de voz para mejorar a\u00fan m\u00e1s la calidad [&hellip;]\" \/>\n<meta property=\"og:url\" content=\"https:\/\/urban-vitamin.com\/es\/producto\/auriculares-inalambricos-lakewood-reciclados-rcs-negro\/\" \/>\n<meta property=\"og:site_name\" content=\"Urban Vitamin\" \/>\n<meta property=\"article:modified_time\" content=\"2026-03-12T02:28:55+00:00\" \/>\n<meta property=\"og:image\" content=\"https:\/\/urban-vitamin.com\/wp-content\/uploads\/sites\/5\/2025\/01\/P331.5401__S_0__11ab462f68f0444e8d97114079137294.jpg\" \/>\n\t<meta property=\"og:image:width\" content=\"1024\" \/>\n\t<meta property=\"og:image:height\" content=\"1024\" \/>\n\t<meta property=\"og:image:type\" content=\"image\/jpeg\" \/>\n<meta name=\"twitter:card\" content=\"summary_large_image\" \/>\n<meta name=\"twitter:label1\" content=\"Tiempo de lectura\" \/>\n\t<meta name=\"twitter:data1\" content=\"1 minuto\" \/>\n<script type=\"application\/ld+json\" class=\"yoast-schema-graph\">{\"@context\":\"https:\/\/schema.org\",\"@graph\":[{\"@type\":\"WebPage\",\"@id\":\"https:\/\/urban-vitamin.com\/es\/producto\/auriculares-inalambricos-lakewood-reciclados-rcs-negro\/\",\"url\":\"https:\/\/urban-vitamin.com\/es\/producto\/auriculares-inalambricos-lakewood-reciclados-rcs-negro\/\",\"name\":\"Auriculares inal\u00e1mbricos Lakewood reciclados RCS, negro - Urban Vitamin\",\"isPartOf\":{\"@id\":\"https:\/\/urban-vitamin.com\/es\/#website\"},\"primaryImageOfPage\":{\"@id\":\"https:\/\/urban-vitamin.com\/es\/producto\/auriculares-inalambricos-lakewood-reciclados-rcs-negro\/#primaryimage\"},\"image\":{\"@id\":\"https:\/\/urban-vitamin.com\/es\/producto\/auriculares-inalambricos-lakewood-reciclados-rcs-negro\/#primaryimage\"},\"thumbnailUrl\":\"https:\/\/urban-vitamin.com\/wp-content\/uploads\/sites\/5\/2025\/01\/P331.5401__S_0__11ab462f68f0444e8d97114079137294.jpg\",\"datePublished\":\"2026-03-12T01:08:40+00:00\",\"dateModified\":\"2026-03-12T02:28:55+00:00\",\"breadcrumb\":{\"@id\":\"https:\/\/urban-vitamin.com\/es\/producto\/auriculares-inalambricos-lakewood-reciclados-rcs-negro\/#breadcrumb\"},\"inLanguage\":\"es\",\"potentialAction\":[{\"@type\":\"ReadAction\",\"target\":[\"https:\/\/urban-vitamin.com\/es\/producto\/auriculares-inalambricos-lakewood-reciclados-rcs-negro\/\"]}]},{\"@type\":\"ImageObject\",\"inLanguage\":\"es\",\"@id\":\"https:\/\/urban-vitamin.com\/es\/producto\/auriculares-inalambricos-lakewood-reciclados-rcs-negro\/#primaryimage\",\"url\":\"https:\/\/urban-vitamin.com\/wp-content\/uploads\/sites\/5\/2025\/01\/P331.5401__S_0__11ab462f68f0444e8d97114079137294.jpg\",\"contentUrl\":\"https:\/\/urban-vitamin.com\/wp-content\/uploads\/sites\/5\/2025\/01\/P331.5401__S_0__11ab462f68f0444e8d97114079137294.jpg\",\"width\":1024,\"height\":1024},{\"@type\":\"BreadcrumbList\",\"@id\":\"https:\/\/urban-vitamin.com\/es\/producto\/auriculares-inalambricos-lakewood-reciclados-rcs-negro\/#breadcrumb\",\"itemListElement\":[{\"@type\":\"ListItem\",\"position\":1,\"name\":\"Home\",\"item\":\"https:\/\/urban-vitamin.com\/es\/\"},{\"@type\":\"ListItem\",\"position\":2,\"name\":\"Recopilaci\u00f3n\",\"item\":\"https:\/\/urban-vitamin.com\/es\/recopilacion\/\"},{\"@type\":\"ListItem\",\"position\":3,\"name\":\"Auriculares inal\u00e1mbricos Lakewood reciclados RCS, negro\"}]},{\"@type\":\"WebSite\",\"@id\":\"https:\/\/urban-vitamin.com\/es\/#website\",\"url\":\"https:\/\/urban-vitamin.com\/es\/\",\"name\":\"Urban Vitamin\",\"description\":\"Enjoy your daily dose of Urban Vitamin!\",\"potentialAction\":[{\"@type\":\"SearchAction\",\"target\":{\"@type\":\"EntryPoint\",\"urlTemplate\":\"https:\/\/urban-vitamin.com\/es\/?s={search_term_string}\"},\"query-input\":{\"@type\":\"PropertyValueSpecification\",\"valueRequired\":true,\"valueName\":\"search_term_string\"}}],\"inLanguage\":\"es\"}]}<\/script>\n<!-- \/ Yoast SEO plugin. -->","yoast_head_json":{"title":"Auriculares inal\u00e1mbricos Lakewood reciclados RCS, negro - Urban Vitamin","robots":{"index":"index","follow":"follow","max-snippet":"max-snippet:-1","max-image-preview":"max-image-preview:large","max-video-preview":"max-video-preview:-1"},"canonical":"https:\/\/urban-vitamin.com\/es\/producto\/auriculares-inalambricos-lakewood-reciclados-rcs-negro\/","og_locale":"es_ES","og_type":"article","og_title":"Auriculares inal\u00e1mbricos Lakewood reciclados RCS, negro - Urban Vitamin","og_description":"Conoce el futuro. Un futuro en el que los art\u00edculos se fabrican para durar m\u00e1s y se dise\u00f1an de manera que puedan repararse f\u00e1cilmente. Calidad de sonido Hi-FI superior. Con ANC (32 DB) de excelente calidad y modo ENC para llamadas claras. Con 6 micr\u00f3fonos y asistencia de voz para mejorar a\u00fan m\u00e1s la calidad [&hellip;]","og_url":"https:\/\/urban-vitamin.com\/es\/producto\/auriculares-inalambricos-lakewood-reciclados-rcs-negro\/","og_site_name":"Urban Vitamin","article_modified_time":"2026-03-12T02:28:55+00:00","og_image":[{"width":1024,"height":1024,"url":"https:\/\/urban-vitamin.com\/wp-content\/uploads\/sites\/5\/2025\/01\/P331.5401__S_0__11ab462f68f0444e8d97114079137294.jpg","type":"image\/jpeg"}],"twitter_card":"summary_large_image","twitter_misc":{"Tiempo de lectura":"1 minuto"},"schema":{"@context":"https:\/\/schema.org","@graph":[{"@type":"WebPage","@id":"https:\/\/urban-vitamin.com\/es\/producto\/auriculares-inalambricos-lakewood-reciclados-rcs-negro\/","url":"https:\/\/urban-vitamin.com\/es\/producto\/auriculares-inalambricos-lakewood-reciclados-rcs-negro\/","name":"Auriculares inal\u00e1mbricos Lakewood reciclados RCS, negro - Urban Vitamin","isPartOf":{"@id":"https:\/\/urban-vitamin.com\/es\/#website"},"primaryImageOfPage":{"@id":"https:\/\/urban-vitamin.com\/es\/producto\/auriculares-inalambricos-lakewood-reciclados-rcs-negro\/#primaryimage"},"image":{"@id":"https:\/\/urban-vitamin.com\/es\/producto\/auriculares-inalambricos-lakewood-reciclados-rcs-negro\/#primaryimage"},"thumbnailUrl":"https:\/\/urban-vitamin.com\/wp-content\/uploads\/sites\/5\/2025\/01\/P331.5401__S_0__11ab462f68f0444e8d97114079137294.jpg","datePublished":"2026-03-12T01:08:40+00:00","dateModified":"2026-03-12T02:28:55+00:00","breadcrumb":{"@id":"https:\/\/urban-vitamin.com\/es\/producto\/auriculares-inalambricos-lakewood-reciclados-rcs-negro\/#breadcrumb"},"inLanguage":"es","potentialAction":[{"@type":"ReadAction","target":["https:\/\/urban-vitamin.com\/es\/producto\/auriculares-inalambricos-lakewood-reciclados-rcs-negro\/"]}]},{"@type":"ImageObject","inLanguage":"es","@id":"https:\/\/urban-vitamin.com\/es\/producto\/auriculares-inalambricos-lakewood-reciclados-rcs-negro\/#primaryimage","url":"https:\/\/urban-vitamin.com\/wp-content\/uploads\/sites\/5\/2025\/01\/P331.5401__S_0__11ab462f68f0444e8d97114079137294.jpg","contentUrl":"https:\/\/urban-vitamin.com\/wp-content\/uploads\/sites\/5\/2025\/01\/P331.5401__S_0__11ab462f68f0444e8d97114079137294.jpg","width":1024,"height":1024},{"@type":"BreadcrumbList","@id":"https:\/\/urban-vitamin.com\/es\/producto\/auriculares-inalambricos-lakewood-reciclados-rcs-negro\/#breadcrumb","itemListElement":[{"@type":"ListItem","position":1,"name":"Home","item":"https:\/\/urban-vitamin.com\/es\/"},{"@type":"ListItem","position":2,"name":"Recopilaci\u00f3n","item":"https:\/\/urban-vitamin.com\/es\/recopilacion\/"},{"@type":"ListItem","position":3,"name":"Auriculares inal\u00e1mbricos Lakewood reciclados RCS, negro"}]},{"@type":"WebSite","@id":"https:\/\/urban-vitamin.com\/es\/#website","url":"https:\/\/urban-vitamin.com\/es\/","name":"Urban Vitamin","description":"Enjoy your daily dose of Urban Vitamin!","potentialAction":[{"@type":"SearchAction","target":{"@type":"EntryPoint","urlTemplate":"https:\/\/urban-vitamin.com\/es\/?s={search_term_string}"},"query-input":{"@type":"PropertyValueSpecification","valueRequired":true,"valueName":"search_term_string"}}],"inLanguage":"es"}]}},"_links":{"self":[{"href":"https:\/\/urban-vitamin.com\/es\/wp-json\/wp\/v2\/product\/20011","targetHints":{"allow":["GET"]}}],"collection":[{"href":"https:\/\/urban-vitamin.com\/es\/wp-json\/wp\/v2\/product"}],"about":[{"href":"https:\/\/urban-vitamin.com\/es\/wp-json\/wp\/v2\/types\/product"}],"replies":[{"embeddable":true,"href":"https:\/\/urban-vitamin.com\/es\/wp-json\/wp\/v2\/comments?post=20011"}],"wp:featuredmedia":[{"embeddable":true,"href":"https:\/\/urban-vitamin.com\/es\/wp-json\/wp\/v2\/media\/22185"}],"wp:attachment":[{"href":"https:\/\/urban-vitamin.com\/es\/wp-json\/wp\/v2\/media?parent=20011"}],"wp:term":[{"taxonomy":"product_cat","embeddable":true,"href":"https:\/\/urban-vitamin.com\/es\/wp-json\/wp\/v2\/product_cat?post=20011"},{"taxonomy":"product_tag","embeddable":true,"href":"https:\/\/urban-vitamin.com\/es\/wp-json\/wp\/v2\/product_tag?post=20011"}],"curies":[{"name":"wp","href":"https:\/\/api.w.org\/{rel}","templated":true}]}}