{"id":19410,"date":"2026-03-12T01:06:04","date_gmt":"2026-03-12T01:06:04","guid":{"rendered":"https:\/\/urban-vitamin.com\/cargador-universal-65w-urban-vitamin-oxnard-5-en-1-negro\/"},"modified":"2026-03-12T02:26:15","modified_gmt":"2026-03-12T02:26:15","slug":"cargador-universal-65w-oxnard-5-en-1-negro","status":"publish","type":"product","link":"https:\/\/urban-vitamin.com\/es\/producto\/cargador-universal-65w-oxnard-5-en-1-negro\/","title":{"rendered":"Cargador universal 65W Oxnard 5 en 1, negro"},"content":{"rendered":"<p>El cargador universal Oxnard 5 en 1 de 65W es un potente dispositivo port\u00e1til que elevar\u00e1 tu experiencia de carga a nuevas alturas con una versatilidad, conveniencia y rendimiento inigualables, todo en un solo elegante producto. Este cargador 15W es magn\u00e9tico para los \u00faltimos tel\u00e9fonos iOS y Android. Con una colosal capacidad de bater\u00eda de 15,000 mAh y una robusta salida PD de 65W tipo C a trav\u00e9s del cable tipo C integrado, puedes alimentar tus dispositivos a gran velocidad , incluidos los ordenadores port\u00e1tiles que exigen alta potencia. Tambi\u00e9n est\u00e1 equipado con un puerto de entrada\/salida de carga r\u00e1pida tipo C y un puerto de salida USB A. Equipado con 4 tipos de enchufes de CA. Supera los desaf\u00edos de carga en m\u00e1s de 150 pa\u00edses con facilidad. Adi\u00f3s a los dilemas de carga mientras alimentas hasta 4 dispositivos simult\u00e1neamente. Te aseguras que ning\u00fan dispisitivo se quede sin carga. Sus dimensiones compactas lo convierten en el compa\u00f1ero perfecto, ideal para usarlo en viajes.<\/p>\n","protected":false},"excerpt":{"rendered":"<p>El cargador universal Oxnard 5 en 1 de 65W es un potente dispositivo port\u00e1til que elevar\u00e1 tu experiencia de carga a nuevas alturas con una versatilidad, conveniencia y rendimiento inigualables, todo en un solo elegante producto. Este cargador 15W es magn\u00e9tico para los \u00faltimos tel\u00e9fonos iOS y Android. Con una colosal capacidad de bater\u00eda de [&hellip;]<\/p>\n","protected":false},"featured_media":19553,"comment_status":"closed","ping_status":"closed","template":"","meta":{"_acf_changed":false,"om_disable_all_campaigns":false},"product_cat":[88,79],"product_tag":[],"class_list":["post-19410","product","type-product","status-publish","has-post-thumbnail","hentry","product_cat-uncategorized","product_cat-cargadores","pa_color-black"],"acf":[],"yoast_head":"<!-- This site is optimized with the Yoast SEO plugin v27.0 - https:\/\/yoast.com\/product\/yoast-seo-wordpress\/ -->\n<title>Cargador universal 65W Oxnard 5 en 1, negro - Urban Vitamin<\/title>\n<meta name=\"robots\" content=\"index, follow, max-snippet:-1, max-image-preview:large, max-video-preview:-1\" \/>\n<link rel=\"canonical\" href=\"https:\/\/urban-vitamin.com\/es\/producto\/cargador-universal-65w-oxnard-5-en-1-negro\/\" \/>\n<meta property=\"og:locale\" content=\"es_ES\" \/>\n<meta property=\"og:type\" content=\"article\" \/>\n<meta property=\"og:title\" content=\"Cargador universal 65W Oxnard 5 en 1, negro - Urban Vitamin\" \/>\n<meta property=\"og:description\" content=\"El cargador universal Oxnard 5 en 1 de 65W es un potente dispositivo port\u00e1til que elevar\u00e1 tu experiencia de carga a nuevas alturas con una versatilidad, conveniencia y rendimiento inigualables, todo en un solo elegante producto. Este cargador 15W es magn\u00e9tico para los \u00faltimos tel\u00e9fonos iOS y Android. Con una colosal capacidad de bater\u00eda de [&hellip;]\" \/>\n<meta property=\"og:url\" content=\"https:\/\/urban-vitamin.com\/es\/producto\/cargador-universal-65w-oxnard-5-en-1-negro\/\" \/>\n<meta property=\"og:site_name\" content=\"Urban Vitamin\" \/>\n<meta property=\"article:modified_time\" content=\"2026-03-12T02:26:15+00:00\" \/>\n<meta property=\"og:image\" content=\"https:\/\/urban-vitamin.com\/wp-content\/uploads\/sites\/5\/2024\/08\/P301.9601__S_0__ac694fe27d0c4dc9989af3de0a4ab7cf.jpg\" \/>\n\t<meta property=\"og:image:width\" content=\"1024\" \/>\n\t<meta property=\"og:image:height\" content=\"1024\" \/>\n\t<meta property=\"og:image:type\" content=\"image\/jpeg\" \/>\n<meta name=\"twitter:card\" content=\"summary_large_image\" \/>\n<meta name=\"twitter:label1\" content=\"Tiempo de lectura\" \/>\n\t<meta name=\"twitter:data1\" content=\"1 minuto\" \/>\n<script type=\"application\/ld+json\" class=\"yoast-schema-graph\">{\"@context\":\"https:\/\/schema.org\",\"@graph\":[{\"@type\":\"WebPage\",\"@id\":\"https:\/\/urban-vitamin.com\/es\/producto\/cargador-universal-65w-oxnard-5-en-1-negro\/\",\"url\":\"https:\/\/urban-vitamin.com\/es\/producto\/cargador-universal-65w-oxnard-5-en-1-negro\/\",\"name\":\"Cargador universal 65W Oxnard 5 en 1, negro - Urban Vitamin\",\"isPartOf\":{\"@id\":\"https:\/\/urban-vitamin.com\/es\/#website\"},\"primaryImageOfPage\":{\"@id\":\"https:\/\/urban-vitamin.com\/es\/producto\/cargador-universal-65w-oxnard-5-en-1-negro\/#primaryimage\"},\"image\":{\"@id\":\"https:\/\/urban-vitamin.com\/es\/producto\/cargador-universal-65w-oxnard-5-en-1-negro\/#primaryimage\"},\"thumbnailUrl\":\"https:\/\/urban-vitamin.com\/wp-content\/uploads\/sites\/5\/2024\/08\/P301.9601__S_0__ac694fe27d0c4dc9989af3de0a4ab7cf.jpg\",\"datePublished\":\"2026-03-12T01:06:04+00:00\",\"dateModified\":\"2026-03-12T02:26:15+00:00\",\"breadcrumb\":{\"@id\":\"https:\/\/urban-vitamin.com\/es\/producto\/cargador-universal-65w-oxnard-5-en-1-negro\/#breadcrumb\"},\"inLanguage\":\"es\",\"potentialAction\":[{\"@type\":\"ReadAction\",\"target\":[\"https:\/\/urban-vitamin.com\/es\/producto\/cargador-universal-65w-oxnard-5-en-1-negro\/\"]}]},{\"@type\":\"ImageObject\",\"inLanguage\":\"es\",\"@id\":\"https:\/\/urban-vitamin.com\/es\/producto\/cargador-universal-65w-oxnard-5-en-1-negro\/#primaryimage\",\"url\":\"https:\/\/urban-vitamin.com\/wp-content\/uploads\/sites\/5\/2024\/08\/P301.9601__S_0__ac694fe27d0c4dc9989af3de0a4ab7cf.jpg\",\"contentUrl\":\"https:\/\/urban-vitamin.com\/wp-content\/uploads\/sites\/5\/2024\/08\/P301.9601__S_0__ac694fe27d0c4dc9989af3de0a4ab7cf.jpg\",\"width\":1024,\"height\":1024},{\"@type\":\"BreadcrumbList\",\"@id\":\"https:\/\/urban-vitamin.com\/es\/producto\/cargador-universal-65w-oxnard-5-en-1-negro\/#breadcrumb\",\"itemListElement\":[{\"@type\":\"ListItem\",\"position\":1,\"name\":\"Home\",\"item\":\"https:\/\/urban-vitamin.com\/es\/\"},{\"@type\":\"ListItem\",\"position\":2,\"name\":\"Recopilaci\u00f3n\",\"item\":\"https:\/\/urban-vitamin.com\/es\/recopilacion\/\"},{\"@type\":\"ListItem\",\"position\":3,\"name\":\"Cargador universal 65W Oxnard 5 en 1, negro\"}]},{\"@type\":\"WebSite\",\"@id\":\"https:\/\/urban-vitamin.com\/es\/#website\",\"url\":\"https:\/\/urban-vitamin.com\/es\/\",\"name\":\"Urban Vitamin\",\"description\":\"Enjoy your daily dose of Urban Vitamin!\",\"potentialAction\":[{\"@type\":\"SearchAction\",\"target\":{\"@type\":\"EntryPoint\",\"urlTemplate\":\"https:\/\/urban-vitamin.com\/es\/?s={search_term_string}\"},\"query-input\":{\"@type\":\"PropertyValueSpecification\",\"valueRequired\":true,\"valueName\":\"search_term_string\"}}],\"inLanguage\":\"es\"}]}<\/script>\n<!-- \/ Yoast SEO plugin. -->","yoast_head_json":{"title":"Cargador universal 65W Oxnard 5 en 1, negro - Urban Vitamin","robots":{"index":"index","follow":"follow","max-snippet":"max-snippet:-1","max-image-preview":"max-image-preview:large","max-video-preview":"max-video-preview:-1"},"canonical":"https:\/\/urban-vitamin.com\/es\/producto\/cargador-universal-65w-oxnard-5-en-1-negro\/","og_locale":"es_ES","og_type":"article","og_title":"Cargador universal 65W Oxnard 5 en 1, negro - Urban Vitamin","og_description":"El cargador universal Oxnard 5 en 1 de 65W es un potente dispositivo port\u00e1til que elevar\u00e1 tu experiencia de carga a nuevas alturas con una versatilidad, conveniencia y rendimiento inigualables, todo en un solo elegante producto. Este cargador 15W es magn\u00e9tico para los \u00faltimos tel\u00e9fonos iOS y Android. Con una colosal capacidad de bater\u00eda de [&hellip;]","og_url":"https:\/\/urban-vitamin.com\/es\/producto\/cargador-universal-65w-oxnard-5-en-1-negro\/","og_site_name":"Urban Vitamin","article_modified_time":"2026-03-12T02:26:15+00:00","og_image":[{"width":1024,"height":1024,"url":"https:\/\/urban-vitamin.com\/wp-content\/uploads\/sites\/5\/2024\/08\/P301.9601__S_0__ac694fe27d0c4dc9989af3de0a4ab7cf.jpg","type":"image\/jpeg"}],"twitter_card":"summary_large_image","twitter_misc":{"Tiempo de lectura":"1 minuto"},"schema":{"@context":"https:\/\/schema.org","@graph":[{"@type":"WebPage","@id":"https:\/\/urban-vitamin.com\/es\/producto\/cargador-universal-65w-oxnard-5-en-1-negro\/","url":"https:\/\/urban-vitamin.com\/es\/producto\/cargador-universal-65w-oxnard-5-en-1-negro\/","name":"Cargador universal 65W Oxnard 5 en 1, negro - Urban Vitamin","isPartOf":{"@id":"https:\/\/urban-vitamin.com\/es\/#website"},"primaryImageOfPage":{"@id":"https:\/\/urban-vitamin.com\/es\/producto\/cargador-universal-65w-oxnard-5-en-1-negro\/#primaryimage"},"image":{"@id":"https:\/\/urban-vitamin.com\/es\/producto\/cargador-universal-65w-oxnard-5-en-1-negro\/#primaryimage"},"thumbnailUrl":"https:\/\/urban-vitamin.com\/wp-content\/uploads\/sites\/5\/2024\/08\/P301.9601__S_0__ac694fe27d0c4dc9989af3de0a4ab7cf.jpg","datePublished":"2026-03-12T01:06:04+00:00","dateModified":"2026-03-12T02:26:15+00:00","breadcrumb":{"@id":"https:\/\/urban-vitamin.com\/es\/producto\/cargador-universal-65w-oxnard-5-en-1-negro\/#breadcrumb"},"inLanguage":"es","potentialAction":[{"@type":"ReadAction","target":["https:\/\/urban-vitamin.com\/es\/producto\/cargador-universal-65w-oxnard-5-en-1-negro\/"]}]},{"@type":"ImageObject","inLanguage":"es","@id":"https:\/\/urban-vitamin.com\/es\/producto\/cargador-universal-65w-oxnard-5-en-1-negro\/#primaryimage","url":"https:\/\/urban-vitamin.com\/wp-content\/uploads\/sites\/5\/2024\/08\/P301.9601__S_0__ac694fe27d0c4dc9989af3de0a4ab7cf.jpg","contentUrl":"https:\/\/urban-vitamin.com\/wp-content\/uploads\/sites\/5\/2024\/08\/P301.9601__S_0__ac694fe27d0c4dc9989af3de0a4ab7cf.jpg","width":1024,"height":1024},{"@type":"BreadcrumbList","@id":"https:\/\/urban-vitamin.com\/es\/producto\/cargador-universal-65w-oxnard-5-en-1-negro\/#breadcrumb","itemListElement":[{"@type":"ListItem","position":1,"name":"Home","item":"https:\/\/urban-vitamin.com\/es\/"},{"@type":"ListItem","position":2,"name":"Recopilaci\u00f3n","item":"https:\/\/urban-vitamin.com\/es\/recopilacion\/"},{"@type":"ListItem","position":3,"name":"Cargador universal 65W Oxnard 5 en 1, negro"}]},{"@type":"WebSite","@id":"https:\/\/urban-vitamin.com\/es\/#website","url":"https:\/\/urban-vitamin.com\/es\/","name":"Urban Vitamin","description":"Enjoy your daily dose of Urban Vitamin!","potentialAction":[{"@type":"SearchAction","target":{"@type":"EntryPoint","urlTemplate":"https:\/\/urban-vitamin.com\/es\/?s={search_term_string}"},"query-input":{"@type":"PropertyValueSpecification","valueRequired":true,"valueName":"search_term_string"}}],"inLanguage":"es"}]}},"_links":{"self":[{"href":"https:\/\/urban-vitamin.com\/es\/wp-json\/wp\/v2\/product\/19410","targetHints":{"allow":["GET"]}}],"collection":[{"href":"https:\/\/urban-vitamin.com\/es\/wp-json\/wp\/v2\/product"}],"about":[{"href":"https:\/\/urban-vitamin.com\/es\/wp-json\/wp\/v2\/types\/product"}],"replies":[{"embeddable":true,"href":"https:\/\/urban-vitamin.com\/es\/wp-json\/wp\/v2\/comments?post=19410"}],"wp:featuredmedia":[{"embeddable":true,"href":"https:\/\/urban-vitamin.com\/es\/wp-json\/wp\/v2\/media\/19553"}],"wp:attachment":[{"href":"https:\/\/urban-vitamin.com\/es\/wp-json\/wp\/v2\/media?parent=19410"}],"wp:term":[{"taxonomy":"product_cat","embeddable":true,"href":"https:\/\/urban-vitamin.com\/es\/wp-json\/wp\/v2\/product_cat?post=19410"},{"taxonomy":"product_tag","embeddable":true,"href":"https:\/\/urban-vitamin.com\/es\/wp-json\/wp\/v2\/product_tag?post=19410"}],"curies":[{"name":"wp","href":"https:\/\/api.w.org\/{rel}","templated":true}]}}