{"id":18876,"date":"2026-03-12T01:06:04","date_gmt":"2026-03-12T01:06:04","guid":{"rendered":"https:\/\/urban-vitamin.com\/cable-magnetico-tpe-pet-reciclado-urban-vitamin-stockton-65w-negro\/"},"modified":"2026-03-12T02:26:26","modified_gmt":"2026-03-12T02:26:26","slug":"cable-magnetico-tpe-pet-reciclado-stockton-65w-negro","status":"publish","type":"product","link":"https:\/\/urban-vitamin.com\/es\/producto\/cable-magnetico-tpe-pet-reciclado-stockton-65w-negro\/","title":{"rendered":"Cable magn\u00e9tico TPE\/PET reciclado Stockton 65W, negro"},"content":{"rendered":"<p>El cable de carga magn\u00e9tico definitivo de 120 cm para una conectividad perfecta. Dile adi\u00f3s a los cables enredados, dise\u00f1ado para revolucionar tu experiencia de carga. Su dise\u00f1o evita enredos y es port\u00e1til. Se adapta a su estilo de vida en movimiento y ofrece entradas USB Type-C y USB-A, lo que garantiza la compatibilidad con varios dispositivos. Con salidas iOS y Type-C, es lo suficientemente vers\u00e1til como para cargar tu iPhone, dispositivo Android o computadora port\u00e1til. Stockton es tu opci\u00f3n para transferir datos sin problemas, sincronizar archivos, fotos y m\u00fasica entre dispositivos a la velocidad del rayo. Con una s\u00f3lida capacidad de carga de 65W. Stockton est\u00e1 fabricado con ABS reciclado certificado RCS (Recycled Claim Standard). Contenido total reciclado: 30 % basado en el peso total del art\u00edculo. Los art\u00edculos de Urban Vitamin est\u00e1n fabricados sin PVC y presentados en envases reducidos en pl\u00e1stico.<\/p>\n","protected":false},"excerpt":{"rendered":"<p>El cable de carga magn\u00e9tico definitivo de 120 cm para una conectividad perfecta. Dile adi\u00f3s a los cables enredados, dise\u00f1ado para revolucionar tu experiencia de carga. Su dise\u00f1o evita enredos y es port\u00e1til. Se adapta a su estilo de vida en movimiento y ofrece entradas USB Type-C y USB-A, lo que garantiza la compatibilidad con [&hellip;]<\/p>\n","protected":false},"featured_media":19167,"comment_status":"closed","ping_status":"closed","template":"","meta":{"_acf_changed":false,"om_disable_all_campaigns":false},"product_cat":[80],"product_tag":[],"class_list":["post-18876","product","type-product","status-publish","has-post-thumbnail","hentry","product_cat-cables-es","pa_color-black"],"acf":[],"yoast_head":"<!-- This site is optimized with the Yoast SEO plugin v27.0 - https:\/\/yoast.com\/product\/yoast-seo-wordpress\/ -->\n<title>Cable magn\u00e9tico TPE\/PET reciclado Stockton 65W, negro - Urban Vitamin<\/title>\n<meta name=\"robots\" content=\"index, follow, max-snippet:-1, max-image-preview:large, max-video-preview:-1\" \/>\n<link rel=\"canonical\" href=\"https:\/\/urban-vitamin.com\/es\/producto\/cable-magnetico-tpe-pet-reciclado-stockton-65w-negro\/\" \/>\n<meta property=\"og:locale\" content=\"es_ES\" \/>\n<meta property=\"og:type\" content=\"article\" \/>\n<meta property=\"og:title\" content=\"Cable magn\u00e9tico TPE\/PET reciclado Stockton 65W, negro - Urban Vitamin\" \/>\n<meta property=\"og:description\" content=\"El cable de carga magn\u00e9tico definitivo de 120 cm para una conectividad perfecta. Dile adi\u00f3s a los cables enredados, dise\u00f1ado para revolucionar tu experiencia de carga. Su dise\u00f1o evita enredos y es port\u00e1til. Se adapta a su estilo de vida en movimiento y ofrece entradas USB Type-C y USB-A, lo que garantiza la compatibilidad con [&hellip;]\" \/>\n<meta property=\"og:url\" content=\"https:\/\/urban-vitamin.com\/es\/producto\/cable-magnetico-tpe-pet-reciclado-stockton-65w-negro\/\" \/>\n<meta property=\"og:site_name\" content=\"Urban Vitamin\" \/>\n<meta property=\"article:modified_time\" content=\"2026-03-12T02:26:26+00:00\" \/>\n<meta property=\"og:image\" content=\"https:\/\/urban-vitamin.com\/wp-content\/uploads\/sites\/5\/2024\/05\/P302.7101__S_0__f8852696b58a435d983d158180f36c5d.jpg\" \/>\n\t<meta property=\"og:image:width\" content=\"1024\" \/>\n\t<meta property=\"og:image:height\" content=\"1024\" \/>\n\t<meta property=\"og:image:type\" content=\"image\/jpeg\" \/>\n<meta name=\"twitter:card\" content=\"summary_large_image\" \/>\n<meta name=\"twitter:label1\" content=\"Tiempo de lectura\" \/>\n\t<meta name=\"twitter:data1\" content=\"1 minuto\" \/>\n<script type=\"application\/ld+json\" class=\"yoast-schema-graph\">{\"@context\":\"https:\/\/schema.org\",\"@graph\":[{\"@type\":\"WebPage\",\"@id\":\"https:\/\/urban-vitamin.com\/es\/producto\/cable-magnetico-tpe-pet-reciclado-stockton-65w-negro\/\",\"url\":\"https:\/\/urban-vitamin.com\/es\/producto\/cable-magnetico-tpe-pet-reciclado-stockton-65w-negro\/\",\"name\":\"Cable magn\u00e9tico TPE\/PET reciclado Stockton 65W, negro - Urban Vitamin\",\"isPartOf\":{\"@id\":\"https:\/\/urban-vitamin.com\/es\/#website\"},\"primaryImageOfPage\":{\"@id\":\"https:\/\/urban-vitamin.com\/es\/producto\/cable-magnetico-tpe-pet-reciclado-stockton-65w-negro\/#primaryimage\"},\"image\":{\"@id\":\"https:\/\/urban-vitamin.com\/es\/producto\/cable-magnetico-tpe-pet-reciclado-stockton-65w-negro\/#primaryimage\"},\"thumbnailUrl\":\"https:\/\/urban-vitamin.com\/wp-content\/uploads\/sites\/5\/2024\/05\/P302.7101__S_0__f8852696b58a435d983d158180f36c5d.jpg\",\"datePublished\":\"2026-03-12T01:06:04+00:00\",\"dateModified\":\"2026-03-12T02:26:26+00:00\",\"breadcrumb\":{\"@id\":\"https:\/\/urban-vitamin.com\/es\/producto\/cable-magnetico-tpe-pet-reciclado-stockton-65w-negro\/#breadcrumb\"},\"inLanguage\":\"es\",\"potentialAction\":[{\"@type\":\"ReadAction\",\"target\":[\"https:\/\/urban-vitamin.com\/es\/producto\/cable-magnetico-tpe-pet-reciclado-stockton-65w-negro\/\"]}]},{\"@type\":\"ImageObject\",\"inLanguage\":\"es\",\"@id\":\"https:\/\/urban-vitamin.com\/es\/producto\/cable-magnetico-tpe-pet-reciclado-stockton-65w-negro\/#primaryimage\",\"url\":\"https:\/\/urban-vitamin.com\/wp-content\/uploads\/sites\/5\/2024\/05\/P302.7101__S_0__f8852696b58a435d983d158180f36c5d.jpg\",\"contentUrl\":\"https:\/\/urban-vitamin.com\/wp-content\/uploads\/sites\/5\/2024\/05\/P302.7101__S_0__f8852696b58a435d983d158180f36c5d.jpg\",\"width\":1024,\"height\":1024},{\"@type\":\"BreadcrumbList\",\"@id\":\"https:\/\/urban-vitamin.com\/es\/producto\/cable-magnetico-tpe-pet-reciclado-stockton-65w-negro\/#breadcrumb\",\"itemListElement\":[{\"@type\":\"ListItem\",\"position\":1,\"name\":\"Home\",\"item\":\"https:\/\/urban-vitamin.com\/es\/\"},{\"@type\":\"ListItem\",\"position\":2,\"name\":\"Recopilaci\u00f3n\",\"item\":\"https:\/\/urban-vitamin.com\/es\/recopilacion\/\"},{\"@type\":\"ListItem\",\"position\":3,\"name\":\"Cable magn\u00e9tico TPE\/PET reciclado Stockton 65W, negro\"}]},{\"@type\":\"WebSite\",\"@id\":\"https:\/\/urban-vitamin.com\/es\/#website\",\"url\":\"https:\/\/urban-vitamin.com\/es\/\",\"name\":\"Urban Vitamin\",\"description\":\"Enjoy your daily dose of Urban Vitamin!\",\"potentialAction\":[{\"@type\":\"SearchAction\",\"target\":{\"@type\":\"EntryPoint\",\"urlTemplate\":\"https:\/\/urban-vitamin.com\/es\/?s={search_term_string}\"},\"query-input\":{\"@type\":\"PropertyValueSpecification\",\"valueRequired\":true,\"valueName\":\"search_term_string\"}}],\"inLanguage\":\"es\"}]}<\/script>\n<!-- \/ Yoast SEO plugin. -->","yoast_head_json":{"title":"Cable magn\u00e9tico TPE\/PET reciclado Stockton 65W, negro - Urban Vitamin","robots":{"index":"index","follow":"follow","max-snippet":"max-snippet:-1","max-image-preview":"max-image-preview:large","max-video-preview":"max-video-preview:-1"},"canonical":"https:\/\/urban-vitamin.com\/es\/producto\/cable-magnetico-tpe-pet-reciclado-stockton-65w-negro\/","og_locale":"es_ES","og_type":"article","og_title":"Cable magn\u00e9tico TPE\/PET reciclado Stockton 65W, negro - Urban Vitamin","og_description":"El cable de carga magn\u00e9tico definitivo de 120 cm para una conectividad perfecta. Dile adi\u00f3s a los cables enredados, dise\u00f1ado para revolucionar tu experiencia de carga. Su dise\u00f1o evita enredos y es port\u00e1til. Se adapta a su estilo de vida en movimiento y ofrece entradas USB Type-C y USB-A, lo que garantiza la compatibilidad con [&hellip;]","og_url":"https:\/\/urban-vitamin.com\/es\/producto\/cable-magnetico-tpe-pet-reciclado-stockton-65w-negro\/","og_site_name":"Urban Vitamin","article_modified_time":"2026-03-12T02:26:26+00:00","og_image":[{"width":1024,"height":1024,"url":"https:\/\/urban-vitamin.com\/wp-content\/uploads\/sites\/5\/2024\/05\/P302.7101__S_0__f8852696b58a435d983d158180f36c5d.jpg","type":"image\/jpeg"}],"twitter_card":"summary_large_image","twitter_misc":{"Tiempo de lectura":"1 minuto"},"schema":{"@context":"https:\/\/schema.org","@graph":[{"@type":"WebPage","@id":"https:\/\/urban-vitamin.com\/es\/producto\/cable-magnetico-tpe-pet-reciclado-stockton-65w-negro\/","url":"https:\/\/urban-vitamin.com\/es\/producto\/cable-magnetico-tpe-pet-reciclado-stockton-65w-negro\/","name":"Cable magn\u00e9tico TPE\/PET reciclado Stockton 65W, negro - Urban Vitamin","isPartOf":{"@id":"https:\/\/urban-vitamin.com\/es\/#website"},"primaryImageOfPage":{"@id":"https:\/\/urban-vitamin.com\/es\/producto\/cable-magnetico-tpe-pet-reciclado-stockton-65w-negro\/#primaryimage"},"image":{"@id":"https:\/\/urban-vitamin.com\/es\/producto\/cable-magnetico-tpe-pet-reciclado-stockton-65w-negro\/#primaryimage"},"thumbnailUrl":"https:\/\/urban-vitamin.com\/wp-content\/uploads\/sites\/5\/2024\/05\/P302.7101__S_0__f8852696b58a435d983d158180f36c5d.jpg","datePublished":"2026-03-12T01:06:04+00:00","dateModified":"2026-03-12T02:26:26+00:00","breadcrumb":{"@id":"https:\/\/urban-vitamin.com\/es\/producto\/cable-magnetico-tpe-pet-reciclado-stockton-65w-negro\/#breadcrumb"},"inLanguage":"es","potentialAction":[{"@type":"ReadAction","target":["https:\/\/urban-vitamin.com\/es\/producto\/cable-magnetico-tpe-pet-reciclado-stockton-65w-negro\/"]}]},{"@type":"ImageObject","inLanguage":"es","@id":"https:\/\/urban-vitamin.com\/es\/producto\/cable-magnetico-tpe-pet-reciclado-stockton-65w-negro\/#primaryimage","url":"https:\/\/urban-vitamin.com\/wp-content\/uploads\/sites\/5\/2024\/05\/P302.7101__S_0__f8852696b58a435d983d158180f36c5d.jpg","contentUrl":"https:\/\/urban-vitamin.com\/wp-content\/uploads\/sites\/5\/2024\/05\/P302.7101__S_0__f8852696b58a435d983d158180f36c5d.jpg","width":1024,"height":1024},{"@type":"BreadcrumbList","@id":"https:\/\/urban-vitamin.com\/es\/producto\/cable-magnetico-tpe-pet-reciclado-stockton-65w-negro\/#breadcrumb","itemListElement":[{"@type":"ListItem","position":1,"name":"Home","item":"https:\/\/urban-vitamin.com\/es\/"},{"@type":"ListItem","position":2,"name":"Recopilaci\u00f3n","item":"https:\/\/urban-vitamin.com\/es\/recopilacion\/"},{"@type":"ListItem","position":3,"name":"Cable magn\u00e9tico TPE\/PET reciclado Stockton 65W, negro"}]},{"@type":"WebSite","@id":"https:\/\/urban-vitamin.com\/es\/#website","url":"https:\/\/urban-vitamin.com\/es\/","name":"Urban Vitamin","description":"Enjoy your daily dose of Urban Vitamin!","potentialAction":[{"@type":"SearchAction","target":{"@type":"EntryPoint","urlTemplate":"https:\/\/urban-vitamin.com\/es\/?s={search_term_string}"},"query-input":{"@type":"PropertyValueSpecification","valueRequired":true,"valueName":"search_term_string"}}],"inLanguage":"es"}]}},"_links":{"self":[{"href":"https:\/\/urban-vitamin.com\/es\/wp-json\/wp\/v2\/product\/18876","targetHints":{"allow":["GET"]}}],"collection":[{"href":"https:\/\/urban-vitamin.com\/es\/wp-json\/wp\/v2\/product"}],"about":[{"href":"https:\/\/urban-vitamin.com\/es\/wp-json\/wp\/v2\/types\/product"}],"replies":[{"embeddable":true,"href":"https:\/\/urban-vitamin.com\/es\/wp-json\/wp\/v2\/comments?post=18876"}],"wp:featuredmedia":[{"embeddable":true,"href":"https:\/\/urban-vitamin.com\/es\/wp-json\/wp\/v2\/media\/19167"}],"wp:attachment":[{"href":"https:\/\/urban-vitamin.com\/es\/wp-json\/wp\/v2\/media?parent=18876"}],"wp:term":[{"taxonomy":"product_cat","embeddable":true,"href":"https:\/\/urban-vitamin.com\/es\/wp-json\/wp\/v2\/product_cat?post=18876"},{"taxonomy":"product_tag","embeddable":true,"href":"https:\/\/urban-vitamin.com\/es\/wp-json\/wp\/v2\/product_tag?post=18876"}],"curies":[{"name":"wp","href":"https:\/\/api.w.org\/{rel}","templated":true}]}}