{"id":11461,"date":"2026-03-12T01:08:24","date_gmt":"2026-03-12T01:08:24","guid":{"rendered":"https:\/\/urban-vitamin.com\/altavoz-urban-vitamin-pacific-grove-rcs-plastico-30w-ipx7-negro\/"},"modified":"2026-03-12T02:28:48","modified_gmt":"2026-03-12T02:28:48","slug":"altavoz-pacific-grove-rcs-plastico-30w-ipx7-negro","status":"publish","type":"product","link":"https:\/\/urban-vitamin.com\/es\/producto\/altavoz-pacific-grove-rcs-plastico-30w-ipx7-negro\/","title":{"rendered":"Altavoz Pacific Grove RCS pl\u00e1stico 30W IPX7, negro"},"content":{"rendered":"<p>El altavoz inal\u00e1mbrico Pacific Grove te brinda la libertad de disfrutar de tu m\u00fasica sin limitaciones. Este robusto altavoz de 30W est\u00e1 dise\u00f1ado para ofrecerte todo lo que necesitas para una experiencia musical inmersiva. Su pr\u00e1ctico cord\u00f3n integrado y su dise\u00f1o duradero resistente al agua IPX 7 garantizan que puedas llevar siempre tus canciones. Tiene la opci\u00f3n de conectar dos altavoces entre s\u00ed mediante la funci\u00f3n de emparejamiento est\u00e9reo, creando una aut\u00e9ntica experiencia de sonido est\u00e9reo. Una carga completa te permite reproducir m\u00fasica hasta 8H con una sola carga. Los subwoofers dobles te brindar\u00e1n una experiencia de graves inigualable. Fabricado con ABS reciclado y PET reciclado con certificaci\u00f3n RCS (Recycled Claim Standard). Contenido reciclado total: 36% basado en el peso total del art\u00edculo. La certificaci\u00f3n RCS garantiza una cadena de suministro de materiales reciclados. Los art\u00edculos de Urban Vitamin se fabrican sin PVC y en envases reducidos de pl\u00e1stico.<\/p>\n","protected":false},"excerpt":{"rendered":"<p>El altavoz inal\u00e1mbrico Pacific Grove te brinda la libertad de disfrutar de tu m\u00fasica sin limitaciones. Este robusto altavoz de 30W est\u00e1 dise\u00f1ado para ofrecerte todo lo que necesitas para una experiencia musical inmersiva. Su pr\u00e1ctico cord\u00f3n integrado y su dise\u00f1o duradero resistente al agua IPX 7 garantizan que puedas llevar siempre tus canciones. Tiene [&hellip;]<\/p>\n","protected":false},"featured_media":19076,"comment_status":"closed","ping_status":"closed","template":"","meta":{"_acf_changed":false,"om_disable_all_campaigns":false},"product_cat":[76],"product_tag":[],"class_list":["post-11461","product","type-product","status-publish","has-post-thumbnail","hentry","product_cat-altavoces","pa_color-black"],"acf":[],"yoast_head":"<!-- This site is optimized with the Yoast SEO plugin v27.0 - https:\/\/yoast.com\/product\/yoast-seo-wordpress\/ -->\n<title>Altavoz Pacific Grove RCS pl\u00e1stico 30W IPX7, negro - Urban Vitamin<\/title>\n<meta name=\"robots\" content=\"index, follow, max-snippet:-1, max-image-preview:large, max-video-preview:-1\" \/>\n<link rel=\"canonical\" href=\"https:\/\/urban-vitamin.com\/es\/producto\/altavoz-pacific-grove-rcs-plastico-30w-ipx7-negro\/\" \/>\n<meta property=\"og:locale\" content=\"es_ES\" \/>\n<meta property=\"og:type\" content=\"article\" \/>\n<meta property=\"og:title\" content=\"Altavoz Pacific Grove RCS pl\u00e1stico 30W IPX7, negro - Urban Vitamin\" \/>\n<meta property=\"og:description\" content=\"El altavoz inal\u00e1mbrico Pacific Grove te brinda la libertad de disfrutar de tu m\u00fasica sin limitaciones. Este robusto altavoz de 30W est\u00e1 dise\u00f1ado para ofrecerte todo lo que necesitas para una experiencia musical inmersiva. Su pr\u00e1ctico cord\u00f3n integrado y su dise\u00f1o duradero resistente al agua IPX 7 garantizan que puedas llevar siempre tus canciones. Tiene [&hellip;]\" \/>\n<meta property=\"og:url\" content=\"https:\/\/urban-vitamin.com\/es\/producto\/altavoz-pacific-grove-rcs-plastico-30w-ipx7-negro\/\" \/>\n<meta property=\"og:site_name\" content=\"Urban Vitamin\" \/>\n<meta property=\"article:modified_time\" content=\"2026-03-12T02:28:48+00:00\" \/>\n<meta property=\"og:image\" content=\"https:\/\/urban-vitamin.com\/wp-content\/uploads\/sites\/5\/2024\/05\/P331.511__S_0__9014c4827f1741c1a45384ab5761777d.jpg\" \/>\n\t<meta property=\"og:image:width\" content=\"1024\" \/>\n\t<meta property=\"og:image:height\" content=\"1024\" \/>\n\t<meta property=\"og:image:type\" content=\"image\/jpeg\" \/>\n<meta name=\"twitter:card\" content=\"summary_large_image\" \/>\n<meta name=\"twitter:label1\" content=\"Tiempo de lectura\" \/>\n\t<meta name=\"twitter:data1\" content=\"1 minuto\" \/>\n<script type=\"application\/ld+json\" class=\"yoast-schema-graph\">{\"@context\":\"https:\/\/schema.org\",\"@graph\":[{\"@type\":\"WebPage\",\"@id\":\"https:\/\/urban-vitamin.com\/es\/producto\/altavoz-pacific-grove-rcs-plastico-30w-ipx7-negro\/\",\"url\":\"https:\/\/urban-vitamin.com\/es\/producto\/altavoz-pacific-grove-rcs-plastico-30w-ipx7-negro\/\",\"name\":\"Altavoz Pacific Grove RCS pl\u00e1stico 30W IPX7, negro - Urban Vitamin\",\"isPartOf\":{\"@id\":\"https:\/\/urban-vitamin.com\/es\/#website\"},\"primaryImageOfPage\":{\"@id\":\"https:\/\/urban-vitamin.com\/es\/producto\/altavoz-pacific-grove-rcs-plastico-30w-ipx7-negro\/#primaryimage\"},\"image\":{\"@id\":\"https:\/\/urban-vitamin.com\/es\/producto\/altavoz-pacific-grove-rcs-plastico-30w-ipx7-negro\/#primaryimage\"},\"thumbnailUrl\":\"https:\/\/urban-vitamin.com\/wp-content\/uploads\/sites\/5\/2024\/05\/P331.511__S_0__9014c4827f1741c1a45384ab5761777d.jpg\",\"datePublished\":\"2026-03-12T01:08:24+00:00\",\"dateModified\":\"2026-03-12T02:28:48+00:00\",\"breadcrumb\":{\"@id\":\"https:\/\/urban-vitamin.com\/es\/producto\/altavoz-pacific-grove-rcs-plastico-30w-ipx7-negro\/#breadcrumb\"},\"inLanguage\":\"es\",\"potentialAction\":[{\"@type\":\"ReadAction\",\"target\":[\"https:\/\/urban-vitamin.com\/es\/producto\/altavoz-pacific-grove-rcs-plastico-30w-ipx7-negro\/\"]}]},{\"@type\":\"ImageObject\",\"inLanguage\":\"es\",\"@id\":\"https:\/\/urban-vitamin.com\/es\/producto\/altavoz-pacific-grove-rcs-plastico-30w-ipx7-negro\/#primaryimage\",\"url\":\"https:\/\/urban-vitamin.com\/wp-content\/uploads\/sites\/5\/2024\/05\/P331.511__S_0__9014c4827f1741c1a45384ab5761777d.jpg\",\"contentUrl\":\"https:\/\/urban-vitamin.com\/wp-content\/uploads\/sites\/5\/2024\/05\/P331.511__S_0__9014c4827f1741c1a45384ab5761777d.jpg\",\"width\":1024,\"height\":1024},{\"@type\":\"BreadcrumbList\",\"@id\":\"https:\/\/urban-vitamin.com\/es\/producto\/altavoz-pacific-grove-rcs-plastico-30w-ipx7-negro\/#breadcrumb\",\"itemListElement\":[{\"@type\":\"ListItem\",\"position\":1,\"name\":\"Home\",\"item\":\"https:\/\/urban-vitamin.com\/es\/\"},{\"@type\":\"ListItem\",\"position\":2,\"name\":\"Recopilaci\u00f3n\",\"item\":\"https:\/\/urban-vitamin.com\/es\/recopilacion\/\"},{\"@type\":\"ListItem\",\"position\":3,\"name\":\"Altavoz Pacific Grove RCS pl\u00e1stico 30W IPX7, negro\"}]},{\"@type\":\"WebSite\",\"@id\":\"https:\/\/urban-vitamin.com\/es\/#website\",\"url\":\"https:\/\/urban-vitamin.com\/es\/\",\"name\":\"Urban Vitamin\",\"description\":\"Enjoy your daily dose of Urban Vitamin!\",\"potentialAction\":[{\"@type\":\"SearchAction\",\"target\":{\"@type\":\"EntryPoint\",\"urlTemplate\":\"https:\/\/urban-vitamin.com\/es\/?s={search_term_string}\"},\"query-input\":{\"@type\":\"PropertyValueSpecification\",\"valueRequired\":true,\"valueName\":\"search_term_string\"}}],\"inLanguage\":\"es\"}]}<\/script>\n<!-- \/ Yoast SEO plugin. -->","yoast_head_json":{"title":"Altavoz Pacific Grove RCS pl\u00e1stico 30W IPX7, negro - Urban Vitamin","robots":{"index":"index","follow":"follow","max-snippet":"max-snippet:-1","max-image-preview":"max-image-preview:large","max-video-preview":"max-video-preview:-1"},"canonical":"https:\/\/urban-vitamin.com\/es\/producto\/altavoz-pacific-grove-rcs-plastico-30w-ipx7-negro\/","og_locale":"es_ES","og_type":"article","og_title":"Altavoz Pacific Grove RCS pl\u00e1stico 30W IPX7, negro - Urban Vitamin","og_description":"El altavoz inal\u00e1mbrico Pacific Grove te brinda la libertad de disfrutar de tu m\u00fasica sin limitaciones. Este robusto altavoz de 30W est\u00e1 dise\u00f1ado para ofrecerte todo lo que necesitas para una experiencia musical inmersiva. Su pr\u00e1ctico cord\u00f3n integrado y su dise\u00f1o duradero resistente al agua IPX 7 garantizan que puedas llevar siempre tus canciones. Tiene [&hellip;]","og_url":"https:\/\/urban-vitamin.com\/es\/producto\/altavoz-pacific-grove-rcs-plastico-30w-ipx7-negro\/","og_site_name":"Urban Vitamin","article_modified_time":"2026-03-12T02:28:48+00:00","og_image":[{"width":1024,"height":1024,"url":"https:\/\/urban-vitamin.com\/wp-content\/uploads\/sites\/5\/2024\/05\/P331.511__S_0__9014c4827f1741c1a45384ab5761777d.jpg","type":"image\/jpeg"}],"twitter_card":"summary_large_image","twitter_misc":{"Tiempo de lectura":"1 minuto"},"schema":{"@context":"https:\/\/schema.org","@graph":[{"@type":"WebPage","@id":"https:\/\/urban-vitamin.com\/es\/producto\/altavoz-pacific-grove-rcs-plastico-30w-ipx7-negro\/","url":"https:\/\/urban-vitamin.com\/es\/producto\/altavoz-pacific-grove-rcs-plastico-30w-ipx7-negro\/","name":"Altavoz Pacific Grove RCS pl\u00e1stico 30W IPX7, negro - Urban Vitamin","isPartOf":{"@id":"https:\/\/urban-vitamin.com\/es\/#website"},"primaryImageOfPage":{"@id":"https:\/\/urban-vitamin.com\/es\/producto\/altavoz-pacific-grove-rcs-plastico-30w-ipx7-negro\/#primaryimage"},"image":{"@id":"https:\/\/urban-vitamin.com\/es\/producto\/altavoz-pacific-grove-rcs-plastico-30w-ipx7-negro\/#primaryimage"},"thumbnailUrl":"https:\/\/urban-vitamin.com\/wp-content\/uploads\/sites\/5\/2024\/05\/P331.511__S_0__9014c4827f1741c1a45384ab5761777d.jpg","datePublished":"2026-03-12T01:08:24+00:00","dateModified":"2026-03-12T02:28:48+00:00","breadcrumb":{"@id":"https:\/\/urban-vitamin.com\/es\/producto\/altavoz-pacific-grove-rcs-plastico-30w-ipx7-negro\/#breadcrumb"},"inLanguage":"es","potentialAction":[{"@type":"ReadAction","target":["https:\/\/urban-vitamin.com\/es\/producto\/altavoz-pacific-grove-rcs-plastico-30w-ipx7-negro\/"]}]},{"@type":"ImageObject","inLanguage":"es","@id":"https:\/\/urban-vitamin.com\/es\/producto\/altavoz-pacific-grove-rcs-plastico-30w-ipx7-negro\/#primaryimage","url":"https:\/\/urban-vitamin.com\/wp-content\/uploads\/sites\/5\/2024\/05\/P331.511__S_0__9014c4827f1741c1a45384ab5761777d.jpg","contentUrl":"https:\/\/urban-vitamin.com\/wp-content\/uploads\/sites\/5\/2024\/05\/P331.511__S_0__9014c4827f1741c1a45384ab5761777d.jpg","width":1024,"height":1024},{"@type":"BreadcrumbList","@id":"https:\/\/urban-vitamin.com\/es\/producto\/altavoz-pacific-grove-rcs-plastico-30w-ipx7-negro\/#breadcrumb","itemListElement":[{"@type":"ListItem","position":1,"name":"Home","item":"https:\/\/urban-vitamin.com\/es\/"},{"@type":"ListItem","position":2,"name":"Recopilaci\u00f3n","item":"https:\/\/urban-vitamin.com\/es\/recopilacion\/"},{"@type":"ListItem","position":3,"name":"Altavoz Pacific Grove RCS pl\u00e1stico 30W IPX7, negro"}]},{"@type":"WebSite","@id":"https:\/\/urban-vitamin.com\/es\/#website","url":"https:\/\/urban-vitamin.com\/es\/","name":"Urban Vitamin","description":"Enjoy your daily dose of Urban Vitamin!","potentialAction":[{"@type":"SearchAction","target":{"@type":"EntryPoint","urlTemplate":"https:\/\/urban-vitamin.com\/es\/?s={search_term_string}"},"query-input":{"@type":"PropertyValueSpecification","valueRequired":true,"valueName":"search_term_string"}}],"inLanguage":"es"}]}},"_links":{"self":[{"href":"https:\/\/urban-vitamin.com\/es\/wp-json\/wp\/v2\/product\/11461","targetHints":{"allow":["GET"]}}],"collection":[{"href":"https:\/\/urban-vitamin.com\/es\/wp-json\/wp\/v2\/product"}],"about":[{"href":"https:\/\/urban-vitamin.com\/es\/wp-json\/wp\/v2\/types\/product"}],"replies":[{"embeddable":true,"href":"https:\/\/urban-vitamin.com\/es\/wp-json\/wp\/v2\/comments?post=11461"}],"wp:featuredmedia":[{"embeddable":true,"href":"https:\/\/urban-vitamin.com\/es\/wp-json\/wp\/v2\/media\/19076"}],"wp:attachment":[{"href":"https:\/\/urban-vitamin.com\/es\/wp-json\/wp\/v2\/media?parent=11461"}],"wp:term":[{"taxonomy":"product_cat","embeddable":true,"href":"https:\/\/urban-vitamin.com\/es\/wp-json\/wp\/v2\/product_cat?post=11461"},{"taxonomy":"product_tag","embeddable":true,"href":"https:\/\/urban-vitamin.com\/es\/wp-json\/wp\/v2\/product_tag?post=11461"}],"curies":[{"name":"wp","href":"https:\/\/api.w.org\/{rel}","templated":true}]}}