{"id":10569,"date":"2026-03-12T01:06:52","date_gmt":"2026-03-12T01:06:52","guid":{"rendered":"https:\/\/urban-vitamin.com\/compton-rcs-plastico-reciclado-aluminio-10-000-mah-powerbank-plata\/"},"modified":"2026-03-12T02:27:15","modified_gmt":"2026-03-12T02:27:15","slug":"powerbank-compton-rcs-plastico-reciclado-aluminio-10-000-mah-2","status":"publish","type":"product","link":"https:\/\/urban-vitamin.com\/es\/producto\/powerbank-compton-rcs-plastico-reciclado-aluminio-10-000-mah-2\/","title":{"rendered":"Powerbank Compton RCS pl\u00e1stico reciclado\/aluminio 10 000 mAh"},"content":{"rendered":"<p>La tecnolog\u00eda magn\u00e9tica de Compton se ajusta f\u00e1cilmente a tu iPhone 12 en adelante, as\u00ed como a los tel\u00e9fonos Android de nueva generaci\u00f3n, garantizando una conexi\u00f3n perfecta para una carga ultrarr\u00e1pida de 15W. \u00bfNecesitas un impulso r\u00e1pido para pasar el d\u00eda? Compton admite una carga r\u00e1pida de 20W a toda velocidad a trav\u00e9s de su puerto Type-C, tanto para recargar la propia bater\u00eda externa como para cargar super r\u00e1pido tu dispositivo. No m\u00e1s esperas, vuelve a lo que realmente importa en poco tiempo! No podr\u00eda ser m\u00e1s sencillo: simplemente coloca Compton en tu tel\u00e9fono y observa c\u00f3mo ocurre la magia! Se inicia autom\u00e1ticamente la carga en el momento en que se conecta, asegurando que tus dispositivos siempre est\u00e9n cargados cuando los necesites. Creemos en la calidad que perdura, por eso Compton est\u00e1 equipado con una bater\u00eda de alta calidad de 10.000 mAh de cobalto al 100% (1.200 ciclos). Dura m\u00e1s y rinde mejor que las bater\u00edas de litio comunes, brind\u00e1ndote energ\u00eda duradera.<\/p>\n","protected":false},"excerpt":{"rendered":"<p>La tecnolog\u00eda magn\u00e9tica de Compton se ajusta f\u00e1cilmente a tu iPhone 12 en adelante, as\u00ed como a los tel\u00e9fonos Android de nueva generaci\u00f3n, garantizando una conexi\u00f3n perfecta para una carga ultrarr\u00e1pida de 15W. \u00bfNecesitas un impulso r\u00e1pido para pasar el d\u00eda? Compton admite una carga r\u00e1pida de 20W a toda velocidad a trav\u00e9s de su [&hellip;]<\/p>\n","protected":false},"featured_media":14042,"comment_status":"closed","ping_status":"closed","template":"","meta":{"_acf_changed":false,"om_disable_all_campaigns":false},"product_cat":[77],"product_tag":[],"class_list":["post-10569","product","type-product","status-publish","has-post-thumbnail","hentry","product_cat-powerbanks-es","pa_color-silver"],"acf":[],"yoast_head":"<!-- This site is optimized with the Yoast SEO plugin v27.0 - https:\/\/yoast.com\/product\/yoast-seo-wordpress\/ -->\n<title>Powerbank Compton RCS pl\u00e1stico reciclado\/aluminio 10 000 mAh - Urban Vitamin<\/title>\n<meta name=\"robots\" content=\"index, follow, max-snippet:-1, max-image-preview:large, max-video-preview:-1\" \/>\n<link rel=\"canonical\" href=\"https:\/\/urban-vitamin.com\/es\/producto\/powerbank-compton-rcs-plastico-reciclado-aluminio-10-000-mah-2\/\" \/>\n<meta property=\"og:locale\" content=\"es_ES\" \/>\n<meta property=\"og:type\" content=\"article\" \/>\n<meta property=\"og:title\" content=\"Powerbank Compton RCS pl\u00e1stico reciclado\/aluminio 10 000 mAh - Urban Vitamin\" \/>\n<meta property=\"og:description\" content=\"La tecnolog\u00eda magn\u00e9tica de Compton se ajusta f\u00e1cilmente a tu iPhone 12 en adelante, as\u00ed como a los tel\u00e9fonos Android de nueva generaci\u00f3n, garantizando una conexi\u00f3n perfecta para una carga ultrarr\u00e1pida de 15W. \u00bfNecesitas un impulso r\u00e1pido para pasar el d\u00eda? Compton admite una carga r\u00e1pida de 20W a toda velocidad a trav\u00e9s de su [&hellip;]\" \/>\n<meta property=\"og:url\" content=\"https:\/\/urban-vitamin.com\/es\/producto\/powerbank-compton-rcs-plastico-reciclado-aluminio-10-000-mah-2\/\" \/>\n<meta property=\"og:site_name\" content=\"Urban Vitamin\" \/>\n<meta property=\"article:modified_time\" content=\"2026-03-12T02:27:15+00:00\" \/>\n<meta property=\"og:image\" content=\"https:\/\/urban-vitamin.com\/wp-content\/uploads\/sites\/5\/2024\/02\/P322.842__S_0__4525aa1018394fe1a494b1ba049c3f49.jpg\" \/>\n\t<meta property=\"og:image:width\" content=\"1024\" \/>\n\t<meta property=\"og:image:height\" content=\"1024\" \/>\n\t<meta property=\"og:image:type\" content=\"image\/jpeg\" \/>\n<meta name=\"twitter:card\" content=\"summary_large_image\" \/>\n<meta name=\"twitter:label1\" content=\"Tiempo de lectura\" \/>\n\t<meta name=\"twitter:data1\" content=\"1 minuto\" \/>\n<script type=\"application\/ld+json\" class=\"yoast-schema-graph\">{\"@context\":\"https:\/\/schema.org\",\"@graph\":[{\"@type\":\"WebPage\",\"@id\":\"https:\/\/urban-vitamin.com\/es\/producto\/powerbank-compton-rcs-plastico-reciclado-aluminio-10-000-mah-2\/\",\"url\":\"https:\/\/urban-vitamin.com\/es\/producto\/powerbank-compton-rcs-plastico-reciclado-aluminio-10-000-mah-2\/\",\"name\":\"Powerbank Compton RCS pl\u00e1stico reciclado\/aluminio 10 000 mAh - Urban Vitamin\",\"isPartOf\":{\"@id\":\"https:\/\/urban-vitamin.com\/es\/#website\"},\"primaryImageOfPage\":{\"@id\":\"https:\/\/urban-vitamin.com\/es\/producto\/powerbank-compton-rcs-plastico-reciclado-aluminio-10-000-mah-2\/#primaryimage\"},\"image\":{\"@id\":\"https:\/\/urban-vitamin.com\/es\/producto\/powerbank-compton-rcs-plastico-reciclado-aluminio-10-000-mah-2\/#primaryimage\"},\"thumbnailUrl\":\"https:\/\/urban-vitamin.com\/wp-content\/uploads\/sites\/5\/2024\/02\/P322.842__S_0__4525aa1018394fe1a494b1ba049c3f49.jpg\",\"datePublished\":\"2026-03-12T01:06:52+00:00\",\"dateModified\":\"2026-03-12T02:27:15+00:00\",\"breadcrumb\":{\"@id\":\"https:\/\/urban-vitamin.com\/es\/producto\/powerbank-compton-rcs-plastico-reciclado-aluminio-10-000-mah-2\/#breadcrumb\"},\"inLanguage\":\"es\",\"potentialAction\":[{\"@type\":\"ReadAction\",\"target\":[\"https:\/\/urban-vitamin.com\/es\/producto\/powerbank-compton-rcs-plastico-reciclado-aluminio-10-000-mah-2\/\"]}]},{\"@type\":\"ImageObject\",\"inLanguage\":\"es\",\"@id\":\"https:\/\/urban-vitamin.com\/es\/producto\/powerbank-compton-rcs-plastico-reciclado-aluminio-10-000-mah-2\/#primaryimage\",\"url\":\"https:\/\/urban-vitamin.com\/wp-content\/uploads\/sites\/5\/2024\/02\/P322.842__S_0__4525aa1018394fe1a494b1ba049c3f49.jpg\",\"contentUrl\":\"https:\/\/urban-vitamin.com\/wp-content\/uploads\/sites\/5\/2024\/02\/P322.842__S_0__4525aa1018394fe1a494b1ba049c3f49.jpg\",\"width\":1024,\"height\":1024},{\"@type\":\"BreadcrumbList\",\"@id\":\"https:\/\/urban-vitamin.com\/es\/producto\/powerbank-compton-rcs-plastico-reciclado-aluminio-10-000-mah-2\/#breadcrumb\",\"itemListElement\":[{\"@type\":\"ListItem\",\"position\":1,\"name\":\"Home\",\"item\":\"https:\/\/urban-vitamin.com\/es\/\"},{\"@type\":\"ListItem\",\"position\":2,\"name\":\"Recopilaci\u00f3n\",\"item\":\"https:\/\/urban-vitamin.com\/es\/recopilacion\/\"},{\"@type\":\"ListItem\",\"position\":3,\"name\":\"Powerbank Compton RCS pl\u00e1stico reciclado\/aluminio 10 000 mAh\"}]},{\"@type\":\"WebSite\",\"@id\":\"https:\/\/urban-vitamin.com\/es\/#website\",\"url\":\"https:\/\/urban-vitamin.com\/es\/\",\"name\":\"Urban Vitamin\",\"description\":\"Enjoy your daily dose of Urban Vitamin!\",\"potentialAction\":[{\"@type\":\"SearchAction\",\"target\":{\"@type\":\"EntryPoint\",\"urlTemplate\":\"https:\/\/urban-vitamin.com\/es\/?s={search_term_string}\"},\"query-input\":{\"@type\":\"PropertyValueSpecification\",\"valueRequired\":true,\"valueName\":\"search_term_string\"}}],\"inLanguage\":\"es\"}]}<\/script>\n<!-- \/ Yoast SEO plugin. -->","yoast_head_json":{"title":"Powerbank Compton RCS pl\u00e1stico reciclado\/aluminio 10 000 mAh - Urban Vitamin","robots":{"index":"index","follow":"follow","max-snippet":"max-snippet:-1","max-image-preview":"max-image-preview:large","max-video-preview":"max-video-preview:-1"},"canonical":"https:\/\/urban-vitamin.com\/es\/producto\/powerbank-compton-rcs-plastico-reciclado-aluminio-10-000-mah-2\/","og_locale":"es_ES","og_type":"article","og_title":"Powerbank Compton RCS pl\u00e1stico reciclado\/aluminio 10 000 mAh - Urban Vitamin","og_description":"La tecnolog\u00eda magn\u00e9tica de Compton se ajusta f\u00e1cilmente a tu iPhone 12 en adelante, as\u00ed como a los tel\u00e9fonos Android de nueva generaci\u00f3n, garantizando una conexi\u00f3n perfecta para una carga ultrarr\u00e1pida de 15W. \u00bfNecesitas un impulso r\u00e1pido para pasar el d\u00eda? Compton admite una carga r\u00e1pida de 20W a toda velocidad a trav\u00e9s de su [&hellip;]","og_url":"https:\/\/urban-vitamin.com\/es\/producto\/powerbank-compton-rcs-plastico-reciclado-aluminio-10-000-mah-2\/","og_site_name":"Urban Vitamin","article_modified_time":"2026-03-12T02:27:15+00:00","og_image":[{"width":1024,"height":1024,"url":"https:\/\/urban-vitamin.com\/wp-content\/uploads\/sites\/5\/2024\/02\/P322.842__S_0__4525aa1018394fe1a494b1ba049c3f49.jpg","type":"image\/jpeg"}],"twitter_card":"summary_large_image","twitter_misc":{"Tiempo de lectura":"1 minuto"},"schema":{"@context":"https:\/\/schema.org","@graph":[{"@type":"WebPage","@id":"https:\/\/urban-vitamin.com\/es\/producto\/powerbank-compton-rcs-plastico-reciclado-aluminio-10-000-mah-2\/","url":"https:\/\/urban-vitamin.com\/es\/producto\/powerbank-compton-rcs-plastico-reciclado-aluminio-10-000-mah-2\/","name":"Powerbank Compton RCS pl\u00e1stico reciclado\/aluminio 10 000 mAh - Urban Vitamin","isPartOf":{"@id":"https:\/\/urban-vitamin.com\/es\/#website"},"primaryImageOfPage":{"@id":"https:\/\/urban-vitamin.com\/es\/producto\/powerbank-compton-rcs-plastico-reciclado-aluminio-10-000-mah-2\/#primaryimage"},"image":{"@id":"https:\/\/urban-vitamin.com\/es\/producto\/powerbank-compton-rcs-plastico-reciclado-aluminio-10-000-mah-2\/#primaryimage"},"thumbnailUrl":"https:\/\/urban-vitamin.com\/wp-content\/uploads\/sites\/5\/2024\/02\/P322.842__S_0__4525aa1018394fe1a494b1ba049c3f49.jpg","datePublished":"2026-03-12T01:06:52+00:00","dateModified":"2026-03-12T02:27:15+00:00","breadcrumb":{"@id":"https:\/\/urban-vitamin.com\/es\/producto\/powerbank-compton-rcs-plastico-reciclado-aluminio-10-000-mah-2\/#breadcrumb"},"inLanguage":"es","potentialAction":[{"@type":"ReadAction","target":["https:\/\/urban-vitamin.com\/es\/producto\/powerbank-compton-rcs-plastico-reciclado-aluminio-10-000-mah-2\/"]}]},{"@type":"ImageObject","inLanguage":"es","@id":"https:\/\/urban-vitamin.com\/es\/producto\/powerbank-compton-rcs-plastico-reciclado-aluminio-10-000-mah-2\/#primaryimage","url":"https:\/\/urban-vitamin.com\/wp-content\/uploads\/sites\/5\/2024\/02\/P322.842__S_0__4525aa1018394fe1a494b1ba049c3f49.jpg","contentUrl":"https:\/\/urban-vitamin.com\/wp-content\/uploads\/sites\/5\/2024\/02\/P322.842__S_0__4525aa1018394fe1a494b1ba049c3f49.jpg","width":1024,"height":1024},{"@type":"BreadcrumbList","@id":"https:\/\/urban-vitamin.com\/es\/producto\/powerbank-compton-rcs-plastico-reciclado-aluminio-10-000-mah-2\/#breadcrumb","itemListElement":[{"@type":"ListItem","position":1,"name":"Home","item":"https:\/\/urban-vitamin.com\/es\/"},{"@type":"ListItem","position":2,"name":"Recopilaci\u00f3n","item":"https:\/\/urban-vitamin.com\/es\/recopilacion\/"},{"@type":"ListItem","position":3,"name":"Powerbank Compton RCS pl\u00e1stico reciclado\/aluminio 10 000 mAh"}]},{"@type":"WebSite","@id":"https:\/\/urban-vitamin.com\/es\/#website","url":"https:\/\/urban-vitamin.com\/es\/","name":"Urban Vitamin","description":"Enjoy your daily dose of Urban Vitamin!","potentialAction":[{"@type":"SearchAction","target":{"@type":"EntryPoint","urlTemplate":"https:\/\/urban-vitamin.com\/es\/?s={search_term_string}"},"query-input":{"@type":"PropertyValueSpecification","valueRequired":true,"valueName":"search_term_string"}}],"inLanguage":"es"}]}},"_links":{"self":[{"href":"https:\/\/urban-vitamin.com\/es\/wp-json\/wp\/v2\/product\/10569","targetHints":{"allow":["GET"]}}],"collection":[{"href":"https:\/\/urban-vitamin.com\/es\/wp-json\/wp\/v2\/product"}],"about":[{"href":"https:\/\/urban-vitamin.com\/es\/wp-json\/wp\/v2\/types\/product"}],"replies":[{"embeddable":true,"href":"https:\/\/urban-vitamin.com\/es\/wp-json\/wp\/v2\/comments?post=10569"}],"wp:featuredmedia":[{"embeddable":true,"href":"https:\/\/urban-vitamin.com\/es\/wp-json\/wp\/v2\/media\/14042"}],"wp:attachment":[{"href":"https:\/\/urban-vitamin.com\/es\/wp-json\/wp\/v2\/media?parent=10569"}],"wp:term":[{"taxonomy":"product_cat","embeddable":true,"href":"https:\/\/urban-vitamin.com\/es\/wp-json\/wp\/v2\/product_cat?post=10569"},{"taxonomy":"product_tag","embeddable":true,"href":"https:\/\/urban-vitamin.com\/es\/wp-json\/wp\/v2\/product_tag?post=10569"}],"curies":[{"name":"wp","href":"https:\/\/api.w.org\/{rel}","templated":true}]}}