{"id":10567,"date":"2026-04-16T00:06:33","date_gmt":"2026-04-16T00:06:33","guid":{"rendered":"https:\/\/urban-vitamin.com\/powerbank-5-000-mah-urban-vitamin-malibu-rcs-plata\/"},"modified":"2026-04-16T01:26:34","modified_gmt":"2026-04-16T01:26:34","slug":"malibu-magnetic-rcs-2-in-1-5000-mah-powerbank-plata","status":"publish","type":"product","link":"https:\/\/urban-vitamin.com\/es\/producto\/malibu-magnetic-rcs-2-in-1-5000-mah-powerbank-plata\/","title":{"rendered":"Malibu magnetic RCS 2 in 1 5000 mah powerbank, plata"},"content":{"rendered":"<p>La tecnolog\u00eda magn\u00e9tica de Malibu se adapta sin esfuerzo a tu iPhone 12 en adelante, as\u00ed como a los tel\u00e9fonos Android de nueva generaci\u00f3n, lo que garantiza una conexi\u00f3n perfecta para una carga ultrarr\u00e1pida de 15W. \u00bfNecesita un impulso r\u00e1pido para pasar el d\u00eda? Malibu admite una carga r\u00e1pida de 20W a la velocidad del rayo a trav\u00e9s de su puerto tipo C, tanto para recargar el powerbank como para sobrecargar tu dispositivo. No podr\u00eda ser m\u00e1s sencillo: simplemente haz clic en Malibu en tu tel\u00e9fono y observa c\u00f3mo sucede la magia. Se inicia autom\u00e1ticamente la carga en el momento en que se conecta, lo que garantiza que tus dispositivos est\u00e9n siempre cargados cuando los necesites. Con cargador de reloj integrado para dispositivos de reloj iOS. Malibu est\u00e1 equipado con una bater\u00eda de alta calidad de 5.000 mah 100% cobalto (1.200 ciclos). Fabricado con aluminio reciclado y ABS con certificaci\u00f3n RCS (Recycled Claim Standard).<\/p>\n","protected":false},"excerpt":{"rendered":"<p>La tecnolog\u00eda magn\u00e9tica de Malibu se adapta sin esfuerzo a tu iPhone 12 en adelante, as\u00ed como a los tel\u00e9fonos Android de nueva generaci\u00f3n, lo que garantiza una conexi\u00f3n perfecta para una carga ultrarr\u00e1pida de 15W. \u00bfNecesita un impulso r\u00e1pido para pasar el d\u00eda? Malibu admite una carga r\u00e1pida de 20W a la velocidad del [&hellip;]<\/p>\n","protected":false},"featured_media":27686,"comment_status":"closed","ping_status":"closed","template":"","meta":{"_acf_changed":false,"om_disable_all_campaigns":false},"product_cat":[77],"product_tag":[],"class_list":["post-10567","product","type-product","status-publish","has-post-thumbnail","hentry","product_cat-powerbanks-es","pa_color-silver"],"acf":[],"yoast_head":"<!-- This site is optimized with the Yoast SEO plugin v27.0 - https:\/\/yoast.com\/product\/yoast-seo-wordpress\/ -->\n<title>Malibu magnetic RCS 2 in 1 5000 mah powerbank, plata - Urban Vitamin<\/title>\n<meta name=\"robots\" content=\"index, follow, max-snippet:-1, max-image-preview:large, max-video-preview:-1\" \/>\n<link rel=\"canonical\" href=\"https:\/\/urban-vitamin.com\/es\/producto\/malibu-magnetic-rcs-2-in-1-5000-mah-powerbank-plata\/\" \/>\n<meta property=\"og:locale\" content=\"es_ES\" \/>\n<meta property=\"og:type\" content=\"article\" \/>\n<meta property=\"og:title\" content=\"Malibu magnetic RCS 2 in 1 5000 mah powerbank, plata - Urban Vitamin\" \/>\n<meta property=\"og:description\" content=\"La tecnolog\u00eda magn\u00e9tica de Malibu se adapta sin esfuerzo a tu iPhone 12 en adelante, as\u00ed como a los tel\u00e9fonos Android de nueva generaci\u00f3n, lo que garantiza una conexi\u00f3n perfecta para una carga ultrarr\u00e1pida de 15W. \u00bfNecesita un impulso r\u00e1pido para pasar el d\u00eda? Malibu admite una carga r\u00e1pida de 20W a la velocidad del [&hellip;]\" \/>\n<meta property=\"og:url\" content=\"https:\/\/urban-vitamin.com\/es\/producto\/malibu-magnetic-rcs-2-in-1-5000-mah-powerbank-plata\/\" \/>\n<meta property=\"og:site_name\" content=\"Urban Vitamin\" \/>\n<meta property=\"article:modified_time\" content=\"2026-04-16T01:26:34+00:00\" \/>\n<meta property=\"og:image\" content=\"https:\/\/urban-vitamin.com\/wp-content\/uploads\/sites\/5\/2026\/04\/P322.832__S_0__361f2334df0f4eb58594c6d562352821.jpg\" \/>\n\t<meta property=\"og:image:width\" content=\"1024\" \/>\n\t<meta property=\"og:image:height\" content=\"1024\" \/>\n\t<meta property=\"og:image:type\" content=\"image\/jpeg\" \/>\n<meta name=\"twitter:card\" content=\"summary_large_image\" \/>\n<meta name=\"twitter:label1\" content=\"Tiempo de lectura\" \/>\n\t<meta name=\"twitter:data1\" content=\"1 minuto\" \/>\n<script type=\"application\/ld+json\" class=\"yoast-schema-graph\">{\"@context\":\"https:\/\/schema.org\",\"@graph\":[{\"@type\":\"WebPage\",\"@id\":\"https:\/\/urban-vitamin.com\/es\/producto\/malibu-magnetic-rcs-2-in-1-5000-mah-powerbank-plata\/\",\"url\":\"https:\/\/urban-vitamin.com\/es\/producto\/malibu-magnetic-rcs-2-in-1-5000-mah-powerbank-plata\/\",\"name\":\"Malibu magnetic RCS 2 in 1 5000 mah powerbank, plata - Urban Vitamin\",\"isPartOf\":{\"@id\":\"https:\/\/urban-vitamin.com\/es\/#website\"},\"primaryImageOfPage\":{\"@id\":\"https:\/\/urban-vitamin.com\/es\/producto\/malibu-magnetic-rcs-2-in-1-5000-mah-powerbank-plata\/#primaryimage\"},\"image\":{\"@id\":\"https:\/\/urban-vitamin.com\/es\/producto\/malibu-magnetic-rcs-2-in-1-5000-mah-powerbank-plata\/#primaryimage\"},\"thumbnailUrl\":\"https:\/\/urban-vitamin.com\/wp-content\/uploads\/sites\/5\/2026\/04\/P322.832__S_0__361f2334df0f4eb58594c6d562352821.jpg\",\"datePublished\":\"2026-04-16T00:06:33+00:00\",\"dateModified\":\"2026-04-16T01:26:34+00:00\",\"breadcrumb\":{\"@id\":\"https:\/\/urban-vitamin.com\/es\/producto\/malibu-magnetic-rcs-2-in-1-5000-mah-powerbank-plata\/#breadcrumb\"},\"inLanguage\":\"es\",\"potentialAction\":[{\"@type\":\"ReadAction\",\"target\":[\"https:\/\/urban-vitamin.com\/es\/producto\/malibu-magnetic-rcs-2-in-1-5000-mah-powerbank-plata\/\"]}]},{\"@type\":\"ImageObject\",\"inLanguage\":\"es\",\"@id\":\"https:\/\/urban-vitamin.com\/es\/producto\/malibu-magnetic-rcs-2-in-1-5000-mah-powerbank-plata\/#primaryimage\",\"url\":\"https:\/\/urban-vitamin.com\/wp-content\/uploads\/sites\/5\/2026\/04\/P322.832__S_0__361f2334df0f4eb58594c6d562352821.jpg\",\"contentUrl\":\"https:\/\/urban-vitamin.com\/wp-content\/uploads\/sites\/5\/2026\/04\/P322.832__S_0__361f2334df0f4eb58594c6d562352821.jpg\",\"width\":1024,\"height\":1024},{\"@type\":\"BreadcrumbList\",\"@id\":\"https:\/\/urban-vitamin.com\/es\/producto\/malibu-magnetic-rcs-2-in-1-5000-mah-powerbank-plata\/#breadcrumb\",\"itemListElement\":[{\"@type\":\"ListItem\",\"position\":1,\"name\":\"Home\",\"item\":\"https:\/\/urban-vitamin.com\/es\/\"},{\"@type\":\"ListItem\",\"position\":2,\"name\":\"Recopilaci\u00f3n\",\"item\":\"https:\/\/urban-vitamin.com\/es\/recopilacion\/\"},{\"@type\":\"ListItem\",\"position\":3,\"name\":\"Malibu magnetic RCS 2 in 1 5000 mah powerbank, plata\"}]},{\"@type\":\"WebSite\",\"@id\":\"https:\/\/urban-vitamin.com\/es\/#website\",\"url\":\"https:\/\/urban-vitamin.com\/es\/\",\"name\":\"Urban Vitamin\",\"description\":\"Enjoy your daily dose of Urban Vitamin!\",\"potentialAction\":[{\"@type\":\"SearchAction\",\"target\":{\"@type\":\"EntryPoint\",\"urlTemplate\":\"https:\/\/urban-vitamin.com\/es\/?s={search_term_string}\"},\"query-input\":{\"@type\":\"PropertyValueSpecification\",\"valueRequired\":true,\"valueName\":\"search_term_string\"}}],\"inLanguage\":\"es\"}]}<\/script>\n<!-- \/ Yoast SEO plugin. -->","yoast_head_json":{"title":"Malibu magnetic RCS 2 in 1 5000 mah powerbank, plata - Urban Vitamin","robots":{"index":"index","follow":"follow","max-snippet":"max-snippet:-1","max-image-preview":"max-image-preview:large","max-video-preview":"max-video-preview:-1"},"canonical":"https:\/\/urban-vitamin.com\/es\/producto\/malibu-magnetic-rcs-2-in-1-5000-mah-powerbank-plata\/","og_locale":"es_ES","og_type":"article","og_title":"Malibu magnetic RCS 2 in 1 5000 mah powerbank, plata - Urban Vitamin","og_description":"La tecnolog\u00eda magn\u00e9tica de Malibu se adapta sin esfuerzo a tu iPhone 12 en adelante, as\u00ed como a los tel\u00e9fonos Android de nueva generaci\u00f3n, lo que garantiza una conexi\u00f3n perfecta para una carga ultrarr\u00e1pida de 15W. \u00bfNecesita un impulso r\u00e1pido para pasar el d\u00eda? Malibu admite una carga r\u00e1pida de 20W a la velocidad del [&hellip;]","og_url":"https:\/\/urban-vitamin.com\/es\/producto\/malibu-magnetic-rcs-2-in-1-5000-mah-powerbank-plata\/","og_site_name":"Urban Vitamin","article_modified_time":"2026-04-16T01:26:34+00:00","og_image":[{"width":1024,"height":1024,"url":"https:\/\/urban-vitamin.com\/wp-content\/uploads\/sites\/5\/2026\/04\/P322.832__S_0__361f2334df0f4eb58594c6d562352821.jpg","type":"image\/jpeg"}],"twitter_card":"summary_large_image","twitter_misc":{"Tiempo de lectura":"1 minuto"},"schema":{"@context":"https:\/\/schema.org","@graph":[{"@type":"WebPage","@id":"https:\/\/urban-vitamin.com\/es\/producto\/malibu-magnetic-rcs-2-in-1-5000-mah-powerbank-plata\/","url":"https:\/\/urban-vitamin.com\/es\/producto\/malibu-magnetic-rcs-2-in-1-5000-mah-powerbank-plata\/","name":"Malibu magnetic RCS 2 in 1 5000 mah powerbank, plata - Urban Vitamin","isPartOf":{"@id":"https:\/\/urban-vitamin.com\/es\/#website"},"primaryImageOfPage":{"@id":"https:\/\/urban-vitamin.com\/es\/producto\/malibu-magnetic-rcs-2-in-1-5000-mah-powerbank-plata\/#primaryimage"},"image":{"@id":"https:\/\/urban-vitamin.com\/es\/producto\/malibu-magnetic-rcs-2-in-1-5000-mah-powerbank-plata\/#primaryimage"},"thumbnailUrl":"https:\/\/urban-vitamin.com\/wp-content\/uploads\/sites\/5\/2026\/04\/P322.832__S_0__361f2334df0f4eb58594c6d562352821.jpg","datePublished":"2026-04-16T00:06:33+00:00","dateModified":"2026-04-16T01:26:34+00:00","breadcrumb":{"@id":"https:\/\/urban-vitamin.com\/es\/producto\/malibu-magnetic-rcs-2-in-1-5000-mah-powerbank-plata\/#breadcrumb"},"inLanguage":"es","potentialAction":[{"@type":"ReadAction","target":["https:\/\/urban-vitamin.com\/es\/producto\/malibu-magnetic-rcs-2-in-1-5000-mah-powerbank-plata\/"]}]},{"@type":"ImageObject","inLanguage":"es","@id":"https:\/\/urban-vitamin.com\/es\/producto\/malibu-magnetic-rcs-2-in-1-5000-mah-powerbank-plata\/#primaryimage","url":"https:\/\/urban-vitamin.com\/wp-content\/uploads\/sites\/5\/2026\/04\/P322.832__S_0__361f2334df0f4eb58594c6d562352821.jpg","contentUrl":"https:\/\/urban-vitamin.com\/wp-content\/uploads\/sites\/5\/2026\/04\/P322.832__S_0__361f2334df0f4eb58594c6d562352821.jpg","width":1024,"height":1024},{"@type":"BreadcrumbList","@id":"https:\/\/urban-vitamin.com\/es\/producto\/malibu-magnetic-rcs-2-in-1-5000-mah-powerbank-plata\/#breadcrumb","itemListElement":[{"@type":"ListItem","position":1,"name":"Home","item":"https:\/\/urban-vitamin.com\/es\/"},{"@type":"ListItem","position":2,"name":"Recopilaci\u00f3n","item":"https:\/\/urban-vitamin.com\/es\/recopilacion\/"},{"@type":"ListItem","position":3,"name":"Malibu magnetic RCS 2 in 1 5000 mah powerbank, plata"}]},{"@type":"WebSite","@id":"https:\/\/urban-vitamin.com\/es\/#website","url":"https:\/\/urban-vitamin.com\/es\/","name":"Urban Vitamin","description":"Enjoy your daily dose of Urban Vitamin!","potentialAction":[{"@type":"SearchAction","target":{"@type":"EntryPoint","urlTemplate":"https:\/\/urban-vitamin.com\/es\/?s={search_term_string}"},"query-input":{"@type":"PropertyValueSpecification","valueRequired":true,"valueName":"search_term_string"}}],"inLanguage":"es"}]}},"_links":{"self":[{"href":"https:\/\/urban-vitamin.com\/es\/wp-json\/wp\/v2\/product\/10567","targetHints":{"allow":["GET"]}}],"collection":[{"href":"https:\/\/urban-vitamin.com\/es\/wp-json\/wp\/v2\/product"}],"about":[{"href":"https:\/\/urban-vitamin.com\/es\/wp-json\/wp\/v2\/types\/product"}],"replies":[{"embeddable":true,"href":"https:\/\/urban-vitamin.com\/es\/wp-json\/wp\/v2\/comments?post=10567"}],"wp:featuredmedia":[{"embeddable":true,"href":"https:\/\/urban-vitamin.com\/es\/wp-json\/wp\/v2\/media\/27686"}],"wp:attachment":[{"href":"https:\/\/urban-vitamin.com\/es\/wp-json\/wp\/v2\/media?parent=10567"}],"wp:term":[{"taxonomy":"product_cat","embeddable":true,"href":"https:\/\/urban-vitamin.com\/es\/wp-json\/wp\/v2\/product_cat?post=10567"},{"taxonomy":"product_tag","embeddable":true,"href":"https:\/\/urban-vitamin.com\/es\/wp-json\/wp\/v2\/product_tag?post=10567"}],"curies":[{"name":"wp","href":"https:\/\/api.w.org\/{rel}","templated":true}]}}