{"id":10565,"date":"2026-03-12T01:06:52","date_gmt":"2026-03-12T01:06:52","guid":{"rendered":"https:\/\/urban-vitamin.com\/powerbank-5-000-mah-urban-vitamin-richmond-rcs-negro\/"},"modified":"2026-03-12T02:27:07","modified_gmt":"2026-03-12T02:27:07","slug":"powerbank-richmond-rcs-5-000-mah-negro","status":"publish","type":"product","link":"https:\/\/urban-vitamin.com\/es\/producto\/powerbank-richmond-rcs-5-000-mah-negro\/","title":{"rendered":"Powerbank Richmond RCS 5.000 mAh, negro"},"content":{"rendered":"<p>La tecnolog\u00eda magn\u00e9tica de Richmond se adapta sin esfuerzo a tu iPhone 12 en adelante, as\u00ed como a los tel\u00e9fonos Android de nueva generaci\u00f3n, lo que garantiza una conexi\u00f3n perfecta para una carga ultrarr\u00e1pida de 15W. \u00bfNecesitas un impulso r\u00e1pido para pasar el d\u00eda? Richmond admite una carga r\u00e1pida de 20W a la velocidad del rayo a trav\u00e9s de su puerto tipo C, tanto para recargar el powerbank como para sobrecargar tu dispositivo. No podr\u00eda ser m\u00e1s sencillo: simplemente haz clic en Richmond en tu tel\u00e9fono y observa c\u00f3mo sucede la magia. Nuestro dise\u00f1o inteligente inicia la carga autom\u00e1ticamente en el momento en que se conecta, lo que garantiza que tus dispositivos est\u00e9n siempre cargados cuando los necesites. Richmond est\u00e1 equipado con una bater\u00eda de cobalto 100% de 5000 mah de alta calidad. Dura m\u00e1s y funciona mejor que las bater\u00edas de litio comunes, lo que te brinda energ\u00eda confiable y duradera. Fabricado con aluminio reciclado y ABS con certificaci\u00f3n RCS (Recycled Claim Standard).<\/p>\n","protected":false},"excerpt":{"rendered":"<p>La tecnolog\u00eda magn\u00e9tica de Richmond se adapta sin esfuerzo a tu iPhone 12 en adelante, as\u00ed como a los tel\u00e9fonos Android de nueva generaci\u00f3n, lo que garantiza una conexi\u00f3n perfecta para una carga ultrarr\u00e1pida de 15W. \u00bfNecesitas un impulso r\u00e1pido para pasar el d\u00eda? Richmond admite una carga r\u00e1pida de 20W a la velocidad del [&hellip;]<\/p>\n","protected":false},"featured_media":13496,"comment_status":"closed","ping_status":"closed","template":"","meta":{"_acf_changed":false,"om_disable_all_campaigns":false},"product_cat":[77],"product_tag":[],"class_list":["post-10565","product","type-product","status-publish","has-post-thumbnail","hentry","product_cat-powerbanks-es","pa_color-black"],"acf":[],"yoast_head":"<!-- This site is optimized with the Yoast SEO plugin v27.0 - https:\/\/yoast.com\/product\/yoast-seo-wordpress\/ -->\n<title>Powerbank Richmond RCS 5.000 mAh, negro - Urban Vitamin<\/title>\n<meta name=\"robots\" content=\"index, follow, max-snippet:-1, max-image-preview:large, max-video-preview:-1\" \/>\n<link rel=\"canonical\" href=\"https:\/\/urban-vitamin.com\/es\/producto\/powerbank-richmond-rcs-5-000-mah-negro\/\" \/>\n<meta property=\"og:locale\" content=\"es_ES\" \/>\n<meta property=\"og:type\" content=\"article\" \/>\n<meta property=\"og:title\" content=\"Powerbank Richmond RCS 5.000 mAh, negro - Urban Vitamin\" \/>\n<meta property=\"og:description\" content=\"La tecnolog\u00eda magn\u00e9tica de Richmond se adapta sin esfuerzo a tu iPhone 12 en adelante, as\u00ed como a los tel\u00e9fonos Android de nueva generaci\u00f3n, lo que garantiza una conexi\u00f3n perfecta para una carga ultrarr\u00e1pida de 15W. \u00bfNecesitas un impulso r\u00e1pido para pasar el d\u00eda? Richmond admite una carga r\u00e1pida de 20W a la velocidad del [&hellip;]\" \/>\n<meta property=\"og:url\" content=\"https:\/\/urban-vitamin.com\/es\/producto\/powerbank-richmond-rcs-5-000-mah-negro\/\" \/>\n<meta property=\"og:site_name\" content=\"Urban Vitamin\" \/>\n<meta property=\"article:modified_time\" content=\"2026-03-12T02:27:07+00:00\" \/>\n<meta property=\"og:image\" content=\"https:\/\/urban-vitamin.com\/wp-content\/uploads\/sites\/5\/2024\/02\/P322.821__S_0__5defceb9949442c7a9bd63c766f7bc18.jpg\" \/>\n\t<meta property=\"og:image:width\" content=\"1024\" \/>\n\t<meta property=\"og:image:height\" content=\"1024\" \/>\n\t<meta property=\"og:image:type\" content=\"image\/jpeg\" \/>\n<meta name=\"twitter:card\" content=\"summary_large_image\" \/>\n<meta name=\"twitter:label1\" content=\"Tiempo de lectura\" \/>\n\t<meta name=\"twitter:data1\" content=\"1 minuto\" \/>\n<script type=\"application\/ld+json\" class=\"yoast-schema-graph\">{\"@context\":\"https:\/\/schema.org\",\"@graph\":[{\"@type\":\"WebPage\",\"@id\":\"https:\/\/urban-vitamin.com\/es\/producto\/powerbank-richmond-rcs-5-000-mah-negro\/\",\"url\":\"https:\/\/urban-vitamin.com\/es\/producto\/powerbank-richmond-rcs-5-000-mah-negro\/\",\"name\":\"Powerbank Richmond RCS 5.000 mAh, negro - Urban Vitamin\",\"isPartOf\":{\"@id\":\"https:\/\/urban-vitamin.com\/es\/#website\"},\"primaryImageOfPage\":{\"@id\":\"https:\/\/urban-vitamin.com\/es\/producto\/powerbank-richmond-rcs-5-000-mah-negro\/#primaryimage\"},\"image\":{\"@id\":\"https:\/\/urban-vitamin.com\/es\/producto\/powerbank-richmond-rcs-5-000-mah-negro\/#primaryimage\"},\"thumbnailUrl\":\"https:\/\/urban-vitamin.com\/wp-content\/uploads\/sites\/5\/2024\/02\/P322.821__S_0__5defceb9949442c7a9bd63c766f7bc18.jpg\",\"datePublished\":\"2026-03-12T01:06:52+00:00\",\"dateModified\":\"2026-03-12T02:27:07+00:00\",\"breadcrumb\":{\"@id\":\"https:\/\/urban-vitamin.com\/es\/producto\/powerbank-richmond-rcs-5-000-mah-negro\/#breadcrumb\"},\"inLanguage\":\"es\",\"potentialAction\":[{\"@type\":\"ReadAction\",\"target\":[\"https:\/\/urban-vitamin.com\/es\/producto\/powerbank-richmond-rcs-5-000-mah-negro\/\"]}]},{\"@type\":\"ImageObject\",\"inLanguage\":\"es\",\"@id\":\"https:\/\/urban-vitamin.com\/es\/producto\/powerbank-richmond-rcs-5-000-mah-negro\/#primaryimage\",\"url\":\"https:\/\/urban-vitamin.com\/wp-content\/uploads\/sites\/5\/2024\/02\/P322.821__S_0__5defceb9949442c7a9bd63c766f7bc18.jpg\",\"contentUrl\":\"https:\/\/urban-vitamin.com\/wp-content\/uploads\/sites\/5\/2024\/02\/P322.821__S_0__5defceb9949442c7a9bd63c766f7bc18.jpg\",\"width\":1024,\"height\":1024},{\"@type\":\"BreadcrumbList\",\"@id\":\"https:\/\/urban-vitamin.com\/es\/producto\/powerbank-richmond-rcs-5-000-mah-negro\/#breadcrumb\",\"itemListElement\":[{\"@type\":\"ListItem\",\"position\":1,\"name\":\"Home\",\"item\":\"https:\/\/urban-vitamin.com\/es\/\"},{\"@type\":\"ListItem\",\"position\":2,\"name\":\"Recopilaci\u00f3n\",\"item\":\"https:\/\/urban-vitamin.com\/es\/recopilacion\/\"},{\"@type\":\"ListItem\",\"position\":3,\"name\":\"Powerbank Richmond RCS 5.000 mAh, negro\"}]},{\"@type\":\"WebSite\",\"@id\":\"https:\/\/urban-vitamin.com\/es\/#website\",\"url\":\"https:\/\/urban-vitamin.com\/es\/\",\"name\":\"Urban Vitamin\",\"description\":\"Enjoy your daily dose of Urban Vitamin!\",\"potentialAction\":[{\"@type\":\"SearchAction\",\"target\":{\"@type\":\"EntryPoint\",\"urlTemplate\":\"https:\/\/urban-vitamin.com\/es\/?s={search_term_string}\"},\"query-input\":{\"@type\":\"PropertyValueSpecification\",\"valueRequired\":true,\"valueName\":\"search_term_string\"}}],\"inLanguage\":\"es\"}]}<\/script>\n<!-- \/ Yoast SEO plugin. -->","yoast_head_json":{"title":"Powerbank Richmond RCS 5.000 mAh, negro - Urban Vitamin","robots":{"index":"index","follow":"follow","max-snippet":"max-snippet:-1","max-image-preview":"max-image-preview:large","max-video-preview":"max-video-preview:-1"},"canonical":"https:\/\/urban-vitamin.com\/es\/producto\/powerbank-richmond-rcs-5-000-mah-negro\/","og_locale":"es_ES","og_type":"article","og_title":"Powerbank Richmond RCS 5.000 mAh, negro - Urban Vitamin","og_description":"La tecnolog\u00eda magn\u00e9tica de Richmond se adapta sin esfuerzo a tu iPhone 12 en adelante, as\u00ed como a los tel\u00e9fonos Android de nueva generaci\u00f3n, lo que garantiza una conexi\u00f3n perfecta para una carga ultrarr\u00e1pida de 15W. \u00bfNecesitas un impulso r\u00e1pido para pasar el d\u00eda? Richmond admite una carga r\u00e1pida de 20W a la velocidad del [&hellip;]","og_url":"https:\/\/urban-vitamin.com\/es\/producto\/powerbank-richmond-rcs-5-000-mah-negro\/","og_site_name":"Urban Vitamin","article_modified_time":"2026-03-12T02:27:07+00:00","og_image":[{"width":1024,"height":1024,"url":"https:\/\/urban-vitamin.com\/wp-content\/uploads\/sites\/5\/2024\/02\/P322.821__S_0__5defceb9949442c7a9bd63c766f7bc18.jpg","type":"image\/jpeg"}],"twitter_card":"summary_large_image","twitter_misc":{"Tiempo de lectura":"1 minuto"},"schema":{"@context":"https:\/\/schema.org","@graph":[{"@type":"WebPage","@id":"https:\/\/urban-vitamin.com\/es\/producto\/powerbank-richmond-rcs-5-000-mah-negro\/","url":"https:\/\/urban-vitamin.com\/es\/producto\/powerbank-richmond-rcs-5-000-mah-negro\/","name":"Powerbank Richmond RCS 5.000 mAh, negro - Urban Vitamin","isPartOf":{"@id":"https:\/\/urban-vitamin.com\/es\/#website"},"primaryImageOfPage":{"@id":"https:\/\/urban-vitamin.com\/es\/producto\/powerbank-richmond-rcs-5-000-mah-negro\/#primaryimage"},"image":{"@id":"https:\/\/urban-vitamin.com\/es\/producto\/powerbank-richmond-rcs-5-000-mah-negro\/#primaryimage"},"thumbnailUrl":"https:\/\/urban-vitamin.com\/wp-content\/uploads\/sites\/5\/2024\/02\/P322.821__S_0__5defceb9949442c7a9bd63c766f7bc18.jpg","datePublished":"2026-03-12T01:06:52+00:00","dateModified":"2026-03-12T02:27:07+00:00","breadcrumb":{"@id":"https:\/\/urban-vitamin.com\/es\/producto\/powerbank-richmond-rcs-5-000-mah-negro\/#breadcrumb"},"inLanguage":"es","potentialAction":[{"@type":"ReadAction","target":["https:\/\/urban-vitamin.com\/es\/producto\/powerbank-richmond-rcs-5-000-mah-negro\/"]}]},{"@type":"ImageObject","inLanguage":"es","@id":"https:\/\/urban-vitamin.com\/es\/producto\/powerbank-richmond-rcs-5-000-mah-negro\/#primaryimage","url":"https:\/\/urban-vitamin.com\/wp-content\/uploads\/sites\/5\/2024\/02\/P322.821__S_0__5defceb9949442c7a9bd63c766f7bc18.jpg","contentUrl":"https:\/\/urban-vitamin.com\/wp-content\/uploads\/sites\/5\/2024\/02\/P322.821__S_0__5defceb9949442c7a9bd63c766f7bc18.jpg","width":1024,"height":1024},{"@type":"BreadcrumbList","@id":"https:\/\/urban-vitamin.com\/es\/producto\/powerbank-richmond-rcs-5-000-mah-negro\/#breadcrumb","itemListElement":[{"@type":"ListItem","position":1,"name":"Home","item":"https:\/\/urban-vitamin.com\/es\/"},{"@type":"ListItem","position":2,"name":"Recopilaci\u00f3n","item":"https:\/\/urban-vitamin.com\/es\/recopilacion\/"},{"@type":"ListItem","position":3,"name":"Powerbank Richmond RCS 5.000 mAh, negro"}]},{"@type":"WebSite","@id":"https:\/\/urban-vitamin.com\/es\/#website","url":"https:\/\/urban-vitamin.com\/es\/","name":"Urban Vitamin","description":"Enjoy your daily dose of Urban Vitamin!","potentialAction":[{"@type":"SearchAction","target":{"@type":"EntryPoint","urlTemplate":"https:\/\/urban-vitamin.com\/es\/?s={search_term_string}"},"query-input":{"@type":"PropertyValueSpecification","valueRequired":true,"valueName":"search_term_string"}}],"inLanguage":"es"}]}},"_links":{"self":[{"href":"https:\/\/urban-vitamin.com\/es\/wp-json\/wp\/v2\/product\/10565","targetHints":{"allow":["GET"]}}],"collection":[{"href":"https:\/\/urban-vitamin.com\/es\/wp-json\/wp\/v2\/product"}],"about":[{"href":"https:\/\/urban-vitamin.com\/es\/wp-json\/wp\/v2\/types\/product"}],"replies":[{"embeddable":true,"href":"https:\/\/urban-vitamin.com\/es\/wp-json\/wp\/v2\/comments?post=10565"}],"wp:featuredmedia":[{"embeddable":true,"href":"https:\/\/urban-vitamin.com\/es\/wp-json\/wp\/v2\/media\/13496"}],"wp:attachment":[{"href":"https:\/\/urban-vitamin.com\/es\/wp-json\/wp\/v2\/media?parent=10565"}],"wp:term":[{"taxonomy":"product_cat","embeddable":true,"href":"https:\/\/urban-vitamin.com\/es\/wp-json\/wp\/v2\/product_cat?post=10565"},{"taxonomy":"product_tag","embeddable":true,"href":"https:\/\/urban-vitamin.com\/es\/wp-json\/wp\/v2\/product_tag?post=10565"}],"curies":[{"name":"wp","href":"https:\/\/api.w.org\/{rel}","templated":true}]}}