{"id":10564,"date":"2026-03-12T01:06:52","date_gmt":"2026-03-12T01:06:52","guid":{"rendered":"https:\/\/urban-vitamin.com\/powerbank-3-000-mah-urban-vitamin-burbank-rcs-plata\/"},"modified":"2026-03-12T02:27:05","modified_gmt":"2026-03-12T02:27:05","slug":"powerbank-burbank-rcs-3-000-mah-plata","status":"publish","type":"product","link":"https:\/\/urban-vitamin.com\/es\/producto\/powerbank-burbank-rcs-3-000-mah-plata\/","title":{"rendered":"Powerbank Burbank RCS 3.000 mAh, plata"},"content":{"rendered":"<p>La tecnolog\u00eda magn\u00e9tica de Burbank se adapta sin esfuerzo a tu iPhone 12 y superior, as\u00ed como a los tel\u00e9fonos Android de nueva generaci\u00f3n, lo que garantiza una conexi\u00f3n perfecta para una carga de 7,5 W. \u00bfNecesita un impulso r\u00e1pido para pasar el d\u00eda? Burbank admite una carga de 10W a trav\u00e9s de su puerto tipo C, tanto para recargar el powerbank como para sobrecargar tu dispositivo. No podr\u00eda ser m\u00e1s sencillo: simplemente haz clic en Burbank en tu tel\u00e9fono y observa c\u00f3mo sucede la magia. Se inicia autom\u00e1ticamente la carga en el momento en que se conecta, lo que garantiza que tus dispositivos est\u00e9n siempre cargados cuando los necesites. Creemos en una calidad duradera, por lo que Burbank est\u00e1 equipado con una bater\u00eda ultradelgada de alta calidad de 3000 mah 100% cobalto (1.200 ciclos). Dura m\u00e1s y funciona mejor que las bater\u00edas de litio comunes, lo que te brinda energ\u00eda confiable y duradera. Fabricado con aluminio reciclado y ABS con certificaci\u00f3n RCS (Recycled Claim Standard).<\/p>\n","protected":false},"excerpt":{"rendered":"<p>La tecnolog\u00eda magn\u00e9tica de Burbank se adapta sin esfuerzo a tu iPhone 12 y superior, as\u00ed como a los tel\u00e9fonos Android de nueva generaci\u00f3n, lo que garantiza una conexi\u00f3n perfecta para una carga de 7,5 W. \u00bfNecesita un impulso r\u00e1pido para pasar el d\u00eda? Burbank admite una carga de 10W a trav\u00e9s de su puerto [&hellip;]<\/p>\n","protected":false},"featured_media":13356,"comment_status":"closed","ping_status":"closed","template":"","meta":{"_acf_changed":false,"om_disable_all_campaigns":false},"product_cat":[77],"product_tag":[],"class_list":["post-10564","product","type-product","status-publish","has-post-thumbnail","hentry","product_cat-powerbanks-es","pa_color-silver"],"acf":[],"yoast_head":"<!-- This site is optimized with the Yoast SEO plugin v27.0 - https:\/\/yoast.com\/product\/yoast-seo-wordpress\/ -->\n<title>Powerbank Burbank RCS 3.000 mAh, plata - Urban Vitamin<\/title>\n<meta name=\"robots\" content=\"index, follow, max-snippet:-1, max-image-preview:large, max-video-preview:-1\" \/>\n<link rel=\"canonical\" href=\"https:\/\/urban-vitamin.com\/es\/producto\/powerbank-burbank-rcs-3-000-mah-plata\/\" \/>\n<meta property=\"og:locale\" content=\"es_ES\" \/>\n<meta property=\"og:type\" content=\"article\" \/>\n<meta property=\"og:title\" content=\"Powerbank Burbank RCS 3.000 mAh, plata - Urban Vitamin\" \/>\n<meta property=\"og:description\" content=\"La tecnolog\u00eda magn\u00e9tica de Burbank se adapta sin esfuerzo a tu iPhone 12 y superior, as\u00ed como a los tel\u00e9fonos Android de nueva generaci\u00f3n, lo que garantiza una conexi\u00f3n perfecta para una carga de 7,5 W. \u00bfNecesita un impulso r\u00e1pido para pasar el d\u00eda? Burbank admite una carga de 10W a trav\u00e9s de su puerto [&hellip;]\" \/>\n<meta property=\"og:url\" content=\"https:\/\/urban-vitamin.com\/es\/producto\/powerbank-burbank-rcs-3-000-mah-plata\/\" \/>\n<meta property=\"og:site_name\" content=\"Urban Vitamin\" \/>\n<meta property=\"article:modified_time\" content=\"2026-03-12T02:27:05+00:00\" \/>\n<meta property=\"og:image\" content=\"https:\/\/urban-vitamin.com\/wp-content\/uploads\/sites\/5\/2024\/02\/P322.812__S_0__ef1e19b08ca540ffaccbd30399c7ad16.jpg\" \/>\n\t<meta property=\"og:image:width\" content=\"1024\" \/>\n\t<meta property=\"og:image:height\" content=\"1024\" \/>\n\t<meta property=\"og:image:type\" content=\"image\/jpeg\" \/>\n<meta name=\"twitter:card\" content=\"summary_large_image\" \/>\n<meta name=\"twitter:label1\" content=\"Tiempo de lectura\" \/>\n\t<meta name=\"twitter:data1\" content=\"1 minuto\" \/>\n<script type=\"application\/ld+json\" class=\"yoast-schema-graph\">{\"@context\":\"https:\/\/schema.org\",\"@graph\":[{\"@type\":\"WebPage\",\"@id\":\"https:\/\/urban-vitamin.com\/es\/producto\/powerbank-burbank-rcs-3-000-mah-plata\/\",\"url\":\"https:\/\/urban-vitamin.com\/es\/producto\/powerbank-burbank-rcs-3-000-mah-plata\/\",\"name\":\"Powerbank Burbank RCS 3.000 mAh, plata - Urban Vitamin\",\"isPartOf\":{\"@id\":\"https:\/\/urban-vitamin.com\/es\/#website\"},\"primaryImageOfPage\":{\"@id\":\"https:\/\/urban-vitamin.com\/es\/producto\/powerbank-burbank-rcs-3-000-mah-plata\/#primaryimage\"},\"image\":{\"@id\":\"https:\/\/urban-vitamin.com\/es\/producto\/powerbank-burbank-rcs-3-000-mah-plata\/#primaryimage\"},\"thumbnailUrl\":\"https:\/\/urban-vitamin.com\/wp-content\/uploads\/sites\/5\/2024\/02\/P322.812__S_0__ef1e19b08ca540ffaccbd30399c7ad16.jpg\",\"datePublished\":\"2026-03-12T01:06:52+00:00\",\"dateModified\":\"2026-03-12T02:27:05+00:00\",\"breadcrumb\":{\"@id\":\"https:\/\/urban-vitamin.com\/es\/producto\/powerbank-burbank-rcs-3-000-mah-plata\/#breadcrumb\"},\"inLanguage\":\"es\",\"potentialAction\":[{\"@type\":\"ReadAction\",\"target\":[\"https:\/\/urban-vitamin.com\/es\/producto\/powerbank-burbank-rcs-3-000-mah-plata\/\"]}]},{\"@type\":\"ImageObject\",\"inLanguage\":\"es\",\"@id\":\"https:\/\/urban-vitamin.com\/es\/producto\/powerbank-burbank-rcs-3-000-mah-plata\/#primaryimage\",\"url\":\"https:\/\/urban-vitamin.com\/wp-content\/uploads\/sites\/5\/2024\/02\/P322.812__S_0__ef1e19b08ca540ffaccbd30399c7ad16.jpg\",\"contentUrl\":\"https:\/\/urban-vitamin.com\/wp-content\/uploads\/sites\/5\/2024\/02\/P322.812__S_0__ef1e19b08ca540ffaccbd30399c7ad16.jpg\",\"width\":1024,\"height\":1024},{\"@type\":\"BreadcrumbList\",\"@id\":\"https:\/\/urban-vitamin.com\/es\/producto\/powerbank-burbank-rcs-3-000-mah-plata\/#breadcrumb\",\"itemListElement\":[{\"@type\":\"ListItem\",\"position\":1,\"name\":\"Home\",\"item\":\"https:\/\/urban-vitamin.com\/es\/\"},{\"@type\":\"ListItem\",\"position\":2,\"name\":\"Recopilaci\u00f3n\",\"item\":\"https:\/\/urban-vitamin.com\/es\/recopilacion\/\"},{\"@type\":\"ListItem\",\"position\":3,\"name\":\"Powerbank Burbank RCS 3.000 mAh, plata\"}]},{\"@type\":\"WebSite\",\"@id\":\"https:\/\/urban-vitamin.com\/es\/#website\",\"url\":\"https:\/\/urban-vitamin.com\/es\/\",\"name\":\"Urban Vitamin\",\"description\":\"Enjoy your daily dose of Urban Vitamin!\",\"potentialAction\":[{\"@type\":\"SearchAction\",\"target\":{\"@type\":\"EntryPoint\",\"urlTemplate\":\"https:\/\/urban-vitamin.com\/es\/?s={search_term_string}\"},\"query-input\":{\"@type\":\"PropertyValueSpecification\",\"valueRequired\":true,\"valueName\":\"search_term_string\"}}],\"inLanguage\":\"es\"}]}<\/script>\n<!-- \/ Yoast SEO plugin. -->","yoast_head_json":{"title":"Powerbank Burbank RCS 3.000 mAh, plata - Urban Vitamin","robots":{"index":"index","follow":"follow","max-snippet":"max-snippet:-1","max-image-preview":"max-image-preview:large","max-video-preview":"max-video-preview:-1"},"canonical":"https:\/\/urban-vitamin.com\/es\/producto\/powerbank-burbank-rcs-3-000-mah-plata\/","og_locale":"es_ES","og_type":"article","og_title":"Powerbank Burbank RCS 3.000 mAh, plata - Urban Vitamin","og_description":"La tecnolog\u00eda magn\u00e9tica de Burbank se adapta sin esfuerzo a tu iPhone 12 y superior, as\u00ed como a los tel\u00e9fonos Android de nueva generaci\u00f3n, lo que garantiza una conexi\u00f3n perfecta para una carga de 7,5 W. \u00bfNecesita un impulso r\u00e1pido para pasar el d\u00eda? Burbank admite una carga de 10W a trav\u00e9s de su puerto [&hellip;]","og_url":"https:\/\/urban-vitamin.com\/es\/producto\/powerbank-burbank-rcs-3-000-mah-plata\/","og_site_name":"Urban Vitamin","article_modified_time":"2026-03-12T02:27:05+00:00","og_image":[{"width":1024,"height":1024,"url":"https:\/\/urban-vitamin.com\/wp-content\/uploads\/sites\/5\/2024\/02\/P322.812__S_0__ef1e19b08ca540ffaccbd30399c7ad16.jpg","type":"image\/jpeg"}],"twitter_card":"summary_large_image","twitter_misc":{"Tiempo de lectura":"1 minuto"},"schema":{"@context":"https:\/\/schema.org","@graph":[{"@type":"WebPage","@id":"https:\/\/urban-vitamin.com\/es\/producto\/powerbank-burbank-rcs-3-000-mah-plata\/","url":"https:\/\/urban-vitamin.com\/es\/producto\/powerbank-burbank-rcs-3-000-mah-plata\/","name":"Powerbank Burbank RCS 3.000 mAh, plata - Urban Vitamin","isPartOf":{"@id":"https:\/\/urban-vitamin.com\/es\/#website"},"primaryImageOfPage":{"@id":"https:\/\/urban-vitamin.com\/es\/producto\/powerbank-burbank-rcs-3-000-mah-plata\/#primaryimage"},"image":{"@id":"https:\/\/urban-vitamin.com\/es\/producto\/powerbank-burbank-rcs-3-000-mah-plata\/#primaryimage"},"thumbnailUrl":"https:\/\/urban-vitamin.com\/wp-content\/uploads\/sites\/5\/2024\/02\/P322.812__S_0__ef1e19b08ca540ffaccbd30399c7ad16.jpg","datePublished":"2026-03-12T01:06:52+00:00","dateModified":"2026-03-12T02:27:05+00:00","breadcrumb":{"@id":"https:\/\/urban-vitamin.com\/es\/producto\/powerbank-burbank-rcs-3-000-mah-plata\/#breadcrumb"},"inLanguage":"es","potentialAction":[{"@type":"ReadAction","target":["https:\/\/urban-vitamin.com\/es\/producto\/powerbank-burbank-rcs-3-000-mah-plata\/"]}]},{"@type":"ImageObject","inLanguage":"es","@id":"https:\/\/urban-vitamin.com\/es\/producto\/powerbank-burbank-rcs-3-000-mah-plata\/#primaryimage","url":"https:\/\/urban-vitamin.com\/wp-content\/uploads\/sites\/5\/2024\/02\/P322.812__S_0__ef1e19b08ca540ffaccbd30399c7ad16.jpg","contentUrl":"https:\/\/urban-vitamin.com\/wp-content\/uploads\/sites\/5\/2024\/02\/P322.812__S_0__ef1e19b08ca540ffaccbd30399c7ad16.jpg","width":1024,"height":1024},{"@type":"BreadcrumbList","@id":"https:\/\/urban-vitamin.com\/es\/producto\/powerbank-burbank-rcs-3-000-mah-plata\/#breadcrumb","itemListElement":[{"@type":"ListItem","position":1,"name":"Home","item":"https:\/\/urban-vitamin.com\/es\/"},{"@type":"ListItem","position":2,"name":"Recopilaci\u00f3n","item":"https:\/\/urban-vitamin.com\/es\/recopilacion\/"},{"@type":"ListItem","position":3,"name":"Powerbank Burbank RCS 3.000 mAh, plata"}]},{"@type":"WebSite","@id":"https:\/\/urban-vitamin.com\/es\/#website","url":"https:\/\/urban-vitamin.com\/es\/","name":"Urban Vitamin","description":"Enjoy your daily dose of Urban Vitamin!","potentialAction":[{"@type":"SearchAction","target":{"@type":"EntryPoint","urlTemplate":"https:\/\/urban-vitamin.com\/es\/?s={search_term_string}"},"query-input":{"@type":"PropertyValueSpecification","valueRequired":true,"valueName":"search_term_string"}}],"inLanguage":"es"}]}},"_links":{"self":[{"href":"https:\/\/urban-vitamin.com\/es\/wp-json\/wp\/v2\/product\/10564","targetHints":{"allow":["GET"]}}],"collection":[{"href":"https:\/\/urban-vitamin.com\/es\/wp-json\/wp\/v2\/product"}],"about":[{"href":"https:\/\/urban-vitamin.com\/es\/wp-json\/wp\/v2\/types\/product"}],"replies":[{"embeddable":true,"href":"https:\/\/urban-vitamin.com\/es\/wp-json\/wp\/v2\/comments?post=10564"}],"wp:featuredmedia":[{"embeddable":true,"href":"https:\/\/urban-vitamin.com\/es\/wp-json\/wp\/v2\/media\/13356"}],"wp:attachment":[{"href":"https:\/\/urban-vitamin.com\/es\/wp-json\/wp\/v2\/media?parent=10564"}],"wp:term":[{"taxonomy":"product_cat","embeddable":true,"href":"https:\/\/urban-vitamin.com\/es\/wp-json\/wp\/v2\/product_cat?post=10564"},{"taxonomy":"product_tag","embeddable":true,"href":"https:\/\/urban-vitamin.com\/es\/wp-json\/wp\/v2\/product_tag?post=10564"}],"curies":[{"name":"wp","href":"https:\/\/api.w.org\/{rel}","templated":true}]}}