{"id":9073,"date":"2026-04-16T00:06:06","date_gmt":"2026-04-16T00:06:06","guid":{"rendered":"https:\/\/urban-vitamin.com\/urban-vitamin-saratoga-5-in-1-universal-charger-schwarz\/"},"modified":"2026-04-16T01:06:10","modified_gmt":"2026-04-16T01:06:10","slug":"saratoga-5-in-1-universal-charger-schwarz","status":"publish","type":"product","link":"https:\/\/urban-vitamin.com\/de\/produkt\/saratoga-5-in-1-universal-charger-schwarz\/","title":{"rendered":"Saratoga 5-in-1 universal Charger, schwarz"},"content":{"rendered":"<p>Das Saratoga 5-in-1-Universalladeger\u00e4t mit 10.000mAh Akku ist das ultimative tragbare Ladeger\u00e4t, das mit austauschbaren Adaptern f\u00fcr all Ihre Reisen ausgestattet ist. Mit superschnellem, integriertem &amp; magnetischem 15W Ladeger\u00e4t f\u00fcr die neuesten iOS- und Android-Handys. Au\u00dferdem verf\u00fcgt es \u00fcber ein integriertes Kabel, f\u00fcr Ihre iOS-Ger\u00e4te, sowie ein USB-C-Kabel, um das Aufladen von Android-Ger\u00e4ten &amp; iOS-Ger\u00e4ten der neuesten Generation zu erleichtern. Durch den schnellen Power Delivery 20W USB-C k\u00f6nnen Sie Ihr PD-f\u00e4higes Ger\u00e4t in weniger als 30 Minuten bis zu 50% aufladen. Inklusive AU-, EU-, UK-, US- &amp; Asien-Adapter. Das Ladeger\u00e4t kann bis zu f\u00fcnf Ger\u00e4te gleichzeitig aufladen und auch die Powerbank selbst wird aufgeladen, w\u00e4hrend Sie Ihre mobilen Ger\u00e4te aufladen, wenn Sie sie in eine Steckdose stecken. So wachen Sie morgens immer mit einem voll geladenen Handy und einer voll geladenen Powerbank auf. Urban Vitamin Produkte sind PVC frei und in plastikarmen Verpackungen verpackt.<\/p>\n","protected":false},"excerpt":{"rendered":"<p>Das Saratoga 5-in-1-Universalladeger\u00e4t mit 10.000mAh Akku ist das ultimative tragbare Ladeger\u00e4t, das mit austauschbaren Adaptern f\u00fcr all Ihre Reisen ausgestattet ist. Mit superschnellem, integriertem &amp; magnetischem 15W Ladeger\u00e4t f\u00fcr die neuesten iOS- und Android-Handys. Au\u00dferdem verf\u00fcgt es \u00fcber ein integriertes Kabel, f\u00fcr Ihre iOS-Ger\u00e4te, sowie ein USB-C-Kabel, um das Aufladen von Android-Ger\u00e4ten &amp; iOS-Ger\u00e4ten der [&hellip;]<\/p>\n","protected":false},"featured_media":27579,"comment_status":"closed","ping_status":"closed","template":"","meta":{"_acf_changed":false,"om_disable_all_campaigns":false},"product_cat":[72],"product_tag":[],"class_list":["post-9073","product","type-product","status-publish","has-post-thumbnail","hentry","product_cat-ladegerate","pa_color-black"],"acf":[],"yoast_head":"<!-- This site is optimized with the Yoast SEO plugin v27.0 - https:\/\/yoast.com\/product\/yoast-seo-wordpress\/ -->\n<title>Saratoga 5-in-1 universal Charger, schwarz - Urban Vitamin<\/title>\n<meta name=\"robots\" content=\"index, follow, max-snippet:-1, max-image-preview:large, max-video-preview:-1\" \/>\n<link rel=\"canonical\" href=\"https:\/\/urban-vitamin.com\/de\/produkt\/saratoga-5-in-1-universal-charger-schwarz\/\" \/>\n<meta property=\"og:locale\" content=\"de_DE\" \/>\n<meta property=\"og:type\" content=\"article\" \/>\n<meta property=\"og:title\" content=\"Saratoga 5-in-1 universal Charger, schwarz - Urban Vitamin\" \/>\n<meta property=\"og:description\" content=\"Das Saratoga 5-in-1-Universalladeger\u00e4t mit 10.000mAh Akku ist das ultimative tragbare Ladeger\u00e4t, das mit austauschbaren Adaptern f\u00fcr all Ihre Reisen ausgestattet ist. Mit superschnellem, integriertem &amp; magnetischem 15W Ladeger\u00e4t f\u00fcr die neuesten iOS- und Android-Handys. Au\u00dferdem verf\u00fcgt es \u00fcber ein integriertes Kabel, f\u00fcr Ihre iOS-Ger\u00e4te, sowie ein USB-C-Kabel, um das Aufladen von Android-Ger\u00e4ten &amp; iOS-Ger\u00e4ten der [&hellip;]\" \/>\n<meta property=\"og:url\" content=\"https:\/\/urban-vitamin.com\/de\/produkt\/saratoga-5-in-1-universal-charger-schwarz\/\" \/>\n<meta property=\"og:site_name\" content=\"Urban Vitamin\" \/>\n<meta property=\"article:modified_time\" content=\"2026-04-16T01:06:10+00:00\" \/>\n<meta property=\"og:image\" content=\"https:\/\/urban-vitamin.com\/wp-content\/uploads\/sites\/5\/2026\/04\/P301.951__S_0__1e835b86d6304ef3bf4ca331f5e3d2c7.jpg\" \/>\n\t<meta property=\"og:image:width\" content=\"1024\" \/>\n\t<meta property=\"og:image:height\" content=\"1024\" \/>\n\t<meta property=\"og:image:type\" content=\"image\/jpeg\" \/>\n<meta name=\"twitter:card\" content=\"summary_large_image\" \/>\n<meta name=\"twitter:label1\" content=\"Gesch\u00e4tzte Lesezeit\" \/>\n\t<meta name=\"twitter:data1\" content=\"1\u00a0Minute\" \/>\n<script type=\"application\/ld+json\" class=\"yoast-schema-graph\">{\"@context\":\"https:\/\/schema.org\",\"@graph\":[{\"@type\":\"WebPage\",\"@id\":\"https:\/\/urban-vitamin.com\/de\/produkt\/saratoga-5-in-1-universal-charger-schwarz\/\",\"url\":\"https:\/\/urban-vitamin.com\/de\/produkt\/saratoga-5-in-1-universal-charger-schwarz\/\",\"name\":\"Saratoga 5-in-1 universal Charger, schwarz - Urban Vitamin\",\"isPartOf\":{\"@id\":\"https:\/\/urban-vitamin.com\/de\/#website\"},\"primaryImageOfPage\":{\"@id\":\"https:\/\/urban-vitamin.com\/de\/produkt\/saratoga-5-in-1-universal-charger-schwarz\/#primaryimage\"},\"image\":{\"@id\":\"https:\/\/urban-vitamin.com\/de\/produkt\/saratoga-5-in-1-universal-charger-schwarz\/#primaryimage\"},\"thumbnailUrl\":\"https:\/\/urban-vitamin.com\/wp-content\/uploads\/sites\/5\/2026\/04\/P301.951__S_0__1e835b86d6304ef3bf4ca331f5e3d2c7.jpg\",\"datePublished\":\"2026-04-16T00:06:06+00:00\",\"dateModified\":\"2026-04-16T01:06:10+00:00\",\"breadcrumb\":{\"@id\":\"https:\/\/urban-vitamin.com\/de\/produkt\/saratoga-5-in-1-universal-charger-schwarz\/#breadcrumb\"},\"inLanguage\":\"de\",\"potentialAction\":[{\"@type\":\"ReadAction\",\"target\":[\"https:\/\/urban-vitamin.com\/de\/produkt\/saratoga-5-in-1-universal-charger-schwarz\/\"]}]},{\"@type\":\"ImageObject\",\"inLanguage\":\"de\",\"@id\":\"https:\/\/urban-vitamin.com\/de\/produkt\/saratoga-5-in-1-universal-charger-schwarz\/#primaryimage\",\"url\":\"https:\/\/urban-vitamin.com\/wp-content\/uploads\/sites\/5\/2026\/04\/P301.951__S_0__1e835b86d6304ef3bf4ca331f5e3d2c7.jpg\",\"contentUrl\":\"https:\/\/urban-vitamin.com\/wp-content\/uploads\/sites\/5\/2026\/04\/P301.951__S_0__1e835b86d6304ef3bf4ca331f5e3d2c7.jpg\",\"width\":1024,\"height\":1024},{\"@type\":\"BreadcrumbList\",\"@id\":\"https:\/\/urban-vitamin.com\/de\/produkt\/saratoga-5-in-1-universal-charger-schwarz\/#breadcrumb\",\"itemListElement\":[{\"@type\":\"ListItem\",\"position\":1,\"name\":\"Home\",\"item\":\"https:\/\/urban-vitamin.com\/de\/\"},{\"@type\":\"ListItem\",\"position\":2,\"name\":\"Kollektion\",\"item\":\"https:\/\/urban-vitamin.com\/de\/kollektion\/\"},{\"@type\":\"ListItem\",\"position\":3,\"name\":\"Saratoga 5-in-1 universal Charger, schwarz\"}]},{\"@type\":\"WebSite\",\"@id\":\"https:\/\/urban-vitamin.com\/de\/#website\",\"url\":\"https:\/\/urban-vitamin.com\/de\/\",\"name\":\"Urban Vitamin\",\"description\":\"Enjoy your daily dose of Urban Vitamin!\",\"potentialAction\":[{\"@type\":\"SearchAction\",\"target\":{\"@type\":\"EntryPoint\",\"urlTemplate\":\"https:\/\/urban-vitamin.com\/de\/?s={search_term_string}\"},\"query-input\":{\"@type\":\"PropertyValueSpecification\",\"valueRequired\":true,\"valueName\":\"search_term_string\"}}],\"inLanguage\":\"de\"}]}<\/script>\n<!-- \/ Yoast SEO plugin. -->","yoast_head_json":{"title":"Saratoga 5-in-1 universal Charger, schwarz - Urban Vitamin","robots":{"index":"index","follow":"follow","max-snippet":"max-snippet:-1","max-image-preview":"max-image-preview:large","max-video-preview":"max-video-preview:-1"},"canonical":"https:\/\/urban-vitamin.com\/de\/produkt\/saratoga-5-in-1-universal-charger-schwarz\/","og_locale":"de_DE","og_type":"article","og_title":"Saratoga 5-in-1 universal Charger, schwarz - Urban Vitamin","og_description":"Das Saratoga 5-in-1-Universalladeger\u00e4t mit 10.000mAh Akku ist das ultimative tragbare Ladeger\u00e4t, das mit austauschbaren Adaptern f\u00fcr all Ihre Reisen ausgestattet ist. Mit superschnellem, integriertem &amp; magnetischem 15W Ladeger\u00e4t f\u00fcr die neuesten iOS- und Android-Handys. Au\u00dferdem verf\u00fcgt es \u00fcber ein integriertes Kabel, f\u00fcr Ihre iOS-Ger\u00e4te, sowie ein USB-C-Kabel, um das Aufladen von Android-Ger\u00e4ten &amp; iOS-Ger\u00e4ten der [&hellip;]","og_url":"https:\/\/urban-vitamin.com\/de\/produkt\/saratoga-5-in-1-universal-charger-schwarz\/","og_site_name":"Urban Vitamin","article_modified_time":"2026-04-16T01:06:10+00:00","og_image":[{"width":1024,"height":1024,"url":"https:\/\/urban-vitamin.com\/wp-content\/uploads\/sites\/5\/2026\/04\/P301.951__S_0__1e835b86d6304ef3bf4ca331f5e3d2c7.jpg","type":"image\/jpeg"}],"twitter_card":"summary_large_image","twitter_misc":{"Gesch\u00e4tzte Lesezeit":"1\u00a0Minute"},"schema":{"@context":"https:\/\/schema.org","@graph":[{"@type":"WebPage","@id":"https:\/\/urban-vitamin.com\/de\/produkt\/saratoga-5-in-1-universal-charger-schwarz\/","url":"https:\/\/urban-vitamin.com\/de\/produkt\/saratoga-5-in-1-universal-charger-schwarz\/","name":"Saratoga 5-in-1 universal Charger, schwarz - Urban Vitamin","isPartOf":{"@id":"https:\/\/urban-vitamin.com\/de\/#website"},"primaryImageOfPage":{"@id":"https:\/\/urban-vitamin.com\/de\/produkt\/saratoga-5-in-1-universal-charger-schwarz\/#primaryimage"},"image":{"@id":"https:\/\/urban-vitamin.com\/de\/produkt\/saratoga-5-in-1-universal-charger-schwarz\/#primaryimage"},"thumbnailUrl":"https:\/\/urban-vitamin.com\/wp-content\/uploads\/sites\/5\/2026\/04\/P301.951__S_0__1e835b86d6304ef3bf4ca331f5e3d2c7.jpg","datePublished":"2026-04-16T00:06:06+00:00","dateModified":"2026-04-16T01:06:10+00:00","breadcrumb":{"@id":"https:\/\/urban-vitamin.com\/de\/produkt\/saratoga-5-in-1-universal-charger-schwarz\/#breadcrumb"},"inLanguage":"de","potentialAction":[{"@type":"ReadAction","target":["https:\/\/urban-vitamin.com\/de\/produkt\/saratoga-5-in-1-universal-charger-schwarz\/"]}]},{"@type":"ImageObject","inLanguage":"de","@id":"https:\/\/urban-vitamin.com\/de\/produkt\/saratoga-5-in-1-universal-charger-schwarz\/#primaryimage","url":"https:\/\/urban-vitamin.com\/wp-content\/uploads\/sites\/5\/2026\/04\/P301.951__S_0__1e835b86d6304ef3bf4ca331f5e3d2c7.jpg","contentUrl":"https:\/\/urban-vitamin.com\/wp-content\/uploads\/sites\/5\/2026\/04\/P301.951__S_0__1e835b86d6304ef3bf4ca331f5e3d2c7.jpg","width":1024,"height":1024},{"@type":"BreadcrumbList","@id":"https:\/\/urban-vitamin.com\/de\/produkt\/saratoga-5-in-1-universal-charger-schwarz\/#breadcrumb","itemListElement":[{"@type":"ListItem","position":1,"name":"Home","item":"https:\/\/urban-vitamin.com\/de\/"},{"@type":"ListItem","position":2,"name":"Kollektion","item":"https:\/\/urban-vitamin.com\/de\/kollektion\/"},{"@type":"ListItem","position":3,"name":"Saratoga 5-in-1 universal Charger, schwarz"}]},{"@type":"WebSite","@id":"https:\/\/urban-vitamin.com\/de\/#website","url":"https:\/\/urban-vitamin.com\/de\/","name":"Urban Vitamin","description":"Enjoy your daily dose of Urban Vitamin!","potentialAction":[{"@type":"SearchAction","target":{"@type":"EntryPoint","urlTemplate":"https:\/\/urban-vitamin.com\/de\/?s={search_term_string}"},"query-input":{"@type":"PropertyValueSpecification","valueRequired":true,"valueName":"search_term_string"}}],"inLanguage":"de"}]}},"_links":{"self":[{"href":"https:\/\/urban-vitamin.com\/de\/wp-json\/wp\/v2\/product\/9073","targetHints":{"allow":["GET"]}}],"collection":[{"href":"https:\/\/urban-vitamin.com\/de\/wp-json\/wp\/v2\/product"}],"about":[{"href":"https:\/\/urban-vitamin.com\/de\/wp-json\/wp\/v2\/types\/product"}],"replies":[{"embeddable":true,"href":"https:\/\/urban-vitamin.com\/de\/wp-json\/wp\/v2\/comments?post=9073"}],"wp:featuredmedia":[{"embeddable":true,"href":"https:\/\/urban-vitamin.com\/de\/wp-json\/wp\/v2\/media\/27579"}],"wp:attachment":[{"href":"https:\/\/urban-vitamin.com\/de\/wp-json\/wp\/v2\/media?parent=9073"}],"wp:term":[{"taxonomy":"product_cat","embeddable":true,"href":"https:\/\/urban-vitamin.com\/de\/wp-json\/wp\/v2\/product_cat?post=9073"},{"taxonomy":"product_tag","embeddable":true,"href":"https:\/\/urban-vitamin.com\/de\/wp-json\/wp\/v2\/product_tag?post=9073"}],"curies":[{"name":"wp","href":"https:\/\/api.w.org\/{rel}","templated":true}]}}