{"id":8575,"date":"2026-03-12T01:08:06","date_gmt":"2026-03-12T01:08:06","guid":{"rendered":"https:\/\/urban-vitamin.com\/urban-vitamin-cupertino-anc-kopfhoerer-aus-rcs-rplastik-schwarz\/"},"modified":"2026-03-12T02:08:25","modified_gmt":"2026-03-12T02:08:25","slug":"cupertino-anc-kopfhoerer-aus-rcs-rplastik-schwarz","status":"publish","type":"product","link":"https:\/\/urban-vitamin.com\/de\/produkt\/cupertino-anc-kopfhoerer-aus-rcs-rplastik-schwarz\/","title":{"rendered":"Cupertino  ANC Kopfh\u00f6rer aus RCS rPlastik, schwarz"},"content":{"rendered":"<p>Ein unglaubliches rauschfreies H\u00f6rerlebnis. Die ANC-Technologie erm\u00f6glicht es Ihnen, alle unerw\u00fcnschten Ger\u00e4usche zu blockieren, um Ihre Musik in vollen Z\u00fcgen zu genie\u00dfen. Die extra weichen und bequemen Kissen geben Ihnen das Gef\u00fchl, dass Sie diesen Kopfh\u00f6rer den ganzen Tag tragen k\u00f6nnen. Der 500mAh Akku h\u00e4lt f\u00fcr eine Spielzeit von bis zu 50 Stunden. Mit MIC in Premium-Qualit\u00e4t zum Annehmen von Anrufen. Der faltbare Kopfh\u00f6rer besteht aus RCS (Recycled Claim Standard)-zertifiziert recyceltem ABS. Gesamter Recyclinganteil: 58% bezogen auf das Gesamtgewicht des Artikels. Die RCS-Zertifizierung gew\u00e4hrleistet eine vollst\u00e4ndig zertifizierte Lieferkette der recycelten Materialien. Urban Vitamin-Artikel werden ohne PVC hergestellt und sind in plastikreduzierten Verpackungen verpackt. ANC-Pegel: bis zu 25dB. Inklusive rPET-Etui.<\/p>\n","protected":false},"excerpt":{"rendered":"<p>Ein unglaubliches rauschfreies H\u00f6rerlebnis. Die ANC-Technologie erm\u00f6glicht es Ihnen, alle unerw\u00fcnschten Ger\u00e4usche zu blockieren, um Ihre Musik in vollen Z\u00fcgen zu genie\u00dfen. Die extra weichen und bequemen Kissen geben Ihnen das Gef\u00fchl, dass Sie diesen Kopfh\u00f6rer den ganzen Tag tragen k\u00f6nnen. Der 500mAh Akku h\u00e4lt f\u00fcr eine Spielzeit von bis zu 50 Stunden. Mit MIC [&hellip;]<\/p>\n","protected":false},"featured_media":14432,"comment_status":"closed","ping_status":"closed","template":"","meta":{"_acf_changed":false,"om_disable_all_campaigns":false},"product_cat":[67],"product_tag":[],"class_list":["post-8575","product","type-product","status-publish","has-post-thumbnail","hentry","product_cat-kopfhorer","pa_color-black"],"acf":[],"yoast_head":"<!-- This site is optimized with the Yoast SEO plugin v27.0 - https:\/\/yoast.com\/product\/yoast-seo-wordpress\/ -->\n<title>Cupertino ANC Kopfh\u00f6rer aus RCS rPlastik, schwarz - Urban Vitamin<\/title>\n<meta name=\"robots\" content=\"index, follow, max-snippet:-1, max-image-preview:large, max-video-preview:-1\" \/>\n<link rel=\"canonical\" href=\"https:\/\/urban-vitamin.com\/de\/produkt\/cupertino-anc-kopfhoerer-aus-rcs-rplastik-schwarz\/\" \/>\n<meta property=\"og:locale\" content=\"de_DE\" \/>\n<meta property=\"og:type\" content=\"article\" \/>\n<meta property=\"og:title\" content=\"Cupertino ANC Kopfh\u00f6rer aus RCS rPlastik, schwarz - Urban Vitamin\" \/>\n<meta property=\"og:description\" content=\"Ein unglaubliches rauschfreies H\u00f6rerlebnis. Die ANC-Technologie erm\u00f6glicht es Ihnen, alle unerw\u00fcnschten Ger\u00e4usche zu blockieren, um Ihre Musik in vollen Z\u00fcgen zu genie\u00dfen. Die extra weichen und bequemen Kissen geben Ihnen das Gef\u00fchl, dass Sie diesen Kopfh\u00f6rer den ganzen Tag tragen k\u00f6nnen. Der 500mAh Akku h\u00e4lt f\u00fcr eine Spielzeit von bis zu 50 Stunden. Mit MIC [&hellip;]\" \/>\n<meta property=\"og:url\" content=\"https:\/\/urban-vitamin.com\/de\/produkt\/cupertino-anc-kopfhoerer-aus-rcs-rplastik-schwarz\/\" \/>\n<meta property=\"og:site_name\" content=\"Urban Vitamin\" \/>\n<meta property=\"article:modified_time\" content=\"2026-03-12T02:08:25+00:00\" \/>\n<meta property=\"og:image\" content=\"https:\/\/urban-vitamin.com\/wp-content\/uploads\/sites\/5\/2024\/02\/P329.571__S_0__594b71547bc84286826d3dafaaecc9d5.jpg\" \/>\n\t<meta property=\"og:image:width\" content=\"1024\" \/>\n\t<meta property=\"og:image:height\" content=\"1024\" \/>\n\t<meta property=\"og:image:type\" content=\"image\/jpeg\" \/>\n<meta name=\"twitter:card\" content=\"summary_large_image\" \/>\n<meta name=\"twitter:label1\" content=\"Gesch\u00e4tzte Lesezeit\" \/>\n\t<meta name=\"twitter:data1\" content=\"1\u00a0Minute\" \/>\n<script type=\"application\/ld+json\" class=\"yoast-schema-graph\">{\"@context\":\"https:\/\/schema.org\",\"@graph\":[{\"@type\":\"WebPage\",\"@id\":\"https:\/\/urban-vitamin.com\/de\/produkt\/cupertino-anc-kopfhoerer-aus-rcs-rplastik-schwarz\/\",\"url\":\"https:\/\/urban-vitamin.com\/de\/produkt\/cupertino-anc-kopfhoerer-aus-rcs-rplastik-schwarz\/\",\"name\":\"Cupertino ANC Kopfh\u00f6rer aus RCS rPlastik, schwarz - Urban Vitamin\",\"isPartOf\":{\"@id\":\"https:\/\/urban-vitamin.com\/de\/#website\"},\"primaryImageOfPage\":{\"@id\":\"https:\/\/urban-vitamin.com\/de\/produkt\/cupertino-anc-kopfhoerer-aus-rcs-rplastik-schwarz\/#primaryimage\"},\"image\":{\"@id\":\"https:\/\/urban-vitamin.com\/de\/produkt\/cupertino-anc-kopfhoerer-aus-rcs-rplastik-schwarz\/#primaryimage\"},\"thumbnailUrl\":\"https:\/\/urban-vitamin.com\/wp-content\/uploads\/sites\/5\/2024\/02\/P329.571__S_0__594b71547bc84286826d3dafaaecc9d5.jpg\",\"datePublished\":\"2026-03-12T01:08:06+00:00\",\"dateModified\":\"2026-03-12T02:08:25+00:00\",\"breadcrumb\":{\"@id\":\"https:\/\/urban-vitamin.com\/de\/produkt\/cupertino-anc-kopfhoerer-aus-rcs-rplastik-schwarz\/#breadcrumb\"},\"inLanguage\":\"de\",\"potentialAction\":[{\"@type\":\"ReadAction\",\"target\":[\"https:\/\/urban-vitamin.com\/de\/produkt\/cupertino-anc-kopfhoerer-aus-rcs-rplastik-schwarz\/\"]}]},{\"@type\":\"ImageObject\",\"inLanguage\":\"de\",\"@id\":\"https:\/\/urban-vitamin.com\/de\/produkt\/cupertino-anc-kopfhoerer-aus-rcs-rplastik-schwarz\/#primaryimage\",\"url\":\"https:\/\/urban-vitamin.com\/wp-content\/uploads\/sites\/5\/2024\/02\/P329.571__S_0__594b71547bc84286826d3dafaaecc9d5.jpg\",\"contentUrl\":\"https:\/\/urban-vitamin.com\/wp-content\/uploads\/sites\/5\/2024\/02\/P329.571__S_0__594b71547bc84286826d3dafaaecc9d5.jpg\",\"width\":1024,\"height\":1024},{\"@type\":\"BreadcrumbList\",\"@id\":\"https:\/\/urban-vitamin.com\/de\/produkt\/cupertino-anc-kopfhoerer-aus-rcs-rplastik-schwarz\/#breadcrumb\",\"itemListElement\":[{\"@type\":\"ListItem\",\"position\":1,\"name\":\"Home\",\"item\":\"https:\/\/urban-vitamin.com\/de\/\"},{\"@type\":\"ListItem\",\"position\":2,\"name\":\"Kollektion\",\"item\":\"https:\/\/urban-vitamin.com\/de\/kollektion\/\"},{\"@type\":\"ListItem\",\"position\":3,\"name\":\"Cupertino ANC Kopfh\u00f6rer aus RCS rPlastik, schwarz\"}]},{\"@type\":\"WebSite\",\"@id\":\"https:\/\/urban-vitamin.com\/de\/#website\",\"url\":\"https:\/\/urban-vitamin.com\/de\/\",\"name\":\"Urban Vitamin\",\"description\":\"Enjoy your daily dose of Urban Vitamin!\",\"potentialAction\":[{\"@type\":\"SearchAction\",\"target\":{\"@type\":\"EntryPoint\",\"urlTemplate\":\"https:\/\/urban-vitamin.com\/de\/?s={search_term_string}\"},\"query-input\":{\"@type\":\"PropertyValueSpecification\",\"valueRequired\":true,\"valueName\":\"search_term_string\"}}],\"inLanguage\":\"de\"}]}<\/script>\n<!-- \/ Yoast SEO plugin. -->","yoast_head_json":{"title":"Cupertino ANC Kopfh\u00f6rer aus RCS rPlastik, schwarz - Urban Vitamin","robots":{"index":"index","follow":"follow","max-snippet":"max-snippet:-1","max-image-preview":"max-image-preview:large","max-video-preview":"max-video-preview:-1"},"canonical":"https:\/\/urban-vitamin.com\/de\/produkt\/cupertino-anc-kopfhoerer-aus-rcs-rplastik-schwarz\/","og_locale":"de_DE","og_type":"article","og_title":"Cupertino ANC Kopfh\u00f6rer aus RCS rPlastik, schwarz - Urban Vitamin","og_description":"Ein unglaubliches rauschfreies H\u00f6rerlebnis. Die ANC-Technologie erm\u00f6glicht es Ihnen, alle unerw\u00fcnschten Ger\u00e4usche zu blockieren, um Ihre Musik in vollen Z\u00fcgen zu genie\u00dfen. Die extra weichen und bequemen Kissen geben Ihnen das Gef\u00fchl, dass Sie diesen Kopfh\u00f6rer den ganzen Tag tragen k\u00f6nnen. Der 500mAh Akku h\u00e4lt f\u00fcr eine Spielzeit von bis zu 50 Stunden. Mit MIC [&hellip;]","og_url":"https:\/\/urban-vitamin.com\/de\/produkt\/cupertino-anc-kopfhoerer-aus-rcs-rplastik-schwarz\/","og_site_name":"Urban Vitamin","article_modified_time":"2026-03-12T02:08:25+00:00","og_image":[{"width":1024,"height":1024,"url":"https:\/\/urban-vitamin.com\/wp-content\/uploads\/sites\/5\/2024\/02\/P329.571__S_0__594b71547bc84286826d3dafaaecc9d5.jpg","type":"image\/jpeg"}],"twitter_card":"summary_large_image","twitter_misc":{"Gesch\u00e4tzte Lesezeit":"1\u00a0Minute"},"schema":{"@context":"https:\/\/schema.org","@graph":[{"@type":"WebPage","@id":"https:\/\/urban-vitamin.com\/de\/produkt\/cupertino-anc-kopfhoerer-aus-rcs-rplastik-schwarz\/","url":"https:\/\/urban-vitamin.com\/de\/produkt\/cupertino-anc-kopfhoerer-aus-rcs-rplastik-schwarz\/","name":"Cupertino ANC Kopfh\u00f6rer aus RCS rPlastik, schwarz - Urban Vitamin","isPartOf":{"@id":"https:\/\/urban-vitamin.com\/de\/#website"},"primaryImageOfPage":{"@id":"https:\/\/urban-vitamin.com\/de\/produkt\/cupertino-anc-kopfhoerer-aus-rcs-rplastik-schwarz\/#primaryimage"},"image":{"@id":"https:\/\/urban-vitamin.com\/de\/produkt\/cupertino-anc-kopfhoerer-aus-rcs-rplastik-schwarz\/#primaryimage"},"thumbnailUrl":"https:\/\/urban-vitamin.com\/wp-content\/uploads\/sites\/5\/2024\/02\/P329.571__S_0__594b71547bc84286826d3dafaaecc9d5.jpg","datePublished":"2026-03-12T01:08:06+00:00","dateModified":"2026-03-12T02:08:25+00:00","breadcrumb":{"@id":"https:\/\/urban-vitamin.com\/de\/produkt\/cupertino-anc-kopfhoerer-aus-rcs-rplastik-schwarz\/#breadcrumb"},"inLanguage":"de","potentialAction":[{"@type":"ReadAction","target":["https:\/\/urban-vitamin.com\/de\/produkt\/cupertino-anc-kopfhoerer-aus-rcs-rplastik-schwarz\/"]}]},{"@type":"ImageObject","inLanguage":"de","@id":"https:\/\/urban-vitamin.com\/de\/produkt\/cupertino-anc-kopfhoerer-aus-rcs-rplastik-schwarz\/#primaryimage","url":"https:\/\/urban-vitamin.com\/wp-content\/uploads\/sites\/5\/2024\/02\/P329.571__S_0__594b71547bc84286826d3dafaaecc9d5.jpg","contentUrl":"https:\/\/urban-vitamin.com\/wp-content\/uploads\/sites\/5\/2024\/02\/P329.571__S_0__594b71547bc84286826d3dafaaecc9d5.jpg","width":1024,"height":1024},{"@type":"BreadcrumbList","@id":"https:\/\/urban-vitamin.com\/de\/produkt\/cupertino-anc-kopfhoerer-aus-rcs-rplastik-schwarz\/#breadcrumb","itemListElement":[{"@type":"ListItem","position":1,"name":"Home","item":"https:\/\/urban-vitamin.com\/de\/"},{"@type":"ListItem","position":2,"name":"Kollektion","item":"https:\/\/urban-vitamin.com\/de\/kollektion\/"},{"@type":"ListItem","position":3,"name":"Cupertino ANC Kopfh\u00f6rer aus RCS rPlastik, schwarz"}]},{"@type":"WebSite","@id":"https:\/\/urban-vitamin.com\/de\/#website","url":"https:\/\/urban-vitamin.com\/de\/","name":"Urban Vitamin","description":"Enjoy your daily dose of Urban Vitamin!","potentialAction":[{"@type":"SearchAction","target":{"@type":"EntryPoint","urlTemplate":"https:\/\/urban-vitamin.com\/de\/?s={search_term_string}"},"query-input":{"@type":"PropertyValueSpecification","valueRequired":true,"valueName":"search_term_string"}}],"inLanguage":"de"}]}},"_links":{"self":[{"href":"https:\/\/urban-vitamin.com\/de\/wp-json\/wp\/v2\/product\/8575","targetHints":{"allow":["GET"]}}],"collection":[{"href":"https:\/\/urban-vitamin.com\/de\/wp-json\/wp\/v2\/product"}],"about":[{"href":"https:\/\/urban-vitamin.com\/de\/wp-json\/wp\/v2\/types\/product"}],"replies":[{"embeddable":true,"href":"https:\/\/urban-vitamin.com\/de\/wp-json\/wp\/v2\/comments?post=8575"}],"wp:featuredmedia":[{"embeddable":true,"href":"https:\/\/urban-vitamin.com\/de\/wp-json\/wp\/v2\/media\/14432"}],"wp:attachment":[{"href":"https:\/\/urban-vitamin.com\/de\/wp-json\/wp\/v2\/media?parent=8575"}],"wp:term":[{"taxonomy":"product_cat","embeddable":true,"href":"https:\/\/urban-vitamin.com\/de\/wp-json\/wp\/v2\/product_cat?post=8575"},{"taxonomy":"product_tag","embeddable":true,"href":"https:\/\/urban-vitamin.com\/de\/wp-json\/wp\/v2\/product_tag?post=8575"}],"curies":[{"name":"wp","href":"https:\/\/api.w.org\/{rel}","templated":true}]}}