{"id":8419,"date":"2026-03-12T01:08:24","date_gmt":"2026-03-12T01:08:24","guid":{"rendered":"https:\/\/urban-vitamin.com\/glendale-rcs-rplastik-air-conductive-ohrhoerer-schwarz\/"},"modified":"2026-03-12T02:08:47","modified_gmt":"2026-03-12T02:08:47","slug":"glendale-rcs-rplastik-air-conductive-ohrhoerer-schwarz","status":"publish","type":"product","link":"https:\/\/urban-vitamin.com\/de\/produkt\/glendale-rcs-rplastik-air-conductive-ohrhoerer-schwarz\/","title":{"rendered":"Glendale RCS rPlastik Air-Conductive Ohrh\u00f6rer, schwarz"},"content":{"rendered":"<p>Das ist Glendale, der hochwertigste und technologisch fortschrittlichste Kopfh\u00f6rer aller Zeiten. Glendale ver\u00e4ndert die Art und Weise, wie Sie Musik h\u00f6ren und trainieren. Durch das einzigartige offene Design befinden sich die Ohrst\u00f6psel nicht im Ohr, sondern direkt daneben, und das alles in erstklassiger Klangqualit\u00e4t mit verst\u00e4rktem Bass. Die Ohrh\u00f6rer sind nach IPX4 wasserdicht und somit f\u00fcr jedes Training geeignet. Der Akku h\u00e4lt mit einer einzigen Ladung bis zu 10 Stunden durch. Wenn Sie einen Anruf erhalten, nehmen Sie ihn einfach \u00fcber das integrierte Mikrofon entgegen. Glendale wird aus RCS (Recycled Claim Standard) zertifizierte recyceltem ABS hergestellt. Recycelter Inhalt insgesamt: 17%, bezogen auf das Gesamtgewicht des Artikels. Die RCS-Zertifizierung gew\u00e4hrleistet eine vollst\u00e4ndig zertifizierte Lieferkette f\u00fcr die recycelten Materialien. Urban Vitamin-Artikel werden ohne PVC hergestellt und in kunststoffarmen Verpackungen verpackt.<\/p>\n","protected":false},"excerpt":{"rendered":"<p>Das ist Glendale, der hochwertigste und technologisch fortschrittlichste Kopfh\u00f6rer aller Zeiten. Glendale ver\u00e4ndert die Art und Weise, wie Sie Musik h\u00f6ren und trainieren. Durch das einzigartige offene Design befinden sich die Ohrst\u00f6psel nicht im Ohr, sondern direkt daneben, und das alles in erstklassiger Klangqualit\u00e4t mit verst\u00e4rktem Bass. Die Ohrh\u00f6rer sind nach IPX4 wasserdicht und somit [&hellip;]<\/p>\n","protected":false},"featured_media":17680,"comment_status":"closed","ping_status":"closed","template":"","meta":{"_acf_changed":false,"om_disable_all_campaigns":false},"product_cat":[67],"product_tag":[],"class_list":["post-8419","product","type-product","status-publish","has-post-thumbnail","hentry","product_cat-kopfhorer","pa_color-black"],"acf":[],"yoast_head":"<!-- This site is optimized with the Yoast SEO plugin v27.0 - https:\/\/yoast.com\/product\/yoast-seo-wordpress\/ -->\n<title>Glendale RCS rPlastik Air-Conductive Ohrh\u00f6rer, schwarz - Urban Vitamin<\/title>\n<meta name=\"robots\" content=\"index, follow, max-snippet:-1, max-image-preview:large, max-video-preview:-1\" \/>\n<link rel=\"canonical\" href=\"https:\/\/urban-vitamin.com\/de\/produkt\/glendale-rcs-rplastik-air-conductive-ohrhoerer-schwarz\/\" \/>\n<meta property=\"og:locale\" content=\"de_DE\" \/>\n<meta property=\"og:type\" content=\"article\" \/>\n<meta property=\"og:title\" content=\"Glendale RCS rPlastik Air-Conductive Ohrh\u00f6rer, schwarz - Urban Vitamin\" \/>\n<meta property=\"og:description\" content=\"Das ist Glendale, der hochwertigste und technologisch fortschrittlichste Kopfh\u00f6rer aller Zeiten. Glendale ver\u00e4ndert die Art und Weise, wie Sie Musik h\u00f6ren und trainieren. Durch das einzigartige offene Design befinden sich die Ohrst\u00f6psel nicht im Ohr, sondern direkt daneben, und das alles in erstklassiger Klangqualit\u00e4t mit verst\u00e4rktem Bass. Die Ohrh\u00f6rer sind nach IPX4 wasserdicht und somit [&hellip;]\" \/>\n<meta property=\"og:url\" content=\"https:\/\/urban-vitamin.com\/de\/produkt\/glendale-rcs-rplastik-air-conductive-ohrhoerer-schwarz\/\" \/>\n<meta property=\"og:site_name\" content=\"Urban Vitamin\" \/>\n<meta property=\"article:modified_time\" content=\"2026-03-12T02:08:47+00:00\" \/>\n<meta property=\"og:image\" content=\"https:\/\/urban-vitamin.com\/wp-content\/uploads\/sites\/5\/2024\/02\/P331.501__S_0__df11680f6c4848f3b00668a005e38b29.jpg\" \/>\n\t<meta property=\"og:image:width\" content=\"1024\" \/>\n\t<meta property=\"og:image:height\" content=\"1024\" \/>\n\t<meta property=\"og:image:type\" content=\"image\/jpeg\" \/>\n<meta name=\"twitter:card\" content=\"summary_large_image\" \/>\n<meta name=\"twitter:label1\" content=\"Gesch\u00e4tzte Lesezeit\" \/>\n\t<meta name=\"twitter:data1\" content=\"1\u00a0Minute\" \/>\n<script type=\"application\/ld+json\" class=\"yoast-schema-graph\">{\"@context\":\"https:\/\/schema.org\",\"@graph\":[{\"@type\":\"WebPage\",\"@id\":\"https:\/\/urban-vitamin.com\/de\/produkt\/glendale-rcs-rplastik-air-conductive-ohrhoerer-schwarz\/\",\"url\":\"https:\/\/urban-vitamin.com\/de\/produkt\/glendale-rcs-rplastik-air-conductive-ohrhoerer-schwarz\/\",\"name\":\"Glendale RCS rPlastik Air-Conductive Ohrh\u00f6rer, schwarz - Urban Vitamin\",\"isPartOf\":{\"@id\":\"https:\/\/urban-vitamin.com\/de\/#website\"},\"primaryImageOfPage\":{\"@id\":\"https:\/\/urban-vitamin.com\/de\/produkt\/glendale-rcs-rplastik-air-conductive-ohrhoerer-schwarz\/#primaryimage\"},\"image\":{\"@id\":\"https:\/\/urban-vitamin.com\/de\/produkt\/glendale-rcs-rplastik-air-conductive-ohrhoerer-schwarz\/#primaryimage\"},\"thumbnailUrl\":\"https:\/\/urban-vitamin.com\/wp-content\/uploads\/sites\/5\/2024\/02\/P331.501__S_0__df11680f6c4848f3b00668a005e38b29.jpg\",\"datePublished\":\"2026-03-12T01:08:24+00:00\",\"dateModified\":\"2026-03-12T02:08:47+00:00\",\"breadcrumb\":{\"@id\":\"https:\/\/urban-vitamin.com\/de\/produkt\/glendale-rcs-rplastik-air-conductive-ohrhoerer-schwarz\/#breadcrumb\"},\"inLanguage\":\"de\",\"potentialAction\":[{\"@type\":\"ReadAction\",\"target\":[\"https:\/\/urban-vitamin.com\/de\/produkt\/glendale-rcs-rplastik-air-conductive-ohrhoerer-schwarz\/\"]}]},{\"@type\":\"ImageObject\",\"inLanguage\":\"de\",\"@id\":\"https:\/\/urban-vitamin.com\/de\/produkt\/glendale-rcs-rplastik-air-conductive-ohrhoerer-schwarz\/#primaryimage\",\"url\":\"https:\/\/urban-vitamin.com\/wp-content\/uploads\/sites\/5\/2024\/02\/P331.501__S_0__df11680f6c4848f3b00668a005e38b29.jpg\",\"contentUrl\":\"https:\/\/urban-vitamin.com\/wp-content\/uploads\/sites\/5\/2024\/02\/P331.501__S_0__df11680f6c4848f3b00668a005e38b29.jpg\",\"width\":1024,\"height\":1024},{\"@type\":\"BreadcrumbList\",\"@id\":\"https:\/\/urban-vitamin.com\/de\/produkt\/glendale-rcs-rplastik-air-conductive-ohrhoerer-schwarz\/#breadcrumb\",\"itemListElement\":[{\"@type\":\"ListItem\",\"position\":1,\"name\":\"Home\",\"item\":\"https:\/\/urban-vitamin.com\/de\/\"},{\"@type\":\"ListItem\",\"position\":2,\"name\":\"Kollektion\",\"item\":\"https:\/\/urban-vitamin.com\/de\/kollektion\/\"},{\"@type\":\"ListItem\",\"position\":3,\"name\":\"Glendale RCS rPlastik Air-Conductive Ohrh\u00f6rer, schwarz\"}]},{\"@type\":\"WebSite\",\"@id\":\"https:\/\/urban-vitamin.com\/de\/#website\",\"url\":\"https:\/\/urban-vitamin.com\/de\/\",\"name\":\"Urban Vitamin\",\"description\":\"Enjoy your daily dose of Urban Vitamin!\",\"potentialAction\":[{\"@type\":\"SearchAction\",\"target\":{\"@type\":\"EntryPoint\",\"urlTemplate\":\"https:\/\/urban-vitamin.com\/de\/?s={search_term_string}\"},\"query-input\":{\"@type\":\"PropertyValueSpecification\",\"valueRequired\":true,\"valueName\":\"search_term_string\"}}],\"inLanguage\":\"de\"}]}<\/script>\n<!-- \/ Yoast SEO plugin. -->","yoast_head_json":{"title":"Glendale RCS rPlastik Air-Conductive Ohrh\u00f6rer, schwarz - Urban Vitamin","robots":{"index":"index","follow":"follow","max-snippet":"max-snippet:-1","max-image-preview":"max-image-preview:large","max-video-preview":"max-video-preview:-1"},"canonical":"https:\/\/urban-vitamin.com\/de\/produkt\/glendale-rcs-rplastik-air-conductive-ohrhoerer-schwarz\/","og_locale":"de_DE","og_type":"article","og_title":"Glendale RCS rPlastik Air-Conductive Ohrh\u00f6rer, schwarz - Urban Vitamin","og_description":"Das ist Glendale, der hochwertigste und technologisch fortschrittlichste Kopfh\u00f6rer aller Zeiten. Glendale ver\u00e4ndert die Art und Weise, wie Sie Musik h\u00f6ren und trainieren. Durch das einzigartige offene Design befinden sich die Ohrst\u00f6psel nicht im Ohr, sondern direkt daneben, und das alles in erstklassiger Klangqualit\u00e4t mit verst\u00e4rktem Bass. Die Ohrh\u00f6rer sind nach IPX4 wasserdicht und somit [&hellip;]","og_url":"https:\/\/urban-vitamin.com\/de\/produkt\/glendale-rcs-rplastik-air-conductive-ohrhoerer-schwarz\/","og_site_name":"Urban Vitamin","article_modified_time":"2026-03-12T02:08:47+00:00","og_image":[{"width":1024,"height":1024,"url":"https:\/\/urban-vitamin.com\/wp-content\/uploads\/sites\/5\/2024\/02\/P331.501__S_0__df11680f6c4848f3b00668a005e38b29.jpg","type":"image\/jpeg"}],"twitter_card":"summary_large_image","twitter_misc":{"Gesch\u00e4tzte Lesezeit":"1\u00a0Minute"},"schema":{"@context":"https:\/\/schema.org","@graph":[{"@type":"WebPage","@id":"https:\/\/urban-vitamin.com\/de\/produkt\/glendale-rcs-rplastik-air-conductive-ohrhoerer-schwarz\/","url":"https:\/\/urban-vitamin.com\/de\/produkt\/glendale-rcs-rplastik-air-conductive-ohrhoerer-schwarz\/","name":"Glendale RCS rPlastik Air-Conductive Ohrh\u00f6rer, schwarz - Urban Vitamin","isPartOf":{"@id":"https:\/\/urban-vitamin.com\/de\/#website"},"primaryImageOfPage":{"@id":"https:\/\/urban-vitamin.com\/de\/produkt\/glendale-rcs-rplastik-air-conductive-ohrhoerer-schwarz\/#primaryimage"},"image":{"@id":"https:\/\/urban-vitamin.com\/de\/produkt\/glendale-rcs-rplastik-air-conductive-ohrhoerer-schwarz\/#primaryimage"},"thumbnailUrl":"https:\/\/urban-vitamin.com\/wp-content\/uploads\/sites\/5\/2024\/02\/P331.501__S_0__df11680f6c4848f3b00668a005e38b29.jpg","datePublished":"2026-03-12T01:08:24+00:00","dateModified":"2026-03-12T02:08:47+00:00","breadcrumb":{"@id":"https:\/\/urban-vitamin.com\/de\/produkt\/glendale-rcs-rplastik-air-conductive-ohrhoerer-schwarz\/#breadcrumb"},"inLanguage":"de","potentialAction":[{"@type":"ReadAction","target":["https:\/\/urban-vitamin.com\/de\/produkt\/glendale-rcs-rplastik-air-conductive-ohrhoerer-schwarz\/"]}]},{"@type":"ImageObject","inLanguage":"de","@id":"https:\/\/urban-vitamin.com\/de\/produkt\/glendale-rcs-rplastik-air-conductive-ohrhoerer-schwarz\/#primaryimage","url":"https:\/\/urban-vitamin.com\/wp-content\/uploads\/sites\/5\/2024\/02\/P331.501__S_0__df11680f6c4848f3b00668a005e38b29.jpg","contentUrl":"https:\/\/urban-vitamin.com\/wp-content\/uploads\/sites\/5\/2024\/02\/P331.501__S_0__df11680f6c4848f3b00668a005e38b29.jpg","width":1024,"height":1024},{"@type":"BreadcrumbList","@id":"https:\/\/urban-vitamin.com\/de\/produkt\/glendale-rcs-rplastik-air-conductive-ohrhoerer-schwarz\/#breadcrumb","itemListElement":[{"@type":"ListItem","position":1,"name":"Home","item":"https:\/\/urban-vitamin.com\/de\/"},{"@type":"ListItem","position":2,"name":"Kollektion","item":"https:\/\/urban-vitamin.com\/de\/kollektion\/"},{"@type":"ListItem","position":3,"name":"Glendale RCS rPlastik Air-Conductive Ohrh\u00f6rer, schwarz"}]},{"@type":"WebSite","@id":"https:\/\/urban-vitamin.com\/de\/#website","url":"https:\/\/urban-vitamin.com\/de\/","name":"Urban Vitamin","description":"Enjoy your daily dose of Urban Vitamin!","potentialAction":[{"@type":"SearchAction","target":{"@type":"EntryPoint","urlTemplate":"https:\/\/urban-vitamin.com\/de\/?s={search_term_string}"},"query-input":{"@type":"PropertyValueSpecification","valueRequired":true,"valueName":"search_term_string"}}],"inLanguage":"de"}]}},"_links":{"self":[{"href":"https:\/\/urban-vitamin.com\/de\/wp-json\/wp\/v2\/product\/8419","targetHints":{"allow":["GET"]}}],"collection":[{"href":"https:\/\/urban-vitamin.com\/de\/wp-json\/wp\/v2\/product"}],"about":[{"href":"https:\/\/urban-vitamin.com\/de\/wp-json\/wp\/v2\/types\/product"}],"replies":[{"embeddable":true,"href":"https:\/\/urban-vitamin.com\/de\/wp-json\/wp\/v2\/comments?post=8419"}],"wp:featuredmedia":[{"embeddable":true,"href":"https:\/\/urban-vitamin.com\/de\/wp-json\/wp\/v2\/media\/17680"}],"wp:attachment":[{"href":"https:\/\/urban-vitamin.com\/de\/wp-json\/wp\/v2\/media?parent=8419"}],"wp:term":[{"taxonomy":"product_cat","embeddable":true,"href":"https:\/\/urban-vitamin.com\/de\/wp-json\/wp\/v2\/product_cat?post=8419"},{"taxonomy":"product_tag","embeddable":true,"href":"https:\/\/urban-vitamin.com\/de\/wp-json\/wp\/v2\/product_tag?post=8419"}],"curies":[{"name":"wp","href":"https:\/\/api.w.org\/{rel}","templated":true}]}}