{"id":5369,"date":"2026-04-16T00:07:00","date_gmt":"2026-04-16T00:07:00","guid":{"rendered":"https:\/\/xdsomename.tempurl.host\/urban-vitamin\/product\/berkeley-ipx7-wireless-lautsprecher-schwarz\/"},"modified":"2026-04-16T01:07:01","modified_gmt":"2026-04-16T01:07:01","slug":"berkeley-ipx7-wireless-lautsprecher-schwarz","status":"publish","type":"product","link":"https:\/\/urban-vitamin.com\/de\/produkt\/berkeley-ipx7-wireless-lautsprecher-schwarz\/","title":{"rendered":"Berkeley IPX7 Wireless Lautsprecher, schwarz"},"content":{"rendered":"<p>Haben Ihren Lautsprecher immer dabei, wohin Sie auch gehen. Am Strand rumh\u00e4ngen? Perfekt! Party am Pool? Kein Problem! Pl\u00f6tzlicher Regen? Keine Sorge! Ihr Lautsprecher ist IPX7 wasserdicht &#8211; bis zu 1 Meter Tiefe und maximal 30 Minuten! Nach einem sandigen Strandtag einfach unter der Dusche absp\u00fclen. Der 10W-Lautsprecher verf\u00fcgt \u00fcber einen massiven Bass, der von zwei Subwoofern an beiden Enden des Lautsprechers unterst\u00fctzt wird. Der kraftvolle Sound reicht aus, um eine gro\u00dfe Party bis zum Sonnenaufgang am Laufen zu halten. Das strapazierf\u00e4hige Gewebe und das starke Geh\u00e4use sorgen daf\u00fcr, dass der Lautsprecher auch kleine St\u00f6\u00dfe aush\u00e4lt. Genie\u00dfen Sie bis zu 15 Stunden am St\u00fcck Ihre Lieblingsmusik! Falls Sie einen Anruf erhalten, nehmen Sie diesen einfach mit dem integrierten Mikrofon in klarer Qualit\u00e4t entgegen. Urban Vitamin Artikel werden ohne PVC hergestellt und und sind in einer Verpackung mit besonders wenig Kunststoff verpackt.<\/p>\n","protected":false},"excerpt":{"rendered":"<p>Haben Ihren Lautsprecher immer dabei, wohin Sie auch gehen. Am Strand rumh\u00e4ngen? Perfekt! Party am Pool? Kein Problem! Pl\u00f6tzlicher Regen? Keine Sorge! Ihr Lautsprecher ist IPX7 wasserdicht &#8211; bis zu 1 Meter Tiefe und maximal 30 Minuten! Nach einem sandigen Strandtag einfach unter der Dusche absp\u00fclen. Der 10W-Lautsprecher verf\u00fcgt \u00fcber einen massiven Bass, der von [&hellip;]<\/p>\n","protected":false},"featured_media":27768,"comment_status":"closed","ping_status":"closed","template":"","meta":{"_acf_changed":false,"om_disable_all_campaigns":false},"product_cat":[69],"product_tag":[],"class_list":["post-5369","product","type-product","status-publish","has-post-thumbnail","hentry","product_cat-lautsprecher","pa_color-black"],"acf":[],"yoast_head":"<!-- This site is optimized with the Yoast SEO plugin v27.0 - https:\/\/yoast.com\/product\/yoast-seo-wordpress\/ -->\n<title>Berkeley IPX7 Wireless Lautsprecher, schwarz - Urban Vitamin<\/title>\n<meta name=\"robots\" content=\"index, follow, max-snippet:-1, max-image-preview:large, max-video-preview:-1\" \/>\n<link rel=\"canonical\" href=\"https:\/\/urban-vitamin.com\/de\/produkt\/berkeley-ipx7-wireless-lautsprecher-schwarz\/\" \/>\n<meta property=\"og:locale\" content=\"de_DE\" \/>\n<meta property=\"og:type\" content=\"article\" \/>\n<meta property=\"og:title\" content=\"Berkeley IPX7 Wireless Lautsprecher, schwarz - Urban Vitamin\" \/>\n<meta property=\"og:description\" content=\"Haben Ihren Lautsprecher immer dabei, wohin Sie auch gehen. Am Strand rumh\u00e4ngen? Perfekt! Party am Pool? Kein Problem! Pl\u00f6tzlicher Regen? Keine Sorge! Ihr Lautsprecher ist IPX7 wasserdicht &#8211; bis zu 1 Meter Tiefe und maximal 30 Minuten! Nach einem sandigen Strandtag einfach unter der Dusche absp\u00fclen. Der 10W-Lautsprecher verf\u00fcgt \u00fcber einen massiven Bass, der von [&hellip;]\" \/>\n<meta property=\"og:url\" content=\"https:\/\/urban-vitamin.com\/de\/produkt\/berkeley-ipx7-wireless-lautsprecher-schwarz\/\" \/>\n<meta property=\"og:site_name\" content=\"Urban Vitamin\" \/>\n<meta property=\"article:modified_time\" content=\"2026-04-16T01:07:01+00:00\" \/>\n<meta property=\"og:image\" content=\"https:\/\/urban-vitamin.com\/wp-content\/uploads\/sites\/5\/2026\/04\/P329.901__S_0__c752565955e54bbdb0a61981568e0a0c.jpg\" \/>\n\t<meta property=\"og:image:width\" content=\"1024\" \/>\n\t<meta property=\"og:image:height\" content=\"1024\" \/>\n\t<meta property=\"og:image:type\" content=\"image\/jpeg\" \/>\n<meta name=\"twitter:card\" content=\"summary_large_image\" \/>\n<meta name=\"twitter:label1\" content=\"Gesch\u00e4tzte Lesezeit\" \/>\n\t<meta name=\"twitter:data1\" content=\"1\u00a0Minute\" \/>\n<script type=\"application\/ld+json\" class=\"yoast-schema-graph\">{\"@context\":\"https:\/\/schema.org\",\"@graph\":[{\"@type\":\"WebPage\",\"@id\":\"https:\/\/urban-vitamin.com\/de\/produkt\/berkeley-ipx7-wireless-lautsprecher-schwarz\/\",\"url\":\"https:\/\/urban-vitamin.com\/de\/produkt\/berkeley-ipx7-wireless-lautsprecher-schwarz\/\",\"name\":\"Berkeley IPX7 Wireless Lautsprecher, schwarz - Urban Vitamin\",\"isPartOf\":{\"@id\":\"https:\/\/urban-vitamin.com\/de\/#website\"},\"primaryImageOfPage\":{\"@id\":\"https:\/\/urban-vitamin.com\/de\/produkt\/berkeley-ipx7-wireless-lautsprecher-schwarz\/#primaryimage\"},\"image\":{\"@id\":\"https:\/\/urban-vitamin.com\/de\/produkt\/berkeley-ipx7-wireless-lautsprecher-schwarz\/#primaryimage\"},\"thumbnailUrl\":\"https:\/\/urban-vitamin.com\/wp-content\/uploads\/sites\/5\/2026\/04\/P329.901__S_0__c752565955e54bbdb0a61981568e0a0c.jpg\",\"datePublished\":\"2026-04-16T00:07:00+00:00\",\"dateModified\":\"2026-04-16T01:07:01+00:00\",\"breadcrumb\":{\"@id\":\"https:\/\/urban-vitamin.com\/de\/produkt\/berkeley-ipx7-wireless-lautsprecher-schwarz\/#breadcrumb\"},\"inLanguage\":\"de\",\"potentialAction\":[{\"@type\":\"ReadAction\",\"target\":[\"https:\/\/urban-vitamin.com\/de\/produkt\/berkeley-ipx7-wireless-lautsprecher-schwarz\/\"]}]},{\"@type\":\"ImageObject\",\"inLanguage\":\"de\",\"@id\":\"https:\/\/urban-vitamin.com\/de\/produkt\/berkeley-ipx7-wireless-lautsprecher-schwarz\/#primaryimage\",\"url\":\"https:\/\/urban-vitamin.com\/wp-content\/uploads\/sites\/5\/2026\/04\/P329.901__S_0__c752565955e54bbdb0a61981568e0a0c.jpg\",\"contentUrl\":\"https:\/\/urban-vitamin.com\/wp-content\/uploads\/sites\/5\/2026\/04\/P329.901__S_0__c752565955e54bbdb0a61981568e0a0c.jpg\",\"width\":1024,\"height\":1024},{\"@type\":\"BreadcrumbList\",\"@id\":\"https:\/\/urban-vitamin.com\/de\/produkt\/berkeley-ipx7-wireless-lautsprecher-schwarz\/#breadcrumb\",\"itemListElement\":[{\"@type\":\"ListItem\",\"position\":1,\"name\":\"Home\",\"item\":\"https:\/\/urban-vitamin.com\/de\/\"},{\"@type\":\"ListItem\",\"position\":2,\"name\":\"Kollektion\",\"item\":\"https:\/\/urban-vitamin.com\/de\/kollektion\/\"},{\"@type\":\"ListItem\",\"position\":3,\"name\":\"Berkeley IPX7 Wireless Lautsprecher, schwarz\"}]},{\"@type\":\"WebSite\",\"@id\":\"https:\/\/urban-vitamin.com\/de\/#website\",\"url\":\"https:\/\/urban-vitamin.com\/de\/\",\"name\":\"Urban Vitamin\",\"description\":\"Enjoy your daily dose of Urban Vitamin!\",\"potentialAction\":[{\"@type\":\"SearchAction\",\"target\":{\"@type\":\"EntryPoint\",\"urlTemplate\":\"https:\/\/urban-vitamin.com\/de\/?s={search_term_string}\"},\"query-input\":{\"@type\":\"PropertyValueSpecification\",\"valueRequired\":true,\"valueName\":\"search_term_string\"}}],\"inLanguage\":\"de\"}]}<\/script>\n<!-- \/ Yoast SEO plugin. -->","yoast_head_json":{"title":"Berkeley IPX7 Wireless Lautsprecher, schwarz - Urban Vitamin","robots":{"index":"index","follow":"follow","max-snippet":"max-snippet:-1","max-image-preview":"max-image-preview:large","max-video-preview":"max-video-preview:-1"},"canonical":"https:\/\/urban-vitamin.com\/de\/produkt\/berkeley-ipx7-wireless-lautsprecher-schwarz\/","og_locale":"de_DE","og_type":"article","og_title":"Berkeley IPX7 Wireless Lautsprecher, schwarz - Urban Vitamin","og_description":"Haben Ihren Lautsprecher immer dabei, wohin Sie auch gehen. Am Strand rumh\u00e4ngen? Perfekt! Party am Pool? Kein Problem! Pl\u00f6tzlicher Regen? Keine Sorge! Ihr Lautsprecher ist IPX7 wasserdicht &#8211; bis zu 1 Meter Tiefe und maximal 30 Minuten! Nach einem sandigen Strandtag einfach unter der Dusche absp\u00fclen. Der 10W-Lautsprecher verf\u00fcgt \u00fcber einen massiven Bass, der von [&hellip;]","og_url":"https:\/\/urban-vitamin.com\/de\/produkt\/berkeley-ipx7-wireless-lautsprecher-schwarz\/","og_site_name":"Urban Vitamin","article_modified_time":"2026-04-16T01:07:01+00:00","og_image":[{"width":1024,"height":1024,"url":"https:\/\/urban-vitamin.com\/wp-content\/uploads\/sites\/5\/2026\/04\/P329.901__S_0__c752565955e54bbdb0a61981568e0a0c.jpg","type":"image\/jpeg"}],"twitter_card":"summary_large_image","twitter_misc":{"Gesch\u00e4tzte Lesezeit":"1\u00a0Minute"},"schema":{"@context":"https:\/\/schema.org","@graph":[{"@type":"WebPage","@id":"https:\/\/urban-vitamin.com\/de\/produkt\/berkeley-ipx7-wireless-lautsprecher-schwarz\/","url":"https:\/\/urban-vitamin.com\/de\/produkt\/berkeley-ipx7-wireless-lautsprecher-schwarz\/","name":"Berkeley IPX7 Wireless Lautsprecher, schwarz - Urban Vitamin","isPartOf":{"@id":"https:\/\/urban-vitamin.com\/de\/#website"},"primaryImageOfPage":{"@id":"https:\/\/urban-vitamin.com\/de\/produkt\/berkeley-ipx7-wireless-lautsprecher-schwarz\/#primaryimage"},"image":{"@id":"https:\/\/urban-vitamin.com\/de\/produkt\/berkeley-ipx7-wireless-lautsprecher-schwarz\/#primaryimage"},"thumbnailUrl":"https:\/\/urban-vitamin.com\/wp-content\/uploads\/sites\/5\/2026\/04\/P329.901__S_0__c752565955e54bbdb0a61981568e0a0c.jpg","datePublished":"2026-04-16T00:07:00+00:00","dateModified":"2026-04-16T01:07:01+00:00","breadcrumb":{"@id":"https:\/\/urban-vitamin.com\/de\/produkt\/berkeley-ipx7-wireless-lautsprecher-schwarz\/#breadcrumb"},"inLanguage":"de","potentialAction":[{"@type":"ReadAction","target":["https:\/\/urban-vitamin.com\/de\/produkt\/berkeley-ipx7-wireless-lautsprecher-schwarz\/"]}]},{"@type":"ImageObject","inLanguage":"de","@id":"https:\/\/urban-vitamin.com\/de\/produkt\/berkeley-ipx7-wireless-lautsprecher-schwarz\/#primaryimage","url":"https:\/\/urban-vitamin.com\/wp-content\/uploads\/sites\/5\/2026\/04\/P329.901__S_0__c752565955e54bbdb0a61981568e0a0c.jpg","contentUrl":"https:\/\/urban-vitamin.com\/wp-content\/uploads\/sites\/5\/2026\/04\/P329.901__S_0__c752565955e54bbdb0a61981568e0a0c.jpg","width":1024,"height":1024},{"@type":"BreadcrumbList","@id":"https:\/\/urban-vitamin.com\/de\/produkt\/berkeley-ipx7-wireless-lautsprecher-schwarz\/#breadcrumb","itemListElement":[{"@type":"ListItem","position":1,"name":"Home","item":"https:\/\/urban-vitamin.com\/de\/"},{"@type":"ListItem","position":2,"name":"Kollektion","item":"https:\/\/urban-vitamin.com\/de\/kollektion\/"},{"@type":"ListItem","position":3,"name":"Berkeley IPX7 Wireless Lautsprecher, schwarz"}]},{"@type":"WebSite","@id":"https:\/\/urban-vitamin.com\/de\/#website","url":"https:\/\/urban-vitamin.com\/de\/","name":"Urban Vitamin","description":"Enjoy your daily dose of Urban Vitamin!","potentialAction":[{"@type":"SearchAction","target":{"@type":"EntryPoint","urlTemplate":"https:\/\/urban-vitamin.com\/de\/?s={search_term_string}"},"query-input":{"@type":"PropertyValueSpecification","valueRequired":true,"valueName":"search_term_string"}}],"inLanguage":"de"}]}},"_links":{"self":[{"href":"https:\/\/urban-vitamin.com\/de\/wp-json\/wp\/v2\/product\/5369","targetHints":{"allow":["GET"]}}],"collection":[{"href":"https:\/\/urban-vitamin.com\/de\/wp-json\/wp\/v2\/product"}],"about":[{"href":"https:\/\/urban-vitamin.com\/de\/wp-json\/wp\/v2\/types\/product"}],"replies":[{"embeddable":true,"href":"https:\/\/urban-vitamin.com\/de\/wp-json\/wp\/v2\/comments?post=5369"}],"wp:featuredmedia":[{"embeddable":true,"href":"https:\/\/urban-vitamin.com\/de\/wp-json\/wp\/v2\/media\/27768"}],"wp:attachment":[{"href":"https:\/\/urban-vitamin.com\/de\/wp-json\/wp\/v2\/media?parent=5369"}],"wp:term":[{"taxonomy":"product_cat","embeddable":true,"href":"https:\/\/urban-vitamin.com\/de\/wp-json\/wp\/v2\/product_cat?post=5369"},{"taxonomy":"product_tag","embeddable":true,"href":"https:\/\/urban-vitamin.com\/de\/wp-json\/wp\/v2\/product_tag?post=5369"}],"curies":[{"name":"wp","href":"https:\/\/api.w.org\/{rel}","templated":true}]}}