{"id":5366,"date":"2026-03-12T01:08:24","date_gmt":"2026-03-12T01:08:24","guid":{"rendered":"https:\/\/xdsomename.tempurl.host\/urban-vitamin\/product\/palm-springs-enc-ohrhoerer-aus-rcs-rplastik-schwarz\/"},"modified":"2026-03-12T02:08:40","modified_gmt":"2026-03-12T02:08:40","slug":"palm-springs-enc-ohrhoerer-aus-rcs-rplastik-schwarz","status":"publish","type":"product","link":"https:\/\/urban-vitamin.com\/de\/produkt\/palm-springs-enc-ohrhoerer-aus-rcs-rplastik-schwarz\/","title":{"rendered":"Palm Springs ENC Ohrh\u00f6rer aus RCS rPlastik, schwarz"},"content":{"rendered":"<p>\u00d6ffnen Sie das Case, setzen Sie die Ohrh\u00f6rer ein und genie\u00dfen Sie Ihre Lieblingsmusik. Die bequemen Ohrh\u00f6rer mit 40mAh haben eine Spielzeit von bis zu 6 Stunden und mit dem 350mAh Ladeetui sind dies total sogar bis zu 20 Stunden Wiedergabe. Wenn Sie einen Anruf erhalten, beantworten Sie ihn einfach in Stereoton dank des integrierten ENC-Mikrofons f\u00fcr perfekte Gespr\u00e4chsqualit\u00e4t. Die IPX 4-Einstufung macht die Ohrh\u00f6rer wetterfest. Ohrh\u00f6rer und Ladebox bestehen aus RCS (Recycled Claim Standard)-zertifiziert recyceltem ABS. Gesamter Recyclinganteil: 55% bezogen auf das Gesamtgewicht des Artikels. Die RCS-Zertifizierung gew\u00e4hrleistet eine vollst\u00e4ndig zertifizierte Lieferkette der recycelten Materialien. Urban Vitamin Artikel werden ohne PVC hergestellt und sind in plastikreduzierten Verpackungen verpackt.<\/p>\n","protected":false},"excerpt":{"rendered":"<p>\u00d6ffnen Sie das Case, setzen Sie die Ohrh\u00f6rer ein und genie\u00dfen Sie Ihre Lieblingsmusik. Die bequemen Ohrh\u00f6rer mit 40mAh haben eine Spielzeit von bis zu 6 Stunden und mit dem 350mAh Ladeetui sind dies total sogar bis zu 20 Stunden Wiedergabe. Wenn Sie einen Anruf erhalten, beantworten Sie ihn einfach in Stereoton dank des integrierten [&hellip;]<\/p>\n","protected":false},"featured_media":17015,"comment_status":"closed","ping_status":"closed","template":"","meta":{"_acf_changed":false,"om_disable_all_campaigns":false},"product_cat":[68],"product_tag":[],"class_list":["post-5366","product","type-product","status-publish","has-post-thumbnail","hentry","product_cat-ohrhorer","pa_color-black"],"acf":[],"yoast_head":"<!-- This site is optimized with the Yoast SEO plugin v27.0 - https:\/\/yoast.com\/product\/yoast-seo-wordpress\/ -->\n<title>Palm Springs ENC Ohrh\u00f6rer aus RCS rPlastik, schwarz - Urban Vitamin<\/title>\n<meta name=\"robots\" content=\"index, follow, max-snippet:-1, max-image-preview:large, max-video-preview:-1\" \/>\n<link rel=\"canonical\" href=\"https:\/\/urban-vitamin.com\/de\/produkt\/palm-springs-enc-ohrhoerer-aus-rcs-rplastik-schwarz\/\" \/>\n<meta property=\"og:locale\" content=\"de_DE\" \/>\n<meta property=\"og:type\" content=\"article\" \/>\n<meta property=\"og:title\" content=\"Palm Springs ENC Ohrh\u00f6rer aus RCS rPlastik, schwarz - Urban Vitamin\" \/>\n<meta property=\"og:description\" content=\"\u00d6ffnen Sie das Case, setzen Sie die Ohrh\u00f6rer ein und genie\u00dfen Sie Ihre Lieblingsmusik. Die bequemen Ohrh\u00f6rer mit 40mAh haben eine Spielzeit von bis zu 6 Stunden und mit dem 350mAh Ladeetui sind dies total sogar bis zu 20 Stunden Wiedergabe. Wenn Sie einen Anruf erhalten, beantworten Sie ihn einfach in Stereoton dank des integrierten [&hellip;]\" \/>\n<meta property=\"og:url\" content=\"https:\/\/urban-vitamin.com\/de\/produkt\/palm-springs-enc-ohrhoerer-aus-rcs-rplastik-schwarz\/\" \/>\n<meta property=\"og:site_name\" content=\"Urban Vitamin\" \/>\n<meta property=\"article:modified_time\" content=\"2026-03-12T02:08:40+00:00\" \/>\n<meta property=\"og:image\" content=\"https:\/\/urban-vitamin.com\/wp-content\/uploads\/sites\/5\/2024\/02\/P329.811__S_0__6229fc79f6de4bdcbaeedce3e32ec536.jpg\" \/>\n\t<meta property=\"og:image:width\" content=\"1024\" \/>\n\t<meta property=\"og:image:height\" content=\"1024\" \/>\n\t<meta property=\"og:image:type\" content=\"image\/jpeg\" \/>\n<meta name=\"twitter:card\" content=\"summary_large_image\" \/>\n<meta name=\"twitter:label1\" content=\"Gesch\u00e4tzte Lesezeit\" \/>\n\t<meta name=\"twitter:data1\" content=\"1\u00a0Minute\" \/>\n<script type=\"application\/ld+json\" class=\"yoast-schema-graph\">{\"@context\":\"https:\/\/schema.org\",\"@graph\":[{\"@type\":\"WebPage\",\"@id\":\"https:\/\/urban-vitamin.com\/de\/produkt\/palm-springs-enc-ohrhoerer-aus-rcs-rplastik-schwarz\/\",\"url\":\"https:\/\/urban-vitamin.com\/de\/produkt\/palm-springs-enc-ohrhoerer-aus-rcs-rplastik-schwarz\/\",\"name\":\"Palm Springs ENC Ohrh\u00f6rer aus RCS rPlastik, schwarz - Urban Vitamin\",\"isPartOf\":{\"@id\":\"https:\/\/urban-vitamin.com\/de\/#website\"},\"primaryImageOfPage\":{\"@id\":\"https:\/\/urban-vitamin.com\/de\/produkt\/palm-springs-enc-ohrhoerer-aus-rcs-rplastik-schwarz\/#primaryimage\"},\"image\":{\"@id\":\"https:\/\/urban-vitamin.com\/de\/produkt\/palm-springs-enc-ohrhoerer-aus-rcs-rplastik-schwarz\/#primaryimage\"},\"thumbnailUrl\":\"https:\/\/urban-vitamin.com\/wp-content\/uploads\/sites\/5\/2024\/02\/P329.811__S_0__6229fc79f6de4bdcbaeedce3e32ec536.jpg\",\"datePublished\":\"2026-03-12T01:08:24+00:00\",\"dateModified\":\"2026-03-12T02:08:40+00:00\",\"breadcrumb\":{\"@id\":\"https:\/\/urban-vitamin.com\/de\/produkt\/palm-springs-enc-ohrhoerer-aus-rcs-rplastik-schwarz\/#breadcrumb\"},\"inLanguage\":\"de\",\"potentialAction\":[{\"@type\":\"ReadAction\",\"target\":[\"https:\/\/urban-vitamin.com\/de\/produkt\/palm-springs-enc-ohrhoerer-aus-rcs-rplastik-schwarz\/\"]}]},{\"@type\":\"ImageObject\",\"inLanguage\":\"de\",\"@id\":\"https:\/\/urban-vitamin.com\/de\/produkt\/palm-springs-enc-ohrhoerer-aus-rcs-rplastik-schwarz\/#primaryimage\",\"url\":\"https:\/\/urban-vitamin.com\/wp-content\/uploads\/sites\/5\/2024\/02\/P329.811__S_0__6229fc79f6de4bdcbaeedce3e32ec536.jpg\",\"contentUrl\":\"https:\/\/urban-vitamin.com\/wp-content\/uploads\/sites\/5\/2024\/02\/P329.811__S_0__6229fc79f6de4bdcbaeedce3e32ec536.jpg\",\"width\":1024,\"height\":1024},{\"@type\":\"BreadcrumbList\",\"@id\":\"https:\/\/urban-vitamin.com\/de\/produkt\/palm-springs-enc-ohrhoerer-aus-rcs-rplastik-schwarz\/#breadcrumb\",\"itemListElement\":[{\"@type\":\"ListItem\",\"position\":1,\"name\":\"Home\",\"item\":\"https:\/\/urban-vitamin.com\/de\/\"},{\"@type\":\"ListItem\",\"position\":2,\"name\":\"Kollektion\",\"item\":\"https:\/\/urban-vitamin.com\/de\/kollektion\/\"},{\"@type\":\"ListItem\",\"position\":3,\"name\":\"Palm Springs ENC Ohrh\u00f6rer aus RCS rPlastik, schwarz\"}]},{\"@type\":\"WebSite\",\"@id\":\"https:\/\/urban-vitamin.com\/de\/#website\",\"url\":\"https:\/\/urban-vitamin.com\/de\/\",\"name\":\"Urban Vitamin\",\"description\":\"Enjoy your daily dose of Urban Vitamin!\",\"potentialAction\":[{\"@type\":\"SearchAction\",\"target\":{\"@type\":\"EntryPoint\",\"urlTemplate\":\"https:\/\/urban-vitamin.com\/de\/?s={search_term_string}\"},\"query-input\":{\"@type\":\"PropertyValueSpecification\",\"valueRequired\":true,\"valueName\":\"search_term_string\"}}],\"inLanguage\":\"de\"}]}<\/script>\n<!-- \/ Yoast SEO plugin. -->","yoast_head_json":{"title":"Palm Springs ENC Ohrh\u00f6rer aus RCS rPlastik, schwarz - Urban Vitamin","robots":{"index":"index","follow":"follow","max-snippet":"max-snippet:-1","max-image-preview":"max-image-preview:large","max-video-preview":"max-video-preview:-1"},"canonical":"https:\/\/urban-vitamin.com\/de\/produkt\/palm-springs-enc-ohrhoerer-aus-rcs-rplastik-schwarz\/","og_locale":"de_DE","og_type":"article","og_title":"Palm Springs ENC Ohrh\u00f6rer aus RCS rPlastik, schwarz - Urban Vitamin","og_description":"\u00d6ffnen Sie das Case, setzen Sie die Ohrh\u00f6rer ein und genie\u00dfen Sie Ihre Lieblingsmusik. Die bequemen Ohrh\u00f6rer mit 40mAh haben eine Spielzeit von bis zu 6 Stunden und mit dem 350mAh Ladeetui sind dies total sogar bis zu 20 Stunden Wiedergabe. Wenn Sie einen Anruf erhalten, beantworten Sie ihn einfach in Stereoton dank des integrierten [&hellip;]","og_url":"https:\/\/urban-vitamin.com\/de\/produkt\/palm-springs-enc-ohrhoerer-aus-rcs-rplastik-schwarz\/","og_site_name":"Urban Vitamin","article_modified_time":"2026-03-12T02:08:40+00:00","og_image":[{"width":1024,"height":1024,"url":"https:\/\/urban-vitamin.com\/wp-content\/uploads\/sites\/5\/2024\/02\/P329.811__S_0__6229fc79f6de4bdcbaeedce3e32ec536.jpg","type":"image\/jpeg"}],"twitter_card":"summary_large_image","twitter_misc":{"Gesch\u00e4tzte Lesezeit":"1\u00a0Minute"},"schema":{"@context":"https:\/\/schema.org","@graph":[{"@type":"WebPage","@id":"https:\/\/urban-vitamin.com\/de\/produkt\/palm-springs-enc-ohrhoerer-aus-rcs-rplastik-schwarz\/","url":"https:\/\/urban-vitamin.com\/de\/produkt\/palm-springs-enc-ohrhoerer-aus-rcs-rplastik-schwarz\/","name":"Palm Springs ENC Ohrh\u00f6rer aus RCS rPlastik, schwarz - Urban Vitamin","isPartOf":{"@id":"https:\/\/urban-vitamin.com\/de\/#website"},"primaryImageOfPage":{"@id":"https:\/\/urban-vitamin.com\/de\/produkt\/palm-springs-enc-ohrhoerer-aus-rcs-rplastik-schwarz\/#primaryimage"},"image":{"@id":"https:\/\/urban-vitamin.com\/de\/produkt\/palm-springs-enc-ohrhoerer-aus-rcs-rplastik-schwarz\/#primaryimage"},"thumbnailUrl":"https:\/\/urban-vitamin.com\/wp-content\/uploads\/sites\/5\/2024\/02\/P329.811__S_0__6229fc79f6de4bdcbaeedce3e32ec536.jpg","datePublished":"2026-03-12T01:08:24+00:00","dateModified":"2026-03-12T02:08:40+00:00","breadcrumb":{"@id":"https:\/\/urban-vitamin.com\/de\/produkt\/palm-springs-enc-ohrhoerer-aus-rcs-rplastik-schwarz\/#breadcrumb"},"inLanguage":"de","potentialAction":[{"@type":"ReadAction","target":["https:\/\/urban-vitamin.com\/de\/produkt\/palm-springs-enc-ohrhoerer-aus-rcs-rplastik-schwarz\/"]}]},{"@type":"ImageObject","inLanguage":"de","@id":"https:\/\/urban-vitamin.com\/de\/produkt\/palm-springs-enc-ohrhoerer-aus-rcs-rplastik-schwarz\/#primaryimage","url":"https:\/\/urban-vitamin.com\/wp-content\/uploads\/sites\/5\/2024\/02\/P329.811__S_0__6229fc79f6de4bdcbaeedce3e32ec536.jpg","contentUrl":"https:\/\/urban-vitamin.com\/wp-content\/uploads\/sites\/5\/2024\/02\/P329.811__S_0__6229fc79f6de4bdcbaeedce3e32ec536.jpg","width":1024,"height":1024},{"@type":"BreadcrumbList","@id":"https:\/\/urban-vitamin.com\/de\/produkt\/palm-springs-enc-ohrhoerer-aus-rcs-rplastik-schwarz\/#breadcrumb","itemListElement":[{"@type":"ListItem","position":1,"name":"Home","item":"https:\/\/urban-vitamin.com\/de\/"},{"@type":"ListItem","position":2,"name":"Kollektion","item":"https:\/\/urban-vitamin.com\/de\/kollektion\/"},{"@type":"ListItem","position":3,"name":"Palm Springs ENC Ohrh\u00f6rer aus RCS rPlastik, schwarz"}]},{"@type":"WebSite","@id":"https:\/\/urban-vitamin.com\/de\/#website","url":"https:\/\/urban-vitamin.com\/de\/","name":"Urban Vitamin","description":"Enjoy your daily dose of Urban Vitamin!","potentialAction":[{"@type":"SearchAction","target":{"@type":"EntryPoint","urlTemplate":"https:\/\/urban-vitamin.com\/de\/?s={search_term_string}"},"query-input":{"@type":"PropertyValueSpecification","valueRequired":true,"valueName":"search_term_string"}}],"inLanguage":"de"}]}},"_links":{"self":[{"href":"https:\/\/urban-vitamin.com\/de\/wp-json\/wp\/v2\/product\/5366","targetHints":{"allow":["GET"]}}],"collection":[{"href":"https:\/\/urban-vitamin.com\/de\/wp-json\/wp\/v2\/product"}],"about":[{"href":"https:\/\/urban-vitamin.com\/de\/wp-json\/wp\/v2\/types\/product"}],"replies":[{"embeddable":true,"href":"https:\/\/urban-vitamin.com\/de\/wp-json\/wp\/v2\/comments?post=5366"}],"wp:featuredmedia":[{"embeddable":true,"href":"https:\/\/urban-vitamin.com\/de\/wp-json\/wp\/v2\/media\/17015"}],"wp:attachment":[{"href":"https:\/\/urban-vitamin.com\/de\/wp-json\/wp\/v2\/media?parent=5366"}],"wp:term":[{"taxonomy":"product_cat","embeddable":true,"href":"https:\/\/urban-vitamin.com\/de\/wp-json\/wp\/v2\/product_cat?post=5366"},{"taxonomy":"product_tag","embeddable":true,"href":"https:\/\/urban-vitamin.com\/de\/wp-json\/wp\/v2\/product_tag?post=5366"}],"curies":[{"name":"wp","href":"https:\/\/api.w.org\/{rel}","templated":true}]}}