{"id":5362,"date":"2026-03-12T01:08:24","date_gmt":"2026-03-12T01:08:24","guid":{"rendered":"https:\/\/xdsomename.tempurl.host\/urban-vitamin\/product\/belmont-wireless-kopfhoerer-schwarz\/"},"modified":"2026-03-12T02:08:34","modified_gmt":"2026-03-12T02:08:34","slug":"belmont-wireless-kopfhoerer-schwarz","status":"publish","type":"product","link":"https:\/\/urban-vitamin.com\/de\/produkt\/belmont-wireless-kopfhoerer-schwarz\/","title":{"rendered":"Belmont Wireless Kopfh\u00f6rer, schwarz"},"content":{"rendered":"<p>Einen guten Bass h\u00f6rt man nicht nur, man sp\u00fcrt ihn auch. Dr\u00fccken Sie die Bass-Taste an der Seite des Kopfh\u00f6rers, um einen zus\u00e4tzlichen Boost zu erhalten. Verlieren Sie sich in dem satten und klaren Klang. Dies ist der ultimative All-Day-Kopfh\u00f6rer mit einer beeindruckenden Spielzeit von bis zu 35 Stunden. Das schlanke, stromlinienf\u00f6rmige Over-Ear-Design macht diesen Kopfh\u00f6rer perfekt f\u00fcr den ganzen Tag. Kurze Pause gef\u00e4llig: Falten Sie den Kopfh\u00f6rer, um ihn in Ihrer Tasche oder sogar in Ihrer Jackentasche mitzunehmen. Wenn jemand anruft, f\u00fchren Sie das Telefonat einfach dank des integrierten Mikrofons. Urban Vitamin Artikel werden ohne PVC hergestellt und sind in einer Verpackung mit besonders wenig Kunststoff verpackt.<\/p>\n","protected":false},"excerpt":{"rendered":"<p>Einen guten Bass h\u00f6rt man nicht nur, man sp\u00fcrt ihn auch. Dr\u00fccken Sie die Bass-Taste an der Seite des Kopfh\u00f6rers, um einen zus\u00e4tzlichen Boost zu erhalten. Verlieren Sie sich in dem satten und klaren Klang. Dies ist der ultimative All-Day-Kopfh\u00f6rer mit einer beeindruckenden Spielzeit von bis zu 35 Stunden. Das schlanke, stromlinienf\u00f6rmige Over-Ear-Design macht diesen [&hellip;]<\/p>\n","protected":false},"featured_media":16546,"comment_status":"closed","ping_status":"closed","template":"","meta":{"_acf_changed":false,"om_disable_all_campaigns":false},"product_cat":[67],"product_tag":[],"class_list":["post-5362","product","type-product","status-publish","has-post-thumbnail","hentry","product_cat-kopfhorer","pa_color-black"],"acf":[],"yoast_head":"<!-- This site is optimized with the Yoast SEO plugin v27.0 - https:\/\/yoast.com\/product\/yoast-seo-wordpress\/ -->\n<title>Belmont Wireless Kopfh\u00f6rer, schwarz - Urban Vitamin<\/title>\n<meta name=\"robots\" content=\"index, follow, max-snippet:-1, max-image-preview:large, max-video-preview:-1\" \/>\n<link rel=\"canonical\" href=\"https:\/\/urban-vitamin.com\/de\/produkt\/belmont-wireless-kopfhoerer-schwarz\/\" \/>\n<meta property=\"og:locale\" content=\"de_DE\" \/>\n<meta property=\"og:type\" content=\"article\" \/>\n<meta property=\"og:title\" content=\"Belmont Wireless Kopfh\u00f6rer, schwarz - Urban Vitamin\" \/>\n<meta property=\"og:description\" content=\"Einen guten Bass h\u00f6rt man nicht nur, man sp\u00fcrt ihn auch. Dr\u00fccken Sie die Bass-Taste an der Seite des Kopfh\u00f6rers, um einen zus\u00e4tzlichen Boost zu erhalten. Verlieren Sie sich in dem satten und klaren Klang. Dies ist der ultimative All-Day-Kopfh\u00f6rer mit einer beeindruckenden Spielzeit von bis zu 35 Stunden. Das schlanke, stromlinienf\u00f6rmige Over-Ear-Design macht diesen [&hellip;]\" \/>\n<meta property=\"og:url\" content=\"https:\/\/urban-vitamin.com\/de\/produkt\/belmont-wireless-kopfhoerer-schwarz\/\" \/>\n<meta property=\"og:site_name\" content=\"Urban Vitamin\" \/>\n<meta property=\"article:modified_time\" content=\"2026-03-12T02:08:34+00:00\" \/>\n<meta property=\"og:image\" content=\"https:\/\/urban-vitamin.com\/wp-content\/uploads\/sites\/5\/2024\/02\/P329.761__S_0__c9214089b06c45fdbc760a3d640bbc5e.jpg\" \/>\n\t<meta property=\"og:image:width\" content=\"1024\" \/>\n\t<meta property=\"og:image:height\" content=\"1024\" \/>\n\t<meta property=\"og:image:type\" content=\"image\/jpeg\" \/>\n<meta name=\"twitter:card\" content=\"summary_large_image\" \/>\n<meta name=\"twitter:label1\" content=\"Gesch\u00e4tzte Lesezeit\" \/>\n\t<meta name=\"twitter:data1\" content=\"1\u00a0Minute\" \/>\n<script type=\"application\/ld+json\" class=\"yoast-schema-graph\">{\"@context\":\"https:\/\/schema.org\",\"@graph\":[{\"@type\":\"WebPage\",\"@id\":\"https:\/\/urban-vitamin.com\/de\/produkt\/belmont-wireless-kopfhoerer-schwarz\/\",\"url\":\"https:\/\/urban-vitamin.com\/de\/produkt\/belmont-wireless-kopfhoerer-schwarz\/\",\"name\":\"Belmont Wireless Kopfh\u00f6rer, schwarz - Urban Vitamin\",\"isPartOf\":{\"@id\":\"https:\/\/urban-vitamin.com\/de\/#website\"},\"primaryImageOfPage\":{\"@id\":\"https:\/\/urban-vitamin.com\/de\/produkt\/belmont-wireless-kopfhoerer-schwarz\/#primaryimage\"},\"image\":{\"@id\":\"https:\/\/urban-vitamin.com\/de\/produkt\/belmont-wireless-kopfhoerer-schwarz\/#primaryimage\"},\"thumbnailUrl\":\"https:\/\/urban-vitamin.com\/wp-content\/uploads\/sites\/5\/2024\/02\/P329.761__S_0__c9214089b06c45fdbc760a3d640bbc5e.jpg\",\"datePublished\":\"2026-03-12T01:08:24+00:00\",\"dateModified\":\"2026-03-12T02:08:34+00:00\",\"breadcrumb\":{\"@id\":\"https:\/\/urban-vitamin.com\/de\/produkt\/belmont-wireless-kopfhoerer-schwarz\/#breadcrumb\"},\"inLanguage\":\"de\",\"potentialAction\":[{\"@type\":\"ReadAction\",\"target\":[\"https:\/\/urban-vitamin.com\/de\/produkt\/belmont-wireless-kopfhoerer-schwarz\/\"]}]},{\"@type\":\"ImageObject\",\"inLanguage\":\"de\",\"@id\":\"https:\/\/urban-vitamin.com\/de\/produkt\/belmont-wireless-kopfhoerer-schwarz\/#primaryimage\",\"url\":\"https:\/\/urban-vitamin.com\/wp-content\/uploads\/sites\/5\/2024\/02\/P329.761__S_0__c9214089b06c45fdbc760a3d640bbc5e.jpg\",\"contentUrl\":\"https:\/\/urban-vitamin.com\/wp-content\/uploads\/sites\/5\/2024\/02\/P329.761__S_0__c9214089b06c45fdbc760a3d640bbc5e.jpg\",\"width\":1024,\"height\":1024},{\"@type\":\"BreadcrumbList\",\"@id\":\"https:\/\/urban-vitamin.com\/de\/produkt\/belmont-wireless-kopfhoerer-schwarz\/#breadcrumb\",\"itemListElement\":[{\"@type\":\"ListItem\",\"position\":1,\"name\":\"Home\",\"item\":\"https:\/\/urban-vitamin.com\/de\/\"},{\"@type\":\"ListItem\",\"position\":2,\"name\":\"Kollektion\",\"item\":\"https:\/\/urban-vitamin.com\/de\/kollektion\/\"},{\"@type\":\"ListItem\",\"position\":3,\"name\":\"Belmont Wireless Kopfh\u00f6rer, schwarz\"}]},{\"@type\":\"WebSite\",\"@id\":\"https:\/\/urban-vitamin.com\/de\/#website\",\"url\":\"https:\/\/urban-vitamin.com\/de\/\",\"name\":\"Urban Vitamin\",\"description\":\"Enjoy your daily dose of Urban Vitamin!\",\"potentialAction\":[{\"@type\":\"SearchAction\",\"target\":{\"@type\":\"EntryPoint\",\"urlTemplate\":\"https:\/\/urban-vitamin.com\/de\/?s={search_term_string}\"},\"query-input\":{\"@type\":\"PropertyValueSpecification\",\"valueRequired\":true,\"valueName\":\"search_term_string\"}}],\"inLanguage\":\"de\"}]}<\/script>\n<!-- \/ Yoast SEO plugin. -->","yoast_head_json":{"title":"Belmont Wireless Kopfh\u00f6rer, schwarz - Urban Vitamin","robots":{"index":"index","follow":"follow","max-snippet":"max-snippet:-1","max-image-preview":"max-image-preview:large","max-video-preview":"max-video-preview:-1"},"canonical":"https:\/\/urban-vitamin.com\/de\/produkt\/belmont-wireless-kopfhoerer-schwarz\/","og_locale":"de_DE","og_type":"article","og_title":"Belmont Wireless Kopfh\u00f6rer, schwarz - Urban Vitamin","og_description":"Einen guten Bass h\u00f6rt man nicht nur, man sp\u00fcrt ihn auch. Dr\u00fccken Sie die Bass-Taste an der Seite des Kopfh\u00f6rers, um einen zus\u00e4tzlichen Boost zu erhalten. Verlieren Sie sich in dem satten und klaren Klang. Dies ist der ultimative All-Day-Kopfh\u00f6rer mit einer beeindruckenden Spielzeit von bis zu 35 Stunden. Das schlanke, stromlinienf\u00f6rmige Over-Ear-Design macht diesen [&hellip;]","og_url":"https:\/\/urban-vitamin.com\/de\/produkt\/belmont-wireless-kopfhoerer-schwarz\/","og_site_name":"Urban Vitamin","article_modified_time":"2026-03-12T02:08:34+00:00","og_image":[{"width":1024,"height":1024,"url":"https:\/\/urban-vitamin.com\/wp-content\/uploads\/sites\/5\/2024\/02\/P329.761__S_0__c9214089b06c45fdbc760a3d640bbc5e.jpg","type":"image\/jpeg"}],"twitter_card":"summary_large_image","twitter_misc":{"Gesch\u00e4tzte Lesezeit":"1\u00a0Minute"},"schema":{"@context":"https:\/\/schema.org","@graph":[{"@type":"WebPage","@id":"https:\/\/urban-vitamin.com\/de\/produkt\/belmont-wireless-kopfhoerer-schwarz\/","url":"https:\/\/urban-vitamin.com\/de\/produkt\/belmont-wireless-kopfhoerer-schwarz\/","name":"Belmont Wireless Kopfh\u00f6rer, schwarz - Urban Vitamin","isPartOf":{"@id":"https:\/\/urban-vitamin.com\/de\/#website"},"primaryImageOfPage":{"@id":"https:\/\/urban-vitamin.com\/de\/produkt\/belmont-wireless-kopfhoerer-schwarz\/#primaryimage"},"image":{"@id":"https:\/\/urban-vitamin.com\/de\/produkt\/belmont-wireless-kopfhoerer-schwarz\/#primaryimage"},"thumbnailUrl":"https:\/\/urban-vitamin.com\/wp-content\/uploads\/sites\/5\/2024\/02\/P329.761__S_0__c9214089b06c45fdbc760a3d640bbc5e.jpg","datePublished":"2026-03-12T01:08:24+00:00","dateModified":"2026-03-12T02:08:34+00:00","breadcrumb":{"@id":"https:\/\/urban-vitamin.com\/de\/produkt\/belmont-wireless-kopfhoerer-schwarz\/#breadcrumb"},"inLanguage":"de","potentialAction":[{"@type":"ReadAction","target":["https:\/\/urban-vitamin.com\/de\/produkt\/belmont-wireless-kopfhoerer-schwarz\/"]}]},{"@type":"ImageObject","inLanguage":"de","@id":"https:\/\/urban-vitamin.com\/de\/produkt\/belmont-wireless-kopfhoerer-schwarz\/#primaryimage","url":"https:\/\/urban-vitamin.com\/wp-content\/uploads\/sites\/5\/2024\/02\/P329.761__S_0__c9214089b06c45fdbc760a3d640bbc5e.jpg","contentUrl":"https:\/\/urban-vitamin.com\/wp-content\/uploads\/sites\/5\/2024\/02\/P329.761__S_0__c9214089b06c45fdbc760a3d640bbc5e.jpg","width":1024,"height":1024},{"@type":"BreadcrumbList","@id":"https:\/\/urban-vitamin.com\/de\/produkt\/belmont-wireless-kopfhoerer-schwarz\/#breadcrumb","itemListElement":[{"@type":"ListItem","position":1,"name":"Home","item":"https:\/\/urban-vitamin.com\/de\/"},{"@type":"ListItem","position":2,"name":"Kollektion","item":"https:\/\/urban-vitamin.com\/de\/kollektion\/"},{"@type":"ListItem","position":3,"name":"Belmont Wireless Kopfh\u00f6rer, schwarz"}]},{"@type":"WebSite","@id":"https:\/\/urban-vitamin.com\/de\/#website","url":"https:\/\/urban-vitamin.com\/de\/","name":"Urban Vitamin","description":"Enjoy your daily dose of Urban Vitamin!","potentialAction":[{"@type":"SearchAction","target":{"@type":"EntryPoint","urlTemplate":"https:\/\/urban-vitamin.com\/de\/?s={search_term_string}"},"query-input":{"@type":"PropertyValueSpecification","valueRequired":true,"valueName":"search_term_string"}}],"inLanguage":"de"}]}},"_links":{"self":[{"href":"https:\/\/urban-vitamin.com\/de\/wp-json\/wp\/v2\/product\/5362","targetHints":{"allow":["GET"]}}],"collection":[{"href":"https:\/\/urban-vitamin.com\/de\/wp-json\/wp\/v2\/product"}],"about":[{"href":"https:\/\/urban-vitamin.com\/de\/wp-json\/wp\/v2\/types\/product"}],"replies":[{"embeddable":true,"href":"https:\/\/urban-vitamin.com\/de\/wp-json\/wp\/v2\/comments?post=5362"}],"wp:featuredmedia":[{"embeddable":true,"href":"https:\/\/urban-vitamin.com\/de\/wp-json\/wp\/v2\/media\/16546"}],"wp:attachment":[{"href":"https:\/\/urban-vitamin.com\/de\/wp-json\/wp\/v2\/media?parent=5362"}],"wp:term":[{"taxonomy":"product_cat","embeddable":true,"href":"https:\/\/urban-vitamin.com\/de\/wp-json\/wp\/v2\/product_cat?post=5362"},{"taxonomy":"product_tag","embeddable":true,"href":"https:\/\/urban-vitamin.com\/de\/wp-json\/wp\/v2\/product_tag?post=5362"}],"curies":[{"name":"wp","href":"https:\/\/api.w.org\/{rel}","templated":true}]}}