{"id":5349,"date":"2026-03-12T01:08:24","date_gmt":"2026-03-12T01:08:24","guid":{"rendered":"https:\/\/xdsomename.tempurl.host\/urban-vitamin\/product\/byron-enc-ohrhoerer-weiss\/"},"modified":"2026-04-15T01:06:50","modified_gmt":"2026-04-15T01:06:50","slug":"byron-enc-ohrhoerer-weiss","status":"publish","type":"product","link":"https:\/\/urban-vitamin.com\/de\/produkt\/byron-enc-ohrhoerer-weiss\/","title":{"rendered":"Byron ENC Ohrh\u00f6rer, wei\u00df"},"content":{"rendered":"<p>Seien Sie mit diesen kompakten, aber leistungsstarken Ohrh\u00f6rern wirklich drahtlos. Die Ohrh\u00f6rer sind mit einem Gaming-Modus mit niedriger Latenz (65 MS) ausgestattet, um die Tonverz\u00f6gerung zwischen Ihrem Bildschirm und dem Audio beim Spielen zu minimieren. Dank der Umgebungsger\u00e4uschunterdr\u00fcckung (ENC) sind Ihre Telefongespr\u00e4che kristallklar, da Umgebungsger\u00e4usche w\u00e4hrend Ihres Anrufs herausgefiltert werden. Mit Touch-Control-Funktion zur Anrufannahme. Die komfortablen Ohrh\u00f6rer haben eine H\u00f6rzeit von bis zu 5 Stunden und das Ladeetui im \u200b\u200bTaschenformat erm\u00f6glicht bis zu 18 Stunden Wiedergabe. Das IPX 4-Rating macht die Ohrh\u00f6rer wetter- und schwei\u00dffest. Urban Vitamin Artikel werden ohne PVC hergestellt und sind in einer Verpackung mit besonders wenig Kunststoff verpackt.<\/p>\n","protected":false},"excerpt":{"rendered":"<p>Seien Sie mit diesen kompakten, aber leistungsstarken Ohrh\u00f6rern wirklich drahtlos. Die Ohrh\u00f6rer sind mit einem Gaming-Modus mit niedriger Latenz (65 MS) ausgestattet, um die Tonverz\u00f6gerung zwischen Ihrem Bildschirm und dem Audio beim Spielen zu minimieren. Dank der Umgebungsger\u00e4uschunterdr\u00fcckung (ENC) sind Ihre Telefongespr\u00e4che kristallklar, da Umgebungsger\u00e4usche w\u00e4hrend Ihres Anrufs herausgefiltert werden. Mit Touch-Control-Funktion zur Anrufannahme. Die [&hellip;]<\/p>\n","protected":false},"featured_media":15783,"comment_status":"closed","ping_status":"closed","template":"","meta":{"_acf_changed":false,"om_disable_all_campaigns":false},"product_cat":[68],"product_tag":[],"class_list":["post-5349","product","type-product","status-publish","has-post-thumbnail","hentry","product_cat-ohrhorer","pa_color-white"],"acf":[],"yoast_head":"<!-- This site is optimized with the Yoast SEO plugin v27.0 - https:\/\/yoast.com\/product\/yoast-seo-wordpress\/ -->\n<title>Byron ENC Ohrh\u00f6rer, wei\u00df - Urban Vitamin<\/title>\n<meta name=\"robots\" content=\"index, follow, max-snippet:-1, max-image-preview:large, max-video-preview:-1\" \/>\n<link rel=\"canonical\" href=\"https:\/\/urban-vitamin.com\/de\/produkt\/byron-enc-ohrhoerer-weiss\/\" \/>\n<meta property=\"og:locale\" content=\"de_DE\" \/>\n<meta property=\"og:type\" content=\"article\" \/>\n<meta property=\"og:title\" content=\"Byron ENC Ohrh\u00f6rer, wei\u00df - Urban Vitamin\" \/>\n<meta property=\"og:description\" content=\"Seien Sie mit diesen kompakten, aber leistungsstarken Ohrh\u00f6rern wirklich drahtlos. Die Ohrh\u00f6rer sind mit einem Gaming-Modus mit niedriger Latenz (65 MS) ausgestattet, um die Tonverz\u00f6gerung zwischen Ihrem Bildschirm und dem Audio beim Spielen zu minimieren. Dank der Umgebungsger\u00e4uschunterdr\u00fcckung (ENC) sind Ihre Telefongespr\u00e4che kristallklar, da Umgebungsger\u00e4usche w\u00e4hrend Ihres Anrufs herausgefiltert werden. Mit Touch-Control-Funktion zur Anrufannahme. Die [&hellip;]\" \/>\n<meta property=\"og:url\" content=\"https:\/\/urban-vitamin.com\/de\/produkt\/byron-enc-ohrhoerer-weiss\/\" \/>\n<meta property=\"og:site_name\" content=\"Urban Vitamin\" \/>\n<meta property=\"article:modified_time\" content=\"2026-04-15T01:06:50+00:00\" \/>\n<meta property=\"og:image\" content=\"https:\/\/urban-vitamin.com\/wp-content\/uploads\/sites\/5\/2024\/02\/P329.733__B_1__3c636bccaace4cb7b2fa06136b5f42b5.jpg\" \/>\n\t<meta property=\"og:image:width\" content=\"1024\" \/>\n\t<meta property=\"og:image:height\" content=\"1024\" \/>\n\t<meta property=\"og:image:type\" content=\"image\/jpeg\" \/>\n<meta name=\"twitter:card\" content=\"summary_large_image\" \/>\n<meta name=\"twitter:label1\" content=\"Gesch\u00e4tzte Lesezeit\" \/>\n\t<meta name=\"twitter:data1\" content=\"1\u00a0Minute\" \/>\n<script type=\"application\/ld+json\" class=\"yoast-schema-graph\">{\"@context\":\"https:\/\/schema.org\",\"@graph\":[{\"@type\":\"WebPage\",\"@id\":\"https:\/\/urban-vitamin.com\/de\/produkt\/byron-enc-ohrhoerer-weiss\/\",\"url\":\"https:\/\/urban-vitamin.com\/de\/produkt\/byron-enc-ohrhoerer-weiss\/\",\"name\":\"Byron ENC Ohrh\u00f6rer, wei\u00df - Urban Vitamin\",\"isPartOf\":{\"@id\":\"https:\/\/urban-vitamin.com\/de\/#website\"},\"primaryImageOfPage\":{\"@id\":\"https:\/\/urban-vitamin.com\/de\/produkt\/byron-enc-ohrhoerer-weiss\/#primaryimage\"},\"image\":{\"@id\":\"https:\/\/urban-vitamin.com\/de\/produkt\/byron-enc-ohrhoerer-weiss\/#primaryimage\"},\"thumbnailUrl\":\"https:\/\/urban-vitamin.com\/wp-content\/uploads\/sites\/5\/2024\/02\/P329.733__B_1__3c636bccaace4cb7b2fa06136b5f42b5.jpg\",\"datePublished\":\"2026-03-12T01:08:24+00:00\",\"dateModified\":\"2026-04-15T01:06:50+00:00\",\"breadcrumb\":{\"@id\":\"https:\/\/urban-vitamin.com\/de\/produkt\/byron-enc-ohrhoerer-weiss\/#breadcrumb\"},\"inLanguage\":\"de\",\"potentialAction\":[{\"@type\":\"ReadAction\",\"target\":[\"https:\/\/urban-vitamin.com\/de\/produkt\/byron-enc-ohrhoerer-weiss\/\"]}]},{\"@type\":\"ImageObject\",\"inLanguage\":\"de\",\"@id\":\"https:\/\/urban-vitamin.com\/de\/produkt\/byron-enc-ohrhoerer-weiss\/#primaryimage\",\"url\":\"https:\/\/urban-vitamin.com\/wp-content\/uploads\/sites\/5\/2024\/02\/P329.733__B_1__3c636bccaace4cb7b2fa06136b5f42b5.jpg\",\"contentUrl\":\"https:\/\/urban-vitamin.com\/wp-content\/uploads\/sites\/5\/2024\/02\/P329.733__B_1__3c636bccaace4cb7b2fa06136b5f42b5.jpg\",\"width\":1024,\"height\":1024},{\"@type\":\"BreadcrumbList\",\"@id\":\"https:\/\/urban-vitamin.com\/de\/produkt\/byron-enc-ohrhoerer-weiss\/#breadcrumb\",\"itemListElement\":[{\"@type\":\"ListItem\",\"position\":1,\"name\":\"Home\",\"item\":\"https:\/\/urban-vitamin.com\/de\/\"},{\"@type\":\"ListItem\",\"position\":2,\"name\":\"Kollektion\",\"item\":\"https:\/\/urban-vitamin.com\/de\/kollektion\/\"},{\"@type\":\"ListItem\",\"position\":3,\"name\":\"Byron ENC Ohrh\u00f6rer, wei\u00df\"}]},{\"@type\":\"WebSite\",\"@id\":\"https:\/\/urban-vitamin.com\/de\/#website\",\"url\":\"https:\/\/urban-vitamin.com\/de\/\",\"name\":\"Urban Vitamin\",\"description\":\"Enjoy your daily dose of Urban Vitamin!\",\"potentialAction\":[{\"@type\":\"SearchAction\",\"target\":{\"@type\":\"EntryPoint\",\"urlTemplate\":\"https:\/\/urban-vitamin.com\/de\/?s={search_term_string}\"},\"query-input\":{\"@type\":\"PropertyValueSpecification\",\"valueRequired\":true,\"valueName\":\"search_term_string\"}}],\"inLanguage\":\"de\"}]}<\/script>\n<!-- \/ Yoast SEO plugin. -->","yoast_head_json":{"title":"Byron ENC Ohrh\u00f6rer, wei\u00df - Urban Vitamin","robots":{"index":"index","follow":"follow","max-snippet":"max-snippet:-1","max-image-preview":"max-image-preview:large","max-video-preview":"max-video-preview:-1"},"canonical":"https:\/\/urban-vitamin.com\/de\/produkt\/byron-enc-ohrhoerer-weiss\/","og_locale":"de_DE","og_type":"article","og_title":"Byron ENC Ohrh\u00f6rer, wei\u00df - Urban Vitamin","og_description":"Seien Sie mit diesen kompakten, aber leistungsstarken Ohrh\u00f6rern wirklich drahtlos. Die Ohrh\u00f6rer sind mit einem Gaming-Modus mit niedriger Latenz (65 MS) ausgestattet, um die Tonverz\u00f6gerung zwischen Ihrem Bildschirm und dem Audio beim Spielen zu minimieren. Dank der Umgebungsger\u00e4uschunterdr\u00fcckung (ENC) sind Ihre Telefongespr\u00e4che kristallklar, da Umgebungsger\u00e4usche w\u00e4hrend Ihres Anrufs herausgefiltert werden. Mit Touch-Control-Funktion zur Anrufannahme. Die [&hellip;]","og_url":"https:\/\/urban-vitamin.com\/de\/produkt\/byron-enc-ohrhoerer-weiss\/","og_site_name":"Urban Vitamin","article_modified_time":"2026-04-15T01:06:50+00:00","og_image":[{"width":1024,"height":1024,"url":"https:\/\/urban-vitamin.com\/wp-content\/uploads\/sites\/5\/2024\/02\/P329.733__B_1__3c636bccaace4cb7b2fa06136b5f42b5.jpg","type":"image\/jpeg"}],"twitter_card":"summary_large_image","twitter_misc":{"Gesch\u00e4tzte Lesezeit":"1\u00a0Minute"},"schema":{"@context":"https:\/\/schema.org","@graph":[{"@type":"WebPage","@id":"https:\/\/urban-vitamin.com\/de\/produkt\/byron-enc-ohrhoerer-weiss\/","url":"https:\/\/urban-vitamin.com\/de\/produkt\/byron-enc-ohrhoerer-weiss\/","name":"Byron ENC Ohrh\u00f6rer, wei\u00df - Urban Vitamin","isPartOf":{"@id":"https:\/\/urban-vitamin.com\/de\/#website"},"primaryImageOfPage":{"@id":"https:\/\/urban-vitamin.com\/de\/produkt\/byron-enc-ohrhoerer-weiss\/#primaryimage"},"image":{"@id":"https:\/\/urban-vitamin.com\/de\/produkt\/byron-enc-ohrhoerer-weiss\/#primaryimage"},"thumbnailUrl":"https:\/\/urban-vitamin.com\/wp-content\/uploads\/sites\/5\/2024\/02\/P329.733__B_1__3c636bccaace4cb7b2fa06136b5f42b5.jpg","datePublished":"2026-03-12T01:08:24+00:00","dateModified":"2026-04-15T01:06:50+00:00","breadcrumb":{"@id":"https:\/\/urban-vitamin.com\/de\/produkt\/byron-enc-ohrhoerer-weiss\/#breadcrumb"},"inLanguage":"de","potentialAction":[{"@type":"ReadAction","target":["https:\/\/urban-vitamin.com\/de\/produkt\/byron-enc-ohrhoerer-weiss\/"]}]},{"@type":"ImageObject","inLanguage":"de","@id":"https:\/\/urban-vitamin.com\/de\/produkt\/byron-enc-ohrhoerer-weiss\/#primaryimage","url":"https:\/\/urban-vitamin.com\/wp-content\/uploads\/sites\/5\/2024\/02\/P329.733__B_1__3c636bccaace4cb7b2fa06136b5f42b5.jpg","contentUrl":"https:\/\/urban-vitamin.com\/wp-content\/uploads\/sites\/5\/2024\/02\/P329.733__B_1__3c636bccaace4cb7b2fa06136b5f42b5.jpg","width":1024,"height":1024},{"@type":"BreadcrumbList","@id":"https:\/\/urban-vitamin.com\/de\/produkt\/byron-enc-ohrhoerer-weiss\/#breadcrumb","itemListElement":[{"@type":"ListItem","position":1,"name":"Home","item":"https:\/\/urban-vitamin.com\/de\/"},{"@type":"ListItem","position":2,"name":"Kollektion","item":"https:\/\/urban-vitamin.com\/de\/kollektion\/"},{"@type":"ListItem","position":3,"name":"Byron ENC Ohrh\u00f6rer, wei\u00df"}]},{"@type":"WebSite","@id":"https:\/\/urban-vitamin.com\/de\/#website","url":"https:\/\/urban-vitamin.com\/de\/","name":"Urban Vitamin","description":"Enjoy your daily dose of Urban Vitamin!","potentialAction":[{"@type":"SearchAction","target":{"@type":"EntryPoint","urlTemplate":"https:\/\/urban-vitamin.com\/de\/?s={search_term_string}"},"query-input":{"@type":"PropertyValueSpecification","valueRequired":true,"valueName":"search_term_string"}}],"inLanguage":"de"}]}},"_links":{"self":[{"href":"https:\/\/urban-vitamin.com\/de\/wp-json\/wp\/v2\/product\/5349","targetHints":{"allow":["GET"]}}],"collection":[{"href":"https:\/\/urban-vitamin.com\/de\/wp-json\/wp\/v2\/product"}],"about":[{"href":"https:\/\/urban-vitamin.com\/de\/wp-json\/wp\/v2\/types\/product"}],"replies":[{"embeddable":true,"href":"https:\/\/urban-vitamin.com\/de\/wp-json\/wp\/v2\/comments?post=5349"}],"wp:featuredmedia":[{"embeddable":true,"href":"https:\/\/urban-vitamin.com\/de\/wp-json\/wp\/v2\/media\/15783"}],"wp:attachment":[{"href":"https:\/\/urban-vitamin.com\/de\/wp-json\/wp\/v2\/media?parent=5349"}],"wp:term":[{"taxonomy":"product_cat","embeddable":true,"href":"https:\/\/urban-vitamin.com\/de\/wp-json\/wp\/v2\/product_cat?post=5349"},{"taxonomy":"product_tag","embeddable":true,"href":"https:\/\/urban-vitamin.com\/de\/wp-json\/wp\/v2\/product_tag?post=5349"}],"curies":[{"name":"wp","href":"https:\/\/api.w.org\/{rel}","templated":true}]}}