{"id":5339,"date":"2026-03-12T01:08:06","date_gmt":"2026-03-12T01:08:06","guid":{"rendered":"https:\/\/xdsomename.tempurl.host\/urban-vitamin\/product\/palo-alto-kopfhoerer-aus-rcs-kunststoff-schwarz\/"},"modified":"2026-03-12T02:08:22","modified_gmt":"2026-03-12T02:08:22","slug":"palo-alto-kopfhoerer-aus-rcs-kunststoff-schwarz","status":"publish","type":"product","link":"https:\/\/urban-vitamin.com\/de\/produkt\/palo-alto-kopfhoerer-aus-rcs-kunststoff-schwarz\/","title":{"rendered":"Palo Alto Kopfh\u00f6rer aus RCS Kunststoff, schwarz"},"content":{"rendered":"<p>Sie sp\u00fcren es sofort, wenn Sie ihn aufsetzen, dies ist der perfekte Kopfh\u00f6rer, um sich von Ihrer Lieblingsmusik mitrei\u00dfen zu lassen, denn die weichen Kissen passen perfekt auf Ihr Ohr. Durch das drehbare Design passen sie noch besser und der tiefe, klare Klang flie\u00dft f\u00f6rmlich zu Ihren Ohren. Der 500mAh Akku sorgt f\u00fcr bis zu 60 Stunden ununterbrochen Musik, Podcasts oder Videos. Mit integrierten Mikrofon um auch Telefonate f\u00fchren zu k\u00f6nnen. Zudem ist er faltbar, damit er problemlos in Ihren Rucksack passt. Der Kopfh\u00f6rer besteht aus RCS (Recycled Claim Standard)-zertifiziert recyceltem ABS. Gesamter Recyclinganteil: 65% bezogen auf das Gesamtgewicht des Artikels. Die RCS-Zertifizierung gew\u00e4hrleistet eine vollst\u00e4ndig zertifizierte Lieferkette der recycelten Materialien. Urban Vitamin Artikel werden ohne PVC hergestellt und sind in plastikreduzierten Verpackungen verpackt. Inklusive rPet-Beutel mit AWARE\u2122-Tracer.<\/p>\n","protected":false},"excerpt":{"rendered":"<p>Sie sp\u00fcren es sofort, wenn Sie ihn aufsetzen, dies ist der perfekte Kopfh\u00f6rer, um sich von Ihrer Lieblingsmusik mitrei\u00dfen zu lassen, denn die weichen Kissen passen perfekt auf Ihr Ohr. Durch das drehbare Design passen sie noch besser und der tiefe, klare Klang flie\u00dft f\u00f6rmlich zu Ihren Ohren. Der 500mAh Akku sorgt f\u00fcr bis zu [&hellip;]<\/p>\n","protected":false},"featured_media":14264,"comment_status":"closed","ping_status":"closed","template":"","meta":{"_acf_changed":false,"om_disable_all_campaigns":false},"product_cat":[67],"product_tag":[],"class_list":["post-5339","product","type-product","status-publish","has-post-thumbnail","hentry","product_cat-kopfhorer","pa_color-black"],"acf":[],"yoast_head":"<!-- This site is optimized with the Yoast SEO plugin v27.0 - https:\/\/yoast.com\/product\/yoast-seo-wordpress\/ -->\n<title>Palo Alto Kopfh\u00f6rer aus RCS Kunststoff, schwarz - Urban Vitamin<\/title>\n<meta name=\"robots\" content=\"index, follow, max-snippet:-1, max-image-preview:large, max-video-preview:-1\" \/>\n<link rel=\"canonical\" href=\"https:\/\/urban-vitamin.com\/de\/produkt\/palo-alto-kopfhoerer-aus-rcs-kunststoff-schwarz\/\" \/>\n<meta property=\"og:locale\" content=\"de_DE\" \/>\n<meta property=\"og:type\" content=\"article\" \/>\n<meta property=\"og:title\" content=\"Palo Alto Kopfh\u00f6rer aus RCS Kunststoff, schwarz - Urban Vitamin\" \/>\n<meta property=\"og:description\" content=\"Sie sp\u00fcren es sofort, wenn Sie ihn aufsetzen, dies ist der perfekte Kopfh\u00f6rer, um sich von Ihrer Lieblingsmusik mitrei\u00dfen zu lassen, denn die weichen Kissen passen perfekt auf Ihr Ohr. Durch das drehbare Design passen sie noch besser und der tiefe, klare Klang flie\u00dft f\u00f6rmlich zu Ihren Ohren. Der 500mAh Akku sorgt f\u00fcr bis zu [&hellip;]\" \/>\n<meta property=\"og:url\" content=\"https:\/\/urban-vitamin.com\/de\/produkt\/palo-alto-kopfhoerer-aus-rcs-kunststoff-schwarz\/\" \/>\n<meta property=\"og:site_name\" content=\"Urban Vitamin\" \/>\n<meta property=\"article:modified_time\" content=\"2026-03-12T02:08:22+00:00\" \/>\n<meta property=\"og:image\" content=\"https:\/\/urban-vitamin.com\/wp-content\/uploads\/sites\/5\/2024\/02\/P329.491__S_0__904948e49160421ab6f5a5565260d46a.jpg\" \/>\n\t<meta property=\"og:image:width\" content=\"1024\" \/>\n\t<meta property=\"og:image:height\" content=\"1024\" \/>\n\t<meta property=\"og:image:type\" content=\"image\/jpeg\" \/>\n<meta name=\"twitter:card\" content=\"summary_large_image\" \/>\n<meta name=\"twitter:label1\" content=\"Gesch\u00e4tzte Lesezeit\" \/>\n\t<meta name=\"twitter:data1\" content=\"1\u00a0Minute\" \/>\n<script type=\"application\/ld+json\" class=\"yoast-schema-graph\">{\"@context\":\"https:\/\/schema.org\",\"@graph\":[{\"@type\":\"WebPage\",\"@id\":\"https:\/\/urban-vitamin.com\/de\/produkt\/palo-alto-kopfhoerer-aus-rcs-kunststoff-schwarz\/\",\"url\":\"https:\/\/urban-vitamin.com\/de\/produkt\/palo-alto-kopfhoerer-aus-rcs-kunststoff-schwarz\/\",\"name\":\"Palo Alto Kopfh\u00f6rer aus RCS Kunststoff, schwarz - Urban Vitamin\",\"isPartOf\":{\"@id\":\"https:\/\/urban-vitamin.com\/de\/#website\"},\"primaryImageOfPage\":{\"@id\":\"https:\/\/urban-vitamin.com\/de\/produkt\/palo-alto-kopfhoerer-aus-rcs-kunststoff-schwarz\/#primaryimage\"},\"image\":{\"@id\":\"https:\/\/urban-vitamin.com\/de\/produkt\/palo-alto-kopfhoerer-aus-rcs-kunststoff-schwarz\/#primaryimage\"},\"thumbnailUrl\":\"https:\/\/urban-vitamin.com\/wp-content\/uploads\/sites\/5\/2024\/02\/P329.491__S_0__904948e49160421ab6f5a5565260d46a.jpg\",\"datePublished\":\"2026-03-12T01:08:06+00:00\",\"dateModified\":\"2026-03-12T02:08:22+00:00\",\"breadcrumb\":{\"@id\":\"https:\/\/urban-vitamin.com\/de\/produkt\/palo-alto-kopfhoerer-aus-rcs-kunststoff-schwarz\/#breadcrumb\"},\"inLanguage\":\"de\",\"potentialAction\":[{\"@type\":\"ReadAction\",\"target\":[\"https:\/\/urban-vitamin.com\/de\/produkt\/palo-alto-kopfhoerer-aus-rcs-kunststoff-schwarz\/\"]}]},{\"@type\":\"ImageObject\",\"inLanguage\":\"de\",\"@id\":\"https:\/\/urban-vitamin.com\/de\/produkt\/palo-alto-kopfhoerer-aus-rcs-kunststoff-schwarz\/#primaryimage\",\"url\":\"https:\/\/urban-vitamin.com\/wp-content\/uploads\/sites\/5\/2024\/02\/P329.491__S_0__904948e49160421ab6f5a5565260d46a.jpg\",\"contentUrl\":\"https:\/\/urban-vitamin.com\/wp-content\/uploads\/sites\/5\/2024\/02\/P329.491__S_0__904948e49160421ab6f5a5565260d46a.jpg\",\"width\":1024,\"height\":1024},{\"@type\":\"BreadcrumbList\",\"@id\":\"https:\/\/urban-vitamin.com\/de\/produkt\/palo-alto-kopfhoerer-aus-rcs-kunststoff-schwarz\/#breadcrumb\",\"itemListElement\":[{\"@type\":\"ListItem\",\"position\":1,\"name\":\"Home\",\"item\":\"https:\/\/urban-vitamin.com\/de\/\"},{\"@type\":\"ListItem\",\"position\":2,\"name\":\"Kollektion\",\"item\":\"https:\/\/urban-vitamin.com\/de\/kollektion\/\"},{\"@type\":\"ListItem\",\"position\":3,\"name\":\"Palo Alto Kopfh\u00f6rer aus RCS Kunststoff, schwarz\"}]},{\"@type\":\"WebSite\",\"@id\":\"https:\/\/urban-vitamin.com\/de\/#website\",\"url\":\"https:\/\/urban-vitamin.com\/de\/\",\"name\":\"Urban Vitamin\",\"description\":\"Enjoy your daily dose of Urban Vitamin!\",\"potentialAction\":[{\"@type\":\"SearchAction\",\"target\":{\"@type\":\"EntryPoint\",\"urlTemplate\":\"https:\/\/urban-vitamin.com\/de\/?s={search_term_string}\"},\"query-input\":{\"@type\":\"PropertyValueSpecification\",\"valueRequired\":true,\"valueName\":\"search_term_string\"}}],\"inLanguage\":\"de\"}]}<\/script>\n<!-- \/ Yoast SEO plugin. -->","yoast_head_json":{"title":"Palo Alto Kopfh\u00f6rer aus RCS Kunststoff, schwarz - Urban Vitamin","robots":{"index":"index","follow":"follow","max-snippet":"max-snippet:-1","max-image-preview":"max-image-preview:large","max-video-preview":"max-video-preview:-1"},"canonical":"https:\/\/urban-vitamin.com\/de\/produkt\/palo-alto-kopfhoerer-aus-rcs-kunststoff-schwarz\/","og_locale":"de_DE","og_type":"article","og_title":"Palo Alto Kopfh\u00f6rer aus RCS Kunststoff, schwarz - Urban Vitamin","og_description":"Sie sp\u00fcren es sofort, wenn Sie ihn aufsetzen, dies ist der perfekte Kopfh\u00f6rer, um sich von Ihrer Lieblingsmusik mitrei\u00dfen zu lassen, denn die weichen Kissen passen perfekt auf Ihr Ohr. Durch das drehbare Design passen sie noch besser und der tiefe, klare Klang flie\u00dft f\u00f6rmlich zu Ihren Ohren. Der 500mAh Akku sorgt f\u00fcr bis zu [&hellip;]","og_url":"https:\/\/urban-vitamin.com\/de\/produkt\/palo-alto-kopfhoerer-aus-rcs-kunststoff-schwarz\/","og_site_name":"Urban Vitamin","article_modified_time":"2026-03-12T02:08:22+00:00","og_image":[{"width":1024,"height":1024,"url":"https:\/\/urban-vitamin.com\/wp-content\/uploads\/sites\/5\/2024\/02\/P329.491__S_0__904948e49160421ab6f5a5565260d46a.jpg","type":"image\/jpeg"}],"twitter_card":"summary_large_image","twitter_misc":{"Gesch\u00e4tzte Lesezeit":"1\u00a0Minute"},"schema":{"@context":"https:\/\/schema.org","@graph":[{"@type":"WebPage","@id":"https:\/\/urban-vitamin.com\/de\/produkt\/palo-alto-kopfhoerer-aus-rcs-kunststoff-schwarz\/","url":"https:\/\/urban-vitamin.com\/de\/produkt\/palo-alto-kopfhoerer-aus-rcs-kunststoff-schwarz\/","name":"Palo Alto Kopfh\u00f6rer aus RCS Kunststoff, schwarz - Urban Vitamin","isPartOf":{"@id":"https:\/\/urban-vitamin.com\/de\/#website"},"primaryImageOfPage":{"@id":"https:\/\/urban-vitamin.com\/de\/produkt\/palo-alto-kopfhoerer-aus-rcs-kunststoff-schwarz\/#primaryimage"},"image":{"@id":"https:\/\/urban-vitamin.com\/de\/produkt\/palo-alto-kopfhoerer-aus-rcs-kunststoff-schwarz\/#primaryimage"},"thumbnailUrl":"https:\/\/urban-vitamin.com\/wp-content\/uploads\/sites\/5\/2024\/02\/P329.491__S_0__904948e49160421ab6f5a5565260d46a.jpg","datePublished":"2026-03-12T01:08:06+00:00","dateModified":"2026-03-12T02:08:22+00:00","breadcrumb":{"@id":"https:\/\/urban-vitamin.com\/de\/produkt\/palo-alto-kopfhoerer-aus-rcs-kunststoff-schwarz\/#breadcrumb"},"inLanguage":"de","potentialAction":[{"@type":"ReadAction","target":["https:\/\/urban-vitamin.com\/de\/produkt\/palo-alto-kopfhoerer-aus-rcs-kunststoff-schwarz\/"]}]},{"@type":"ImageObject","inLanguage":"de","@id":"https:\/\/urban-vitamin.com\/de\/produkt\/palo-alto-kopfhoerer-aus-rcs-kunststoff-schwarz\/#primaryimage","url":"https:\/\/urban-vitamin.com\/wp-content\/uploads\/sites\/5\/2024\/02\/P329.491__S_0__904948e49160421ab6f5a5565260d46a.jpg","contentUrl":"https:\/\/urban-vitamin.com\/wp-content\/uploads\/sites\/5\/2024\/02\/P329.491__S_0__904948e49160421ab6f5a5565260d46a.jpg","width":1024,"height":1024},{"@type":"BreadcrumbList","@id":"https:\/\/urban-vitamin.com\/de\/produkt\/palo-alto-kopfhoerer-aus-rcs-kunststoff-schwarz\/#breadcrumb","itemListElement":[{"@type":"ListItem","position":1,"name":"Home","item":"https:\/\/urban-vitamin.com\/de\/"},{"@type":"ListItem","position":2,"name":"Kollektion","item":"https:\/\/urban-vitamin.com\/de\/kollektion\/"},{"@type":"ListItem","position":3,"name":"Palo Alto Kopfh\u00f6rer aus RCS Kunststoff, schwarz"}]},{"@type":"WebSite","@id":"https:\/\/urban-vitamin.com\/de\/#website","url":"https:\/\/urban-vitamin.com\/de\/","name":"Urban Vitamin","description":"Enjoy your daily dose of Urban Vitamin!","potentialAction":[{"@type":"SearchAction","target":{"@type":"EntryPoint","urlTemplate":"https:\/\/urban-vitamin.com\/de\/?s={search_term_string}"},"query-input":{"@type":"PropertyValueSpecification","valueRequired":true,"valueName":"search_term_string"}}],"inLanguage":"de"}]}},"_links":{"self":[{"href":"https:\/\/urban-vitamin.com\/de\/wp-json\/wp\/v2\/product\/5339","targetHints":{"allow":["GET"]}}],"collection":[{"href":"https:\/\/urban-vitamin.com\/de\/wp-json\/wp\/v2\/product"}],"about":[{"href":"https:\/\/urban-vitamin.com\/de\/wp-json\/wp\/v2\/types\/product"}],"replies":[{"embeddable":true,"href":"https:\/\/urban-vitamin.com\/de\/wp-json\/wp\/v2\/comments?post=5339"}],"wp:featuredmedia":[{"embeddable":true,"href":"https:\/\/urban-vitamin.com\/de\/wp-json\/wp\/v2\/media\/14264"}],"wp:attachment":[{"href":"https:\/\/urban-vitamin.com\/de\/wp-json\/wp\/v2\/media?parent=5339"}],"wp:term":[{"taxonomy":"product_cat","embeddable":true,"href":"https:\/\/urban-vitamin.com\/de\/wp-json\/wp\/v2\/product_cat?post=5339"},{"taxonomy":"product_tag","embeddable":true,"href":"https:\/\/urban-vitamin.com\/de\/wp-json\/wp\/v2\/product_tag?post=5339"}],"curies":[{"name":"wp","href":"https:\/\/api.w.org\/{rel}","templated":true}]}}