{"id":5335,"date":"2026-04-16T00:06:26","date_gmt":"2026-04-16T00:06:26","guid":{"rendered":"https:\/\/xdsomename.tempurl.host\/urban-vitamin\/product\/pasadena-20-000mah-18w-pd-powerbank-schwarz\/"},"modified":"2026-04-16T01:06:24","modified_gmt":"2026-04-16T01:06:24","slug":"pasadena-20-000mah-18w-pd-powerbank-schwarz","status":"publish","type":"product","link":"https:\/\/urban-vitamin.com\/de\/produkt\/pasadena-20-000mah-18w-pd-powerbank-schwarz\/","title":{"rendered":"Pasadena 20.000mAh 18W PD Powerbank, schwarz"},"content":{"rendered":"<p>Laden Sie Ihr Telefon mit dieser Schnelllade-Powerbank bis zu 5-mal auf. Dank des ultraschnellen Typ C 18W PD Ports l\u00e4dt sich die Powerbank in Rekordzeit auf. Das Aufladen Ihres Telefons bis zu 50% dauert nur 30 Minuten. Langsames Laden geh\u00f6rt der Vergangenheit an. Die Powerbank enth\u00e4lt einen langlebigen 20.000-mAh-A-Grade-Akku , um alle Ihre Ger\u00e4te auf Ihren Reisen und Abenteuern aufzuladen. Der doppelte USB-A und Type-C-Anschluss erm\u00f6glicht das gleichzeitige Aufladen von bis zu 3 Ger\u00e4ten. Urban Vitamin Artikel werden ohne PVC hergestellt und sind in einer Verpackung mit besonders wenig Kunststoff verpackt. Typ-C-Input: 5V\/3A, 9V\/2A; Micro-USB-Input: 5V\/2A, 9V\/2A; Type-C-Output: 5V\/3A, 9V\/2A, 12V\/1,5A; USB-Output: 5V\/2,4A, 9V\/2A, 12V\/1,5A.<\/p>\n","protected":false},"excerpt":{"rendered":"<p>Laden Sie Ihr Telefon mit dieser Schnelllade-Powerbank bis zu 5-mal auf. Dank des ultraschnellen Typ C 18W PD Ports l\u00e4dt sich die Powerbank in Rekordzeit auf. Das Aufladen Ihres Telefons bis zu 50% dauert nur 30 Minuten. Langsames Laden geh\u00f6rt der Vergangenheit an. Die Powerbank enth\u00e4lt einen langlebigen 20.000-mAh-A-Grade-Akku , um alle Ihre Ger\u00e4te auf [&hellip;]<\/p>\n","protected":false},"featured_media":27635,"comment_status":"closed","ping_status":"closed","template":"","meta":{"_acf_changed":false,"om_disable_all_campaigns":false},"product_cat":[70],"product_tag":[],"class_list":["post-5335","product","type-product","status-publish","has-post-thumbnail","hentry","product_cat-powerbanks-de","pa_color-black"],"acf":[],"yoast_head":"<!-- This site is optimized with the Yoast SEO plugin v27.0 - https:\/\/yoast.com\/product\/yoast-seo-wordpress\/ -->\n<title>Pasadena 20.000mAh 18W PD Powerbank, schwarz - Urban Vitamin<\/title>\n<meta name=\"robots\" content=\"index, follow, max-snippet:-1, max-image-preview:large, max-video-preview:-1\" \/>\n<link rel=\"canonical\" href=\"https:\/\/urban-vitamin.com\/de\/produkt\/pasadena-20-000mah-18w-pd-powerbank-schwarz\/\" \/>\n<meta property=\"og:locale\" content=\"de_DE\" \/>\n<meta property=\"og:type\" content=\"article\" \/>\n<meta property=\"og:title\" content=\"Pasadena 20.000mAh 18W PD Powerbank, schwarz - Urban Vitamin\" \/>\n<meta property=\"og:description\" content=\"Laden Sie Ihr Telefon mit dieser Schnelllade-Powerbank bis zu 5-mal auf. Dank des ultraschnellen Typ C 18W PD Ports l\u00e4dt sich die Powerbank in Rekordzeit auf. Das Aufladen Ihres Telefons bis zu 50% dauert nur 30 Minuten. Langsames Laden geh\u00f6rt der Vergangenheit an. Die Powerbank enth\u00e4lt einen langlebigen 20.000-mAh-A-Grade-Akku , um alle Ihre Ger\u00e4te auf [&hellip;]\" \/>\n<meta property=\"og:url\" content=\"https:\/\/urban-vitamin.com\/de\/produkt\/pasadena-20-000mah-18w-pd-powerbank-schwarz\/\" \/>\n<meta property=\"og:site_name\" content=\"Urban Vitamin\" \/>\n<meta property=\"article:modified_time\" content=\"2026-04-16T01:06:24+00:00\" \/>\n<meta property=\"og:image\" content=\"https:\/\/urban-vitamin.com\/wp-content\/uploads\/sites\/5\/2026\/04\/P322.751__S_0__6c6690eb321d4f43a1f5375005557f06.jpg\" \/>\n\t<meta property=\"og:image:width\" content=\"1024\" \/>\n\t<meta property=\"og:image:height\" content=\"1024\" \/>\n\t<meta property=\"og:image:type\" content=\"image\/jpeg\" \/>\n<meta name=\"twitter:card\" content=\"summary_large_image\" \/>\n<meta name=\"twitter:label1\" content=\"Gesch\u00e4tzte Lesezeit\" \/>\n\t<meta name=\"twitter:data1\" content=\"1\u00a0Minute\" \/>\n<script type=\"application\/ld+json\" class=\"yoast-schema-graph\">{\"@context\":\"https:\/\/schema.org\",\"@graph\":[{\"@type\":\"WebPage\",\"@id\":\"https:\/\/urban-vitamin.com\/de\/produkt\/pasadena-20-000mah-18w-pd-powerbank-schwarz\/\",\"url\":\"https:\/\/urban-vitamin.com\/de\/produkt\/pasadena-20-000mah-18w-pd-powerbank-schwarz\/\",\"name\":\"Pasadena 20.000mAh 18W PD Powerbank, schwarz - Urban Vitamin\",\"isPartOf\":{\"@id\":\"https:\/\/urban-vitamin.com\/de\/#website\"},\"primaryImageOfPage\":{\"@id\":\"https:\/\/urban-vitamin.com\/de\/produkt\/pasadena-20-000mah-18w-pd-powerbank-schwarz\/#primaryimage\"},\"image\":{\"@id\":\"https:\/\/urban-vitamin.com\/de\/produkt\/pasadena-20-000mah-18w-pd-powerbank-schwarz\/#primaryimage\"},\"thumbnailUrl\":\"https:\/\/urban-vitamin.com\/wp-content\/uploads\/sites\/5\/2026\/04\/P322.751__S_0__6c6690eb321d4f43a1f5375005557f06.jpg\",\"datePublished\":\"2026-04-16T00:06:26+00:00\",\"dateModified\":\"2026-04-16T01:06:24+00:00\",\"breadcrumb\":{\"@id\":\"https:\/\/urban-vitamin.com\/de\/produkt\/pasadena-20-000mah-18w-pd-powerbank-schwarz\/#breadcrumb\"},\"inLanguage\":\"de\",\"potentialAction\":[{\"@type\":\"ReadAction\",\"target\":[\"https:\/\/urban-vitamin.com\/de\/produkt\/pasadena-20-000mah-18w-pd-powerbank-schwarz\/\"]}]},{\"@type\":\"ImageObject\",\"inLanguage\":\"de\",\"@id\":\"https:\/\/urban-vitamin.com\/de\/produkt\/pasadena-20-000mah-18w-pd-powerbank-schwarz\/#primaryimage\",\"url\":\"https:\/\/urban-vitamin.com\/wp-content\/uploads\/sites\/5\/2026\/04\/P322.751__S_0__6c6690eb321d4f43a1f5375005557f06.jpg\",\"contentUrl\":\"https:\/\/urban-vitamin.com\/wp-content\/uploads\/sites\/5\/2026\/04\/P322.751__S_0__6c6690eb321d4f43a1f5375005557f06.jpg\",\"width\":1024,\"height\":1024},{\"@type\":\"BreadcrumbList\",\"@id\":\"https:\/\/urban-vitamin.com\/de\/produkt\/pasadena-20-000mah-18w-pd-powerbank-schwarz\/#breadcrumb\",\"itemListElement\":[{\"@type\":\"ListItem\",\"position\":1,\"name\":\"Home\",\"item\":\"https:\/\/urban-vitamin.com\/de\/\"},{\"@type\":\"ListItem\",\"position\":2,\"name\":\"Kollektion\",\"item\":\"https:\/\/urban-vitamin.com\/de\/kollektion\/\"},{\"@type\":\"ListItem\",\"position\":3,\"name\":\"Pasadena 20.000mAh 18W PD Powerbank, schwarz\"}]},{\"@type\":\"WebSite\",\"@id\":\"https:\/\/urban-vitamin.com\/de\/#website\",\"url\":\"https:\/\/urban-vitamin.com\/de\/\",\"name\":\"Urban Vitamin\",\"description\":\"Enjoy your daily dose of Urban Vitamin!\",\"potentialAction\":[{\"@type\":\"SearchAction\",\"target\":{\"@type\":\"EntryPoint\",\"urlTemplate\":\"https:\/\/urban-vitamin.com\/de\/?s={search_term_string}\"},\"query-input\":{\"@type\":\"PropertyValueSpecification\",\"valueRequired\":true,\"valueName\":\"search_term_string\"}}],\"inLanguage\":\"de\"}]}<\/script>\n<!-- \/ Yoast SEO plugin. -->","yoast_head_json":{"title":"Pasadena 20.000mAh 18W PD Powerbank, schwarz - Urban Vitamin","robots":{"index":"index","follow":"follow","max-snippet":"max-snippet:-1","max-image-preview":"max-image-preview:large","max-video-preview":"max-video-preview:-1"},"canonical":"https:\/\/urban-vitamin.com\/de\/produkt\/pasadena-20-000mah-18w-pd-powerbank-schwarz\/","og_locale":"de_DE","og_type":"article","og_title":"Pasadena 20.000mAh 18W PD Powerbank, schwarz - Urban Vitamin","og_description":"Laden Sie Ihr Telefon mit dieser Schnelllade-Powerbank bis zu 5-mal auf. Dank des ultraschnellen Typ C 18W PD Ports l\u00e4dt sich die Powerbank in Rekordzeit auf. Das Aufladen Ihres Telefons bis zu 50% dauert nur 30 Minuten. Langsames Laden geh\u00f6rt der Vergangenheit an. Die Powerbank enth\u00e4lt einen langlebigen 20.000-mAh-A-Grade-Akku , um alle Ihre Ger\u00e4te auf [&hellip;]","og_url":"https:\/\/urban-vitamin.com\/de\/produkt\/pasadena-20-000mah-18w-pd-powerbank-schwarz\/","og_site_name":"Urban Vitamin","article_modified_time":"2026-04-16T01:06:24+00:00","og_image":[{"width":1024,"height":1024,"url":"https:\/\/urban-vitamin.com\/wp-content\/uploads\/sites\/5\/2026\/04\/P322.751__S_0__6c6690eb321d4f43a1f5375005557f06.jpg","type":"image\/jpeg"}],"twitter_card":"summary_large_image","twitter_misc":{"Gesch\u00e4tzte Lesezeit":"1\u00a0Minute"},"schema":{"@context":"https:\/\/schema.org","@graph":[{"@type":"WebPage","@id":"https:\/\/urban-vitamin.com\/de\/produkt\/pasadena-20-000mah-18w-pd-powerbank-schwarz\/","url":"https:\/\/urban-vitamin.com\/de\/produkt\/pasadena-20-000mah-18w-pd-powerbank-schwarz\/","name":"Pasadena 20.000mAh 18W PD Powerbank, schwarz - Urban Vitamin","isPartOf":{"@id":"https:\/\/urban-vitamin.com\/de\/#website"},"primaryImageOfPage":{"@id":"https:\/\/urban-vitamin.com\/de\/produkt\/pasadena-20-000mah-18w-pd-powerbank-schwarz\/#primaryimage"},"image":{"@id":"https:\/\/urban-vitamin.com\/de\/produkt\/pasadena-20-000mah-18w-pd-powerbank-schwarz\/#primaryimage"},"thumbnailUrl":"https:\/\/urban-vitamin.com\/wp-content\/uploads\/sites\/5\/2026\/04\/P322.751__S_0__6c6690eb321d4f43a1f5375005557f06.jpg","datePublished":"2026-04-16T00:06:26+00:00","dateModified":"2026-04-16T01:06:24+00:00","breadcrumb":{"@id":"https:\/\/urban-vitamin.com\/de\/produkt\/pasadena-20-000mah-18w-pd-powerbank-schwarz\/#breadcrumb"},"inLanguage":"de","potentialAction":[{"@type":"ReadAction","target":["https:\/\/urban-vitamin.com\/de\/produkt\/pasadena-20-000mah-18w-pd-powerbank-schwarz\/"]}]},{"@type":"ImageObject","inLanguage":"de","@id":"https:\/\/urban-vitamin.com\/de\/produkt\/pasadena-20-000mah-18w-pd-powerbank-schwarz\/#primaryimage","url":"https:\/\/urban-vitamin.com\/wp-content\/uploads\/sites\/5\/2026\/04\/P322.751__S_0__6c6690eb321d4f43a1f5375005557f06.jpg","contentUrl":"https:\/\/urban-vitamin.com\/wp-content\/uploads\/sites\/5\/2026\/04\/P322.751__S_0__6c6690eb321d4f43a1f5375005557f06.jpg","width":1024,"height":1024},{"@type":"BreadcrumbList","@id":"https:\/\/urban-vitamin.com\/de\/produkt\/pasadena-20-000mah-18w-pd-powerbank-schwarz\/#breadcrumb","itemListElement":[{"@type":"ListItem","position":1,"name":"Home","item":"https:\/\/urban-vitamin.com\/de\/"},{"@type":"ListItem","position":2,"name":"Kollektion","item":"https:\/\/urban-vitamin.com\/de\/kollektion\/"},{"@type":"ListItem","position":3,"name":"Pasadena 20.000mAh 18W PD Powerbank, schwarz"}]},{"@type":"WebSite","@id":"https:\/\/urban-vitamin.com\/de\/#website","url":"https:\/\/urban-vitamin.com\/de\/","name":"Urban Vitamin","description":"Enjoy your daily dose of Urban Vitamin!","potentialAction":[{"@type":"SearchAction","target":{"@type":"EntryPoint","urlTemplate":"https:\/\/urban-vitamin.com\/de\/?s={search_term_string}"},"query-input":{"@type":"PropertyValueSpecification","valueRequired":true,"valueName":"search_term_string"}}],"inLanguage":"de"}]}},"_links":{"self":[{"href":"https:\/\/urban-vitamin.com\/de\/wp-json\/wp\/v2\/product\/5335","targetHints":{"allow":["GET"]}}],"collection":[{"href":"https:\/\/urban-vitamin.com\/de\/wp-json\/wp\/v2\/product"}],"about":[{"href":"https:\/\/urban-vitamin.com\/de\/wp-json\/wp\/v2\/types\/product"}],"replies":[{"embeddable":true,"href":"https:\/\/urban-vitamin.com\/de\/wp-json\/wp\/v2\/comments?post=5335"}],"wp:featuredmedia":[{"embeddable":true,"href":"https:\/\/urban-vitamin.com\/de\/wp-json\/wp\/v2\/media\/27635"}],"wp:attachment":[{"href":"https:\/\/urban-vitamin.com\/de\/wp-json\/wp\/v2\/media?parent=5335"}],"wp:term":[{"taxonomy":"product_cat","embeddable":true,"href":"https:\/\/urban-vitamin.com\/de\/wp-json\/wp\/v2\/product_cat?post=5335"},{"taxonomy":"product_tag","embeddable":true,"href":"https:\/\/urban-vitamin.com\/de\/wp-json\/wp\/v2\/product_tag?post=5335"}],"curies":[{"name":"wp","href":"https:\/\/api.w.org\/{rel}","templated":true}]}}