{"id":5329,"date":"2026-03-12T01:06:22","date_gmt":"2026-03-12T01:06:22","guid":{"rendered":"https:\/\/xdsomename.tempurl.host\/urban-vitamin\/product\/urban-vitamin-fairfield-3-in-1-charger-aus-rcs-rplastik-schwarz\/"},"modified":"2026-03-12T02:06:35","modified_gmt":"2026-03-12T02:06:35","slug":"fairfield-3-in-1-charger-aus-rcs-rplastik-schwarz","status":"publish","type":"product","link":"https:\/\/urban-vitamin.com\/de\/produkt\/fairfield-3-in-1-charger-aus-rcs-rplastik-schwarz\/","title":{"rendered":"Fairfield 3-in-1 Charger aus RCS rPlastik, schwarz"},"content":{"rendered":"<p>Kabelloser 15W-3-in-1-Ladest\u00e4nder aus RCS-zertifiziert (Recycled Claim Standard) recyceltem ABS Gesamter Recyclinganteil: 60% basierend auf dem Gesamtgewicht des Artikels. Die RCS-Zertifizierung gew\u00e4hrleistet eine vollst\u00e4ndig zertifizierte Lieferkette der recycelten Materialien. Dieses kabellose Ladeger\u00e4t l\u00e4dt Ihr Telefon so schnell wie m\u00f6glich auf. Das Ladeger\u00e4t ist mit einer 15W-Wireless-Charging Doppelspule, einer einfachen 5W-Wireless-Charging Spule auf der R\u00fcckseite und einem 3W-iWatch-Ladeger\u00e4t ausgestattet. Inklusive 120cm Type-C Ladekabel  aus RCS-zertifiziertem Recycling-TPE. Urban Vitamin Artikel werden ohne PVC hergestellt und sind in plastikreduzierten Verpackungen verpackt. Input: 5V\/3A; 9V\/2A; 5V\/1A; 9V\/1,1A<\/p>\n","protected":false},"excerpt":{"rendered":"<p>Kabelloser 15W-3-in-1-Ladest\u00e4nder aus RCS-zertifiziert (Recycled Claim Standard) recyceltem ABS Gesamter Recyclinganteil: 60% basierend auf dem Gesamtgewicht des Artikels. Die RCS-Zertifizierung gew\u00e4hrleistet eine vollst\u00e4ndig zertifizierte Lieferkette der recycelten Materialien. Dieses kabellose Ladeger\u00e4t l\u00e4dt Ihr Telefon so schnell wie m\u00f6glich auf. Das Ladeger\u00e4t ist mit einer 15W-Wireless-Charging Doppelspule, einer einfachen 5W-Wireless-Charging Spule auf der R\u00fcckseite und einem [&hellip;]<\/p>\n","protected":false},"featured_media":12360,"comment_status":"closed","ping_status":"closed","template":"","meta":{"_acf_changed":false,"om_disable_all_campaigns":false},"product_cat":[72],"product_tag":[],"class_list":["post-5329","product","type-product","status-publish","has-post-thumbnail","hentry","product_cat-ladegerate","pa_color-black"],"acf":[],"yoast_head":"<!-- This site is optimized with the Yoast SEO plugin v27.0 - https:\/\/yoast.com\/product\/yoast-seo-wordpress\/ -->\n<title>Fairfield 3-in-1 Charger aus RCS rPlastik, schwarz - Urban Vitamin<\/title>\n<meta name=\"robots\" content=\"index, follow, max-snippet:-1, max-image-preview:large, max-video-preview:-1\" \/>\n<link rel=\"canonical\" href=\"https:\/\/urban-vitamin.com\/de\/produkt\/fairfield-3-in-1-charger-aus-rcs-rplastik-schwarz\/\" \/>\n<meta property=\"og:locale\" content=\"de_DE\" \/>\n<meta property=\"og:type\" content=\"article\" \/>\n<meta property=\"og:title\" content=\"Fairfield 3-in-1 Charger aus RCS rPlastik, schwarz - Urban Vitamin\" \/>\n<meta property=\"og:description\" content=\"Kabelloser 15W-3-in-1-Ladest\u00e4nder aus RCS-zertifiziert (Recycled Claim Standard) recyceltem ABS Gesamter Recyclinganteil: 60% basierend auf dem Gesamtgewicht des Artikels. Die RCS-Zertifizierung gew\u00e4hrleistet eine vollst\u00e4ndig zertifizierte Lieferkette der recycelten Materialien. Dieses kabellose Ladeger\u00e4t l\u00e4dt Ihr Telefon so schnell wie m\u00f6glich auf. Das Ladeger\u00e4t ist mit einer 15W-Wireless-Charging Doppelspule, einer einfachen 5W-Wireless-Charging Spule auf der R\u00fcckseite und einem [&hellip;]\" \/>\n<meta property=\"og:url\" content=\"https:\/\/urban-vitamin.com\/de\/produkt\/fairfield-3-in-1-charger-aus-rcs-rplastik-schwarz\/\" \/>\n<meta property=\"og:site_name\" content=\"Urban Vitamin\" \/>\n<meta property=\"article:modified_time\" content=\"2026-03-12T02:06:35+00:00\" \/>\n<meta property=\"og:image\" content=\"https:\/\/urban-vitamin.com\/wp-content\/uploads\/sites\/5\/2024\/02\/P308.361__S_0__ef80acabcb7147ad9ef0d7db47e00146-1.jpg\" \/>\n\t<meta property=\"og:image:width\" content=\"1024\" \/>\n\t<meta property=\"og:image:height\" content=\"1024\" \/>\n\t<meta property=\"og:image:type\" content=\"image\/jpeg\" \/>\n<meta name=\"twitter:card\" content=\"summary_large_image\" \/>\n<script type=\"application\/ld+json\" class=\"yoast-schema-graph\">{\"@context\":\"https:\/\/schema.org\",\"@graph\":[{\"@type\":\"WebPage\",\"@id\":\"https:\/\/urban-vitamin.com\/de\/produkt\/fairfield-3-in-1-charger-aus-rcs-rplastik-schwarz\/\",\"url\":\"https:\/\/urban-vitamin.com\/de\/produkt\/fairfield-3-in-1-charger-aus-rcs-rplastik-schwarz\/\",\"name\":\"Fairfield 3-in-1 Charger aus RCS rPlastik, schwarz - Urban Vitamin\",\"isPartOf\":{\"@id\":\"https:\/\/urban-vitamin.com\/de\/#website\"},\"primaryImageOfPage\":{\"@id\":\"https:\/\/urban-vitamin.com\/de\/produkt\/fairfield-3-in-1-charger-aus-rcs-rplastik-schwarz\/#primaryimage\"},\"image\":{\"@id\":\"https:\/\/urban-vitamin.com\/de\/produkt\/fairfield-3-in-1-charger-aus-rcs-rplastik-schwarz\/#primaryimage\"},\"thumbnailUrl\":\"https:\/\/urban-vitamin.com\/wp-content\/uploads\/sites\/5\/2024\/02\/P308.361__S_0__ef80acabcb7147ad9ef0d7db47e00146-1.jpg\",\"datePublished\":\"2026-03-12T01:06:22+00:00\",\"dateModified\":\"2026-03-12T02:06:35+00:00\",\"breadcrumb\":{\"@id\":\"https:\/\/urban-vitamin.com\/de\/produkt\/fairfield-3-in-1-charger-aus-rcs-rplastik-schwarz\/#breadcrumb\"},\"inLanguage\":\"de\",\"potentialAction\":[{\"@type\":\"ReadAction\",\"target\":[\"https:\/\/urban-vitamin.com\/de\/produkt\/fairfield-3-in-1-charger-aus-rcs-rplastik-schwarz\/\"]}]},{\"@type\":\"ImageObject\",\"inLanguage\":\"de\",\"@id\":\"https:\/\/urban-vitamin.com\/de\/produkt\/fairfield-3-in-1-charger-aus-rcs-rplastik-schwarz\/#primaryimage\",\"url\":\"https:\/\/urban-vitamin.com\/wp-content\/uploads\/sites\/5\/2024\/02\/P308.361__S_0__ef80acabcb7147ad9ef0d7db47e00146-1.jpg\",\"contentUrl\":\"https:\/\/urban-vitamin.com\/wp-content\/uploads\/sites\/5\/2024\/02\/P308.361__S_0__ef80acabcb7147ad9ef0d7db47e00146-1.jpg\",\"width\":1024,\"height\":1024},{\"@type\":\"BreadcrumbList\",\"@id\":\"https:\/\/urban-vitamin.com\/de\/produkt\/fairfield-3-in-1-charger-aus-rcs-rplastik-schwarz\/#breadcrumb\",\"itemListElement\":[{\"@type\":\"ListItem\",\"position\":1,\"name\":\"Home\",\"item\":\"https:\/\/urban-vitamin.com\/de\/\"},{\"@type\":\"ListItem\",\"position\":2,\"name\":\"Kollektion\",\"item\":\"https:\/\/urban-vitamin.com\/de\/kollektion\/\"},{\"@type\":\"ListItem\",\"position\":3,\"name\":\"Fairfield 3-in-1 Charger aus RCS rPlastik, schwarz\"}]},{\"@type\":\"WebSite\",\"@id\":\"https:\/\/urban-vitamin.com\/de\/#website\",\"url\":\"https:\/\/urban-vitamin.com\/de\/\",\"name\":\"Urban Vitamin\",\"description\":\"Enjoy your daily dose of Urban Vitamin!\",\"potentialAction\":[{\"@type\":\"SearchAction\",\"target\":{\"@type\":\"EntryPoint\",\"urlTemplate\":\"https:\/\/urban-vitamin.com\/de\/?s={search_term_string}\"},\"query-input\":{\"@type\":\"PropertyValueSpecification\",\"valueRequired\":true,\"valueName\":\"search_term_string\"}}],\"inLanguage\":\"de\"}]}<\/script>\n<!-- \/ Yoast SEO plugin. -->","yoast_head_json":{"title":"Fairfield 3-in-1 Charger aus RCS rPlastik, schwarz - Urban Vitamin","robots":{"index":"index","follow":"follow","max-snippet":"max-snippet:-1","max-image-preview":"max-image-preview:large","max-video-preview":"max-video-preview:-1"},"canonical":"https:\/\/urban-vitamin.com\/de\/produkt\/fairfield-3-in-1-charger-aus-rcs-rplastik-schwarz\/","og_locale":"de_DE","og_type":"article","og_title":"Fairfield 3-in-1 Charger aus RCS rPlastik, schwarz - Urban Vitamin","og_description":"Kabelloser 15W-3-in-1-Ladest\u00e4nder aus RCS-zertifiziert (Recycled Claim Standard) recyceltem ABS Gesamter Recyclinganteil: 60% basierend auf dem Gesamtgewicht des Artikels. Die RCS-Zertifizierung gew\u00e4hrleistet eine vollst\u00e4ndig zertifizierte Lieferkette der recycelten Materialien. Dieses kabellose Ladeger\u00e4t l\u00e4dt Ihr Telefon so schnell wie m\u00f6glich auf. Das Ladeger\u00e4t ist mit einer 15W-Wireless-Charging Doppelspule, einer einfachen 5W-Wireless-Charging Spule auf der R\u00fcckseite und einem [&hellip;]","og_url":"https:\/\/urban-vitamin.com\/de\/produkt\/fairfield-3-in-1-charger-aus-rcs-rplastik-schwarz\/","og_site_name":"Urban Vitamin","article_modified_time":"2026-03-12T02:06:35+00:00","og_image":[{"width":1024,"height":1024,"url":"https:\/\/urban-vitamin.com\/wp-content\/uploads\/sites\/5\/2024\/02\/P308.361__S_0__ef80acabcb7147ad9ef0d7db47e00146-1.jpg","type":"image\/jpeg"}],"twitter_card":"summary_large_image","schema":{"@context":"https:\/\/schema.org","@graph":[{"@type":"WebPage","@id":"https:\/\/urban-vitamin.com\/de\/produkt\/fairfield-3-in-1-charger-aus-rcs-rplastik-schwarz\/","url":"https:\/\/urban-vitamin.com\/de\/produkt\/fairfield-3-in-1-charger-aus-rcs-rplastik-schwarz\/","name":"Fairfield 3-in-1 Charger aus RCS rPlastik, schwarz - Urban Vitamin","isPartOf":{"@id":"https:\/\/urban-vitamin.com\/de\/#website"},"primaryImageOfPage":{"@id":"https:\/\/urban-vitamin.com\/de\/produkt\/fairfield-3-in-1-charger-aus-rcs-rplastik-schwarz\/#primaryimage"},"image":{"@id":"https:\/\/urban-vitamin.com\/de\/produkt\/fairfield-3-in-1-charger-aus-rcs-rplastik-schwarz\/#primaryimage"},"thumbnailUrl":"https:\/\/urban-vitamin.com\/wp-content\/uploads\/sites\/5\/2024\/02\/P308.361__S_0__ef80acabcb7147ad9ef0d7db47e00146-1.jpg","datePublished":"2026-03-12T01:06:22+00:00","dateModified":"2026-03-12T02:06:35+00:00","breadcrumb":{"@id":"https:\/\/urban-vitamin.com\/de\/produkt\/fairfield-3-in-1-charger-aus-rcs-rplastik-schwarz\/#breadcrumb"},"inLanguage":"de","potentialAction":[{"@type":"ReadAction","target":["https:\/\/urban-vitamin.com\/de\/produkt\/fairfield-3-in-1-charger-aus-rcs-rplastik-schwarz\/"]}]},{"@type":"ImageObject","inLanguage":"de","@id":"https:\/\/urban-vitamin.com\/de\/produkt\/fairfield-3-in-1-charger-aus-rcs-rplastik-schwarz\/#primaryimage","url":"https:\/\/urban-vitamin.com\/wp-content\/uploads\/sites\/5\/2024\/02\/P308.361__S_0__ef80acabcb7147ad9ef0d7db47e00146-1.jpg","contentUrl":"https:\/\/urban-vitamin.com\/wp-content\/uploads\/sites\/5\/2024\/02\/P308.361__S_0__ef80acabcb7147ad9ef0d7db47e00146-1.jpg","width":1024,"height":1024},{"@type":"BreadcrumbList","@id":"https:\/\/urban-vitamin.com\/de\/produkt\/fairfield-3-in-1-charger-aus-rcs-rplastik-schwarz\/#breadcrumb","itemListElement":[{"@type":"ListItem","position":1,"name":"Home","item":"https:\/\/urban-vitamin.com\/de\/"},{"@type":"ListItem","position":2,"name":"Kollektion","item":"https:\/\/urban-vitamin.com\/de\/kollektion\/"},{"@type":"ListItem","position":3,"name":"Fairfield 3-in-1 Charger aus RCS rPlastik, schwarz"}]},{"@type":"WebSite","@id":"https:\/\/urban-vitamin.com\/de\/#website","url":"https:\/\/urban-vitamin.com\/de\/","name":"Urban Vitamin","description":"Enjoy your daily dose of Urban Vitamin!","potentialAction":[{"@type":"SearchAction","target":{"@type":"EntryPoint","urlTemplate":"https:\/\/urban-vitamin.com\/de\/?s={search_term_string}"},"query-input":{"@type":"PropertyValueSpecification","valueRequired":true,"valueName":"search_term_string"}}],"inLanguage":"de"}]}},"_links":{"self":[{"href":"https:\/\/urban-vitamin.com\/de\/wp-json\/wp\/v2\/product\/5329","targetHints":{"allow":["GET"]}}],"collection":[{"href":"https:\/\/urban-vitamin.com\/de\/wp-json\/wp\/v2\/product"}],"about":[{"href":"https:\/\/urban-vitamin.com\/de\/wp-json\/wp\/v2\/types\/product"}],"replies":[{"embeddable":true,"href":"https:\/\/urban-vitamin.com\/de\/wp-json\/wp\/v2\/comments?post=5329"}],"wp:featuredmedia":[{"embeddable":true,"href":"https:\/\/urban-vitamin.com\/de\/wp-json\/wp\/v2\/media\/12360"}],"wp:attachment":[{"href":"https:\/\/urban-vitamin.com\/de\/wp-json\/wp\/v2\/media?parent=5329"}],"wp:term":[{"taxonomy":"product_cat","embeddable":true,"href":"https:\/\/urban-vitamin.com\/de\/wp-json\/wp\/v2\/product_cat?post=5329"},{"taxonomy":"product_tag","embeddable":true,"href":"https:\/\/urban-vitamin.com\/de\/wp-json\/wp\/v2\/product_tag?post=5329"}],"curies":[{"name":"wp","href":"https:\/\/api.w.org\/{rel}","templated":true}]}}