{"id":5328,"date":"2026-03-12T01:06:04","date_gmt":"2026-03-12T01:06:04","guid":{"rendered":"https:\/\/xdsomename.tempurl.host\/urban-vitamin\/product\/oakland-rcs-rkunststoff-12m-6-in-1-fast-charging-45w-kabel-blau\/"},"modified":"2026-03-12T02:06:28","modified_gmt":"2026-03-12T02:06:28","slug":"oakland-rcs-rkunststoff-12m-6-in-1-fast-charging-45w-kabel-blau","status":"publish","type":"product","link":"https:\/\/urban-vitamin.com\/de\/produkt\/oakland-rcs-rkunststoff-12m-6-in-1-fast-charging-45w-kabel-blau\/","title":{"rendered":"Oakland RCS rKunststoff 1,2m 6-in-1 Fast-Charging 45W Kabel, blau"},"content":{"rendered":"<p>Das Geh\u00e4use des Schnellladekabels Oakland besteht aus 100% RCS-zertifiziert recyceltem TPE &amp; Aluminium, das Kabel aus 100% recyceltem TPE-Innen und 100% recycelter PET-Au\u00dfenschicht. RCS (Recycled Claim Standard) ist ein Standard zur \u00dcberpr\u00fcfung des Recyclinganteils eines Produkts in der gesamten Lieferkette. Dieser Standard wird verwendet, wenn ein Teil des Artikels aus recycelten Materialien hergestellt wurde. 120cm langes Kabel mit  5 verschiedenen Anschl\u00fcssen: USB-C In,USB-A In,Typ-C Out,IOS Out und Micro USB Out. Daher auch mit Typ-C Ausgabeger\u00e4ten verwendbar, wie z.B. neueren Generation von Telefonen und MacBook-Computern. Die USB-A-In\/Out-Option sorgt daf\u00fcr, dass man jedes Ger\u00e4t von jeder Ausgangsquelle aufladen kann. Maximale Spannung von Typ-C zu Typ-C sind 45W. Urban Vitamin Artikel werden ohne PVC hergestellt. Die Verpackung mit besonders wenig Kunststoff verpackt. Gesamter Recyclinganteil: 52% bezogen auf das Gesamtgewicht des Artikels. Kann Laden und Synchronisieren.<\/p>\n","protected":false},"excerpt":{"rendered":"<p>Das Geh\u00e4use des Schnellladekabels Oakland besteht aus 100% RCS-zertifiziert recyceltem TPE &amp; Aluminium, das Kabel aus 100% recyceltem TPE-Innen und 100% recycelter PET-Au\u00dfenschicht. RCS (Recycled Claim Standard) ist ein Standard zur \u00dcberpr\u00fcfung des Recyclinganteils eines Produkts in der gesamten Lieferkette. Dieser Standard wird verwendet, wenn ein Teil des Artikels aus recycelten Materialien hergestellt wurde. 120cm [&hellip;]<\/p>\n","protected":false},"featured_media":12276,"comment_status":"closed","ping_status":"closed","template":"","meta":{"_acf_changed":false,"om_disable_all_campaigns":false},"product_cat":[73],"product_tag":[],"class_list":["post-5328","product","type-product","status-publish","has-post-thumbnail","hentry","product_cat-kabel","pa_color-blue"],"acf":[],"yoast_head":"<!-- This site is optimized with the Yoast SEO plugin v27.0 - https:\/\/yoast.com\/product\/yoast-seo-wordpress\/ -->\n<title>Oakland RCS rKunststoff 1,2m 6-in-1 Fast-Charging 45W Kabel, blau - Urban Vitamin<\/title>\n<meta name=\"robots\" content=\"index, follow, max-snippet:-1, max-image-preview:large, max-video-preview:-1\" \/>\n<link rel=\"canonical\" href=\"https:\/\/urban-vitamin.com\/de\/produkt\/oakland-rcs-rkunststoff-12m-6-in-1-fast-charging-45w-kabel-blau\/\" \/>\n<meta property=\"og:locale\" content=\"de_DE\" \/>\n<meta property=\"og:type\" content=\"article\" \/>\n<meta property=\"og:title\" content=\"Oakland RCS rKunststoff 1,2m 6-in-1 Fast-Charging 45W Kabel, blau - Urban Vitamin\" \/>\n<meta property=\"og:description\" content=\"Das Geh\u00e4use des Schnellladekabels Oakland besteht aus 100% RCS-zertifiziert recyceltem TPE &amp; Aluminium, das Kabel aus 100% recyceltem TPE-Innen und 100% recycelter PET-Au\u00dfenschicht. RCS (Recycled Claim Standard) ist ein Standard zur \u00dcberpr\u00fcfung des Recyclinganteils eines Produkts in der gesamten Lieferkette. Dieser Standard wird verwendet, wenn ein Teil des Artikels aus recycelten Materialien hergestellt wurde. 120cm [&hellip;]\" \/>\n<meta property=\"og:url\" content=\"https:\/\/urban-vitamin.com\/de\/produkt\/oakland-rcs-rkunststoff-12m-6-in-1-fast-charging-45w-kabel-blau\/\" \/>\n<meta property=\"og:site_name\" content=\"Urban Vitamin\" \/>\n<meta property=\"article:modified_time\" content=\"2026-03-12T02:06:28+00:00\" \/>\n<meta property=\"og:image\" content=\"https:\/\/urban-vitamin.com\/wp-content\/uploads\/sites\/5\/2024\/02\/P302.705__S_0__fa0f26b4cdd14e3592fa75ecf474a681.jpg\" \/>\n\t<meta property=\"og:image:width\" content=\"1024\" \/>\n\t<meta property=\"og:image:height\" content=\"1024\" \/>\n\t<meta property=\"og:image:type\" content=\"image\/jpeg\" \/>\n<meta name=\"twitter:card\" content=\"summary_large_image\" \/>\n<meta name=\"twitter:label1\" content=\"Gesch\u00e4tzte Lesezeit\" \/>\n\t<meta name=\"twitter:data1\" content=\"1\u00a0Minute\" \/>\n<script type=\"application\/ld+json\" class=\"yoast-schema-graph\">{\"@context\":\"https:\/\/schema.org\",\"@graph\":[{\"@type\":\"WebPage\",\"@id\":\"https:\/\/urban-vitamin.com\/de\/produkt\/oakland-rcs-rkunststoff-12m-6-in-1-fast-charging-45w-kabel-blau\/\",\"url\":\"https:\/\/urban-vitamin.com\/de\/produkt\/oakland-rcs-rkunststoff-12m-6-in-1-fast-charging-45w-kabel-blau\/\",\"name\":\"Oakland RCS rKunststoff 1,2m 6-in-1 Fast-Charging 45W Kabel, blau - Urban Vitamin\",\"isPartOf\":{\"@id\":\"https:\/\/urban-vitamin.com\/de\/#website\"},\"primaryImageOfPage\":{\"@id\":\"https:\/\/urban-vitamin.com\/de\/produkt\/oakland-rcs-rkunststoff-12m-6-in-1-fast-charging-45w-kabel-blau\/#primaryimage\"},\"image\":{\"@id\":\"https:\/\/urban-vitamin.com\/de\/produkt\/oakland-rcs-rkunststoff-12m-6-in-1-fast-charging-45w-kabel-blau\/#primaryimage\"},\"thumbnailUrl\":\"https:\/\/urban-vitamin.com\/wp-content\/uploads\/sites\/5\/2024\/02\/P302.705__S_0__fa0f26b4cdd14e3592fa75ecf474a681.jpg\",\"datePublished\":\"2026-03-12T01:06:04+00:00\",\"dateModified\":\"2026-03-12T02:06:28+00:00\",\"breadcrumb\":{\"@id\":\"https:\/\/urban-vitamin.com\/de\/produkt\/oakland-rcs-rkunststoff-12m-6-in-1-fast-charging-45w-kabel-blau\/#breadcrumb\"},\"inLanguage\":\"de\",\"potentialAction\":[{\"@type\":\"ReadAction\",\"target\":[\"https:\/\/urban-vitamin.com\/de\/produkt\/oakland-rcs-rkunststoff-12m-6-in-1-fast-charging-45w-kabel-blau\/\"]}]},{\"@type\":\"ImageObject\",\"inLanguage\":\"de\",\"@id\":\"https:\/\/urban-vitamin.com\/de\/produkt\/oakland-rcs-rkunststoff-12m-6-in-1-fast-charging-45w-kabel-blau\/#primaryimage\",\"url\":\"https:\/\/urban-vitamin.com\/wp-content\/uploads\/sites\/5\/2024\/02\/P302.705__S_0__fa0f26b4cdd14e3592fa75ecf474a681.jpg\",\"contentUrl\":\"https:\/\/urban-vitamin.com\/wp-content\/uploads\/sites\/5\/2024\/02\/P302.705__S_0__fa0f26b4cdd14e3592fa75ecf474a681.jpg\",\"width\":1024,\"height\":1024},{\"@type\":\"BreadcrumbList\",\"@id\":\"https:\/\/urban-vitamin.com\/de\/produkt\/oakland-rcs-rkunststoff-12m-6-in-1-fast-charging-45w-kabel-blau\/#breadcrumb\",\"itemListElement\":[{\"@type\":\"ListItem\",\"position\":1,\"name\":\"Home\",\"item\":\"https:\/\/urban-vitamin.com\/de\/\"},{\"@type\":\"ListItem\",\"position\":2,\"name\":\"Kollektion\",\"item\":\"https:\/\/urban-vitamin.com\/de\/kollektion\/\"},{\"@type\":\"ListItem\",\"position\":3,\"name\":\"Oakland RCS rKunststoff 1,2m 6-in-1 Fast-Charging 45W Kabel, blau\"}]},{\"@type\":\"WebSite\",\"@id\":\"https:\/\/urban-vitamin.com\/de\/#website\",\"url\":\"https:\/\/urban-vitamin.com\/de\/\",\"name\":\"Urban Vitamin\",\"description\":\"Enjoy your daily dose of Urban Vitamin!\",\"potentialAction\":[{\"@type\":\"SearchAction\",\"target\":{\"@type\":\"EntryPoint\",\"urlTemplate\":\"https:\/\/urban-vitamin.com\/de\/?s={search_term_string}\"},\"query-input\":{\"@type\":\"PropertyValueSpecification\",\"valueRequired\":true,\"valueName\":\"search_term_string\"}}],\"inLanguage\":\"de\"}]}<\/script>\n<!-- \/ Yoast SEO plugin. -->","yoast_head_json":{"title":"Oakland RCS rKunststoff 1,2m 6-in-1 Fast-Charging 45W Kabel, blau - Urban Vitamin","robots":{"index":"index","follow":"follow","max-snippet":"max-snippet:-1","max-image-preview":"max-image-preview:large","max-video-preview":"max-video-preview:-1"},"canonical":"https:\/\/urban-vitamin.com\/de\/produkt\/oakland-rcs-rkunststoff-12m-6-in-1-fast-charging-45w-kabel-blau\/","og_locale":"de_DE","og_type":"article","og_title":"Oakland RCS rKunststoff 1,2m 6-in-1 Fast-Charging 45W Kabel, blau - Urban Vitamin","og_description":"Das Geh\u00e4use des Schnellladekabels Oakland besteht aus 100% RCS-zertifiziert recyceltem TPE &amp; Aluminium, das Kabel aus 100% recyceltem TPE-Innen und 100% recycelter PET-Au\u00dfenschicht. RCS (Recycled Claim Standard) ist ein Standard zur \u00dcberpr\u00fcfung des Recyclinganteils eines Produkts in der gesamten Lieferkette. Dieser Standard wird verwendet, wenn ein Teil des Artikels aus recycelten Materialien hergestellt wurde. 120cm [&hellip;]","og_url":"https:\/\/urban-vitamin.com\/de\/produkt\/oakland-rcs-rkunststoff-12m-6-in-1-fast-charging-45w-kabel-blau\/","og_site_name":"Urban Vitamin","article_modified_time":"2026-03-12T02:06:28+00:00","og_image":[{"width":1024,"height":1024,"url":"https:\/\/urban-vitamin.com\/wp-content\/uploads\/sites\/5\/2024\/02\/P302.705__S_0__fa0f26b4cdd14e3592fa75ecf474a681.jpg","type":"image\/jpeg"}],"twitter_card":"summary_large_image","twitter_misc":{"Gesch\u00e4tzte Lesezeit":"1\u00a0Minute"},"schema":{"@context":"https:\/\/schema.org","@graph":[{"@type":"WebPage","@id":"https:\/\/urban-vitamin.com\/de\/produkt\/oakland-rcs-rkunststoff-12m-6-in-1-fast-charging-45w-kabel-blau\/","url":"https:\/\/urban-vitamin.com\/de\/produkt\/oakland-rcs-rkunststoff-12m-6-in-1-fast-charging-45w-kabel-blau\/","name":"Oakland RCS rKunststoff 1,2m 6-in-1 Fast-Charging 45W Kabel, blau - Urban Vitamin","isPartOf":{"@id":"https:\/\/urban-vitamin.com\/de\/#website"},"primaryImageOfPage":{"@id":"https:\/\/urban-vitamin.com\/de\/produkt\/oakland-rcs-rkunststoff-12m-6-in-1-fast-charging-45w-kabel-blau\/#primaryimage"},"image":{"@id":"https:\/\/urban-vitamin.com\/de\/produkt\/oakland-rcs-rkunststoff-12m-6-in-1-fast-charging-45w-kabel-blau\/#primaryimage"},"thumbnailUrl":"https:\/\/urban-vitamin.com\/wp-content\/uploads\/sites\/5\/2024\/02\/P302.705__S_0__fa0f26b4cdd14e3592fa75ecf474a681.jpg","datePublished":"2026-03-12T01:06:04+00:00","dateModified":"2026-03-12T02:06:28+00:00","breadcrumb":{"@id":"https:\/\/urban-vitamin.com\/de\/produkt\/oakland-rcs-rkunststoff-12m-6-in-1-fast-charging-45w-kabel-blau\/#breadcrumb"},"inLanguage":"de","potentialAction":[{"@type":"ReadAction","target":["https:\/\/urban-vitamin.com\/de\/produkt\/oakland-rcs-rkunststoff-12m-6-in-1-fast-charging-45w-kabel-blau\/"]}]},{"@type":"ImageObject","inLanguage":"de","@id":"https:\/\/urban-vitamin.com\/de\/produkt\/oakland-rcs-rkunststoff-12m-6-in-1-fast-charging-45w-kabel-blau\/#primaryimage","url":"https:\/\/urban-vitamin.com\/wp-content\/uploads\/sites\/5\/2024\/02\/P302.705__S_0__fa0f26b4cdd14e3592fa75ecf474a681.jpg","contentUrl":"https:\/\/urban-vitamin.com\/wp-content\/uploads\/sites\/5\/2024\/02\/P302.705__S_0__fa0f26b4cdd14e3592fa75ecf474a681.jpg","width":1024,"height":1024},{"@type":"BreadcrumbList","@id":"https:\/\/urban-vitamin.com\/de\/produkt\/oakland-rcs-rkunststoff-12m-6-in-1-fast-charging-45w-kabel-blau\/#breadcrumb","itemListElement":[{"@type":"ListItem","position":1,"name":"Home","item":"https:\/\/urban-vitamin.com\/de\/"},{"@type":"ListItem","position":2,"name":"Kollektion","item":"https:\/\/urban-vitamin.com\/de\/kollektion\/"},{"@type":"ListItem","position":3,"name":"Oakland RCS rKunststoff 1,2m 6-in-1 Fast-Charging 45W Kabel, blau"}]},{"@type":"WebSite","@id":"https:\/\/urban-vitamin.com\/de\/#website","url":"https:\/\/urban-vitamin.com\/de\/","name":"Urban Vitamin","description":"Enjoy your daily dose of Urban Vitamin!","potentialAction":[{"@type":"SearchAction","target":{"@type":"EntryPoint","urlTemplate":"https:\/\/urban-vitamin.com\/de\/?s={search_term_string}"},"query-input":{"@type":"PropertyValueSpecification","valueRequired":true,"valueName":"search_term_string"}}],"inLanguage":"de"}]}},"_links":{"self":[{"href":"https:\/\/urban-vitamin.com\/de\/wp-json\/wp\/v2\/product\/5328","targetHints":{"allow":["GET"]}}],"collection":[{"href":"https:\/\/urban-vitamin.com\/de\/wp-json\/wp\/v2\/product"}],"about":[{"href":"https:\/\/urban-vitamin.com\/de\/wp-json\/wp\/v2\/types\/product"}],"replies":[{"embeddable":true,"href":"https:\/\/urban-vitamin.com\/de\/wp-json\/wp\/v2\/comments?post=5328"}],"wp:featuredmedia":[{"embeddable":true,"href":"https:\/\/urban-vitamin.com\/de\/wp-json\/wp\/v2\/media\/12276"}],"wp:attachment":[{"href":"https:\/\/urban-vitamin.com\/de\/wp-json\/wp\/v2\/media?parent=5328"}],"wp:term":[{"taxonomy":"product_cat","embeddable":true,"href":"https:\/\/urban-vitamin.com\/de\/wp-json\/wp\/v2\/product_cat?post=5328"},{"taxonomy":"product_tag","embeddable":true,"href":"https:\/\/urban-vitamin.com\/de\/wp-json\/wp\/v2\/product_tag?post=5328"}],"curies":[{"name":"wp","href":"https:\/\/api.w.org\/{rel}","templated":true}]}}