{"id":27427,"date":"2026-03-12T01:08:40","date_gmt":"2026-03-12T01:08:40","guid":{"rendered":"https:\/\/urban-vitamin.com\/urban-vitamin-ventura-hybrid-anc-enc-ohrhoerer-aus-rcs-abs-schwarz\/"},"modified":"2026-03-12T02:09:10","modified_gmt":"2026-03-12T02:09:10","slug":"urban-vitamin-ventura-hybrid-anc-enc-ohrhoerer-aus-rcs-abs-schwarz","status":"publish","type":"product","link":"https:\/\/urban-vitamin.com\/de\/produkt\/urban-vitamin-ventura-hybrid-anc-enc-ohrhoerer-aus-rcs-abs-schwarz\/","title":{"rendered":"Urban Vitamin Ventura Hybrid ANC &amp; ENC Ohrh\u00f6rer aus RCS ABS, schwarz"},"content":{"rendered":"<p>Mit hybrider ANC- und Dual-Mic-ENC-Rauschunterdr\u00fcckung sorgen die Ventura-Ohrh\u00f6rer f\u00fcr kristallklare Telefonate, indem sie unerw\u00fcnschte Hintergrundger\u00e4usche filtern, w\u00e4hrend die aktive Ger\u00e4uschunterdr\u00fcckung von 45 dB externe Ger\u00e4usche blockiert \u2013 ideal f\u00fcr Musik, Reisen und konzentriertes Arbeiten. Mit der Spritzwasserschutzklasse IPX4 ist Ventura bereit f\u00fcr Workouts, den Einsatz im Freien und regnerische Tage. Ventura verf\u00fcgt \u00fcber eine einfache Sofort-Autopairing-Funktion \u2013 \u00f6ffnen Sie einfach das Etui und die Ohrh\u00f6rer verbinden sich automatisch. R\u00e4umliches Audio sorgt f\u00fcr ein breiteres, immersiveres H\u00f6rerlebnis mit zus\u00e4tzlicher Tiefe in jedem Titel. Ventura   kombiniert weiche Konturen, intuitive Touch-Bedienung und ein raffiniertes, minimalistisches Design f\u00fcr den t\u00e4glichen Gebrauch. Hergestellt aus RCS-zertifiziert (Recycled Claim Standard) recyceltem ABS. Urban Vitamin-Produkte werden ohne PVC hergestellt und in plastikreduzierten Verpackungen verpackt.<\/p>\n","protected":false},"excerpt":{"rendered":"<p>Mit hybrider ANC- und Dual-Mic-ENC-Rauschunterdr\u00fcckung sorgen die Ventura-Ohrh\u00f6rer f\u00fcr kristallklare Telefonate, indem sie unerw\u00fcnschte Hintergrundger\u00e4usche filtern, w\u00e4hrend die aktive Ger\u00e4uschunterdr\u00fcckung von 45 dB externe Ger\u00e4usche blockiert \u2013 ideal f\u00fcr Musik, Reisen und konzentriertes Arbeiten. Mit der Spritzwasserschutzklasse IPX4 ist Ventura bereit f\u00fcr Workouts, den Einsatz im Freien und regnerische Tage. Ventura verf\u00fcgt \u00fcber eine einfache [&hellip;]<\/p>\n","protected":false},"featured_media":27341,"comment_status":"closed","ping_status":"closed","template":"","meta":{"_acf_changed":false,"om_disable_all_campaigns":false},"product_cat":[88],"product_tag":[],"class_list":["post-27427","product","type-product","status-publish","has-post-thumbnail","hentry","product_cat-uncategorized","pa_color-black"],"acf":[],"yoast_head":"<!-- This site is optimized with the Yoast SEO plugin v27.0 - https:\/\/yoast.com\/product\/yoast-seo-wordpress\/ -->\n<title>Urban Vitamin Ventura Hybrid ANC &amp; ENC Ohrh\u00f6rer aus RCS ABS, schwarz - Urban Vitamin<\/title>\n<meta name=\"robots\" content=\"index, follow, max-snippet:-1, max-image-preview:large, max-video-preview:-1\" \/>\n<link rel=\"canonical\" href=\"https:\/\/urban-vitamin.com\/de\/produkt\/urban-vitamin-ventura-hybrid-anc-enc-ohrhoerer-aus-rcs-abs-schwarz\/\" \/>\n<meta property=\"og:locale\" content=\"de_DE\" \/>\n<meta property=\"og:type\" content=\"article\" \/>\n<meta property=\"og:title\" content=\"Urban Vitamin Ventura Hybrid ANC &amp; ENC Ohrh\u00f6rer aus RCS ABS, schwarz - Urban Vitamin\" \/>\n<meta property=\"og:description\" content=\"Mit hybrider ANC- und Dual-Mic-ENC-Rauschunterdr\u00fcckung sorgen die Ventura-Ohrh\u00f6rer f\u00fcr kristallklare Telefonate, indem sie unerw\u00fcnschte Hintergrundger\u00e4usche filtern, w\u00e4hrend die aktive Ger\u00e4uschunterdr\u00fcckung von 45 dB externe Ger\u00e4usche blockiert \u2013 ideal f\u00fcr Musik, Reisen und konzentriertes Arbeiten. Mit der Spritzwasserschutzklasse IPX4 ist Ventura bereit f\u00fcr Workouts, den Einsatz im Freien und regnerische Tage. Ventura verf\u00fcgt \u00fcber eine einfache [&hellip;]\" \/>\n<meta property=\"og:url\" content=\"https:\/\/urban-vitamin.com\/de\/produkt\/urban-vitamin-ventura-hybrid-anc-enc-ohrhoerer-aus-rcs-abs-schwarz\/\" \/>\n<meta property=\"og:site_name\" content=\"Urban Vitamin\" \/>\n<meta property=\"article:modified_time\" content=\"2026-03-12T02:09:10+00:00\" \/>\n<meta property=\"og:image\" content=\"https:\/\/urban-vitamin.com\/wp-content\/uploads\/sites\/5\/2026\/03\/P331.6001__S_0__c839b7b5b3a64042aaa1b5c9bfdad01b.jpg\" \/>\n\t<meta property=\"og:image:width\" content=\"1024\" \/>\n\t<meta property=\"og:image:height\" content=\"1024\" \/>\n\t<meta property=\"og:image:type\" content=\"image\/jpeg\" \/>\n<meta name=\"twitter:card\" content=\"summary_large_image\" \/>\n<meta name=\"twitter:label1\" content=\"Gesch\u00e4tzte Lesezeit\" \/>\n\t<meta name=\"twitter:data1\" content=\"1\u00a0Minute\" \/>\n<script type=\"application\/ld+json\" class=\"yoast-schema-graph\">{\"@context\":\"https:\/\/schema.org\",\"@graph\":[{\"@type\":\"WebPage\",\"@id\":\"https:\/\/urban-vitamin.com\/de\/produkt\/urban-vitamin-ventura-hybrid-anc-enc-ohrhoerer-aus-rcs-abs-schwarz\/\",\"url\":\"https:\/\/urban-vitamin.com\/de\/produkt\/urban-vitamin-ventura-hybrid-anc-enc-ohrhoerer-aus-rcs-abs-schwarz\/\",\"name\":\"Urban Vitamin Ventura Hybrid ANC &amp; ENC Ohrh\u00f6rer aus RCS ABS, schwarz - Urban Vitamin\",\"isPartOf\":{\"@id\":\"https:\/\/urban-vitamin.com\/de\/#website\"},\"primaryImageOfPage\":{\"@id\":\"https:\/\/urban-vitamin.com\/de\/produkt\/urban-vitamin-ventura-hybrid-anc-enc-ohrhoerer-aus-rcs-abs-schwarz\/#primaryimage\"},\"image\":{\"@id\":\"https:\/\/urban-vitamin.com\/de\/produkt\/urban-vitamin-ventura-hybrid-anc-enc-ohrhoerer-aus-rcs-abs-schwarz\/#primaryimage\"},\"thumbnailUrl\":\"https:\/\/urban-vitamin.com\/wp-content\/uploads\/sites\/5\/2026\/03\/P331.6001__S_0__c839b7b5b3a64042aaa1b5c9bfdad01b.jpg\",\"datePublished\":\"2026-03-12T01:08:40+00:00\",\"dateModified\":\"2026-03-12T02:09:10+00:00\",\"breadcrumb\":{\"@id\":\"https:\/\/urban-vitamin.com\/de\/produkt\/urban-vitamin-ventura-hybrid-anc-enc-ohrhoerer-aus-rcs-abs-schwarz\/#breadcrumb\"},\"inLanguage\":\"de\",\"potentialAction\":[{\"@type\":\"ReadAction\",\"target\":[\"https:\/\/urban-vitamin.com\/de\/produkt\/urban-vitamin-ventura-hybrid-anc-enc-ohrhoerer-aus-rcs-abs-schwarz\/\"]}]},{\"@type\":\"ImageObject\",\"inLanguage\":\"de\",\"@id\":\"https:\/\/urban-vitamin.com\/de\/produkt\/urban-vitamin-ventura-hybrid-anc-enc-ohrhoerer-aus-rcs-abs-schwarz\/#primaryimage\",\"url\":\"https:\/\/urban-vitamin.com\/wp-content\/uploads\/sites\/5\/2026\/03\/P331.6001__S_0__c839b7b5b3a64042aaa1b5c9bfdad01b.jpg\",\"contentUrl\":\"https:\/\/urban-vitamin.com\/wp-content\/uploads\/sites\/5\/2026\/03\/P331.6001__S_0__c839b7b5b3a64042aaa1b5c9bfdad01b.jpg\",\"width\":1024,\"height\":1024},{\"@type\":\"BreadcrumbList\",\"@id\":\"https:\/\/urban-vitamin.com\/de\/produkt\/urban-vitamin-ventura-hybrid-anc-enc-ohrhoerer-aus-rcs-abs-schwarz\/#breadcrumb\",\"itemListElement\":[{\"@type\":\"ListItem\",\"position\":1,\"name\":\"Home\",\"item\":\"https:\/\/urban-vitamin.com\/de\/\"},{\"@type\":\"ListItem\",\"position\":2,\"name\":\"Kollektion\",\"item\":\"https:\/\/urban-vitamin.com\/de\/kollektion\/\"},{\"@type\":\"ListItem\",\"position\":3,\"name\":\"Urban Vitamin Ventura Hybrid ANC &amp; ENC Ohrh\u00f6rer aus RCS ABS, schwarz\"}]},{\"@type\":\"WebSite\",\"@id\":\"https:\/\/urban-vitamin.com\/de\/#website\",\"url\":\"https:\/\/urban-vitamin.com\/de\/\",\"name\":\"Urban Vitamin\",\"description\":\"Enjoy your daily dose of Urban Vitamin!\",\"potentialAction\":[{\"@type\":\"SearchAction\",\"target\":{\"@type\":\"EntryPoint\",\"urlTemplate\":\"https:\/\/urban-vitamin.com\/de\/?s={search_term_string}\"},\"query-input\":{\"@type\":\"PropertyValueSpecification\",\"valueRequired\":true,\"valueName\":\"search_term_string\"}}],\"inLanguage\":\"de\"}]}<\/script>\n<!-- \/ Yoast SEO plugin. -->","yoast_head_json":{"title":"Urban Vitamin Ventura Hybrid ANC &amp; ENC Ohrh\u00f6rer aus RCS ABS, schwarz - Urban Vitamin","robots":{"index":"index","follow":"follow","max-snippet":"max-snippet:-1","max-image-preview":"max-image-preview:large","max-video-preview":"max-video-preview:-1"},"canonical":"https:\/\/urban-vitamin.com\/de\/produkt\/urban-vitamin-ventura-hybrid-anc-enc-ohrhoerer-aus-rcs-abs-schwarz\/","og_locale":"de_DE","og_type":"article","og_title":"Urban Vitamin Ventura Hybrid ANC &amp; ENC Ohrh\u00f6rer aus RCS ABS, schwarz - Urban Vitamin","og_description":"Mit hybrider ANC- und Dual-Mic-ENC-Rauschunterdr\u00fcckung sorgen die Ventura-Ohrh\u00f6rer f\u00fcr kristallklare Telefonate, indem sie unerw\u00fcnschte Hintergrundger\u00e4usche filtern, w\u00e4hrend die aktive Ger\u00e4uschunterdr\u00fcckung von 45 dB externe Ger\u00e4usche blockiert \u2013 ideal f\u00fcr Musik, Reisen und konzentriertes Arbeiten. Mit der Spritzwasserschutzklasse IPX4 ist Ventura bereit f\u00fcr Workouts, den Einsatz im Freien und regnerische Tage. Ventura verf\u00fcgt \u00fcber eine einfache [&hellip;]","og_url":"https:\/\/urban-vitamin.com\/de\/produkt\/urban-vitamin-ventura-hybrid-anc-enc-ohrhoerer-aus-rcs-abs-schwarz\/","og_site_name":"Urban Vitamin","article_modified_time":"2026-03-12T02:09:10+00:00","og_image":[{"width":1024,"height":1024,"url":"https:\/\/urban-vitamin.com\/wp-content\/uploads\/sites\/5\/2026\/03\/P331.6001__S_0__c839b7b5b3a64042aaa1b5c9bfdad01b.jpg","type":"image\/jpeg"}],"twitter_card":"summary_large_image","twitter_misc":{"Gesch\u00e4tzte Lesezeit":"1\u00a0Minute"},"schema":{"@context":"https:\/\/schema.org","@graph":[{"@type":"WebPage","@id":"https:\/\/urban-vitamin.com\/de\/produkt\/urban-vitamin-ventura-hybrid-anc-enc-ohrhoerer-aus-rcs-abs-schwarz\/","url":"https:\/\/urban-vitamin.com\/de\/produkt\/urban-vitamin-ventura-hybrid-anc-enc-ohrhoerer-aus-rcs-abs-schwarz\/","name":"Urban Vitamin Ventura Hybrid ANC &amp; ENC Ohrh\u00f6rer aus RCS ABS, schwarz - Urban Vitamin","isPartOf":{"@id":"https:\/\/urban-vitamin.com\/de\/#website"},"primaryImageOfPage":{"@id":"https:\/\/urban-vitamin.com\/de\/produkt\/urban-vitamin-ventura-hybrid-anc-enc-ohrhoerer-aus-rcs-abs-schwarz\/#primaryimage"},"image":{"@id":"https:\/\/urban-vitamin.com\/de\/produkt\/urban-vitamin-ventura-hybrid-anc-enc-ohrhoerer-aus-rcs-abs-schwarz\/#primaryimage"},"thumbnailUrl":"https:\/\/urban-vitamin.com\/wp-content\/uploads\/sites\/5\/2026\/03\/P331.6001__S_0__c839b7b5b3a64042aaa1b5c9bfdad01b.jpg","datePublished":"2026-03-12T01:08:40+00:00","dateModified":"2026-03-12T02:09:10+00:00","breadcrumb":{"@id":"https:\/\/urban-vitamin.com\/de\/produkt\/urban-vitamin-ventura-hybrid-anc-enc-ohrhoerer-aus-rcs-abs-schwarz\/#breadcrumb"},"inLanguage":"de","potentialAction":[{"@type":"ReadAction","target":["https:\/\/urban-vitamin.com\/de\/produkt\/urban-vitamin-ventura-hybrid-anc-enc-ohrhoerer-aus-rcs-abs-schwarz\/"]}]},{"@type":"ImageObject","inLanguage":"de","@id":"https:\/\/urban-vitamin.com\/de\/produkt\/urban-vitamin-ventura-hybrid-anc-enc-ohrhoerer-aus-rcs-abs-schwarz\/#primaryimage","url":"https:\/\/urban-vitamin.com\/wp-content\/uploads\/sites\/5\/2026\/03\/P331.6001__S_0__c839b7b5b3a64042aaa1b5c9bfdad01b.jpg","contentUrl":"https:\/\/urban-vitamin.com\/wp-content\/uploads\/sites\/5\/2026\/03\/P331.6001__S_0__c839b7b5b3a64042aaa1b5c9bfdad01b.jpg","width":1024,"height":1024},{"@type":"BreadcrumbList","@id":"https:\/\/urban-vitamin.com\/de\/produkt\/urban-vitamin-ventura-hybrid-anc-enc-ohrhoerer-aus-rcs-abs-schwarz\/#breadcrumb","itemListElement":[{"@type":"ListItem","position":1,"name":"Home","item":"https:\/\/urban-vitamin.com\/de\/"},{"@type":"ListItem","position":2,"name":"Kollektion","item":"https:\/\/urban-vitamin.com\/de\/kollektion\/"},{"@type":"ListItem","position":3,"name":"Urban Vitamin Ventura Hybrid ANC &amp; ENC Ohrh\u00f6rer aus RCS ABS, schwarz"}]},{"@type":"WebSite","@id":"https:\/\/urban-vitamin.com\/de\/#website","url":"https:\/\/urban-vitamin.com\/de\/","name":"Urban Vitamin","description":"Enjoy your daily dose of Urban Vitamin!","potentialAction":[{"@type":"SearchAction","target":{"@type":"EntryPoint","urlTemplate":"https:\/\/urban-vitamin.com\/de\/?s={search_term_string}"},"query-input":{"@type":"PropertyValueSpecification","valueRequired":true,"valueName":"search_term_string"}}],"inLanguage":"de"}]}},"_links":{"self":[{"href":"https:\/\/urban-vitamin.com\/de\/wp-json\/wp\/v2\/product\/27427","targetHints":{"allow":["GET"]}}],"collection":[{"href":"https:\/\/urban-vitamin.com\/de\/wp-json\/wp\/v2\/product"}],"about":[{"href":"https:\/\/urban-vitamin.com\/de\/wp-json\/wp\/v2\/types\/product"}],"replies":[{"embeddable":true,"href":"https:\/\/urban-vitamin.com\/de\/wp-json\/wp\/v2\/comments?post=27427"}],"wp:featuredmedia":[{"embeddable":true,"href":"https:\/\/urban-vitamin.com\/de\/wp-json\/wp\/v2\/media\/27341"}],"wp:attachment":[{"href":"https:\/\/urban-vitamin.com\/de\/wp-json\/wp\/v2\/media?parent=27427"}],"wp:term":[{"taxonomy":"product_cat","embeddable":true,"href":"https:\/\/urban-vitamin.com\/de\/wp-json\/wp\/v2\/product_cat?post=27427"},{"taxonomy":"product_tag","embeddable":true,"href":"https:\/\/urban-vitamin.com\/de\/wp-json\/wp\/v2\/product_tag?post=27427"}],"curies":[{"name":"wp","href":"https:\/\/api.w.org\/{rel}","templated":true}]}}