{"id":27425,"date":"2026-03-12T01:08:40","date_gmt":"2026-03-12T01:08:40","guid":{"rendered":"https:\/\/urban-vitamin.com\/urban-vitamin-santa-clara-enc-ohrhoerer-aus-rcs-rec-abs-weiss\/"},"modified":"2026-03-12T02:09:07","modified_gmt":"2026-03-12T02:09:07","slug":"urban-vitamin-santa-clara-enc-ohrhoerer-aus-rcs-rec-abs-weiss","status":"publish","type":"product","link":"https:\/\/urban-vitamin.com\/de\/produkt\/urban-vitamin-santa-clara-enc-ohrhoerer-aus-rcs-rec-abs-weiss\/","title":{"rendered":"Urban Vitamin Santa Clara ENC-Ohrh\u00f6rer aus RCS rec. ABS, wei\u00df"},"content":{"rendered":"<p>Mit Dual-Mic ENC-Ger\u00e4uschunterdr\u00fcckung sorgen die Santa Clara ENC-Ohrh\u00f6rer f\u00fcr kristallklare Telefonate, indem sie unerw\u00fcnschte Hintergrundger\u00e4usche herausfiltern und daf\u00fcr sorgen, dass Ihre Stimme klar und nat\u00fcrlich klingt. Mit ihrer Spritzwasserschutzklasse IPX4 sind sie bereit f\u00fcr Workouts, Outdoor-Aktivit\u00e4ten und leichten Regen. Der neueste BT 6.0-Chip bieten eine schnelle, stabile Verbindung mit ausgezeichneter Energieeffizienz. Genie\u00dfen Sie bis zu 6h Spielzeit, w\u00e4hrend das kompakte Ladecase die Gesamtspielzeit auf 24h verl\u00e4ngert. Die Ohrh\u00f6rer verf\u00fcgen \u00fcber eine sofortige automatische Kopplung \u2013 \u00f6ffnen Sie einfach das Case und sie verbinden sich automatisch. Sie verf\u00fcgen \u00fcber glatte Konturen, intuitive Touch-Steuerung und ein klares, minimalistisches Finish. Hergestellt aus RCS-zertifiziert (Recycled Claim Standard) recyceltem ABS. Urban Vitamin-Produkte sind PVC-frei und werden in einer Verpackung mit reduziertem Kunststoffanteil geliefert.<\/p>\n","protected":false},"excerpt":{"rendered":"<p>Mit Dual-Mic ENC-Ger\u00e4uschunterdr\u00fcckung sorgen die Santa Clara ENC-Ohrh\u00f6rer f\u00fcr kristallklare Telefonate, indem sie unerw\u00fcnschte Hintergrundger\u00e4usche herausfiltern und daf\u00fcr sorgen, dass Ihre Stimme klar und nat\u00fcrlich klingt. Mit ihrer Spritzwasserschutzklasse IPX4 sind sie bereit f\u00fcr Workouts, Outdoor-Aktivit\u00e4ten und leichten Regen. Der neueste BT 6.0-Chip bieten eine schnelle, stabile Verbindung mit ausgezeichneter Energieeffizienz. Genie\u00dfen Sie bis zu [&hellip;]<\/p>\n","protected":false},"featured_media":27213,"comment_status":"closed","ping_status":"closed","template":"","meta":{"_acf_changed":false,"om_disable_all_campaigns":false},"product_cat":[88],"product_tag":[],"class_list":["post-27425","product","type-product","status-publish","has-post-thumbnail","hentry","product_cat-uncategorized","pa_color-white"],"acf":[],"yoast_head":"<!-- This site is optimized with the Yoast SEO plugin v27.0 - https:\/\/yoast.com\/product\/yoast-seo-wordpress\/ -->\n<title>Urban Vitamin Santa Clara ENC-Ohrh\u00f6rer aus RCS rec. ABS, wei\u00df - Urban Vitamin<\/title>\n<meta name=\"robots\" content=\"index, follow, max-snippet:-1, max-image-preview:large, max-video-preview:-1\" \/>\n<link rel=\"canonical\" href=\"https:\/\/urban-vitamin.com\/de\/produkt\/urban-vitamin-santa-clara-enc-ohrhoerer-aus-rcs-rec-abs-weiss\/\" \/>\n<meta property=\"og:locale\" content=\"de_DE\" \/>\n<meta property=\"og:type\" content=\"article\" \/>\n<meta property=\"og:title\" content=\"Urban Vitamin Santa Clara ENC-Ohrh\u00f6rer aus RCS rec. ABS, wei\u00df - Urban Vitamin\" \/>\n<meta property=\"og:description\" content=\"Mit Dual-Mic ENC-Ger\u00e4uschunterdr\u00fcckung sorgen die Santa Clara ENC-Ohrh\u00f6rer f\u00fcr kristallklare Telefonate, indem sie unerw\u00fcnschte Hintergrundger\u00e4usche herausfiltern und daf\u00fcr sorgen, dass Ihre Stimme klar und nat\u00fcrlich klingt. Mit ihrer Spritzwasserschutzklasse IPX4 sind sie bereit f\u00fcr Workouts, Outdoor-Aktivit\u00e4ten und leichten Regen. Der neueste BT 6.0-Chip bieten eine schnelle, stabile Verbindung mit ausgezeichneter Energieeffizienz. Genie\u00dfen Sie bis zu [&hellip;]\" \/>\n<meta property=\"og:url\" content=\"https:\/\/urban-vitamin.com\/de\/produkt\/urban-vitamin-santa-clara-enc-ohrhoerer-aus-rcs-rec-abs-weiss\/\" \/>\n<meta property=\"og:site_name\" content=\"Urban Vitamin\" \/>\n<meta property=\"article:modified_time\" content=\"2026-03-12T02:09:07+00:00\" \/>\n<meta property=\"og:image\" content=\"https:\/\/urban-vitamin.com\/wp-content\/uploads\/sites\/5\/2026\/03\/P331.5903__S_0__1d06b93de17c422292a9c7b4a7adb145.jpg\" \/>\n\t<meta property=\"og:image:width\" content=\"1024\" \/>\n\t<meta property=\"og:image:height\" content=\"1024\" \/>\n\t<meta property=\"og:image:type\" content=\"image\/jpeg\" \/>\n<meta name=\"twitter:card\" content=\"summary_large_image\" \/>\n<meta name=\"twitter:label1\" content=\"Gesch\u00e4tzte Lesezeit\" \/>\n\t<meta name=\"twitter:data1\" content=\"1\u00a0Minute\" \/>\n<script type=\"application\/ld+json\" class=\"yoast-schema-graph\">{\"@context\":\"https:\/\/schema.org\",\"@graph\":[{\"@type\":\"WebPage\",\"@id\":\"https:\/\/urban-vitamin.com\/de\/produkt\/urban-vitamin-santa-clara-enc-ohrhoerer-aus-rcs-rec-abs-weiss\/\",\"url\":\"https:\/\/urban-vitamin.com\/de\/produkt\/urban-vitamin-santa-clara-enc-ohrhoerer-aus-rcs-rec-abs-weiss\/\",\"name\":\"Urban Vitamin Santa Clara ENC-Ohrh\u00f6rer aus RCS rec. ABS, wei\u00df - Urban Vitamin\",\"isPartOf\":{\"@id\":\"https:\/\/urban-vitamin.com\/de\/#website\"},\"primaryImageOfPage\":{\"@id\":\"https:\/\/urban-vitamin.com\/de\/produkt\/urban-vitamin-santa-clara-enc-ohrhoerer-aus-rcs-rec-abs-weiss\/#primaryimage\"},\"image\":{\"@id\":\"https:\/\/urban-vitamin.com\/de\/produkt\/urban-vitamin-santa-clara-enc-ohrhoerer-aus-rcs-rec-abs-weiss\/#primaryimage\"},\"thumbnailUrl\":\"https:\/\/urban-vitamin.com\/wp-content\/uploads\/sites\/5\/2026\/03\/P331.5903__S_0__1d06b93de17c422292a9c7b4a7adb145.jpg\",\"datePublished\":\"2026-03-12T01:08:40+00:00\",\"dateModified\":\"2026-03-12T02:09:07+00:00\",\"breadcrumb\":{\"@id\":\"https:\/\/urban-vitamin.com\/de\/produkt\/urban-vitamin-santa-clara-enc-ohrhoerer-aus-rcs-rec-abs-weiss\/#breadcrumb\"},\"inLanguage\":\"de\",\"potentialAction\":[{\"@type\":\"ReadAction\",\"target\":[\"https:\/\/urban-vitamin.com\/de\/produkt\/urban-vitamin-santa-clara-enc-ohrhoerer-aus-rcs-rec-abs-weiss\/\"]}]},{\"@type\":\"ImageObject\",\"inLanguage\":\"de\",\"@id\":\"https:\/\/urban-vitamin.com\/de\/produkt\/urban-vitamin-santa-clara-enc-ohrhoerer-aus-rcs-rec-abs-weiss\/#primaryimage\",\"url\":\"https:\/\/urban-vitamin.com\/wp-content\/uploads\/sites\/5\/2026\/03\/P331.5903__S_0__1d06b93de17c422292a9c7b4a7adb145.jpg\",\"contentUrl\":\"https:\/\/urban-vitamin.com\/wp-content\/uploads\/sites\/5\/2026\/03\/P331.5903__S_0__1d06b93de17c422292a9c7b4a7adb145.jpg\",\"width\":1024,\"height\":1024},{\"@type\":\"BreadcrumbList\",\"@id\":\"https:\/\/urban-vitamin.com\/de\/produkt\/urban-vitamin-santa-clara-enc-ohrhoerer-aus-rcs-rec-abs-weiss\/#breadcrumb\",\"itemListElement\":[{\"@type\":\"ListItem\",\"position\":1,\"name\":\"Home\",\"item\":\"https:\/\/urban-vitamin.com\/de\/\"},{\"@type\":\"ListItem\",\"position\":2,\"name\":\"Kollektion\",\"item\":\"https:\/\/urban-vitamin.com\/de\/kollektion\/\"},{\"@type\":\"ListItem\",\"position\":3,\"name\":\"Urban Vitamin Santa Clara ENC-Ohrh\u00f6rer aus RCS rec. ABS, wei\u00df\"}]},{\"@type\":\"WebSite\",\"@id\":\"https:\/\/urban-vitamin.com\/de\/#website\",\"url\":\"https:\/\/urban-vitamin.com\/de\/\",\"name\":\"Urban Vitamin\",\"description\":\"Enjoy your daily dose of Urban Vitamin!\",\"potentialAction\":[{\"@type\":\"SearchAction\",\"target\":{\"@type\":\"EntryPoint\",\"urlTemplate\":\"https:\/\/urban-vitamin.com\/de\/?s={search_term_string}\"},\"query-input\":{\"@type\":\"PropertyValueSpecification\",\"valueRequired\":true,\"valueName\":\"search_term_string\"}}],\"inLanguage\":\"de\"}]}<\/script>\n<!-- \/ Yoast SEO plugin. -->","yoast_head_json":{"title":"Urban Vitamin Santa Clara ENC-Ohrh\u00f6rer aus RCS rec. ABS, wei\u00df - Urban Vitamin","robots":{"index":"index","follow":"follow","max-snippet":"max-snippet:-1","max-image-preview":"max-image-preview:large","max-video-preview":"max-video-preview:-1"},"canonical":"https:\/\/urban-vitamin.com\/de\/produkt\/urban-vitamin-santa-clara-enc-ohrhoerer-aus-rcs-rec-abs-weiss\/","og_locale":"de_DE","og_type":"article","og_title":"Urban Vitamin Santa Clara ENC-Ohrh\u00f6rer aus RCS rec. ABS, wei\u00df - Urban Vitamin","og_description":"Mit Dual-Mic ENC-Ger\u00e4uschunterdr\u00fcckung sorgen die Santa Clara ENC-Ohrh\u00f6rer f\u00fcr kristallklare Telefonate, indem sie unerw\u00fcnschte Hintergrundger\u00e4usche herausfiltern und daf\u00fcr sorgen, dass Ihre Stimme klar und nat\u00fcrlich klingt. Mit ihrer Spritzwasserschutzklasse IPX4 sind sie bereit f\u00fcr Workouts, Outdoor-Aktivit\u00e4ten und leichten Regen. Der neueste BT 6.0-Chip bieten eine schnelle, stabile Verbindung mit ausgezeichneter Energieeffizienz. Genie\u00dfen Sie bis zu [&hellip;]","og_url":"https:\/\/urban-vitamin.com\/de\/produkt\/urban-vitamin-santa-clara-enc-ohrhoerer-aus-rcs-rec-abs-weiss\/","og_site_name":"Urban Vitamin","article_modified_time":"2026-03-12T02:09:07+00:00","og_image":[{"width":1024,"height":1024,"url":"https:\/\/urban-vitamin.com\/wp-content\/uploads\/sites\/5\/2026\/03\/P331.5903__S_0__1d06b93de17c422292a9c7b4a7adb145.jpg","type":"image\/jpeg"}],"twitter_card":"summary_large_image","twitter_misc":{"Gesch\u00e4tzte Lesezeit":"1\u00a0Minute"},"schema":{"@context":"https:\/\/schema.org","@graph":[{"@type":"WebPage","@id":"https:\/\/urban-vitamin.com\/de\/produkt\/urban-vitamin-santa-clara-enc-ohrhoerer-aus-rcs-rec-abs-weiss\/","url":"https:\/\/urban-vitamin.com\/de\/produkt\/urban-vitamin-santa-clara-enc-ohrhoerer-aus-rcs-rec-abs-weiss\/","name":"Urban Vitamin Santa Clara ENC-Ohrh\u00f6rer aus RCS rec. ABS, wei\u00df - Urban Vitamin","isPartOf":{"@id":"https:\/\/urban-vitamin.com\/de\/#website"},"primaryImageOfPage":{"@id":"https:\/\/urban-vitamin.com\/de\/produkt\/urban-vitamin-santa-clara-enc-ohrhoerer-aus-rcs-rec-abs-weiss\/#primaryimage"},"image":{"@id":"https:\/\/urban-vitamin.com\/de\/produkt\/urban-vitamin-santa-clara-enc-ohrhoerer-aus-rcs-rec-abs-weiss\/#primaryimage"},"thumbnailUrl":"https:\/\/urban-vitamin.com\/wp-content\/uploads\/sites\/5\/2026\/03\/P331.5903__S_0__1d06b93de17c422292a9c7b4a7adb145.jpg","datePublished":"2026-03-12T01:08:40+00:00","dateModified":"2026-03-12T02:09:07+00:00","breadcrumb":{"@id":"https:\/\/urban-vitamin.com\/de\/produkt\/urban-vitamin-santa-clara-enc-ohrhoerer-aus-rcs-rec-abs-weiss\/#breadcrumb"},"inLanguage":"de","potentialAction":[{"@type":"ReadAction","target":["https:\/\/urban-vitamin.com\/de\/produkt\/urban-vitamin-santa-clara-enc-ohrhoerer-aus-rcs-rec-abs-weiss\/"]}]},{"@type":"ImageObject","inLanguage":"de","@id":"https:\/\/urban-vitamin.com\/de\/produkt\/urban-vitamin-santa-clara-enc-ohrhoerer-aus-rcs-rec-abs-weiss\/#primaryimage","url":"https:\/\/urban-vitamin.com\/wp-content\/uploads\/sites\/5\/2026\/03\/P331.5903__S_0__1d06b93de17c422292a9c7b4a7adb145.jpg","contentUrl":"https:\/\/urban-vitamin.com\/wp-content\/uploads\/sites\/5\/2026\/03\/P331.5903__S_0__1d06b93de17c422292a9c7b4a7adb145.jpg","width":1024,"height":1024},{"@type":"BreadcrumbList","@id":"https:\/\/urban-vitamin.com\/de\/produkt\/urban-vitamin-santa-clara-enc-ohrhoerer-aus-rcs-rec-abs-weiss\/#breadcrumb","itemListElement":[{"@type":"ListItem","position":1,"name":"Home","item":"https:\/\/urban-vitamin.com\/de\/"},{"@type":"ListItem","position":2,"name":"Kollektion","item":"https:\/\/urban-vitamin.com\/de\/kollektion\/"},{"@type":"ListItem","position":3,"name":"Urban Vitamin Santa Clara ENC-Ohrh\u00f6rer aus RCS rec. ABS, wei\u00df"}]},{"@type":"WebSite","@id":"https:\/\/urban-vitamin.com\/de\/#website","url":"https:\/\/urban-vitamin.com\/de\/","name":"Urban Vitamin","description":"Enjoy your daily dose of Urban Vitamin!","potentialAction":[{"@type":"SearchAction","target":{"@type":"EntryPoint","urlTemplate":"https:\/\/urban-vitamin.com\/de\/?s={search_term_string}"},"query-input":{"@type":"PropertyValueSpecification","valueRequired":true,"valueName":"search_term_string"}}],"inLanguage":"de"}]}},"_links":{"self":[{"href":"https:\/\/urban-vitamin.com\/de\/wp-json\/wp\/v2\/product\/27425","targetHints":{"allow":["GET"]}}],"collection":[{"href":"https:\/\/urban-vitamin.com\/de\/wp-json\/wp\/v2\/product"}],"about":[{"href":"https:\/\/urban-vitamin.com\/de\/wp-json\/wp\/v2\/types\/product"}],"replies":[{"embeddable":true,"href":"https:\/\/urban-vitamin.com\/de\/wp-json\/wp\/v2\/comments?post=27425"}],"wp:featuredmedia":[{"embeddable":true,"href":"https:\/\/urban-vitamin.com\/de\/wp-json\/wp\/v2\/media\/27213"}],"wp:attachment":[{"href":"https:\/\/urban-vitamin.com\/de\/wp-json\/wp\/v2\/media?parent=27425"}],"wp:term":[{"taxonomy":"product_cat","embeddable":true,"href":"https:\/\/urban-vitamin.com\/de\/wp-json\/wp\/v2\/product_cat?post=27425"},{"taxonomy":"product_tag","embeddable":true,"href":"https:\/\/urban-vitamin.com\/de\/wp-json\/wp\/v2\/product_tag?post=27425"}],"curies":[{"name":"wp","href":"https:\/\/api.w.org\/{rel}","templated":true}]}}