{"id":27423,"date":"2026-03-25T01:06:10","date_gmt":"2026-03-25T01:06:10","guid":{"rendered":"https:\/\/urban-vitamin.com\/urban-vitamin-pomona-5000mah-qi2-2-25w-magnetische-powerbank-blau\/"},"modified":"2026-03-25T02:06:19","modified_gmt":"2026-03-25T02:06:19","slug":"urban-vitamin-pomona-5000mah-qi2-2-25w-magnetische-powerbank-blau","status":"publish","type":"product","link":"https:\/\/urban-vitamin.com\/de\/produkt\/urban-vitamin-pomona-5000mah-qi2-2-25w-magnetische-powerbank-blau\/","title":{"rendered":"Urban Vitamin Pomona 5000mAh Qi2.2 25W magnetische Powerbank, blau"},"content":{"rendered":"<p>Die fortschrittliche QI2.2-Magnettechnologie von Pomona l\u00e4sst sich sicher an jedem QI2-f\u00e4higen Ger\u00e4t befestigen und erm\u00f6glicht ultraschnelles 25W-Wireless-Charging. F\u00fcr einen zus\u00e4tzlichen Schub bietet Pomona einen 30W-USB-C-Kabelausgang und 20W-Schnellladung, um die Powerbank selbst schnell wieder aufzuladen. Die dem Telefon zugewandte Seite besteht aus superweichem Silikon, um Ihr Ger\u00e4t vor Kratzern zu sch\u00fctzen, w\u00e4hrend die hochwertige Aluminiumr\u00fcckseite ein schlankes, superd\u00fcnnes 8,3mm-Design bildet.. Der hochwertige 5000mAh-Halbfeststoffakku aus 100% Kobalt bietet erh\u00f6hte Sicherheit, stabile Leistung und bis zu 1000 Ladezyklen. Pomona ist au\u00dferdem f\u00fcr die Mitnahme im Handgep\u00e4ck in jedem Flugzeug zugelassen. Hergestellt aus RCS-zertifiziert (Recycled Claim Standard) recyceltem Aluminium, recyceltem Silikon und recyceltem PC. Urban Vitamin-Produkte werden ohne PVC hergestellt und in einer Verpackung mit reduziertem Kunststoffanteil verpackt.<\/p>\n","protected":false},"excerpt":{"rendered":"<p>Die fortschrittliche QI2.2-Magnettechnologie von Pomona l\u00e4sst sich sicher an jedem QI2-f\u00e4higen Ger\u00e4t befestigen und erm\u00f6glicht ultraschnelles 25W-Wireless-Charging. F\u00fcr einen zus\u00e4tzlichen Schub bietet Pomona einen 30W-USB-C-Kabelausgang und 20W-Schnellladung, um die Powerbank selbst schnell wieder aufzuladen. Die dem Telefon zugewandte Seite besteht aus superweichem Silikon, um Ihr Ger\u00e4t vor Kratzern zu sch\u00fctzen, w\u00e4hrend die hochwertige Aluminiumr\u00fcckseite ein [&hellip;]<\/p>\n","protected":false},"featured_media":27057,"comment_status":"closed","ping_status":"closed","template":"","meta":{"_acf_changed":false,"om_disable_all_campaigns":false},"product_cat":[88],"product_tag":[],"class_list":["post-27423","product","type-product","status-publish","has-post-thumbnail","hentry","product_cat-uncategorized","pa_color-blue"],"acf":[],"yoast_head":"<!-- This site is optimized with the Yoast SEO plugin v27.0 - https:\/\/yoast.com\/product\/yoast-seo-wordpress\/ -->\n<title>Urban Vitamin Pomona 5000mAh Qi2.2 25W magnetische Powerbank, blau - Urban Vitamin<\/title>\n<meta name=\"robots\" content=\"index, follow, max-snippet:-1, max-image-preview:large, max-video-preview:-1\" \/>\n<link rel=\"canonical\" href=\"https:\/\/urban-vitamin.com\/de\/produkt\/urban-vitamin-pomona-5000mah-qi2-2-25w-magnetische-powerbank-blau\/\" \/>\n<meta property=\"og:locale\" content=\"de_DE\" \/>\n<meta property=\"og:type\" content=\"article\" \/>\n<meta property=\"og:title\" content=\"Urban Vitamin Pomona 5000mAh Qi2.2 25W magnetische Powerbank, blau - Urban Vitamin\" \/>\n<meta property=\"og:description\" content=\"Die fortschrittliche QI2.2-Magnettechnologie von Pomona l\u00e4sst sich sicher an jedem QI2-f\u00e4higen Ger\u00e4t befestigen und erm\u00f6glicht ultraschnelles 25W-Wireless-Charging. F\u00fcr einen zus\u00e4tzlichen Schub bietet Pomona einen 30W-USB-C-Kabelausgang und 20W-Schnellladung, um die Powerbank selbst schnell wieder aufzuladen. Die dem Telefon zugewandte Seite besteht aus superweichem Silikon, um Ihr Ger\u00e4t vor Kratzern zu sch\u00fctzen, w\u00e4hrend die hochwertige Aluminiumr\u00fcckseite ein [&hellip;]\" \/>\n<meta property=\"og:url\" content=\"https:\/\/urban-vitamin.com\/de\/produkt\/urban-vitamin-pomona-5000mah-qi2-2-25w-magnetische-powerbank-blau\/\" \/>\n<meta property=\"og:site_name\" content=\"Urban Vitamin\" \/>\n<meta property=\"article:modified_time\" content=\"2026-03-25T02:06:19+00:00\" \/>\n<meta property=\"og:image\" content=\"https:\/\/urban-vitamin.com\/wp-content\/uploads\/sites\/5\/2026\/03\/P322.9205__B_1__8703908d4e0c41fcb1c750fe4c6dedaf.jpg\" \/>\n\t<meta property=\"og:image:width\" content=\"1024\" \/>\n\t<meta property=\"og:image:height\" content=\"1024\" \/>\n\t<meta property=\"og:image:type\" content=\"image\/jpeg\" \/>\n<meta name=\"twitter:card\" content=\"summary_large_image\" \/>\n<meta name=\"twitter:label1\" content=\"Gesch\u00e4tzte Lesezeit\" \/>\n\t<meta name=\"twitter:data1\" content=\"1\u00a0Minute\" \/>\n<script type=\"application\/ld+json\" class=\"yoast-schema-graph\">{\"@context\":\"https:\/\/schema.org\",\"@graph\":[{\"@type\":\"WebPage\",\"@id\":\"https:\/\/urban-vitamin.com\/de\/produkt\/urban-vitamin-pomona-5000mah-qi2-2-25w-magnetische-powerbank-blau\/\",\"url\":\"https:\/\/urban-vitamin.com\/de\/produkt\/urban-vitamin-pomona-5000mah-qi2-2-25w-magnetische-powerbank-blau\/\",\"name\":\"Urban Vitamin Pomona 5000mAh Qi2.2 25W magnetische Powerbank, blau - Urban Vitamin\",\"isPartOf\":{\"@id\":\"https:\/\/urban-vitamin.com\/de\/#website\"},\"primaryImageOfPage\":{\"@id\":\"https:\/\/urban-vitamin.com\/de\/produkt\/urban-vitamin-pomona-5000mah-qi2-2-25w-magnetische-powerbank-blau\/#primaryimage\"},\"image\":{\"@id\":\"https:\/\/urban-vitamin.com\/de\/produkt\/urban-vitamin-pomona-5000mah-qi2-2-25w-magnetische-powerbank-blau\/#primaryimage\"},\"thumbnailUrl\":\"https:\/\/urban-vitamin.com\/wp-content\/uploads\/sites\/5\/2026\/03\/P322.9205__B_1__8703908d4e0c41fcb1c750fe4c6dedaf.jpg\",\"datePublished\":\"2026-03-25T01:06:10+00:00\",\"dateModified\":\"2026-03-25T02:06:19+00:00\",\"breadcrumb\":{\"@id\":\"https:\/\/urban-vitamin.com\/de\/produkt\/urban-vitamin-pomona-5000mah-qi2-2-25w-magnetische-powerbank-blau\/#breadcrumb\"},\"inLanguage\":\"de\",\"potentialAction\":[{\"@type\":\"ReadAction\",\"target\":[\"https:\/\/urban-vitamin.com\/de\/produkt\/urban-vitamin-pomona-5000mah-qi2-2-25w-magnetische-powerbank-blau\/\"]}]},{\"@type\":\"ImageObject\",\"inLanguage\":\"de\",\"@id\":\"https:\/\/urban-vitamin.com\/de\/produkt\/urban-vitamin-pomona-5000mah-qi2-2-25w-magnetische-powerbank-blau\/#primaryimage\",\"url\":\"https:\/\/urban-vitamin.com\/wp-content\/uploads\/sites\/5\/2026\/03\/P322.9205__B_1__8703908d4e0c41fcb1c750fe4c6dedaf.jpg\",\"contentUrl\":\"https:\/\/urban-vitamin.com\/wp-content\/uploads\/sites\/5\/2026\/03\/P322.9205__B_1__8703908d4e0c41fcb1c750fe4c6dedaf.jpg\",\"width\":1024,\"height\":1024},{\"@type\":\"BreadcrumbList\",\"@id\":\"https:\/\/urban-vitamin.com\/de\/produkt\/urban-vitamin-pomona-5000mah-qi2-2-25w-magnetische-powerbank-blau\/#breadcrumb\",\"itemListElement\":[{\"@type\":\"ListItem\",\"position\":1,\"name\":\"Home\",\"item\":\"https:\/\/urban-vitamin.com\/de\/\"},{\"@type\":\"ListItem\",\"position\":2,\"name\":\"Kollektion\",\"item\":\"https:\/\/urban-vitamin.com\/de\/kollektion\/\"},{\"@type\":\"ListItem\",\"position\":3,\"name\":\"Urban Vitamin Pomona 5000mAh Qi2.2 25W magnetische Powerbank, blau\"}]},{\"@type\":\"WebSite\",\"@id\":\"https:\/\/urban-vitamin.com\/de\/#website\",\"url\":\"https:\/\/urban-vitamin.com\/de\/\",\"name\":\"Urban Vitamin\",\"description\":\"Enjoy your daily dose of Urban Vitamin!\",\"potentialAction\":[{\"@type\":\"SearchAction\",\"target\":{\"@type\":\"EntryPoint\",\"urlTemplate\":\"https:\/\/urban-vitamin.com\/de\/?s={search_term_string}\"},\"query-input\":{\"@type\":\"PropertyValueSpecification\",\"valueRequired\":true,\"valueName\":\"search_term_string\"}}],\"inLanguage\":\"de\"}]}<\/script>\n<!-- \/ Yoast SEO plugin. -->","yoast_head_json":{"title":"Urban Vitamin Pomona 5000mAh Qi2.2 25W magnetische Powerbank, blau - Urban Vitamin","robots":{"index":"index","follow":"follow","max-snippet":"max-snippet:-1","max-image-preview":"max-image-preview:large","max-video-preview":"max-video-preview:-1"},"canonical":"https:\/\/urban-vitamin.com\/de\/produkt\/urban-vitamin-pomona-5000mah-qi2-2-25w-magnetische-powerbank-blau\/","og_locale":"de_DE","og_type":"article","og_title":"Urban Vitamin Pomona 5000mAh Qi2.2 25W magnetische Powerbank, blau - Urban Vitamin","og_description":"Die fortschrittliche QI2.2-Magnettechnologie von Pomona l\u00e4sst sich sicher an jedem QI2-f\u00e4higen Ger\u00e4t befestigen und erm\u00f6glicht ultraschnelles 25W-Wireless-Charging. F\u00fcr einen zus\u00e4tzlichen Schub bietet Pomona einen 30W-USB-C-Kabelausgang und 20W-Schnellladung, um die Powerbank selbst schnell wieder aufzuladen. Die dem Telefon zugewandte Seite besteht aus superweichem Silikon, um Ihr Ger\u00e4t vor Kratzern zu sch\u00fctzen, w\u00e4hrend die hochwertige Aluminiumr\u00fcckseite ein [&hellip;]","og_url":"https:\/\/urban-vitamin.com\/de\/produkt\/urban-vitamin-pomona-5000mah-qi2-2-25w-magnetische-powerbank-blau\/","og_site_name":"Urban Vitamin","article_modified_time":"2026-03-25T02:06:19+00:00","og_image":[{"width":1024,"height":1024,"url":"https:\/\/urban-vitamin.com\/wp-content\/uploads\/sites\/5\/2026\/03\/P322.9205__B_1__8703908d4e0c41fcb1c750fe4c6dedaf.jpg","type":"image\/jpeg"}],"twitter_card":"summary_large_image","twitter_misc":{"Gesch\u00e4tzte Lesezeit":"1\u00a0Minute"},"schema":{"@context":"https:\/\/schema.org","@graph":[{"@type":"WebPage","@id":"https:\/\/urban-vitamin.com\/de\/produkt\/urban-vitamin-pomona-5000mah-qi2-2-25w-magnetische-powerbank-blau\/","url":"https:\/\/urban-vitamin.com\/de\/produkt\/urban-vitamin-pomona-5000mah-qi2-2-25w-magnetische-powerbank-blau\/","name":"Urban Vitamin Pomona 5000mAh Qi2.2 25W magnetische Powerbank, blau - Urban Vitamin","isPartOf":{"@id":"https:\/\/urban-vitamin.com\/de\/#website"},"primaryImageOfPage":{"@id":"https:\/\/urban-vitamin.com\/de\/produkt\/urban-vitamin-pomona-5000mah-qi2-2-25w-magnetische-powerbank-blau\/#primaryimage"},"image":{"@id":"https:\/\/urban-vitamin.com\/de\/produkt\/urban-vitamin-pomona-5000mah-qi2-2-25w-magnetische-powerbank-blau\/#primaryimage"},"thumbnailUrl":"https:\/\/urban-vitamin.com\/wp-content\/uploads\/sites\/5\/2026\/03\/P322.9205__B_1__8703908d4e0c41fcb1c750fe4c6dedaf.jpg","datePublished":"2026-03-25T01:06:10+00:00","dateModified":"2026-03-25T02:06:19+00:00","breadcrumb":{"@id":"https:\/\/urban-vitamin.com\/de\/produkt\/urban-vitamin-pomona-5000mah-qi2-2-25w-magnetische-powerbank-blau\/#breadcrumb"},"inLanguage":"de","potentialAction":[{"@type":"ReadAction","target":["https:\/\/urban-vitamin.com\/de\/produkt\/urban-vitamin-pomona-5000mah-qi2-2-25w-magnetische-powerbank-blau\/"]}]},{"@type":"ImageObject","inLanguage":"de","@id":"https:\/\/urban-vitamin.com\/de\/produkt\/urban-vitamin-pomona-5000mah-qi2-2-25w-magnetische-powerbank-blau\/#primaryimage","url":"https:\/\/urban-vitamin.com\/wp-content\/uploads\/sites\/5\/2026\/03\/P322.9205__B_1__8703908d4e0c41fcb1c750fe4c6dedaf.jpg","contentUrl":"https:\/\/urban-vitamin.com\/wp-content\/uploads\/sites\/5\/2026\/03\/P322.9205__B_1__8703908d4e0c41fcb1c750fe4c6dedaf.jpg","width":1024,"height":1024},{"@type":"BreadcrumbList","@id":"https:\/\/urban-vitamin.com\/de\/produkt\/urban-vitamin-pomona-5000mah-qi2-2-25w-magnetische-powerbank-blau\/#breadcrumb","itemListElement":[{"@type":"ListItem","position":1,"name":"Home","item":"https:\/\/urban-vitamin.com\/de\/"},{"@type":"ListItem","position":2,"name":"Kollektion","item":"https:\/\/urban-vitamin.com\/de\/kollektion\/"},{"@type":"ListItem","position":3,"name":"Urban Vitamin Pomona 5000mAh Qi2.2 25W magnetische Powerbank, blau"}]},{"@type":"WebSite","@id":"https:\/\/urban-vitamin.com\/de\/#website","url":"https:\/\/urban-vitamin.com\/de\/","name":"Urban Vitamin","description":"Enjoy your daily dose of Urban Vitamin!","potentialAction":[{"@type":"SearchAction","target":{"@type":"EntryPoint","urlTemplate":"https:\/\/urban-vitamin.com\/de\/?s={search_term_string}"},"query-input":{"@type":"PropertyValueSpecification","valueRequired":true,"valueName":"search_term_string"}}],"inLanguage":"de"}]}},"_links":{"self":[{"href":"https:\/\/urban-vitamin.com\/de\/wp-json\/wp\/v2\/product\/27423","targetHints":{"allow":["GET"]}}],"collection":[{"href":"https:\/\/urban-vitamin.com\/de\/wp-json\/wp\/v2\/product"}],"about":[{"href":"https:\/\/urban-vitamin.com\/de\/wp-json\/wp\/v2\/types\/product"}],"replies":[{"embeddable":true,"href":"https:\/\/urban-vitamin.com\/de\/wp-json\/wp\/v2\/comments?post=27423"}],"wp:featuredmedia":[{"embeddable":true,"href":"https:\/\/urban-vitamin.com\/de\/wp-json\/wp\/v2\/media\/27057"}],"wp:attachment":[{"href":"https:\/\/urban-vitamin.com\/de\/wp-json\/wp\/v2\/media?parent=27423"}],"wp:term":[{"taxonomy":"product_cat","embeddable":true,"href":"https:\/\/urban-vitamin.com\/de\/wp-json\/wp\/v2\/product_cat?post=27423"},{"taxonomy":"product_tag","embeddable":true,"href":"https:\/\/urban-vitamin.com\/de\/wp-json\/wp\/v2\/product_tag?post=27423"}],"curies":[{"name":"wp","href":"https:\/\/api.w.org\/{rel}","templated":true}]}}