{"id":26742,"date":"2026-03-12T01:06:37","date_gmt":"2026-03-12T01:06:37","guid":{"rendered":"https:\/\/urban-vitamin.com\/urban-vitamin-san-mateo-45w-20-000mah-powerbank-schwarz\/"},"modified":"2026-03-12T02:06:57","modified_gmt":"2026-03-12T02:06:57","slug":"san-mateo-45w-20-000mah-powerbank-schwarz","status":"publish","type":"product","link":"https:\/\/urban-vitamin.com\/de\/produkt\/san-mateo-45w-20-000mah-powerbank-schwarz\/","title":{"rendered":"San Mateo 45W 20.000mAh Powerbank, schwarz"},"content":{"rendered":"<p>Mit der San Mateo 20.000mAh Powerbank laden Sie Ihre Mobilger\u00e4te mit h\u00f6chster Geschwindigkeit und ultimativem Komfort. Dank des integrierten, einziehbaren 70cm langen USB-C-Kabels m\u00fcssen Sie nie wieder nach einem Kabel suchen. San Mateo l\u00e4dt nicht nur blitzschnell, sie ist auch selbst in nur wenigen Stunden wieder voll aufgeladen. Sie verf\u00fcgt \u00fcber zwei USB-C-Ausg\u00e4nge und einen USB-A-Ausgang, sodass Sie drei Ger\u00e4te gleichzeitig aufladen k\u00f6nnen. Zwei \u00fcber die USB-C\/USB-A-Anschl\u00fcsse und eines \u00fcber das integrierte Kabel. Beide USB-C Ports unterst\u00fctzen superschnelles PD-Laden mit bis zu 45W und sind damit auch f\u00fcr Ger\u00e4te mit etwas h\u00f6herem Strombedarf leistungsstark genug. San Mateo besteht aus RCS-zertifiziertem (Recycled Claim Standard) recyceltem ABS und PC. Gesamtanteil recycelter Materialien: 19% bezogen auf das Gesamtgewicht des es Artikels. Urban Vitamin-Artikel werden ohne PVC hergestellt und in einer Verpackung mit reduziertem Kunststoffanteil verpackt.<\/p>\n","protected":false},"excerpt":{"rendered":"<p>Mit der San Mateo 20.000mAh Powerbank laden Sie Ihre Mobilger\u00e4te mit h\u00f6chster Geschwindigkeit und ultimativem Komfort. Dank des integrierten, einziehbaren 70cm langen USB-C-Kabels m\u00fcssen Sie nie wieder nach einem Kabel suchen. San Mateo l\u00e4dt nicht nur blitzschnell, sie ist auch selbst in nur wenigen Stunden wieder voll aufgeladen. Sie verf\u00fcgt \u00fcber zwei USB-C-Ausg\u00e4nge und einen [&hellip;]<\/p>\n","protected":false},"featured_media":26797,"comment_status":"closed","ping_status":"closed","template":"","meta":{"_acf_changed":false,"om_disable_all_campaigns":false},"product_cat":[70],"product_tag":[],"class_list":["post-26742","product","type-product","status-publish","has-post-thumbnail","hentry","product_cat-powerbanks-de","pa_color-black"],"acf":[],"yoast_head":"<!-- This site is optimized with the Yoast SEO plugin v27.0 - https:\/\/yoast.com\/product\/yoast-seo-wordpress\/ -->\n<title>San Mateo 45W 20.000mAh Powerbank, schwarz - Urban Vitamin<\/title>\n<meta name=\"robots\" content=\"index, follow, max-snippet:-1, max-image-preview:large, max-video-preview:-1\" \/>\n<link rel=\"canonical\" href=\"https:\/\/urban-vitamin.com\/de\/produkt\/san-mateo-45w-20-000mah-powerbank-schwarz\/\" \/>\n<meta property=\"og:locale\" content=\"de_DE\" \/>\n<meta property=\"og:type\" content=\"article\" \/>\n<meta property=\"og:title\" content=\"San Mateo 45W 20.000mAh Powerbank, schwarz - Urban Vitamin\" \/>\n<meta property=\"og:description\" content=\"Mit der San Mateo 20.000mAh Powerbank laden Sie Ihre Mobilger\u00e4te mit h\u00f6chster Geschwindigkeit und ultimativem Komfort. Dank des integrierten, einziehbaren 70cm langen USB-C-Kabels m\u00fcssen Sie nie wieder nach einem Kabel suchen. San Mateo l\u00e4dt nicht nur blitzschnell, sie ist auch selbst in nur wenigen Stunden wieder voll aufgeladen. Sie verf\u00fcgt \u00fcber zwei USB-C-Ausg\u00e4nge und einen [&hellip;]\" \/>\n<meta property=\"og:url\" content=\"https:\/\/urban-vitamin.com\/de\/produkt\/san-mateo-45w-20-000mah-powerbank-schwarz\/\" \/>\n<meta property=\"og:site_name\" content=\"Urban Vitamin\" \/>\n<meta property=\"article:modified_time\" content=\"2026-03-12T02:06:57+00:00\" \/>\n<meta property=\"og:image\" content=\"https:\/\/urban-vitamin.com\/wp-content\/uploads\/sites\/5\/2026\/01\/P322.7401__S_0__e1380b90a03c4d9d8fe3d9da1c0b9b67.jpg\" \/>\n\t<meta property=\"og:image:width\" content=\"1024\" \/>\n\t<meta property=\"og:image:height\" content=\"1024\" \/>\n\t<meta property=\"og:image:type\" content=\"image\/jpeg\" \/>\n<meta name=\"twitter:card\" content=\"summary_large_image\" \/>\n<meta name=\"twitter:label1\" content=\"Gesch\u00e4tzte Lesezeit\" \/>\n\t<meta name=\"twitter:data1\" content=\"1\u00a0Minute\" \/>\n<script type=\"application\/ld+json\" class=\"yoast-schema-graph\">{\"@context\":\"https:\/\/schema.org\",\"@graph\":[{\"@type\":\"WebPage\",\"@id\":\"https:\/\/urban-vitamin.com\/de\/produkt\/san-mateo-45w-20-000mah-powerbank-schwarz\/\",\"url\":\"https:\/\/urban-vitamin.com\/de\/produkt\/san-mateo-45w-20-000mah-powerbank-schwarz\/\",\"name\":\"San Mateo 45W 20.000mAh Powerbank, schwarz - Urban Vitamin\",\"isPartOf\":{\"@id\":\"https:\/\/urban-vitamin.com\/de\/#website\"},\"primaryImageOfPage\":{\"@id\":\"https:\/\/urban-vitamin.com\/de\/produkt\/san-mateo-45w-20-000mah-powerbank-schwarz\/#primaryimage\"},\"image\":{\"@id\":\"https:\/\/urban-vitamin.com\/de\/produkt\/san-mateo-45w-20-000mah-powerbank-schwarz\/#primaryimage\"},\"thumbnailUrl\":\"https:\/\/urban-vitamin.com\/wp-content\/uploads\/sites\/5\/2026\/01\/P322.7401__S_0__e1380b90a03c4d9d8fe3d9da1c0b9b67.jpg\",\"datePublished\":\"2026-03-12T01:06:37+00:00\",\"dateModified\":\"2026-03-12T02:06:57+00:00\",\"breadcrumb\":{\"@id\":\"https:\/\/urban-vitamin.com\/de\/produkt\/san-mateo-45w-20-000mah-powerbank-schwarz\/#breadcrumb\"},\"inLanguage\":\"de\",\"potentialAction\":[{\"@type\":\"ReadAction\",\"target\":[\"https:\/\/urban-vitamin.com\/de\/produkt\/san-mateo-45w-20-000mah-powerbank-schwarz\/\"]}]},{\"@type\":\"ImageObject\",\"inLanguage\":\"de\",\"@id\":\"https:\/\/urban-vitamin.com\/de\/produkt\/san-mateo-45w-20-000mah-powerbank-schwarz\/#primaryimage\",\"url\":\"https:\/\/urban-vitamin.com\/wp-content\/uploads\/sites\/5\/2026\/01\/P322.7401__S_0__e1380b90a03c4d9d8fe3d9da1c0b9b67.jpg\",\"contentUrl\":\"https:\/\/urban-vitamin.com\/wp-content\/uploads\/sites\/5\/2026\/01\/P322.7401__S_0__e1380b90a03c4d9d8fe3d9da1c0b9b67.jpg\",\"width\":1024,\"height\":1024},{\"@type\":\"BreadcrumbList\",\"@id\":\"https:\/\/urban-vitamin.com\/de\/produkt\/san-mateo-45w-20-000mah-powerbank-schwarz\/#breadcrumb\",\"itemListElement\":[{\"@type\":\"ListItem\",\"position\":1,\"name\":\"Home\",\"item\":\"https:\/\/urban-vitamin.com\/de\/\"},{\"@type\":\"ListItem\",\"position\":2,\"name\":\"Kollektion\",\"item\":\"https:\/\/urban-vitamin.com\/de\/kollektion\/\"},{\"@type\":\"ListItem\",\"position\":3,\"name\":\"San Mateo 45W 20.000mAh Powerbank, schwarz\"}]},{\"@type\":\"WebSite\",\"@id\":\"https:\/\/urban-vitamin.com\/de\/#website\",\"url\":\"https:\/\/urban-vitamin.com\/de\/\",\"name\":\"Urban Vitamin\",\"description\":\"Enjoy your daily dose of Urban Vitamin!\",\"potentialAction\":[{\"@type\":\"SearchAction\",\"target\":{\"@type\":\"EntryPoint\",\"urlTemplate\":\"https:\/\/urban-vitamin.com\/de\/?s={search_term_string}\"},\"query-input\":{\"@type\":\"PropertyValueSpecification\",\"valueRequired\":true,\"valueName\":\"search_term_string\"}}],\"inLanguage\":\"de\"}]}<\/script>\n<!-- \/ Yoast SEO plugin. -->","yoast_head_json":{"title":"San Mateo 45W 20.000mAh Powerbank, schwarz - Urban Vitamin","robots":{"index":"index","follow":"follow","max-snippet":"max-snippet:-1","max-image-preview":"max-image-preview:large","max-video-preview":"max-video-preview:-1"},"canonical":"https:\/\/urban-vitamin.com\/de\/produkt\/san-mateo-45w-20-000mah-powerbank-schwarz\/","og_locale":"de_DE","og_type":"article","og_title":"San Mateo 45W 20.000mAh Powerbank, schwarz - Urban Vitamin","og_description":"Mit der San Mateo 20.000mAh Powerbank laden Sie Ihre Mobilger\u00e4te mit h\u00f6chster Geschwindigkeit und ultimativem Komfort. Dank des integrierten, einziehbaren 70cm langen USB-C-Kabels m\u00fcssen Sie nie wieder nach einem Kabel suchen. San Mateo l\u00e4dt nicht nur blitzschnell, sie ist auch selbst in nur wenigen Stunden wieder voll aufgeladen. Sie verf\u00fcgt \u00fcber zwei USB-C-Ausg\u00e4nge und einen [&hellip;]","og_url":"https:\/\/urban-vitamin.com\/de\/produkt\/san-mateo-45w-20-000mah-powerbank-schwarz\/","og_site_name":"Urban Vitamin","article_modified_time":"2026-03-12T02:06:57+00:00","og_image":[{"width":1024,"height":1024,"url":"https:\/\/urban-vitamin.com\/wp-content\/uploads\/sites\/5\/2026\/01\/P322.7401__S_0__e1380b90a03c4d9d8fe3d9da1c0b9b67.jpg","type":"image\/jpeg"}],"twitter_card":"summary_large_image","twitter_misc":{"Gesch\u00e4tzte Lesezeit":"1\u00a0Minute"},"schema":{"@context":"https:\/\/schema.org","@graph":[{"@type":"WebPage","@id":"https:\/\/urban-vitamin.com\/de\/produkt\/san-mateo-45w-20-000mah-powerbank-schwarz\/","url":"https:\/\/urban-vitamin.com\/de\/produkt\/san-mateo-45w-20-000mah-powerbank-schwarz\/","name":"San Mateo 45W 20.000mAh Powerbank, schwarz - Urban Vitamin","isPartOf":{"@id":"https:\/\/urban-vitamin.com\/de\/#website"},"primaryImageOfPage":{"@id":"https:\/\/urban-vitamin.com\/de\/produkt\/san-mateo-45w-20-000mah-powerbank-schwarz\/#primaryimage"},"image":{"@id":"https:\/\/urban-vitamin.com\/de\/produkt\/san-mateo-45w-20-000mah-powerbank-schwarz\/#primaryimage"},"thumbnailUrl":"https:\/\/urban-vitamin.com\/wp-content\/uploads\/sites\/5\/2026\/01\/P322.7401__S_0__e1380b90a03c4d9d8fe3d9da1c0b9b67.jpg","datePublished":"2026-03-12T01:06:37+00:00","dateModified":"2026-03-12T02:06:57+00:00","breadcrumb":{"@id":"https:\/\/urban-vitamin.com\/de\/produkt\/san-mateo-45w-20-000mah-powerbank-schwarz\/#breadcrumb"},"inLanguage":"de","potentialAction":[{"@type":"ReadAction","target":["https:\/\/urban-vitamin.com\/de\/produkt\/san-mateo-45w-20-000mah-powerbank-schwarz\/"]}]},{"@type":"ImageObject","inLanguage":"de","@id":"https:\/\/urban-vitamin.com\/de\/produkt\/san-mateo-45w-20-000mah-powerbank-schwarz\/#primaryimage","url":"https:\/\/urban-vitamin.com\/wp-content\/uploads\/sites\/5\/2026\/01\/P322.7401__S_0__e1380b90a03c4d9d8fe3d9da1c0b9b67.jpg","contentUrl":"https:\/\/urban-vitamin.com\/wp-content\/uploads\/sites\/5\/2026\/01\/P322.7401__S_0__e1380b90a03c4d9d8fe3d9da1c0b9b67.jpg","width":1024,"height":1024},{"@type":"BreadcrumbList","@id":"https:\/\/urban-vitamin.com\/de\/produkt\/san-mateo-45w-20-000mah-powerbank-schwarz\/#breadcrumb","itemListElement":[{"@type":"ListItem","position":1,"name":"Home","item":"https:\/\/urban-vitamin.com\/de\/"},{"@type":"ListItem","position":2,"name":"Kollektion","item":"https:\/\/urban-vitamin.com\/de\/kollektion\/"},{"@type":"ListItem","position":3,"name":"San Mateo 45W 20.000mAh Powerbank, schwarz"}]},{"@type":"WebSite","@id":"https:\/\/urban-vitamin.com\/de\/#website","url":"https:\/\/urban-vitamin.com\/de\/","name":"Urban Vitamin","description":"Enjoy your daily dose of Urban Vitamin!","potentialAction":[{"@type":"SearchAction","target":{"@type":"EntryPoint","urlTemplate":"https:\/\/urban-vitamin.com\/de\/?s={search_term_string}"},"query-input":{"@type":"PropertyValueSpecification","valueRequired":true,"valueName":"search_term_string"}}],"inLanguage":"de"}]}},"_links":{"self":[{"href":"https:\/\/urban-vitamin.com\/de\/wp-json\/wp\/v2\/product\/26742","targetHints":{"allow":["GET"]}}],"collection":[{"href":"https:\/\/urban-vitamin.com\/de\/wp-json\/wp\/v2\/product"}],"about":[{"href":"https:\/\/urban-vitamin.com\/de\/wp-json\/wp\/v2\/types\/product"}],"replies":[{"embeddable":true,"href":"https:\/\/urban-vitamin.com\/de\/wp-json\/wp\/v2\/comments?post=26742"}],"wp:featuredmedia":[{"embeddable":true,"href":"https:\/\/urban-vitamin.com\/de\/wp-json\/wp\/v2\/media\/26797"}],"wp:attachment":[{"href":"https:\/\/urban-vitamin.com\/de\/wp-json\/wp\/v2\/media?parent=26742"}],"wp:term":[{"taxonomy":"product_cat","embeddable":true,"href":"https:\/\/urban-vitamin.com\/de\/wp-json\/wp\/v2\/product_cat?post=26742"},{"taxonomy":"product_tag","embeddable":true,"href":"https:\/\/urban-vitamin.com\/de\/wp-json\/wp\/v2\/product_tag?post=26742"}],"curies":[{"name":"wp","href":"https:\/\/api.w.org\/{rel}","templated":true}]}}