{"id":26741,"date":"2026-03-12T01:06:37","date_gmt":"2026-03-12T01:06:37","guid":{"rendered":"https:\/\/urban-vitamin.com\/urban-vitamin-emeryville-20w-10-000-mah-powerbank-schwarz\/"},"modified":"2026-03-12T02:06:56","modified_gmt":"2026-03-12T02:06:56","slug":"emeryville-20w-10-000-mah-powerbank-schwarz","status":"publish","type":"product","link":"https:\/\/urban-vitamin.com\/de\/produkt\/emeryville-20w-10-000-mah-powerbank-schwarz\/","title":{"rendered":"Emeryville 20W 10.000 mAh Powerbank, schwarz"},"content":{"rendered":"<p>Ihr Kabel ist immer dabei \u2013 und Strom auch. Emeryville ist eine 10.000mAh-Powerbank, mit der Sie alle Ihre Mobilger\u00e4te mit h\u00f6chster Geschwindigkeit und ultimativem Komfort aufladen k\u00f6nnen. Dank des integrierten, einziehbaren 70cm langen USB-C-Kabels m\u00fcssen Sie nie wieder nach einem Kabel suchen. Emeryville l\u00e4dt nicht nur blitzschnell, sondern bietet auch die schnellstm\u00f6gliche M\u00f6glichkeit, die Powerbank selbst wieder aufzuladen \u2013 in nur 2 Stunden ist sie vollst\u00e4ndig aufgeladen. Sie verf\u00fcgt \u00fcber zwei USB-C-Ausg\u00e4nge, sodass Sie zwei Ger\u00e4te gleichzeitig aufladen k\u00f6nnen. Eines \u00fcber den USB-C Port und eines \u00fcber das integrierte Kabel. Beide unterst\u00fctzen superschnelles PD-Laden mit bis zu 20W. Emeryville besteht aus RCS-zertifiziert (Recycled Claim Standard) recyceltem ABS und PC. Gesamtanteil an recycelten Materialien: 24% bezogen auf das Gesamtgewicht des Artikels. Urban Vitamin-Artikel werden ohne PVC hergestellt und in einer Verpackung mit reduziertem Kunststoffanteil verpackt.<\/p>\n","protected":false},"excerpt":{"rendered":"<p>Ihr Kabel ist immer dabei \u2013 und Strom auch. Emeryville ist eine 10.000mAh-Powerbank, mit der Sie alle Ihre Mobilger\u00e4te mit h\u00f6chster Geschwindigkeit und ultimativem Komfort aufladen k\u00f6nnen. Dank des integrierten, einziehbaren 70cm langen USB-C-Kabels m\u00fcssen Sie nie wieder nach einem Kabel suchen. Emeryville l\u00e4dt nicht nur blitzschnell, sondern bietet auch die schnellstm\u00f6gliche M\u00f6glichkeit, die Powerbank [&hellip;]<\/p>\n","protected":false},"featured_media":26790,"comment_status":"closed","ping_status":"closed","template":"","meta":{"_acf_changed":false,"om_disable_all_campaigns":false},"product_cat":[70],"product_tag":[],"class_list":["post-26741","product","type-product","status-publish","has-post-thumbnail","hentry","product_cat-powerbanks-de","pa_color-black"],"acf":[],"yoast_head":"<!-- This site is optimized with the Yoast SEO plugin v27.0 - https:\/\/yoast.com\/product\/yoast-seo-wordpress\/ -->\n<title>Emeryville 20W 10.000 mAh Powerbank, schwarz - Urban Vitamin<\/title>\n<meta name=\"robots\" content=\"index, follow, max-snippet:-1, max-image-preview:large, max-video-preview:-1\" \/>\n<link rel=\"canonical\" href=\"https:\/\/urban-vitamin.com\/de\/produkt\/emeryville-20w-10-000-mah-powerbank-schwarz\/\" \/>\n<meta property=\"og:locale\" content=\"de_DE\" \/>\n<meta property=\"og:type\" content=\"article\" \/>\n<meta property=\"og:title\" content=\"Emeryville 20W 10.000 mAh Powerbank, schwarz - Urban Vitamin\" \/>\n<meta property=\"og:description\" content=\"Ihr Kabel ist immer dabei \u2013 und Strom auch. Emeryville ist eine 10.000mAh-Powerbank, mit der Sie alle Ihre Mobilger\u00e4te mit h\u00f6chster Geschwindigkeit und ultimativem Komfort aufladen k\u00f6nnen. Dank des integrierten, einziehbaren 70cm langen USB-C-Kabels m\u00fcssen Sie nie wieder nach einem Kabel suchen. Emeryville l\u00e4dt nicht nur blitzschnell, sondern bietet auch die schnellstm\u00f6gliche M\u00f6glichkeit, die Powerbank [&hellip;]\" \/>\n<meta property=\"og:url\" content=\"https:\/\/urban-vitamin.com\/de\/produkt\/emeryville-20w-10-000-mah-powerbank-schwarz\/\" \/>\n<meta property=\"og:site_name\" content=\"Urban Vitamin\" \/>\n<meta property=\"article:modified_time\" content=\"2026-03-12T02:06:56+00:00\" \/>\n<meta property=\"og:image\" content=\"https:\/\/urban-vitamin.com\/wp-content\/uploads\/sites\/5\/2026\/01\/P322.7301__S_0__d858ee8231e14471a3a2441a4bc72396.jpg\" \/>\n\t<meta property=\"og:image:width\" content=\"1024\" \/>\n\t<meta property=\"og:image:height\" content=\"1024\" \/>\n\t<meta property=\"og:image:type\" content=\"image\/jpeg\" \/>\n<meta name=\"twitter:card\" content=\"summary_large_image\" \/>\n<meta name=\"twitter:label1\" content=\"Gesch\u00e4tzte Lesezeit\" \/>\n\t<meta name=\"twitter:data1\" content=\"1\u00a0Minute\" \/>\n<script type=\"application\/ld+json\" class=\"yoast-schema-graph\">{\"@context\":\"https:\/\/schema.org\",\"@graph\":[{\"@type\":\"WebPage\",\"@id\":\"https:\/\/urban-vitamin.com\/de\/produkt\/emeryville-20w-10-000-mah-powerbank-schwarz\/\",\"url\":\"https:\/\/urban-vitamin.com\/de\/produkt\/emeryville-20w-10-000-mah-powerbank-schwarz\/\",\"name\":\"Emeryville 20W 10.000 mAh Powerbank, schwarz - Urban Vitamin\",\"isPartOf\":{\"@id\":\"https:\/\/urban-vitamin.com\/de\/#website\"},\"primaryImageOfPage\":{\"@id\":\"https:\/\/urban-vitamin.com\/de\/produkt\/emeryville-20w-10-000-mah-powerbank-schwarz\/#primaryimage\"},\"image\":{\"@id\":\"https:\/\/urban-vitamin.com\/de\/produkt\/emeryville-20w-10-000-mah-powerbank-schwarz\/#primaryimage\"},\"thumbnailUrl\":\"https:\/\/urban-vitamin.com\/wp-content\/uploads\/sites\/5\/2026\/01\/P322.7301__S_0__d858ee8231e14471a3a2441a4bc72396.jpg\",\"datePublished\":\"2026-03-12T01:06:37+00:00\",\"dateModified\":\"2026-03-12T02:06:56+00:00\",\"breadcrumb\":{\"@id\":\"https:\/\/urban-vitamin.com\/de\/produkt\/emeryville-20w-10-000-mah-powerbank-schwarz\/#breadcrumb\"},\"inLanguage\":\"de\",\"potentialAction\":[{\"@type\":\"ReadAction\",\"target\":[\"https:\/\/urban-vitamin.com\/de\/produkt\/emeryville-20w-10-000-mah-powerbank-schwarz\/\"]}]},{\"@type\":\"ImageObject\",\"inLanguage\":\"de\",\"@id\":\"https:\/\/urban-vitamin.com\/de\/produkt\/emeryville-20w-10-000-mah-powerbank-schwarz\/#primaryimage\",\"url\":\"https:\/\/urban-vitamin.com\/wp-content\/uploads\/sites\/5\/2026\/01\/P322.7301__S_0__d858ee8231e14471a3a2441a4bc72396.jpg\",\"contentUrl\":\"https:\/\/urban-vitamin.com\/wp-content\/uploads\/sites\/5\/2026\/01\/P322.7301__S_0__d858ee8231e14471a3a2441a4bc72396.jpg\",\"width\":1024,\"height\":1024},{\"@type\":\"BreadcrumbList\",\"@id\":\"https:\/\/urban-vitamin.com\/de\/produkt\/emeryville-20w-10-000-mah-powerbank-schwarz\/#breadcrumb\",\"itemListElement\":[{\"@type\":\"ListItem\",\"position\":1,\"name\":\"Home\",\"item\":\"https:\/\/urban-vitamin.com\/de\/\"},{\"@type\":\"ListItem\",\"position\":2,\"name\":\"Kollektion\",\"item\":\"https:\/\/urban-vitamin.com\/de\/kollektion\/\"},{\"@type\":\"ListItem\",\"position\":3,\"name\":\"Emeryville 20W 10.000 mAh Powerbank, schwarz\"}]},{\"@type\":\"WebSite\",\"@id\":\"https:\/\/urban-vitamin.com\/de\/#website\",\"url\":\"https:\/\/urban-vitamin.com\/de\/\",\"name\":\"Urban Vitamin\",\"description\":\"Enjoy your daily dose of Urban Vitamin!\",\"potentialAction\":[{\"@type\":\"SearchAction\",\"target\":{\"@type\":\"EntryPoint\",\"urlTemplate\":\"https:\/\/urban-vitamin.com\/de\/?s={search_term_string}\"},\"query-input\":{\"@type\":\"PropertyValueSpecification\",\"valueRequired\":true,\"valueName\":\"search_term_string\"}}],\"inLanguage\":\"de\"}]}<\/script>\n<!-- \/ Yoast SEO plugin. -->","yoast_head_json":{"title":"Emeryville 20W 10.000 mAh Powerbank, schwarz - Urban Vitamin","robots":{"index":"index","follow":"follow","max-snippet":"max-snippet:-1","max-image-preview":"max-image-preview:large","max-video-preview":"max-video-preview:-1"},"canonical":"https:\/\/urban-vitamin.com\/de\/produkt\/emeryville-20w-10-000-mah-powerbank-schwarz\/","og_locale":"de_DE","og_type":"article","og_title":"Emeryville 20W 10.000 mAh Powerbank, schwarz - Urban Vitamin","og_description":"Ihr Kabel ist immer dabei \u2013 und Strom auch. Emeryville ist eine 10.000mAh-Powerbank, mit der Sie alle Ihre Mobilger\u00e4te mit h\u00f6chster Geschwindigkeit und ultimativem Komfort aufladen k\u00f6nnen. Dank des integrierten, einziehbaren 70cm langen USB-C-Kabels m\u00fcssen Sie nie wieder nach einem Kabel suchen. Emeryville l\u00e4dt nicht nur blitzschnell, sondern bietet auch die schnellstm\u00f6gliche M\u00f6glichkeit, die Powerbank [&hellip;]","og_url":"https:\/\/urban-vitamin.com\/de\/produkt\/emeryville-20w-10-000-mah-powerbank-schwarz\/","og_site_name":"Urban Vitamin","article_modified_time":"2026-03-12T02:06:56+00:00","og_image":[{"width":1024,"height":1024,"url":"https:\/\/urban-vitamin.com\/wp-content\/uploads\/sites\/5\/2026\/01\/P322.7301__S_0__d858ee8231e14471a3a2441a4bc72396.jpg","type":"image\/jpeg"}],"twitter_card":"summary_large_image","twitter_misc":{"Gesch\u00e4tzte Lesezeit":"1\u00a0Minute"},"schema":{"@context":"https:\/\/schema.org","@graph":[{"@type":"WebPage","@id":"https:\/\/urban-vitamin.com\/de\/produkt\/emeryville-20w-10-000-mah-powerbank-schwarz\/","url":"https:\/\/urban-vitamin.com\/de\/produkt\/emeryville-20w-10-000-mah-powerbank-schwarz\/","name":"Emeryville 20W 10.000 mAh Powerbank, schwarz - Urban Vitamin","isPartOf":{"@id":"https:\/\/urban-vitamin.com\/de\/#website"},"primaryImageOfPage":{"@id":"https:\/\/urban-vitamin.com\/de\/produkt\/emeryville-20w-10-000-mah-powerbank-schwarz\/#primaryimage"},"image":{"@id":"https:\/\/urban-vitamin.com\/de\/produkt\/emeryville-20w-10-000-mah-powerbank-schwarz\/#primaryimage"},"thumbnailUrl":"https:\/\/urban-vitamin.com\/wp-content\/uploads\/sites\/5\/2026\/01\/P322.7301__S_0__d858ee8231e14471a3a2441a4bc72396.jpg","datePublished":"2026-03-12T01:06:37+00:00","dateModified":"2026-03-12T02:06:56+00:00","breadcrumb":{"@id":"https:\/\/urban-vitamin.com\/de\/produkt\/emeryville-20w-10-000-mah-powerbank-schwarz\/#breadcrumb"},"inLanguage":"de","potentialAction":[{"@type":"ReadAction","target":["https:\/\/urban-vitamin.com\/de\/produkt\/emeryville-20w-10-000-mah-powerbank-schwarz\/"]}]},{"@type":"ImageObject","inLanguage":"de","@id":"https:\/\/urban-vitamin.com\/de\/produkt\/emeryville-20w-10-000-mah-powerbank-schwarz\/#primaryimage","url":"https:\/\/urban-vitamin.com\/wp-content\/uploads\/sites\/5\/2026\/01\/P322.7301__S_0__d858ee8231e14471a3a2441a4bc72396.jpg","contentUrl":"https:\/\/urban-vitamin.com\/wp-content\/uploads\/sites\/5\/2026\/01\/P322.7301__S_0__d858ee8231e14471a3a2441a4bc72396.jpg","width":1024,"height":1024},{"@type":"BreadcrumbList","@id":"https:\/\/urban-vitamin.com\/de\/produkt\/emeryville-20w-10-000-mah-powerbank-schwarz\/#breadcrumb","itemListElement":[{"@type":"ListItem","position":1,"name":"Home","item":"https:\/\/urban-vitamin.com\/de\/"},{"@type":"ListItem","position":2,"name":"Kollektion","item":"https:\/\/urban-vitamin.com\/de\/kollektion\/"},{"@type":"ListItem","position":3,"name":"Emeryville 20W 10.000 mAh Powerbank, schwarz"}]},{"@type":"WebSite","@id":"https:\/\/urban-vitamin.com\/de\/#website","url":"https:\/\/urban-vitamin.com\/de\/","name":"Urban Vitamin","description":"Enjoy your daily dose of Urban Vitamin!","potentialAction":[{"@type":"SearchAction","target":{"@type":"EntryPoint","urlTemplate":"https:\/\/urban-vitamin.com\/de\/?s={search_term_string}"},"query-input":{"@type":"PropertyValueSpecification","valueRequired":true,"valueName":"search_term_string"}}],"inLanguage":"de"}]}},"_links":{"self":[{"href":"https:\/\/urban-vitamin.com\/de\/wp-json\/wp\/v2\/product\/26741","targetHints":{"allow":["GET"]}}],"collection":[{"href":"https:\/\/urban-vitamin.com\/de\/wp-json\/wp\/v2\/product"}],"about":[{"href":"https:\/\/urban-vitamin.com\/de\/wp-json\/wp\/v2\/types\/product"}],"replies":[{"embeddable":true,"href":"https:\/\/urban-vitamin.com\/de\/wp-json\/wp\/v2\/comments?post=26741"}],"wp:featuredmedia":[{"embeddable":true,"href":"https:\/\/urban-vitamin.com\/de\/wp-json\/wp\/v2\/media\/26790"}],"wp:attachment":[{"href":"https:\/\/urban-vitamin.com\/de\/wp-json\/wp\/v2\/media?parent=26741"}],"wp:term":[{"taxonomy":"product_cat","embeddable":true,"href":"https:\/\/urban-vitamin.com\/de\/wp-json\/wp\/v2\/product_cat?post=26741"},{"taxonomy":"product_tag","embeddable":true,"href":"https:\/\/urban-vitamin.com\/de\/wp-json\/wp\/v2\/product_tag?post=26741"}],"curies":[{"name":"wp","href":"https:\/\/api.w.org\/{rel}","templated":true}]}}