{"id":25649,"date":"2026-03-12T01:06:22","date_gmt":"2026-03-12T01:06:22","guid":{"rendered":"https:\/\/urban-vitamin.com\/urban-vitamin-sacramento-105w-gan-charger-mit-einz-kabeln-grau\/"},"modified":"2026-03-12T02:06:43","modified_gmt":"2026-03-12T02:06:43","slug":"sacramento-105w-gan-charger-mit-einz-kabeln-grau","status":"publish","type":"product","link":"https:\/\/urban-vitamin.com\/de\/produkt\/sacramento-105w-gan-charger-mit-einz-kabeln-grau\/","title":{"rendered":"Sacramento 105W GaN Charger mit einz. Kabeln, grau"},"content":{"rendered":"<p>Die All-in-One-Power-Solution. Sacramento ist eine 105W-GaN-Ladestation, die maximale Leistung mit integriertem Komfort verbindet. Mit zwei integrierten, einziehbare 65W-USB-C-Kabel, sodass Sie immer schnell aufladen k\u00f6nnen \u2013 ganz ohne zus\u00e4tzliche Kabel. Sacramento verf\u00fcgt zudem \u00fcber einen USB-A- und einen USB-C-Anschluss, sodass Sie insgesamt vier Output-Optionen zum gleichzeitigen Laden von Laptops, Tablets, Smartphones und mehr haben. F\u00fcr Ihre kabellosen Ger\u00e4te ist Sacramento mit einem leistungsstarken 15W-Magnet-Wireless-Charger ausgestattet, der Ihr Smartphone sicher an seinem Platz h\u00e4lt, sowie einem separaten Wireless-Pad, das speziell f\u00fcr kleinere Ger\u00e4te wie Ohrh\u00f6rer oder AirPods (max. 5W) entwickelt wurde. Sacramento wird aus RCS-zertifiziertem (Recycled Claim Standard) recyceltem, feuerfestem PC hergestellt. Gesamtanteil an recycelten Materialien: 26 % bezogen auf das Gesamtgewicht des Artikels.<\/p>\n","protected":false},"excerpt":{"rendered":"<p>Die All-in-One-Power-Solution. Sacramento ist eine 105W-GaN-Ladestation, die maximale Leistung mit integriertem Komfort verbindet. Mit zwei integrierten, einziehbare 65W-USB-C-Kabel, sodass Sie immer schnell aufladen k\u00f6nnen \u2013 ganz ohne zus\u00e4tzliche Kabel. Sacramento verf\u00fcgt zudem \u00fcber einen USB-A- und einen USB-C-Anschluss, sodass Sie insgesamt vier Output-Optionen zum gleichzeitigen Laden von Laptops, Tablets, Smartphones und mehr haben. F\u00fcr Ihre [&hellip;]<\/p>\n","protected":false},"featured_media":26734,"comment_status":"closed","ping_status":"closed","template":"","meta":{"_acf_changed":false,"om_disable_all_campaigns":false},"product_cat":[72],"product_tag":[],"class_list":["post-25649","product","type-product","status-publish","has-post-thumbnail","hentry","product_cat-ladegerate","pa_color-black","pa_color-grey"],"acf":[],"yoast_head":"<!-- This site is optimized with the Yoast SEO plugin v27.0 - https:\/\/yoast.com\/product\/yoast-seo-wordpress\/ -->\n<title>Sacramento 105W GaN Charger mit einz. Kabeln, grau - Urban Vitamin<\/title>\n<meta name=\"robots\" content=\"index, follow, max-snippet:-1, max-image-preview:large, max-video-preview:-1\" \/>\n<link rel=\"canonical\" href=\"https:\/\/urban-vitamin.com\/de\/produkt\/sacramento-105w-gan-charger-mit-einz-kabeln-grau\/\" \/>\n<meta property=\"og:locale\" content=\"de_DE\" \/>\n<meta property=\"og:type\" content=\"article\" \/>\n<meta property=\"og:title\" content=\"Sacramento 105W GaN Charger mit einz. Kabeln, grau - Urban Vitamin\" \/>\n<meta property=\"og:description\" content=\"Die All-in-One-Power-Solution. Sacramento ist eine 105W-GaN-Ladestation, die maximale Leistung mit integriertem Komfort verbindet. Mit zwei integrierten, einziehbare 65W-USB-C-Kabel, sodass Sie immer schnell aufladen k\u00f6nnen \u2013 ganz ohne zus\u00e4tzliche Kabel. Sacramento verf\u00fcgt zudem \u00fcber einen USB-A- und einen USB-C-Anschluss, sodass Sie insgesamt vier Output-Optionen zum gleichzeitigen Laden von Laptops, Tablets, Smartphones und mehr haben. F\u00fcr Ihre [&hellip;]\" \/>\n<meta property=\"og:url\" content=\"https:\/\/urban-vitamin.com\/de\/produkt\/sacramento-105w-gan-charger-mit-einz-kabeln-grau\/\" \/>\n<meta property=\"og:site_name\" content=\"Urban Vitamin\" \/>\n<meta property=\"article:modified_time\" content=\"2026-03-12T02:06:43+00:00\" \/>\n<meta property=\"og:image\" content=\"https:\/\/urban-vitamin.com\/wp-content\/uploads\/sites\/5\/2025\/10\/P309.5402__S_0__eb3eab99046e4ad6a903275685330dae.jpg\" \/>\n\t<meta property=\"og:image:width\" content=\"1024\" \/>\n\t<meta property=\"og:image:height\" content=\"1024\" \/>\n\t<meta property=\"og:image:type\" content=\"image\/jpeg\" \/>\n<meta name=\"twitter:card\" content=\"summary_large_image\" \/>\n<meta name=\"twitter:label1\" content=\"Gesch\u00e4tzte Lesezeit\" \/>\n\t<meta name=\"twitter:data1\" content=\"1\u00a0Minute\" \/>\n<script type=\"application\/ld+json\" class=\"yoast-schema-graph\">{\"@context\":\"https:\/\/schema.org\",\"@graph\":[{\"@type\":\"WebPage\",\"@id\":\"https:\/\/urban-vitamin.com\/de\/produkt\/sacramento-105w-gan-charger-mit-einz-kabeln-grau\/\",\"url\":\"https:\/\/urban-vitamin.com\/de\/produkt\/sacramento-105w-gan-charger-mit-einz-kabeln-grau\/\",\"name\":\"Sacramento 105W GaN Charger mit einz. Kabeln, grau - Urban Vitamin\",\"isPartOf\":{\"@id\":\"https:\/\/urban-vitamin.com\/de\/#website\"},\"primaryImageOfPage\":{\"@id\":\"https:\/\/urban-vitamin.com\/de\/produkt\/sacramento-105w-gan-charger-mit-einz-kabeln-grau\/#primaryimage\"},\"image\":{\"@id\":\"https:\/\/urban-vitamin.com\/de\/produkt\/sacramento-105w-gan-charger-mit-einz-kabeln-grau\/#primaryimage\"},\"thumbnailUrl\":\"https:\/\/urban-vitamin.com\/wp-content\/uploads\/sites\/5\/2025\/10\/P309.5402__S_0__eb3eab99046e4ad6a903275685330dae.jpg\",\"datePublished\":\"2026-03-12T01:06:22+00:00\",\"dateModified\":\"2026-03-12T02:06:43+00:00\",\"breadcrumb\":{\"@id\":\"https:\/\/urban-vitamin.com\/de\/produkt\/sacramento-105w-gan-charger-mit-einz-kabeln-grau\/#breadcrumb\"},\"inLanguage\":\"de\",\"potentialAction\":[{\"@type\":\"ReadAction\",\"target\":[\"https:\/\/urban-vitamin.com\/de\/produkt\/sacramento-105w-gan-charger-mit-einz-kabeln-grau\/\"]}]},{\"@type\":\"ImageObject\",\"inLanguage\":\"de\",\"@id\":\"https:\/\/urban-vitamin.com\/de\/produkt\/sacramento-105w-gan-charger-mit-einz-kabeln-grau\/#primaryimage\",\"url\":\"https:\/\/urban-vitamin.com\/wp-content\/uploads\/sites\/5\/2025\/10\/P309.5402__S_0__eb3eab99046e4ad6a903275685330dae.jpg\",\"contentUrl\":\"https:\/\/urban-vitamin.com\/wp-content\/uploads\/sites\/5\/2025\/10\/P309.5402__S_0__eb3eab99046e4ad6a903275685330dae.jpg\",\"width\":1024,\"height\":1024},{\"@type\":\"BreadcrumbList\",\"@id\":\"https:\/\/urban-vitamin.com\/de\/produkt\/sacramento-105w-gan-charger-mit-einz-kabeln-grau\/#breadcrumb\",\"itemListElement\":[{\"@type\":\"ListItem\",\"position\":1,\"name\":\"Home\",\"item\":\"https:\/\/urban-vitamin.com\/de\/\"},{\"@type\":\"ListItem\",\"position\":2,\"name\":\"Kollektion\",\"item\":\"https:\/\/urban-vitamin.com\/de\/kollektion\/\"},{\"@type\":\"ListItem\",\"position\":3,\"name\":\"Sacramento 105W GaN Charger mit einz. Kabeln, grau\"}]},{\"@type\":\"WebSite\",\"@id\":\"https:\/\/urban-vitamin.com\/de\/#website\",\"url\":\"https:\/\/urban-vitamin.com\/de\/\",\"name\":\"Urban Vitamin\",\"description\":\"Enjoy your daily dose of Urban Vitamin!\",\"potentialAction\":[{\"@type\":\"SearchAction\",\"target\":{\"@type\":\"EntryPoint\",\"urlTemplate\":\"https:\/\/urban-vitamin.com\/de\/?s={search_term_string}\"},\"query-input\":{\"@type\":\"PropertyValueSpecification\",\"valueRequired\":true,\"valueName\":\"search_term_string\"}}],\"inLanguage\":\"de\"}]}<\/script>\n<!-- \/ Yoast SEO plugin. -->","yoast_head_json":{"title":"Sacramento 105W GaN Charger mit einz. Kabeln, grau - Urban Vitamin","robots":{"index":"index","follow":"follow","max-snippet":"max-snippet:-1","max-image-preview":"max-image-preview:large","max-video-preview":"max-video-preview:-1"},"canonical":"https:\/\/urban-vitamin.com\/de\/produkt\/sacramento-105w-gan-charger-mit-einz-kabeln-grau\/","og_locale":"de_DE","og_type":"article","og_title":"Sacramento 105W GaN Charger mit einz. Kabeln, grau - Urban Vitamin","og_description":"Die All-in-One-Power-Solution. Sacramento ist eine 105W-GaN-Ladestation, die maximale Leistung mit integriertem Komfort verbindet. Mit zwei integrierten, einziehbare 65W-USB-C-Kabel, sodass Sie immer schnell aufladen k\u00f6nnen \u2013 ganz ohne zus\u00e4tzliche Kabel. Sacramento verf\u00fcgt zudem \u00fcber einen USB-A- und einen USB-C-Anschluss, sodass Sie insgesamt vier Output-Optionen zum gleichzeitigen Laden von Laptops, Tablets, Smartphones und mehr haben. F\u00fcr Ihre [&hellip;]","og_url":"https:\/\/urban-vitamin.com\/de\/produkt\/sacramento-105w-gan-charger-mit-einz-kabeln-grau\/","og_site_name":"Urban Vitamin","article_modified_time":"2026-03-12T02:06:43+00:00","og_image":[{"width":1024,"height":1024,"url":"https:\/\/urban-vitamin.com\/wp-content\/uploads\/sites\/5\/2025\/10\/P309.5402__S_0__eb3eab99046e4ad6a903275685330dae.jpg","type":"image\/jpeg"}],"twitter_card":"summary_large_image","twitter_misc":{"Gesch\u00e4tzte Lesezeit":"1\u00a0Minute"},"schema":{"@context":"https:\/\/schema.org","@graph":[{"@type":"WebPage","@id":"https:\/\/urban-vitamin.com\/de\/produkt\/sacramento-105w-gan-charger-mit-einz-kabeln-grau\/","url":"https:\/\/urban-vitamin.com\/de\/produkt\/sacramento-105w-gan-charger-mit-einz-kabeln-grau\/","name":"Sacramento 105W GaN Charger mit einz. Kabeln, grau - Urban Vitamin","isPartOf":{"@id":"https:\/\/urban-vitamin.com\/de\/#website"},"primaryImageOfPage":{"@id":"https:\/\/urban-vitamin.com\/de\/produkt\/sacramento-105w-gan-charger-mit-einz-kabeln-grau\/#primaryimage"},"image":{"@id":"https:\/\/urban-vitamin.com\/de\/produkt\/sacramento-105w-gan-charger-mit-einz-kabeln-grau\/#primaryimage"},"thumbnailUrl":"https:\/\/urban-vitamin.com\/wp-content\/uploads\/sites\/5\/2025\/10\/P309.5402__S_0__eb3eab99046e4ad6a903275685330dae.jpg","datePublished":"2026-03-12T01:06:22+00:00","dateModified":"2026-03-12T02:06:43+00:00","breadcrumb":{"@id":"https:\/\/urban-vitamin.com\/de\/produkt\/sacramento-105w-gan-charger-mit-einz-kabeln-grau\/#breadcrumb"},"inLanguage":"de","potentialAction":[{"@type":"ReadAction","target":["https:\/\/urban-vitamin.com\/de\/produkt\/sacramento-105w-gan-charger-mit-einz-kabeln-grau\/"]}]},{"@type":"ImageObject","inLanguage":"de","@id":"https:\/\/urban-vitamin.com\/de\/produkt\/sacramento-105w-gan-charger-mit-einz-kabeln-grau\/#primaryimage","url":"https:\/\/urban-vitamin.com\/wp-content\/uploads\/sites\/5\/2025\/10\/P309.5402__S_0__eb3eab99046e4ad6a903275685330dae.jpg","contentUrl":"https:\/\/urban-vitamin.com\/wp-content\/uploads\/sites\/5\/2025\/10\/P309.5402__S_0__eb3eab99046e4ad6a903275685330dae.jpg","width":1024,"height":1024},{"@type":"BreadcrumbList","@id":"https:\/\/urban-vitamin.com\/de\/produkt\/sacramento-105w-gan-charger-mit-einz-kabeln-grau\/#breadcrumb","itemListElement":[{"@type":"ListItem","position":1,"name":"Home","item":"https:\/\/urban-vitamin.com\/de\/"},{"@type":"ListItem","position":2,"name":"Kollektion","item":"https:\/\/urban-vitamin.com\/de\/kollektion\/"},{"@type":"ListItem","position":3,"name":"Sacramento 105W GaN Charger mit einz. Kabeln, grau"}]},{"@type":"WebSite","@id":"https:\/\/urban-vitamin.com\/de\/#website","url":"https:\/\/urban-vitamin.com\/de\/","name":"Urban Vitamin","description":"Enjoy your daily dose of Urban Vitamin!","potentialAction":[{"@type":"SearchAction","target":{"@type":"EntryPoint","urlTemplate":"https:\/\/urban-vitamin.com\/de\/?s={search_term_string}"},"query-input":{"@type":"PropertyValueSpecification","valueRequired":true,"valueName":"search_term_string"}}],"inLanguage":"de"}]}},"_links":{"self":[{"href":"https:\/\/urban-vitamin.com\/de\/wp-json\/wp\/v2\/product\/25649","targetHints":{"allow":["GET"]}}],"collection":[{"href":"https:\/\/urban-vitamin.com\/de\/wp-json\/wp\/v2\/product"}],"about":[{"href":"https:\/\/urban-vitamin.com\/de\/wp-json\/wp\/v2\/types\/product"}],"replies":[{"embeddable":true,"href":"https:\/\/urban-vitamin.com\/de\/wp-json\/wp\/v2\/comments?post=25649"}],"wp:featuredmedia":[{"embeddable":true,"href":"https:\/\/urban-vitamin.com\/de\/wp-json\/wp\/v2\/media\/26734"}],"wp:attachment":[{"href":"https:\/\/urban-vitamin.com\/de\/wp-json\/wp\/v2\/media?parent=25649"}],"wp:term":[{"taxonomy":"product_cat","embeddable":true,"href":"https:\/\/urban-vitamin.com\/de\/wp-json\/wp\/v2\/product_cat?post=25649"},{"taxonomy":"product_tag","embeddable":true,"href":"https:\/\/urban-vitamin.com\/de\/wp-json\/wp\/v2\/product_tag?post=25649"}],"curies":[{"name":"wp","href":"https:\/\/api.w.org\/{rel}","templated":true}]}}