{"id":25270,"date":"2026-03-12T01:06:37","date_gmt":"2026-03-12T01:06:37","guid":{"rendered":"https:\/\/urban-vitamin.com\/urban-vitamin-stanford-165w-20-000mah-powerbank-grau\/"},"modified":"2026-03-12T02:07:07","modified_gmt":"2026-03-12T02:07:07","slug":"stanford-165w-20-000mah-powerbank-grau","status":"publish","type":"product","link":"https:\/\/urban-vitamin.com\/de\/produkt\/stanford-165w-20-000mah-powerbank-grau\/","title":{"rendered":"Stanford 165W 20.000mAh Powerbank, grau"},"content":{"rendered":"<p>Mit einer robusten Kapazit\u00e4t von 20.000mAh unterst\u00fctzt die Stanford eine unglaubliche 165W-Megageschwindigkeitsladung und sorgt daf\u00fcr, dass Ihre Ger\u00e4te, darunter mehrere Laptops und MacBooks, gleichzeitig und blitzschnell aufgeladen werden. Ausgestattet mit drei Ausgangsoptionen \u2013 zwei USB-C und ein USB-A-Port \u2013 ist die Stanford auf maximale Vielseitigkeit ausgelegt. Au\u00dferdem verf\u00fcgt sie \u00fcber ein einzigartiges integriertes 70cm langes, einziehbares USB-C-Schnellladekabel mit 100W, sodass Sie kein zus\u00e4tzliches Zubeh\u00f6r mitnehmen m\u00fcssen. Das hochwertige TFT-Farbdisplay zeigt in Echtzeit die Ladegeschwindigkeit und den Ger\u00e4testatus an, sodass Sie w\u00e4hrend jedes Ladevorgangs stets auf dem Laufenden sind. Die Stanford verf\u00fcgt \u00fcber ein robustes Aluminiumgeh\u00e4use, das ihr ein hochwertiges Aussehen verleiht und gleichzeitig ein leichtes und tragbares Design gew\u00e4hrleistet. Urban Vitamin-Produkte werden ohne PVC hergestellt und in einer Verpackung mit reduziertem Kunststoffanteil geliefert.<\/p>\n","protected":false},"excerpt":{"rendered":"<p>Mit einer robusten Kapazit\u00e4t von 20.000mAh unterst\u00fctzt die Stanford eine unglaubliche 165W-Megageschwindigkeitsladung und sorgt daf\u00fcr, dass Ihre Ger\u00e4te, darunter mehrere Laptops und MacBooks, gleichzeitig und blitzschnell aufgeladen werden. Ausgestattet mit drei Ausgangsoptionen \u2013 zwei USB-C und ein USB-A-Port \u2013 ist die Stanford auf maximale Vielseitigkeit ausgelegt. Au\u00dferdem verf\u00fcgt sie \u00fcber ein einzigartiges integriertes 70cm langes, [&hellip;]<\/p>\n","protected":false},"featured_media":26757,"comment_status":"closed","ping_status":"closed","template":"","meta":{"_acf_changed":false,"om_disable_all_campaigns":false},"product_cat":[70],"product_tag":[],"class_list":["post-25270","product","type-product","status-publish","has-post-thumbnail","hentry","product_cat-powerbanks-de","pa_color-grey"],"acf":[],"yoast_head":"<!-- This site is optimized with the Yoast SEO plugin v27.0 - https:\/\/yoast.com\/product\/yoast-seo-wordpress\/ -->\n<title>Stanford 165W 20.000mAh Powerbank, grau - Urban Vitamin<\/title>\n<meta name=\"robots\" content=\"index, follow, max-snippet:-1, max-image-preview:large, max-video-preview:-1\" \/>\n<link rel=\"canonical\" href=\"https:\/\/urban-vitamin.com\/de\/produkt\/stanford-165w-20-000mah-powerbank-grau\/\" \/>\n<meta property=\"og:locale\" content=\"de_DE\" \/>\n<meta property=\"og:type\" content=\"article\" \/>\n<meta property=\"og:title\" content=\"Stanford 165W 20.000mAh Powerbank, grau - Urban Vitamin\" \/>\n<meta property=\"og:description\" content=\"Mit einer robusten Kapazit\u00e4t von 20.000mAh unterst\u00fctzt die Stanford eine unglaubliche 165W-Megageschwindigkeitsladung und sorgt daf\u00fcr, dass Ihre Ger\u00e4te, darunter mehrere Laptops und MacBooks, gleichzeitig und blitzschnell aufgeladen werden. Ausgestattet mit drei Ausgangsoptionen \u2013 zwei USB-C und ein USB-A-Port \u2013 ist die Stanford auf maximale Vielseitigkeit ausgelegt. Au\u00dferdem verf\u00fcgt sie \u00fcber ein einzigartiges integriertes 70cm langes, [&hellip;]\" \/>\n<meta property=\"og:url\" content=\"https:\/\/urban-vitamin.com\/de\/produkt\/stanford-165w-20-000mah-powerbank-grau\/\" \/>\n<meta property=\"og:site_name\" content=\"Urban Vitamin\" \/>\n<meta property=\"article:modified_time\" content=\"2026-03-12T02:07:07+00:00\" \/>\n<meta property=\"og:image\" content=\"https:\/\/urban-vitamin.com\/wp-content\/uploads\/sites\/5\/2025\/10\/P322.7802__S_0__5cc27688b69241369b431cd93714361f.jpg\" \/>\n\t<meta property=\"og:image:width\" content=\"1024\" \/>\n\t<meta property=\"og:image:height\" content=\"1024\" \/>\n\t<meta property=\"og:image:type\" content=\"image\/jpeg\" \/>\n<meta name=\"twitter:card\" content=\"summary_large_image\" \/>\n<meta name=\"twitter:label1\" content=\"Gesch\u00e4tzte Lesezeit\" \/>\n\t<meta name=\"twitter:data1\" content=\"1\u00a0Minute\" \/>\n<script type=\"application\/ld+json\" class=\"yoast-schema-graph\">{\"@context\":\"https:\/\/schema.org\",\"@graph\":[{\"@type\":\"WebPage\",\"@id\":\"https:\/\/urban-vitamin.com\/de\/produkt\/stanford-165w-20-000mah-powerbank-grau\/\",\"url\":\"https:\/\/urban-vitamin.com\/de\/produkt\/stanford-165w-20-000mah-powerbank-grau\/\",\"name\":\"Stanford 165W 20.000mAh Powerbank, grau - Urban Vitamin\",\"isPartOf\":{\"@id\":\"https:\/\/urban-vitamin.com\/de\/#website\"},\"primaryImageOfPage\":{\"@id\":\"https:\/\/urban-vitamin.com\/de\/produkt\/stanford-165w-20-000mah-powerbank-grau\/#primaryimage\"},\"image\":{\"@id\":\"https:\/\/urban-vitamin.com\/de\/produkt\/stanford-165w-20-000mah-powerbank-grau\/#primaryimage\"},\"thumbnailUrl\":\"https:\/\/urban-vitamin.com\/wp-content\/uploads\/sites\/5\/2025\/10\/P322.7802__S_0__5cc27688b69241369b431cd93714361f.jpg\",\"datePublished\":\"2026-03-12T01:06:37+00:00\",\"dateModified\":\"2026-03-12T02:07:07+00:00\",\"breadcrumb\":{\"@id\":\"https:\/\/urban-vitamin.com\/de\/produkt\/stanford-165w-20-000mah-powerbank-grau\/#breadcrumb\"},\"inLanguage\":\"de\",\"potentialAction\":[{\"@type\":\"ReadAction\",\"target\":[\"https:\/\/urban-vitamin.com\/de\/produkt\/stanford-165w-20-000mah-powerbank-grau\/\"]}]},{\"@type\":\"ImageObject\",\"inLanguage\":\"de\",\"@id\":\"https:\/\/urban-vitamin.com\/de\/produkt\/stanford-165w-20-000mah-powerbank-grau\/#primaryimage\",\"url\":\"https:\/\/urban-vitamin.com\/wp-content\/uploads\/sites\/5\/2025\/10\/P322.7802__S_0__5cc27688b69241369b431cd93714361f.jpg\",\"contentUrl\":\"https:\/\/urban-vitamin.com\/wp-content\/uploads\/sites\/5\/2025\/10\/P322.7802__S_0__5cc27688b69241369b431cd93714361f.jpg\",\"width\":1024,\"height\":1024},{\"@type\":\"BreadcrumbList\",\"@id\":\"https:\/\/urban-vitamin.com\/de\/produkt\/stanford-165w-20-000mah-powerbank-grau\/#breadcrumb\",\"itemListElement\":[{\"@type\":\"ListItem\",\"position\":1,\"name\":\"Home\",\"item\":\"https:\/\/urban-vitamin.com\/de\/\"},{\"@type\":\"ListItem\",\"position\":2,\"name\":\"Kollektion\",\"item\":\"https:\/\/urban-vitamin.com\/de\/kollektion\/\"},{\"@type\":\"ListItem\",\"position\":3,\"name\":\"Stanford 165W 20.000mAh Powerbank, grau\"}]},{\"@type\":\"WebSite\",\"@id\":\"https:\/\/urban-vitamin.com\/de\/#website\",\"url\":\"https:\/\/urban-vitamin.com\/de\/\",\"name\":\"Urban Vitamin\",\"description\":\"Enjoy your daily dose of Urban Vitamin!\",\"potentialAction\":[{\"@type\":\"SearchAction\",\"target\":{\"@type\":\"EntryPoint\",\"urlTemplate\":\"https:\/\/urban-vitamin.com\/de\/?s={search_term_string}\"},\"query-input\":{\"@type\":\"PropertyValueSpecification\",\"valueRequired\":true,\"valueName\":\"search_term_string\"}}],\"inLanguage\":\"de\"}]}<\/script>\n<!-- \/ Yoast SEO plugin. -->","yoast_head_json":{"title":"Stanford 165W 20.000mAh Powerbank, grau - Urban Vitamin","robots":{"index":"index","follow":"follow","max-snippet":"max-snippet:-1","max-image-preview":"max-image-preview:large","max-video-preview":"max-video-preview:-1"},"canonical":"https:\/\/urban-vitamin.com\/de\/produkt\/stanford-165w-20-000mah-powerbank-grau\/","og_locale":"de_DE","og_type":"article","og_title":"Stanford 165W 20.000mAh Powerbank, grau - Urban Vitamin","og_description":"Mit einer robusten Kapazit\u00e4t von 20.000mAh unterst\u00fctzt die Stanford eine unglaubliche 165W-Megageschwindigkeitsladung und sorgt daf\u00fcr, dass Ihre Ger\u00e4te, darunter mehrere Laptops und MacBooks, gleichzeitig und blitzschnell aufgeladen werden. Ausgestattet mit drei Ausgangsoptionen \u2013 zwei USB-C und ein USB-A-Port \u2013 ist die Stanford auf maximale Vielseitigkeit ausgelegt. Au\u00dferdem verf\u00fcgt sie \u00fcber ein einzigartiges integriertes 70cm langes, [&hellip;]","og_url":"https:\/\/urban-vitamin.com\/de\/produkt\/stanford-165w-20-000mah-powerbank-grau\/","og_site_name":"Urban Vitamin","article_modified_time":"2026-03-12T02:07:07+00:00","og_image":[{"width":1024,"height":1024,"url":"https:\/\/urban-vitamin.com\/wp-content\/uploads\/sites\/5\/2025\/10\/P322.7802__S_0__5cc27688b69241369b431cd93714361f.jpg","type":"image\/jpeg"}],"twitter_card":"summary_large_image","twitter_misc":{"Gesch\u00e4tzte Lesezeit":"1\u00a0Minute"},"schema":{"@context":"https:\/\/schema.org","@graph":[{"@type":"WebPage","@id":"https:\/\/urban-vitamin.com\/de\/produkt\/stanford-165w-20-000mah-powerbank-grau\/","url":"https:\/\/urban-vitamin.com\/de\/produkt\/stanford-165w-20-000mah-powerbank-grau\/","name":"Stanford 165W 20.000mAh Powerbank, grau - Urban Vitamin","isPartOf":{"@id":"https:\/\/urban-vitamin.com\/de\/#website"},"primaryImageOfPage":{"@id":"https:\/\/urban-vitamin.com\/de\/produkt\/stanford-165w-20-000mah-powerbank-grau\/#primaryimage"},"image":{"@id":"https:\/\/urban-vitamin.com\/de\/produkt\/stanford-165w-20-000mah-powerbank-grau\/#primaryimage"},"thumbnailUrl":"https:\/\/urban-vitamin.com\/wp-content\/uploads\/sites\/5\/2025\/10\/P322.7802__S_0__5cc27688b69241369b431cd93714361f.jpg","datePublished":"2026-03-12T01:06:37+00:00","dateModified":"2026-03-12T02:07:07+00:00","breadcrumb":{"@id":"https:\/\/urban-vitamin.com\/de\/produkt\/stanford-165w-20-000mah-powerbank-grau\/#breadcrumb"},"inLanguage":"de","potentialAction":[{"@type":"ReadAction","target":["https:\/\/urban-vitamin.com\/de\/produkt\/stanford-165w-20-000mah-powerbank-grau\/"]}]},{"@type":"ImageObject","inLanguage":"de","@id":"https:\/\/urban-vitamin.com\/de\/produkt\/stanford-165w-20-000mah-powerbank-grau\/#primaryimage","url":"https:\/\/urban-vitamin.com\/wp-content\/uploads\/sites\/5\/2025\/10\/P322.7802__S_0__5cc27688b69241369b431cd93714361f.jpg","contentUrl":"https:\/\/urban-vitamin.com\/wp-content\/uploads\/sites\/5\/2025\/10\/P322.7802__S_0__5cc27688b69241369b431cd93714361f.jpg","width":1024,"height":1024},{"@type":"BreadcrumbList","@id":"https:\/\/urban-vitamin.com\/de\/produkt\/stanford-165w-20-000mah-powerbank-grau\/#breadcrumb","itemListElement":[{"@type":"ListItem","position":1,"name":"Home","item":"https:\/\/urban-vitamin.com\/de\/"},{"@type":"ListItem","position":2,"name":"Kollektion","item":"https:\/\/urban-vitamin.com\/de\/kollektion\/"},{"@type":"ListItem","position":3,"name":"Stanford 165W 20.000mAh Powerbank, grau"}]},{"@type":"WebSite","@id":"https:\/\/urban-vitamin.com\/de\/#website","url":"https:\/\/urban-vitamin.com\/de\/","name":"Urban Vitamin","description":"Enjoy your daily dose of Urban Vitamin!","potentialAction":[{"@type":"SearchAction","target":{"@type":"EntryPoint","urlTemplate":"https:\/\/urban-vitamin.com\/de\/?s={search_term_string}"},"query-input":{"@type":"PropertyValueSpecification","valueRequired":true,"valueName":"search_term_string"}}],"inLanguage":"de"}]}},"_links":{"self":[{"href":"https:\/\/urban-vitamin.com\/de\/wp-json\/wp\/v2\/product\/25270","targetHints":{"allow":["GET"]}}],"collection":[{"href":"https:\/\/urban-vitamin.com\/de\/wp-json\/wp\/v2\/product"}],"about":[{"href":"https:\/\/urban-vitamin.com\/de\/wp-json\/wp\/v2\/types\/product"}],"replies":[{"embeddable":true,"href":"https:\/\/urban-vitamin.com\/de\/wp-json\/wp\/v2\/comments?post=25270"}],"wp:featuredmedia":[{"embeddable":true,"href":"https:\/\/urban-vitamin.com\/de\/wp-json\/wp\/v2\/media\/26757"}],"wp:attachment":[{"href":"https:\/\/urban-vitamin.com\/de\/wp-json\/wp\/v2\/media?parent=25270"}],"wp:term":[{"taxonomy":"product_cat","embeddable":true,"href":"https:\/\/urban-vitamin.com\/de\/wp-json\/wp\/v2\/product_cat?post=25270"},{"taxonomy":"product_tag","embeddable":true,"href":"https:\/\/urban-vitamin.com\/de\/wp-json\/wp\/v2\/product_tag?post=25270"}],"curies":[{"name":"wp","href":"https:\/\/api.w.org\/{rel}","templated":true}]}}